{"id":5774,"date":"2024-04-05T00:56:37","date_gmt":"2024-04-05T04:56:37","guid":{"rendered":"https:\/\/pettechsolutions.com\/product\/vetbed-original-fleece-pour-les-box-de-mise-bas-et-de-nidification"},"modified":"2025-06-07T00:30:15","modified_gmt":"2025-06-07T04:30:15","slug":"vetbed-original-fleece-pour-les-box-de-mise-bas-et-de-nidification","status":"publish","type":"product","link":"https:\/\/pettechsolutions.com\/fr\/produit\/vetbed-original-fleece-pour-les-box-de-mise-bas-et-de-nidification","title":{"rendered":"VetBed\u00ae Original Fleece pour les box de mise bas et de nidification"},"content":{"rendered":"<p><strong>VetBed Vet Fleece pour les box de mise bas. L&rsquo;original et le meilleur molleton v\u00e9t\u00e9rinaire pour la mise bas, les chiots, les chatons et les m\u00e8res allaitantes.  Polaire v\u00e9t\u00e9rinaire hygi\u00e9nique, non allerg\u00e8ne et non toxique, durable et lavable en machine. Comme beaucoup de marques \u00e0 succ\u00e8s, Vetbed\u00ae est devenu un terme g\u00e9n\u00e9rique pour d\u00e9signer la literie, mais il n&rsquo;y a qu&rsquo;un seul Vetbed\u00ae. La literie Vetbed\u00ae offre un soutien avanc\u00e9 et des propri\u00e9t\u00e9s de r\u00e9tention thermique pour tous les animaux.<\/strong><\/p>\n<ul>\n<li><strong>Hygi\u00e9nique, non allerg\u00e8ne et non toxique.<\/strong><\/li>\n<li><strong>Excellentes propri\u00e9t\u00e9s de drainage<\/strong><\/li>\n<li><strong>Lavable en machine<\/strong><\/li>\n<li><strong>Convient pour la maison, le voyage et l&rsquo;utilisation professionnelle<\/strong><\/li>\n<li><strong>Disponibles dans un large \u00e9ventail de tailles, de couleurs et de mod\u00e8les.<\/strong><\/li>\n<li><strong>Id\u00e9al pour les animaux ayant des probl\u00e8mes de peau ou des allergies<\/strong><\/li>\n<\/ul>\n<p><strong>Vetbed\u00ae, l&rsquo;original lit pour animaux en polaire \u00e0 dos vert, recommand\u00e9 par les v\u00e9t\u00e9rinaires et pr\u00e9f\u00e9r\u00e9 par les \u00e9leveurs. Liti\u00e8re pour chiens et chats extr\u00eamement r\u00e9sistante et durable tout en conservant un toucher luxueux. Son volume sup\u00e9rieur et sa superbe r\u00e9tention de chaleur la distinguent de toutes les autres liti\u00e8res pour chiens Facilement lavable en machine sans d\u00e9t\u00e9rioration au fil du temps. Comment entretenir le tissu VetBed Vet Fleece pour les boxes de mise bas :<\/strong><\/p>\n<p style=\"font-weight: 400;\"><strong>Le lavage de Vetbed\u00ae est facile.<\/strong><\/p>\n<p style=\"font-weight: 400;\"><strong>FAIRE: <\/strong><\/p>\n<ul>\n<li style=\"font-weight: 400;\"><strong>Laver \u00e0 l&rsquo;eau ti\u00e8de ou chaude, cycle r\u00e9gulier, d\u00e9tergent normal.<\/strong><\/li>\n<li style=\"font-weight: 400;\"><strong>S\u00e9cher \u00e0 basse temp\u00e9rature.<\/strong><\/li>\n<li style=\"font-weight: 400;\"><strong>Il y aura toujours un petit pourcentage de fibres en vrac dans le Vetbed provenant du processus de fabrication. Il est conseill\u00e9 de laver avant utilisation pour \u00e9liminer toute fibre l\u00e2che afin de s&rsquo;assurer qu&rsquo;aucune n&rsquo;est ing\u00e9r\u00e9e par les chiots par accident.<\/strong><\/li>\n<li style=\"font-weight: 400;\"><strong>Laver \u00e0 l&rsquo;eau chaude, Vetbed\u00ae peut r\u00e9sister \u00e0 des temp\u00e9ratures d&rsquo;eau allant jusqu&rsquo;\u00e0 140\u00b0F.<\/strong><\/li>\n<li style=\"font-weight: 400;\"><strong>Utilisez des aides \u00e0 la lessive telles que Borax\u00ae ou Sudsy Ammonia\u00ae si votre Vetbed est tr\u00e8s sale en raison de la mise bas ou d&rsquo;autres taches tenaces. Utilisez de l&rsquo;ammoniac si votre Vetbed sent fortement l&rsquo;urine.<\/strong><\/li>\n<\/ul>\n<p style=\"font-weight: 400;\"><strong>NE LE FAITES PAS:<\/strong><\/p>\n<ul>\n<li style=\"font-weight: 400;\"><strong>L&rsquo;eau de javel raccourcira la dur\u00e9e de vie de votre Vetbed\u00ae. Vetbed\u00ae est compos\u00e9 \u00e0 100% de fibres synth\u00e9tiques et les fibres synth\u00e9tiques deviennent cassantes lorsqu&rsquo;elles sont soumises \u00e0 un agent de blanchiment au chlore. Si vous ressentez le besoin de nettoyer votre Vetbed\u00ae en profondeur, utilisez l&rsquo;eau la plus chaude disponible et du Borax\u00ae ou de l&rsquo;eau oxyg\u00e9n\u00e9e.<\/strong><\/li>\n<\/ul>\n<h3>Membres du Club canin canadien<\/h3>\n<p>Dans le cadre de son partenariat avec le Club canin canadien, PetTech est fier de vous soutenir, vous et ce que vous aimez le plus ! Qu&rsquo;il s&rsquo;agisse de vous encourager lors de salons et d&rsquo;\u00e9v\u00e9nements, de vous proposer des lancements, des produits, des formations et des \u00e9conomies exclusifs aux membres. Les membres peuvent se connecter au <a href=\"https:\/\/www.ckc.ca\/en\">site r\u00e9serv\u00e9 aux membres du CCC <\/a>pour obtenir leur code de r\u00e9duction.<\/p>\n<p>D\u00e9couvrez les <a href=\"https:\/\/pettechsolutions.com\/fr\/collection\/boites-de-mise-bas\">bo\u00eetes de mise bas PetTech Solutions \u00e0<\/a> associer \u00e0 votre voile Vetbed !<\/p>\n","protected":false},"excerpt":{"rendered":"<p><span data-sheets-formula-bar-text-style=\"font-size:15px;color:#000000;font-weight:normal;text-decoration:none;font-family:'docs-Calibri';font-style:normal;text-decoration-skip-ink:none;\">Original VetBed Vet Fleece pour les bo\u00eetes de mise bas. Polaire v\u00e9t\u00e9rinaire hygi\u00e9nique, non allerg\u00e8ne et non toxique, durable et lavable en machine.<\/span><\/p>\n","protected":false},"featured_media":1735,"template":"","meta":{"_acf_changed":false},"product_cat":[154,135],"product_tag":[501,507,504,505,502,500,499,503,506,498],"pt_brand":[158,160],"acf":[],"yoast_head":"<!-- This site is optimized with the Yoast SEO plugin v22.2 - https:\/\/yoast.com\/wordpress\/plugins\/seo\/ -->\n<title>VetBed\u00ae Original Fleece pour les box de mise bas et de nidification | PetTech<\/title>\n<meta name=\"description\" content=\"D\u00e9couvrez la qualit\u00e9 in\u00e9gal\u00e9e du Vetbed\u00ae original pour vos bo\u00eetes de mise bas PetTech Solutions ou coup\u00e9 pour convenir \u00e0 la plupart des marques de bo\u00eetes de mise bas. Vetbed\u00ae est le premier choix de non-tiss\u00e9 v\u00e9t\u00e9rinaire, offrant une r\u00e9tention thermique et un soutien in\u00e9gal\u00e9s \u00e0 vos animaux de compagnie. Vetbed\u00ae est hygi\u00e9nique, non toxique et hypoallerg\u00e9nique, et garantit une surface s\u00e8che et confortable \u00e0 tout moment gr\u00e2ce \u00e0 ses excellentes propri\u00e9t\u00e9s de drainage. Parfait pour les animaux allergiques ou \u00e0 la peau sensible, il est suffisamment r\u00e9sistant pour supporter des lavages fr\u00e9quents sans perdre son aspect luxueux. Disponible en diff\u00e9rentes tailles et avec un charmant motif de pattes, Vetbed\u00ae reste le premier choix des \u00e9leveurs et des v\u00e9t\u00e9rinaires pour sa durabilit\u00e9 et ses performances sup\u00e9rieures en mati\u00e8re d&#039;\u00e9vacuation de l&#039;humidit\u00e9. Choisissez ce qu&#039;il y a de mieux pour vos chiots - choisissez le Vetbed\u00ae original.\" \/>\n<meta name=\"robots\" content=\"index, follow, max-snippet:-1, max-image-preview:large, max-video-preview:-1\" \/>\n<link rel=\"canonical\" href=\"https:\/\/pettechsolutions.com\/fr\/produit\/vetbed-original-fleece-pour-les-box-de-mise-bas-et-de-nidification\" \/>\n<meta property=\"og:locale\" content=\"fr_FR\" \/>\n<meta property=\"og:type\" content=\"article\" \/>\n<meta property=\"og:title\" content=\"VetBed\u00ae Original Fleece pour les box de mise bas et de nidification | PetTech\" \/>\n<meta property=\"og:description\" content=\"D\u00e9couvrez la qualit\u00e9 in\u00e9gal\u00e9e du Vetbed\u00ae original pour vos bo\u00eetes de mise bas PetTech Solutions ou coup\u00e9 pour convenir \u00e0 la plupart des marques de bo\u00eetes de mise bas. Vetbed\u00ae est le premier choix de non-tiss\u00e9 v\u00e9t\u00e9rinaire, offrant une r\u00e9tention thermique et un soutien in\u00e9gal\u00e9s \u00e0 vos animaux de compagnie. Vetbed\u00ae est hygi\u00e9nique, non toxique et hypoallerg\u00e9nique, et garantit une surface s\u00e8che et confortable \u00e0 tout moment gr\u00e2ce \u00e0 ses excellentes propri\u00e9t\u00e9s de drainage. Parfait pour les animaux allergiques ou \u00e0 la peau sensible, il est suffisamment r\u00e9sistant pour supporter des lavages fr\u00e9quents sans perdre son aspect luxueux. Disponible en diff\u00e9rentes tailles et avec un charmant motif de pattes, Vetbed\u00ae reste le premier choix des \u00e9leveurs et des v\u00e9t\u00e9rinaires pour sa durabilit\u00e9 et ses performances sup\u00e9rieures en mati\u00e8re d&#039;\u00e9vacuation de l&#039;humidit\u00e9. Choisissez ce qu&#039;il y a de mieux pour vos chiots - choisissez le Vetbed\u00ae original.\" \/>\n<meta property=\"og:url\" content=\"https:\/\/pettechsolutions.com\/fr\/produit\/vetbed-original-fleece-pour-les-box-de-mise-bas-et-de-nidification\" \/>\n<meta property=\"og:site_name\" content=\"PetTech\" \/>\n<meta property=\"article:publisher\" content=\"https:\/\/facebook.com\/pettechsolutions\" \/>\n<meta property=\"article:modified_time\" content=\"2025-06-07T04:30:15+00:00\" \/>\n<meta property=\"og:image\" content=\"https:\/\/pettechsolutions.com\/wp-content\/uploads\/2022\/06\/subcategory_base_img_____whelping.webp\" \/>\n\t<meta property=\"og:image:width\" content=\"1280\" \/>\n\t<meta property=\"og:image:height\" content=\"1280\" \/>\n\t<meta property=\"og:image:type\" content=\"image\/webp\" \/>\n<meta name=\"twitter:card\" content=\"summary_large_image\" \/>\n<meta name=\"twitter:site\" content=\"@pettechsol\" \/>\n<meta name=\"twitter:label1\" content=\"Dur\u00e9e de lecture estim\u00e9e\" \/>\n\t<meta name=\"twitter:data1\" content=\"3 minutes\" \/>\n<script type=\"application\/ld+json\" class=\"yoast-schema-graph\">{\"@context\":\"https:\/\/schema.org\",\"@graph\":[{\"@type\":\"WebPage\",\"@id\":\"https:\/\/pettechsolutions.com\/fr\/produit\/vetbed-original-fleece-pour-les-box-de-mise-bas-et-de-nidification\",\"url\":\"https:\/\/pettechsolutions.com\/fr\/produit\/vetbed-original-fleece-pour-les-box-de-mise-bas-et-de-nidification\",\"name\":\"VetBed\u00ae Original Fleece pour les box de mise bas et de nidification | PetTech\",\"isPartOf\":{\"@id\":\"https:\/\/pettechsolutions.com\/#website\"},\"primaryImageOfPage\":{\"@id\":\"https:\/\/pettechsolutions.com\/fr\/produit\/vetbed-original-fleece-pour-les-box-de-mise-bas-et-de-nidification#primaryimage\"},\"image\":{\"@id\":\"https:\/\/pettechsolutions.com\/fr\/produit\/vetbed-original-fleece-pour-les-box-de-mise-bas-et-de-nidification#primaryimage\"},\"thumbnailUrl\":\"https:\/\/pettechsolutions.com\/wp-content\/uploads\/2022\/06\/subcategory_base_img_____whelping.webp\",\"datePublished\":\"2024-04-05T04:56:37+00:00\",\"dateModified\":\"2025-06-07T04:30:15+00:00\",\"description\":\"D\u00e9couvrez la qualit\u00e9 in\u00e9gal\u00e9e du Vetbed\u00ae original pour vos bo\u00eetes de mise bas PetTech Solutions ou coup\u00e9 pour convenir \u00e0 la plupart des marques de bo\u00eetes de mise bas. Vetbed\u00ae est le premier choix de non-tiss\u00e9 v\u00e9t\u00e9rinaire, offrant une r\u00e9tention thermique et un soutien in\u00e9gal\u00e9s \u00e0 vos animaux de compagnie. Vetbed\u00ae est hygi\u00e9nique, non toxique et hypoallerg\u00e9nique, et garantit une surface s\u00e8che et confortable \u00e0 tout moment gr\u00e2ce \u00e0 ses excellentes propri\u00e9t\u00e9s de drainage. Parfait pour les animaux allergiques ou \u00e0 la peau sensible, il est suffisamment r\u00e9sistant pour supporter des lavages fr\u00e9quents sans perdre son aspect luxueux. Disponible en diff\u00e9rentes tailles et avec un charmant motif de pattes, Vetbed\u00ae reste le premier choix des \u00e9leveurs et des v\u00e9t\u00e9rinaires pour sa durabilit\u00e9 et ses performances sup\u00e9rieures en mati\u00e8re d'\u00e9vacuation de l'humidit\u00e9. Choisissez ce qu'il y a de mieux pour vos chiots - choisissez le Vetbed\u00ae original.\",\"breadcrumb\":{\"@id\":\"https:\/\/pettechsolutions.com\/fr\/produit\/vetbed-original-fleece-pour-les-box-de-mise-bas-et-de-nidification#breadcrumb\"},\"inLanguage\":\"fr-FR\",\"potentialAction\":[{\"@type\":\"ReadAction\",\"target\":[\"https:\/\/pettechsolutions.com\/fr\/produit\/vetbed-original-fleece-pour-les-box-de-mise-bas-et-de-nidification\"]}]},{\"@type\":\"ImageObject\",\"inLanguage\":\"fr-FR\",\"@id\":\"https:\/\/pettechsolutions.com\/fr\/produit\/vetbed-original-fleece-pour-les-box-de-mise-bas-et-de-nidification#primaryimage\",\"url\":\"https:\/\/pettechsolutions.com\/wp-content\/uploads\/2022\/06\/subcategory_base_img_____whelping.webp\",\"contentUrl\":\"https:\/\/pettechsolutions.com\/wp-content\/uploads\/2022\/06\/subcategory_base_img_____whelping.webp\",\"width\":1280,\"height\":1280,\"caption\":\"Best vet fleece for whelping puppies, kittens and nursing mothers.\"},{\"@type\":\"BreadcrumbList\",\"@id\":\"https:\/\/pettechsolutions.com\/fr\/produit\/vetbed-original-fleece-pour-les-box-de-mise-bas-et-de-nidification#breadcrumb\",\"itemListElement\":[{\"@type\":\"ListItem\",\"position\":1,\"name\":\"Home\",\"item\":\"https:\/\/pettechsolutions.com\/fr\"},{\"@type\":\"ListItem\",\"position\":2,\"name\":\"Boutique\",\"item\":\"https:\/\/pettechsolutions.com\/fr\/boutique\"},{\"@type\":\"ListItem\",\"position\":3,\"name\":\"VetBed\u00ae Original Fleece pour les box de mise bas et de nidification\"}]},{\"@type\":\"WebSite\",\"@id\":\"https:\/\/pettechsolutions.com\/#website\",\"url\":\"https:\/\/pettechsolutions.com\/\",\"name\":\"PetTech\",\"description\":\"produits d'\u00e9levage par excellence.\",\"publisher\":{\"@id\":\"https:\/\/pettechsolutions.com\/#organization\"},\"potentialAction\":[{\"@type\":\"SearchAction\",\"target\":{\"@type\":\"EntryPoint\",\"urlTemplate\":\"https:\/\/pettechsolutions.com\/?s={search_term_string}\"},\"query-input\":\"required name=search_term_string\"}],\"inLanguage\":\"fr-FR\"},{\"@type\":\"Organization\",\"@id\":\"https:\/\/pettechsolutions.com\/#organization\",\"name\":\"PetTech Solutions\",\"url\":\"https:\/\/pettechsolutions.com\/\",\"logo\":{\"@type\":\"ImageObject\",\"inLanguage\":\"fr-FR\",\"@id\":\"https:\/\/pettechsolutions.com\/#\/schema\/logo\/image\/\",\"url\":\"https:\/\/pettechsolutions.com\/wp-content\/uploads\/2022\/06\/pts_heart_logo.png\",\"contentUrl\":\"https:\/\/pettechsolutions.com\/wp-content\/uploads\/2022\/06\/pts_heart_logo.png\",\"width\":1080,\"height\":546,\"caption\":\"PetTech Solutions\"},\"image\":{\"@id\":\"https:\/\/pettechsolutions.com\/#\/schema\/logo\/image\/\"},\"sameAs\":[\"https:\/\/facebook.com\/pettechsolutions\",\"https:\/\/twitter.com\/pettechsol\",\"https:\/\/instagram.com\/pettechsol\"]}]}<\/script>\n<!-- \/ Yoast SEO plugin. -->","yoast_head_json":{"title":"VetBed\u00ae Original Fleece pour les box de mise bas et de nidification | PetTech","description":"D\u00e9couvrez la qualit\u00e9 in\u00e9gal\u00e9e du Vetbed\u00ae original pour vos bo\u00eetes de mise bas PetTech Solutions ou coup\u00e9 pour convenir \u00e0 la plupart des marques de bo\u00eetes de mise bas. Vetbed\u00ae est le premier choix de non-tiss\u00e9 v\u00e9t\u00e9rinaire, offrant une r\u00e9tention thermique et un soutien in\u00e9gal\u00e9s \u00e0 vos animaux de compagnie. Vetbed\u00ae est hygi\u00e9nique, non toxique et hypoallerg\u00e9nique, et garantit une surface s\u00e8che et confortable \u00e0 tout moment gr\u00e2ce \u00e0 ses excellentes propri\u00e9t\u00e9s de drainage. Parfait pour les animaux allergiques ou \u00e0 la peau sensible, il est suffisamment r\u00e9sistant pour supporter des lavages fr\u00e9quents sans perdre son aspect luxueux. Disponible en diff\u00e9rentes tailles et avec un charmant motif de pattes, Vetbed\u00ae reste le premier choix des \u00e9leveurs et des v\u00e9t\u00e9rinaires pour sa durabilit\u00e9 et ses performances sup\u00e9rieures en mati\u00e8re d'\u00e9vacuation de l'humidit\u00e9. Choisissez ce qu'il y a de mieux pour vos chiots - choisissez le Vetbed\u00ae original.","robots":{"index":"index","follow":"follow","max-snippet":"max-snippet:-1","max-image-preview":"max-image-preview:large","max-video-preview":"max-video-preview:-1"},"canonical":"https:\/\/pettechsolutions.com\/fr\/produit\/vetbed-original-fleece-pour-les-box-de-mise-bas-et-de-nidification","og_locale":"fr_FR","og_type":"article","og_title":"VetBed\u00ae Original Fleece pour les box de mise bas et de nidification | PetTech","og_description":"D\u00e9couvrez la qualit\u00e9 in\u00e9gal\u00e9e du Vetbed\u00ae original pour vos bo\u00eetes de mise bas PetTech Solutions ou coup\u00e9 pour convenir \u00e0 la plupart des marques de bo\u00eetes de mise bas. Vetbed\u00ae est le premier choix de non-tiss\u00e9 v\u00e9t\u00e9rinaire, offrant une r\u00e9tention thermique et un soutien in\u00e9gal\u00e9s \u00e0 vos animaux de compagnie. Vetbed\u00ae est hygi\u00e9nique, non toxique et hypoallerg\u00e9nique, et garantit une surface s\u00e8che et confortable \u00e0 tout moment gr\u00e2ce \u00e0 ses excellentes propri\u00e9t\u00e9s de drainage. Parfait pour les animaux allergiques ou \u00e0 la peau sensible, il est suffisamment r\u00e9sistant pour supporter des lavages fr\u00e9quents sans perdre son aspect luxueux. Disponible en diff\u00e9rentes tailles et avec un charmant motif de pattes, Vetbed\u00ae reste le premier choix des \u00e9leveurs et des v\u00e9t\u00e9rinaires pour sa durabilit\u00e9 et ses performances sup\u00e9rieures en mati\u00e8re d'\u00e9vacuation de l'humidit\u00e9. Choisissez ce qu'il y a de mieux pour vos chiots - choisissez le Vetbed\u00ae original.","og_url":"https:\/\/pettechsolutions.com\/fr\/produit\/vetbed-original-fleece-pour-les-box-de-mise-bas-et-de-nidification","og_site_name":"PetTech","article_publisher":"https:\/\/facebook.com\/pettechsolutions","article_modified_time":"2025-06-07T04:30:15+00:00","og_image":[{"width":1280,"height":1280,"url":"https:\/\/pettechsolutions.com\/wp-content\/uploads\/2022\/06\/subcategory_base_img_____whelping.webp","type":"image\/webp"}],"twitter_card":"summary_large_image","twitter_site":"@pettechsol","twitter_misc":{"Dur\u00e9e de lecture estim\u00e9e":"3 minutes"},"schema":{"@context":"https:\/\/schema.org","@graph":[{"@type":"WebPage","@id":"https:\/\/pettechsolutions.com\/fr\/produit\/vetbed-original-fleece-pour-les-box-de-mise-bas-et-de-nidification","url":"https:\/\/pettechsolutions.com\/fr\/produit\/vetbed-original-fleece-pour-les-box-de-mise-bas-et-de-nidification","name":"VetBed\u00ae Original Fleece pour les box de mise bas et de nidification | PetTech","isPartOf":{"@id":"https:\/\/pettechsolutions.com\/#website"},"primaryImageOfPage":{"@id":"https:\/\/pettechsolutions.com\/fr\/produit\/vetbed-original-fleece-pour-les-box-de-mise-bas-et-de-nidification#primaryimage"},"image":{"@id":"https:\/\/pettechsolutions.com\/fr\/produit\/vetbed-original-fleece-pour-les-box-de-mise-bas-et-de-nidification#primaryimage"},"thumbnailUrl":"https:\/\/pettechsolutions.com\/wp-content\/uploads\/2022\/06\/subcategory_base_img_____whelping.webp","datePublished":"2024-04-05T04:56:37+00:00","dateModified":"2025-06-07T04:30:15+00:00","description":"D\u00e9couvrez la qualit\u00e9 in\u00e9gal\u00e9e du Vetbed\u00ae original pour vos bo\u00eetes de mise bas PetTech Solutions ou coup\u00e9 pour convenir \u00e0 la plupart des marques de bo\u00eetes de mise bas. Vetbed\u00ae est le premier choix de non-tiss\u00e9 v\u00e9t\u00e9rinaire, offrant une r\u00e9tention thermique et un soutien in\u00e9gal\u00e9s \u00e0 vos animaux de compagnie. Vetbed\u00ae est hygi\u00e9nique, non toxique et hypoallerg\u00e9nique, et garantit une surface s\u00e8che et confortable \u00e0 tout moment gr\u00e2ce \u00e0 ses excellentes propri\u00e9t\u00e9s de drainage. Parfait pour les animaux allergiques ou \u00e0 la peau sensible, il est suffisamment r\u00e9sistant pour supporter des lavages fr\u00e9quents sans perdre son aspect luxueux. Disponible en diff\u00e9rentes tailles et avec un charmant motif de pattes, Vetbed\u00ae reste le premier choix des \u00e9leveurs et des v\u00e9t\u00e9rinaires pour sa durabilit\u00e9 et ses performances sup\u00e9rieures en mati\u00e8re d'\u00e9vacuation de l'humidit\u00e9. Choisissez ce qu'il y a de mieux pour vos chiots - choisissez le Vetbed\u00ae original.","breadcrumb":{"@id":"https:\/\/pettechsolutions.com\/fr\/produit\/vetbed-original-fleece-pour-les-box-de-mise-bas-et-de-nidification#breadcrumb"},"inLanguage":"fr-FR","potentialAction":[{"@type":"ReadAction","target":["https:\/\/pettechsolutions.com\/fr\/produit\/vetbed-original-fleece-pour-les-box-de-mise-bas-et-de-nidification"]}]},{"@type":"ImageObject","inLanguage":"fr-FR","@id":"https:\/\/pettechsolutions.com\/fr\/produit\/vetbed-original-fleece-pour-les-box-de-mise-bas-et-de-nidification#primaryimage","url":"https:\/\/pettechsolutions.com\/wp-content\/uploads\/2022\/06\/subcategory_base_img_____whelping.webp","contentUrl":"https:\/\/pettechsolutions.com\/wp-content\/uploads\/2022\/06\/subcategory_base_img_____whelping.webp","width":1280,"height":1280,"caption":"Best vet fleece for whelping puppies, kittens and nursing mothers."},{"@type":"BreadcrumbList","@id":"https:\/\/pettechsolutions.com\/fr\/produit\/vetbed-original-fleece-pour-les-box-de-mise-bas-et-de-nidification#breadcrumb","itemListElement":[{"@type":"ListItem","position":1,"name":"Home","item":"https:\/\/pettechsolutions.com\/fr"},{"@type":"ListItem","position":2,"name":"Boutique","item":"https:\/\/pettechsolutions.com\/fr\/boutique"},{"@type":"ListItem","position":3,"name":"VetBed\u00ae Original Fleece pour les box de mise bas et de nidification"}]},{"@type":"WebSite","@id":"https:\/\/pettechsolutions.com\/#website","url":"https:\/\/pettechsolutions.com\/","name":"PetTech","description":"produits d'\u00e9levage par excellence.","publisher":{"@id":"https:\/\/pettechsolutions.com\/#organization"},"potentialAction":[{"@type":"SearchAction","target":{"@type":"EntryPoint","urlTemplate":"https:\/\/pettechsolutions.com\/?s={search_term_string}"},"query-input":"required name=search_term_string"}],"inLanguage":"fr-FR"},{"@type":"Organization","@id":"https:\/\/pettechsolutions.com\/#organization","name":"PetTech Solutions","url":"https:\/\/pettechsolutions.com\/","logo":{"@type":"ImageObject","inLanguage":"fr-FR","@id":"https:\/\/pettechsolutions.com\/#\/schema\/logo\/image\/","url":"https:\/\/pettechsolutions.com\/wp-content\/uploads\/2022\/06\/pts_heart_logo.png","contentUrl":"https:\/\/pettechsolutions.com\/wp-content\/uploads\/2022\/06\/pts_heart_logo.png","width":1080,"height":546,"caption":"PetTech Solutions"},"image":{"@id":"https:\/\/pettechsolutions.com\/#\/schema\/logo\/image\/"},"sameAs":["https:\/\/facebook.com\/pettechsolutions","https:\/\/twitter.com\/pettechsol","https:\/\/instagram.com\/pettechsol"]}]}},"jetpack_sharing_enabled":true,"_links":{"self":[{"href":"https:\/\/pettechsolutions.com\/fr\/wp-json\/wp\/v2\/product\/5774"}],"collection":[{"href":"https:\/\/pettechsolutions.com\/fr\/wp-json\/wp\/v2\/product"}],"about":[{"href":"https:\/\/pettechsolutions.com\/fr\/wp-json\/wp\/v2\/types\/product"}],"wp:featuredmedia":[{"embeddable":true,"href":"https:\/\/pettechsolutions.com\/fr\/wp-json\/wp\/v2\/media\/1735"}],"wp:attachment":[{"href":"https:\/\/pettechsolutions.com\/fr\/wp-json\/wp\/v2\/media?parent=5774"}],"wp:term":[{"taxonomy":"product_cat","embeddable":true,"href":"https:\/\/pettechsolutions.com\/fr\/wp-json\/wp\/v2\/product_cat?post=5774"},{"taxonomy":"product_tag","embeddable":true,"href":"https:\/\/pettechsolutions.com\/fr\/wp-json\/wp\/v2\/product_tag?post=5774"},{"taxonomy":"pt_brand","embeddable":true,"href":"https:\/\/pettechsolutions.com\/fr\/wp-json\/wp\/v2\/pt_brand?post=5774"}],"curies":[{"name":"wp","href":"https:\/\/api.w.org\/{rel}","templated":true}]}}