{"id":5769,"date":"2022-03-24T00:34:03","date_gmt":"2022-03-24T04:34:03","guid":{"rendered":"https:\/\/pettechsolutions.com\/product\/bac-inferieur-etanche-remplacement-du-bac-de-mise-bas"},"modified":"2022-03-24T00:34:03","modified_gmt":"2022-03-24T04:34:03","slug":"bac-inferieur-etanche-remplacement-du-bac-de-mise-bas","status":"publish","type":"product","link":"https:\/\/pettechsolutions.com\/fr\/produit\/bac-inferieur-etanche-remplacement-du-bac-de-mise-bas","title":{"rendered":"Bac inf\u00e9rieur \u00e9tanche (remplacement du bac de mise bas)"},"content":{"rendered":"<p>36 \u00ab Taille du bac de fond \u00e9tanche : <span style=\"font-weight: 400;\">36 \u00bb L x 36 \u00ab W x 1.5 \u00bb H<br \/>\nPoids : 13lbs<\/span><\/p>\n<p>45 \u00ab Taille du bac de fond \u00e9tanche : 45<span style=\"font-weight: 400;\"> \u00bb L x 45 \u00ab W x 1.5 \u00bb H<br \/>\nPoids : 20lbs<\/span><\/p>\n<p>60 \u00ab Taille du bac de fond \u00e9tanche : 60<span style=\"font-weight: 400;\"> \u00bb L x 45 \u00ab W x 1.5 \u00bb H<br \/>\nPoids : 25lbs<\/span><\/p>\n","protected":false},"excerpt":{"rendered":"<p><span style=\"font-weight: 400;\">Soud\u00e9 \u00e0 la main pour des bords lisses et un environnement s\u00fbr, il ne comporte pas de petites pi\u00e8ces, ce qui le rend extr\u00eamement facile \u00e0 nettoyer et \u00e0 d\u00e9sinfecter. Prot\u00e9gez vos sols avec ce plastique HDPE 2 durable et l\u00e9ger. Ce mat\u00e9riau offre une excellente r\u00e9sistance aux chocs, une grande r\u00e9sistance \u00e0 la traction, une faible absorption de l&rsquo;humidit\u00e9 et une r\u00e9sistance aux produits chimiques et \u00e0 la corrosion.<\/span><\/p>\n","protected":false},"featured_media":1774,"template":"","meta":{"_acf_changed":false},"product_cat":[135,151],"product_tag":[],"pt_brand":[158],"acf":[],"yoast_head":"<!-- This site is optimized with the Yoast SEO plugin v22.2 - https:\/\/yoast.com\/wordpress\/plugins\/seo\/ -->\n<title>Bac inf\u00e9rieur \u00e9tanche (remplacement du bac de mise bas) | PetTech<\/title>\n<meta name=\"robots\" content=\"index, follow, max-snippet:-1, max-image-preview:large, max-video-preview:-1\" \/>\n<link rel=\"canonical\" href=\"https:\/\/pettechsolutions.com\/fr\/produit\/bac-inferieur-etanche-remplacement-du-bac-de-mise-bas\" \/>\n<meta property=\"og:locale\" content=\"fr_FR\" \/>\n<meta property=\"og:type\" content=\"article\" \/>\n<meta property=\"og:title\" content=\"Bac inf\u00e9rieur \u00e9tanche (remplacement du bac de mise bas) | PetTech\" \/>\n<meta property=\"og:description\" content=\"Soud\u00e9 \u00e0 la main pour des bords lisses et un environnement s\u00fbr, il ne comporte pas de petites pi\u00e8ces, ce qui le rend extr\u00eamement facile \u00e0 nettoyer et \u00e0 d\u00e9sinfecter. Prot\u00e9gez vos sols avec ce plastique HDPE 2 durable et l\u00e9ger. Ce mat\u00e9riau offre une excellente r\u00e9sistance aux chocs, une grande r\u00e9sistance \u00e0 la traction, une faible absorption de l&#039;humidit\u00e9 et une r\u00e9sistance aux produits chimiques et \u00e0 la corrosion.\" \/>\n<meta property=\"og:url\" content=\"https:\/\/pettechsolutions.com\/fr\/produit\/bac-inferieur-etanche-remplacement-du-bac-de-mise-bas\" \/>\n<meta property=\"og:site_name\" content=\"PetTech\" \/>\n<meta property=\"article:publisher\" content=\"https:\/\/facebook.com\/pettechsolutions\" \/>\n<meta property=\"og:image\" content=\"https:\/\/pettechsolutions.com\/wp-content\/uploads\/2022\/03\/Bottom-Pan-pt-1-scaled.jpg\" \/>\n\t<meta property=\"og:image:width\" content=\"2560\" \/>\n\t<meta property=\"og:image:height\" content=\"2370\" \/>\n\t<meta property=\"og:image:type\" content=\"image\/jpeg\" \/>\n<meta name=\"twitter:card\" content=\"summary_large_image\" \/>\n<meta name=\"twitter:site\" content=\"@pettechsol\" \/>\n<script type=\"application\/ld+json\" class=\"yoast-schema-graph\">{\"@context\":\"https:\/\/schema.org\",\"@graph\":[{\"@type\":\"WebPage\",\"@id\":\"https:\/\/pettechsolutions.com\/fr\/produit\/bac-inferieur-etanche-remplacement-du-bac-de-mise-bas\",\"url\":\"https:\/\/pettechsolutions.com\/fr\/produit\/bac-inferieur-etanche-remplacement-du-bac-de-mise-bas\",\"name\":\"Bac inf\u00e9rieur \u00e9tanche (remplacement du bac de mise bas) | PetTech\",\"isPartOf\":{\"@id\":\"https:\/\/pettechsolutions.com\/#website\"},\"primaryImageOfPage\":{\"@id\":\"https:\/\/pettechsolutions.com\/fr\/produit\/bac-inferieur-etanche-remplacement-du-bac-de-mise-bas#primaryimage\"},\"image\":{\"@id\":\"https:\/\/pettechsolutions.com\/fr\/produit\/bac-inferieur-etanche-remplacement-du-bac-de-mise-bas#primaryimage\"},\"thumbnailUrl\":\"https:\/\/pettechsolutions.com\/wp-content\/uploads\/2022\/03\/Bottom-Pan-pt-1-scaled.jpg\",\"datePublished\":\"2022-03-24T04:34:03+00:00\",\"dateModified\":\"2022-03-24T04:34:03+00:00\",\"breadcrumb\":{\"@id\":\"https:\/\/pettechsolutions.com\/fr\/produit\/bac-inferieur-etanche-remplacement-du-bac-de-mise-bas#breadcrumb\"},\"inLanguage\":\"fr-FR\",\"potentialAction\":[{\"@type\":\"ReadAction\",\"target\":[\"https:\/\/pettechsolutions.com\/fr\/produit\/bac-inferieur-etanche-remplacement-du-bac-de-mise-bas\"]}]},{\"@type\":\"ImageObject\",\"inLanguage\":\"fr-FR\",\"@id\":\"https:\/\/pettechsolutions.com\/fr\/produit\/bac-inferieur-etanche-remplacement-du-bac-de-mise-bas#primaryimage\",\"url\":\"https:\/\/pettechsolutions.com\/wp-content\/uploads\/2022\/03\/Bottom-Pan-pt-1-scaled.jpg\",\"contentUrl\":\"https:\/\/pettechsolutions.com\/wp-content\/uploads\/2022\/03\/Bottom-Pan-pt-1-scaled.jpg\",\"width\":2560,\"height\":2370},{\"@type\":\"BreadcrumbList\",\"@id\":\"https:\/\/pettechsolutions.com\/fr\/produit\/bac-inferieur-etanche-remplacement-du-bac-de-mise-bas#breadcrumb\",\"itemListElement\":[{\"@type\":\"ListItem\",\"position\":1,\"name\":\"Home\",\"item\":\"https:\/\/pettechsolutions.com\/fr\"},{\"@type\":\"ListItem\",\"position\":2,\"name\":\"Boutique\",\"item\":\"https:\/\/pettechsolutions.com\/fr\/boutique\"},{\"@type\":\"ListItem\",\"position\":3,\"name\":\"Bac inf\u00e9rieur \u00e9tanche (remplacement du bac de mise bas)\"}]},{\"@type\":\"WebSite\",\"@id\":\"https:\/\/pettechsolutions.com\/#website\",\"url\":\"https:\/\/pettechsolutions.com\/\",\"name\":\"PetTech\",\"description\":\"produits d'\u00e9levage par excellence.\",\"publisher\":{\"@id\":\"https:\/\/pettechsolutions.com\/#organization\"},\"potentialAction\":[{\"@type\":\"SearchAction\",\"target\":{\"@type\":\"EntryPoint\",\"urlTemplate\":\"https:\/\/pettechsolutions.com\/?s={search_term_string}\"},\"query-input\":\"required name=search_term_string\"}],\"inLanguage\":\"fr-FR\"},{\"@type\":\"Organization\",\"@id\":\"https:\/\/pettechsolutions.com\/#organization\",\"name\":\"PetTech Solutions\",\"url\":\"https:\/\/pettechsolutions.com\/\",\"logo\":{\"@type\":\"ImageObject\",\"inLanguage\":\"fr-FR\",\"@id\":\"https:\/\/pettechsolutions.com\/#\/schema\/logo\/image\/\",\"url\":\"https:\/\/pettechsolutions.com\/wp-content\/uploads\/2022\/06\/pts_heart_logo.png\",\"contentUrl\":\"https:\/\/pettechsolutions.com\/wp-content\/uploads\/2022\/06\/pts_heart_logo.png\",\"width\":1080,\"height\":546,\"caption\":\"PetTech Solutions\"},\"image\":{\"@id\":\"https:\/\/pettechsolutions.com\/#\/schema\/logo\/image\/\"},\"sameAs\":[\"https:\/\/facebook.com\/pettechsolutions\",\"https:\/\/twitter.com\/pettechsol\",\"https:\/\/instagram.com\/pettechsol\"]}]}<\/script>\n<!-- \/ Yoast SEO plugin. -->","yoast_head_json":{"title":"Bac inf\u00e9rieur \u00e9tanche (remplacement du bac de mise bas) | PetTech","robots":{"index":"index","follow":"follow","max-snippet":"max-snippet:-1","max-image-preview":"max-image-preview:large","max-video-preview":"max-video-preview:-1"},"canonical":"https:\/\/pettechsolutions.com\/fr\/produit\/bac-inferieur-etanche-remplacement-du-bac-de-mise-bas","og_locale":"fr_FR","og_type":"article","og_title":"Bac inf\u00e9rieur \u00e9tanche (remplacement du bac de mise bas) | PetTech","og_description":"Soud\u00e9 \u00e0 la main pour des bords lisses et un environnement s\u00fbr, il ne comporte pas de petites pi\u00e8ces, ce qui le rend extr\u00eamement facile \u00e0 nettoyer et \u00e0 d\u00e9sinfecter. Prot\u00e9gez vos sols avec ce plastique HDPE 2 durable et l\u00e9ger. Ce mat\u00e9riau offre une excellente r\u00e9sistance aux chocs, une grande r\u00e9sistance \u00e0 la traction, une faible absorption de l'humidit\u00e9 et une r\u00e9sistance aux produits chimiques et \u00e0 la corrosion.","og_url":"https:\/\/pettechsolutions.com\/fr\/produit\/bac-inferieur-etanche-remplacement-du-bac-de-mise-bas","og_site_name":"PetTech","article_publisher":"https:\/\/facebook.com\/pettechsolutions","og_image":[{"width":2560,"height":2370,"url":"https:\/\/pettechsolutions.com\/wp-content\/uploads\/2022\/03\/Bottom-Pan-pt-1-scaled.jpg","type":"image\/jpeg"}],"twitter_card":"summary_large_image","twitter_site":"@pettechsol","schema":{"@context":"https:\/\/schema.org","@graph":[{"@type":"WebPage","@id":"https:\/\/pettechsolutions.com\/fr\/produit\/bac-inferieur-etanche-remplacement-du-bac-de-mise-bas","url":"https:\/\/pettechsolutions.com\/fr\/produit\/bac-inferieur-etanche-remplacement-du-bac-de-mise-bas","name":"Bac inf\u00e9rieur \u00e9tanche (remplacement du bac de mise bas) | PetTech","isPartOf":{"@id":"https:\/\/pettechsolutions.com\/#website"},"primaryImageOfPage":{"@id":"https:\/\/pettechsolutions.com\/fr\/produit\/bac-inferieur-etanche-remplacement-du-bac-de-mise-bas#primaryimage"},"image":{"@id":"https:\/\/pettechsolutions.com\/fr\/produit\/bac-inferieur-etanche-remplacement-du-bac-de-mise-bas#primaryimage"},"thumbnailUrl":"https:\/\/pettechsolutions.com\/wp-content\/uploads\/2022\/03\/Bottom-Pan-pt-1-scaled.jpg","datePublished":"2022-03-24T04:34:03+00:00","dateModified":"2022-03-24T04:34:03+00:00","breadcrumb":{"@id":"https:\/\/pettechsolutions.com\/fr\/produit\/bac-inferieur-etanche-remplacement-du-bac-de-mise-bas#breadcrumb"},"inLanguage":"fr-FR","potentialAction":[{"@type":"ReadAction","target":["https:\/\/pettechsolutions.com\/fr\/produit\/bac-inferieur-etanche-remplacement-du-bac-de-mise-bas"]}]},{"@type":"ImageObject","inLanguage":"fr-FR","@id":"https:\/\/pettechsolutions.com\/fr\/produit\/bac-inferieur-etanche-remplacement-du-bac-de-mise-bas#primaryimage","url":"https:\/\/pettechsolutions.com\/wp-content\/uploads\/2022\/03\/Bottom-Pan-pt-1-scaled.jpg","contentUrl":"https:\/\/pettechsolutions.com\/wp-content\/uploads\/2022\/03\/Bottom-Pan-pt-1-scaled.jpg","width":2560,"height":2370},{"@type":"BreadcrumbList","@id":"https:\/\/pettechsolutions.com\/fr\/produit\/bac-inferieur-etanche-remplacement-du-bac-de-mise-bas#breadcrumb","itemListElement":[{"@type":"ListItem","position":1,"name":"Home","item":"https:\/\/pettechsolutions.com\/fr"},{"@type":"ListItem","position":2,"name":"Boutique","item":"https:\/\/pettechsolutions.com\/fr\/boutique"},{"@type":"ListItem","position":3,"name":"Bac inf\u00e9rieur \u00e9tanche (remplacement du bac de mise bas)"}]},{"@type":"WebSite","@id":"https:\/\/pettechsolutions.com\/#website","url":"https:\/\/pettechsolutions.com\/","name":"PetTech","description":"produits d'\u00e9levage par excellence.","publisher":{"@id":"https:\/\/pettechsolutions.com\/#organization"},"potentialAction":[{"@type":"SearchAction","target":{"@type":"EntryPoint","urlTemplate":"https:\/\/pettechsolutions.com\/?s={search_term_string}"},"query-input":"required name=search_term_string"}],"inLanguage":"fr-FR"},{"@type":"Organization","@id":"https:\/\/pettechsolutions.com\/#organization","name":"PetTech Solutions","url":"https:\/\/pettechsolutions.com\/","logo":{"@type":"ImageObject","inLanguage":"fr-FR","@id":"https:\/\/pettechsolutions.com\/#\/schema\/logo\/image\/","url":"https:\/\/pettechsolutions.com\/wp-content\/uploads\/2022\/06\/pts_heart_logo.png","contentUrl":"https:\/\/pettechsolutions.com\/wp-content\/uploads\/2022\/06\/pts_heart_logo.png","width":1080,"height":546,"caption":"PetTech Solutions"},"image":{"@id":"https:\/\/pettechsolutions.com\/#\/schema\/logo\/image\/"},"sameAs":["https:\/\/facebook.com\/pettechsolutions","https:\/\/twitter.com\/pettechsol","https:\/\/instagram.com\/pettechsol"]}]}},"jetpack_sharing_enabled":true,"_links":{"self":[{"href":"https:\/\/pettechsolutions.com\/fr\/wp-json\/wp\/v2\/product\/5769"}],"collection":[{"href":"https:\/\/pettechsolutions.com\/fr\/wp-json\/wp\/v2\/product"}],"about":[{"href":"https:\/\/pettechsolutions.com\/fr\/wp-json\/wp\/v2\/types\/product"}],"wp:featuredmedia":[{"embeddable":true,"href":"https:\/\/pettechsolutions.com\/fr\/wp-json\/wp\/v2\/media\/1774"}],"wp:attachment":[{"href":"https:\/\/pettechsolutions.com\/fr\/wp-json\/wp\/v2\/media?parent=5769"}],"wp:term":[{"taxonomy":"product_cat","embeddable":true,"href":"https:\/\/pettechsolutions.com\/fr\/wp-json\/wp\/v2\/product_cat?post=5769"},{"taxonomy":"product_tag","embeddable":true,"href":"https:\/\/pettechsolutions.com\/fr\/wp-json\/wp\/v2\/product_tag?post=5769"},{"taxonomy":"pt_brand","embeddable":true,"href":"https:\/\/pettechsolutions.com\/fr\/wp-json\/wp\/v2\/pt_brand?post=5769"}],"curies":[{"name":"wp","href":"https:\/\/api.w.org\/{rel}","templated":true}]}}