{"id":5768,"date":"2025-01-24T04:39:17","date_gmt":"2025-01-24T09:39:17","guid":{"rendered":"https:\/\/pettechsolutions.com\/product\/scanpad-lite-ultrason-avec-sonde-micro-convexe"},"modified":"2025-06-12T09:16:07","modified_gmt":"2025-06-12T13:16:07","slug":"scanpad-lite-ultrason-avec-sonde-micro-convexe","status":"publish","type":"product","link":"https:\/\/pettechsolutions.com\/fr\/produit\/scanpad-lite-ultrason-avec-sonde-micro-convexe","title":{"rendered":"ScanPad24 \u00e9chographie avec sonde micro-convexe"},"content":{"rendered":"<p style=\"font-weight: 400;\"><strong> <\/strong><strong>Caract\u00e9ristiques principales :<\/strong><\/p>\n<ul style=\"font-weight: 400;\">\n<li><strong>La confiance des \u00e9leveurs :<\/strong> Le VIS ScanPad est l&rsquo;\u00e9chographe pour petits animaux le plus vendu au Royaume-Uni et il est d\u00e9sormais le pr\u00e9f\u00e9r\u00e9 des \u00e9leveurs en Am\u00e9rique du Nord.<\/li>\n<li><strong>Une technologie de pointe :<\/strong> Mis \u00e0 jour pour 2024, il pr\u00e9sente les derni\u00e8res avanc\u00e9es en mati\u00e8re d&rsquo;imagerie et est \u00e9quip\u00e9 en standard d&rsquo;un Doppler \u00e0 ondes puls\u00e9es.<\/li>\n<li><strong>Am\u00e9lioration de l&rsquo;enregistrement des vid\u00e9os :<\/strong> L&rsquo;enregistrement des vid\u00e9os est d\u00e9sormais plus rapide que jamais, ce qui est plus pratique pour les utilisateurs.<\/li>\n<li><strong>Une qualit\u00e9 d&rsquo;image exceptionnelle :<\/strong> \u00c9quip\u00e9 de la technologie de sonde ScanX, le nouveau ScanPad offre une am\u00e9lioration significative de la qualit\u00e9 d&rsquo;image par rapport aux mod\u00e8les pr\u00e9c\u00e9dents.<\/li>\n<\/ul>\n<p style=\"font-weight: 400;\"><strong>Quoi de neuf ?<\/strong><\/p>\n<ul>\n<li><strong>Doppler \u00e0 ondes puls\u00e9es :<\/strong>\n<ul style=\"font-weight: 400;\">\n<li>Visualiser et mesurer le flux sanguin ombilical ou le flux dans le c\u0153ur ou l&rsquo;aorte du f\u0153tus.<\/li>\n<li>Les haut-parleurs int\u00e9gr\u00e9s vous permettent d&rsquo;entendre les \u00ab battements de c\u0153ur des chiots \u00bb, une fonction appr\u00e9ci\u00e9e par les \u00e9leveurs et les clients.<\/li>\n<li>Une <strong>assistance Zoom<\/strong> gratuite avec des \u00e9chographistes experts est disponible pour vous aider \u00e0 apprendre et \u00e0 maximiser les capacit\u00e9s du Doppler.<\/li>\n<\/ul>\n<\/li>\n<\/ul>\n<ul style=\"font-weight: 400;\">\n<li><strong>Package complet de gyn\u00e9cologie-obst\u00e9trique :<\/strong>\n<ul>\n<li>Inclut le calcul de l&rsquo;\u00e2ge gestationnel bas\u00e9 sur la taille de la t\u00eate du f\u0153tus pour les chiens et les chats.<\/li>\n<\/ul>\n<\/li>\n<\/ul>\n<p style=\"font-weight: 400;\"><strong>Pourquoi choisir le ScanPad ?<\/strong><\/p>\n<p style=\"font-weight: 400;\">Depuis 2013, le VIS ScanPad est le choix de pr\u00e9dilection pour les scanners de gestation des petits animaux, et les \u00e9leveurs de tous niveaux d&rsquo;exp\u00e9rience lui font confiance. Sa <strong>conception conviviale<\/strong>, son <strong>imagerie haute r\u00e9solution<\/strong> et son <strong>prix abordable<\/strong> (moins de 5 000 $) en font une option de choix. <\/p>\n<p style=\"font-weight: 400;\"><strong>Options de sonde :<\/strong><\/p>\n<ul>\n<li style=\"font-weight: 400;\"><strong>  Sonde micro-convexe (standard) :<br \/>\n<\/strong><strong><br \/>\n<\/strong><strong>Id\u00e9al pour :<\/strong> Les chats, les petites ch\u00e8vres et les races de chiens de petite \u00e0 moyenne taille (par exemple, Chihuahua, Corgi, Labrador, Teckel).<\/p>\n<ul>\n<li>Fr\u00e9quence : 5-8,5 MHz (fr\u00e9quence principale : 6,5 MHz)<\/li>\n<li>Profondeur de balayage : 10-150 mm<\/li>\n<li>Empreinte au sol : 15 mm<\/li>\n<li>Cristaux : 80<\/li>\n<\/ul>\n<\/li>\n<\/ul>\n<p><strong>Garantie du fabricant :<\/strong> 1 an<\/p>\n<ul>\n<li style=\"font-weight: 400;\"><strong><strong>  Sonde abdominale convexe (en option) :<br \/>\n<\/strong><\/strong><br \/>\n<strong>Id\u00e9al pour :<\/strong> Animaux de taille moyenne \u00e0 grande, y compris les races de chiens de grande taille (par exemple, dogue allemand, saint-bernard).<\/p>\n<ul>\n<li style=\"font-weight: 400;\">Fr\u00e9quence : 2,5-5 MHz (fr\u00e9quence principale : 3,5 MHz)<\/li>\n<li>Profondeur de balayage : 30-300 mm<\/li>\n<li>Empreinte au sol : 60 mm<\/li>\n<li>Cristaux : 80<\/li>\n<\/ul>\n<\/li>\n<\/ul>\n<p><strong>Garantie du fabricant :<\/strong> 1 an<\/p>\n<p style=\"font-weight: 400;\"><strong>Qu&rsquo;est-ce qui est inclus ?<\/strong><\/p>\n<ul style=\"font-weight: 400;\">\n<li>2024 Edition ScanPad<\/li>\n<li>Sonde micro-convexe (sonde convexe disponible en option)<\/li>\n<li>Alimentation \u00e9lectrique<\/li>\n<li>Mallette de transport<\/li>\n<\/ul>\n<p style=\"font-weight: 400;\"><strong><br \/>\nSoutien suppl\u00e9mentaire :<\/strong><strong> <\/strong><\/p>\n<p>Tutoriel vid\u00e9o sur le Doppler :  <a href=\"https:\/\/youtu.be\/QlqdFLtusZw\" data-saferedirecturl=\"https:\/\/www.google.com\/url?q=https:\/\/youtu.be\/QlqdFLtusZw&amp;source=gmail&amp;ust=1737772476070000&amp;usg=AOvVaw2BXGb5llTwfybez9hkqKsA\">Regardez ici<\/a><\/p>\n<p>Vid\u00e9o sur la progression du balayage de la grossesse (exemple du bouledogue) : <a href=\"https:\/\/youtu.be\/jDwhTRp3SVs\" data-saferedirecturl=\"https:\/\/www.google.com\/url?q=https:\/\/youtu.be\/jDwhTRp3SVs&amp;source=gmail&amp;ust=1737772476070000&amp;usg=AOvVaw1mrLjGzxJWdg2LkKe5hXa2\">Regardez ici-<\/a><\/p>\n<p><strong>&#8211; Assistance en direct :<\/strong> Des consultations Zoom gratuites avec des \u00e9chographistes experts sont disponibles. Envoyez-nous votre demande par courriel.<\/p>\n<p style=\"font-weight: 400;\">En bref, le VIS ScanPad offre une qualit\u00e9 d&rsquo;image et des fonctionnalit\u00e9s in\u00e9gal\u00e9es \u00e0 un prix que vous ne trouverez nulle part ailleurs.<\/p>\n","protected":false},"excerpt":{"rendered":"<p>Le tout nouveau <strong>VIS ScanPad<\/strong> est con\u00e7u pour les \u00e9leveurs de petits animaux et est notre syst\u00e8me d&rsquo;\u00e9chographie le plus populaire. Dot\u00e9 d&rsquo;un grand \u00e9cran lumineux et d&rsquo;une interface simple et intuitive, le ScanPad est parfait pour les d\u00e9butants ou toute personne souhaitant adopter la technologie de l&rsquo;\u00e9chographie. Il s&rsquo;agit d&rsquo;une machine fiable, de haute qualit\u00e9, qui b\u00e9n\u00e9ficie d&rsquo;un <strong>service et d&rsquo;une assistance en Am\u00e9rique du Nord.<\/strong><\/p>\n","protected":false},"featured_media":5756,"template":"","meta":{"_acf_changed":false},"product_cat":[476,135,140],"product_tag":[484,483,478,477,480,479,485,487,489,490,481,482,488,486],"pt_brand":[158,159],"acf":[],"yoast_head":"<!-- This site is optimized with the Yoast SEO plugin v22.2 - https:\/\/yoast.com\/wordpress\/plugins\/seo\/ -->\n<title>ScanPad24 \u00e9chographie avec sonde micro-convexe | PetTech<\/title>\n<meta name=\"description\" content=\"D\u00e9couvrez le tout nouveau ScanPad 2024 VIS, le syst\u00e8me d \u00ab \u00e9chographie ultime pour les \u00e9leveurs de petits animaux. Reconnu dans le monde entier, il est dot\u00e9 d&#039;une technologie de pointe, d&#039;un Doppler \u00e0 ondes puls\u00e9es, d&#039;une qualit\u00e9 d&#039;image exceptionnelle et d&#039;une interface intuitive. B\u00e9n\u00e9ficiant d&#039;un support nord-am\u00e9ricain, c&#039;est l&#039;outil id\u00e9al pour l \u00bb \u00e9chographie de gestation chez les chats, les chiens et bien plus encore. Une qualit\u00e9 d&#039;image et des fonctionnalit\u00e9s in\u00e9gal\u00e9es \u00e0 un prix int\u00e9ressant pour la qualit\u00e9.\" \/>\n<meta name=\"robots\" content=\"index, follow, max-snippet:-1, max-image-preview:large, max-video-preview:-1\" \/>\n<link rel=\"canonical\" href=\"https:\/\/pettechsolutions.com\/fr\/produit\/scanpad-lite-ultrason-avec-sonde-micro-convexe\" \/>\n<meta property=\"og:locale\" content=\"fr_FR\" \/>\n<meta property=\"og:type\" content=\"article\" \/>\n<meta property=\"og:title\" content=\"ScanPad24 \u00e9chographie avec sonde micro-convexe | PetTech\" \/>\n<meta property=\"og:description\" content=\"D\u00e9couvrez le tout nouveau ScanPad 2024 VIS, le syst\u00e8me d \u00ab \u00e9chographie ultime pour les \u00e9leveurs de petits animaux. Reconnu dans le monde entier, il est dot\u00e9 d&#039;une technologie de pointe, d&#039;un Doppler \u00e0 ondes puls\u00e9es, d&#039;une qualit\u00e9 d&#039;image exceptionnelle et d&#039;une interface intuitive. B\u00e9n\u00e9ficiant d&#039;un support nord-am\u00e9ricain, c&#039;est l&#039;outil id\u00e9al pour l \u00bb \u00e9chographie de gestation chez les chats, les chiens et bien plus encore. Une qualit\u00e9 d&#039;image et des fonctionnalit\u00e9s in\u00e9gal\u00e9es \u00e0 un prix int\u00e9ressant pour la qualit\u00e9.\" \/>\n<meta property=\"og:url\" content=\"https:\/\/pettechsolutions.com\/fr\/produit\/scanpad-lite-ultrason-avec-sonde-micro-convexe\" \/>\n<meta property=\"og:site_name\" content=\"PetTech\" \/>\n<meta property=\"article:publisher\" content=\"https:\/\/facebook.com\/pettechsolutions\" \/>\n<meta property=\"article:modified_time\" content=\"2025-06-12T13:16:07+00:00\" \/>\n<meta property=\"og:image\" content=\"https:\/\/pettechsolutions.com\/wp-content\/uploads\/2025\/01\/3744504162.jpg\" \/>\n\t<meta property=\"og:image:width\" content=\"1500\" \/>\n\t<meta property=\"og:image:height\" content=\"1500\" \/>\n\t<meta property=\"og:image:type\" content=\"image\/jpeg\" \/>\n<meta name=\"twitter:card\" content=\"summary_large_image\" \/>\n<meta name=\"twitter:site\" content=\"@pettechsol\" \/>\n<meta name=\"twitter:label1\" content=\"Dur\u00e9e de lecture estim\u00e9e\" \/>\n\t<meta name=\"twitter:data1\" content=\"2 minutes\" \/>\n<script type=\"application\/ld+json\" class=\"yoast-schema-graph\">{\"@context\":\"https:\/\/schema.org\",\"@graph\":[{\"@type\":\"WebPage\",\"@id\":\"https:\/\/pettechsolutions.com\/fr\/produit\/scanpad-lite-ultrason-avec-sonde-micro-convexe\",\"url\":\"https:\/\/pettechsolutions.com\/fr\/produit\/scanpad-lite-ultrason-avec-sonde-micro-convexe\",\"name\":\"ScanPad24 \u00e9chographie avec sonde micro-convexe | PetTech\",\"isPartOf\":{\"@id\":\"https:\/\/pettechsolutions.com\/#website\"},\"primaryImageOfPage\":{\"@id\":\"https:\/\/pettechsolutions.com\/fr\/produit\/scanpad-lite-ultrason-avec-sonde-micro-convexe#primaryimage\"},\"image\":{\"@id\":\"https:\/\/pettechsolutions.com\/fr\/produit\/scanpad-lite-ultrason-avec-sonde-micro-convexe#primaryimage\"},\"thumbnailUrl\":\"https:\/\/pettechsolutions.com\/wp-content\/uploads\/2025\/01\/3744504162.jpg\",\"datePublished\":\"2025-01-24T09:39:17+00:00\",\"dateModified\":\"2025-06-12T13:16:07+00:00\",\"description\":\"D\u00e9couvrez le tout nouveau ScanPad 2024 VIS, le syst\u00e8me d \u00ab \u00e9chographie ultime pour les \u00e9leveurs de petits animaux. Reconnu dans le monde entier, il est dot\u00e9 d'une technologie de pointe, d'un Doppler \u00e0 ondes puls\u00e9es, d'une qualit\u00e9 d'image exceptionnelle et d'une interface intuitive. B\u00e9n\u00e9ficiant d'un support nord-am\u00e9ricain, c'est l'outil id\u00e9al pour l \u00bb \u00e9chographie de gestation chez les chats, les chiens et bien plus encore. Une qualit\u00e9 d'image et des fonctionnalit\u00e9s in\u00e9gal\u00e9es \u00e0 un prix int\u00e9ressant pour la qualit\u00e9.\",\"breadcrumb\":{\"@id\":\"https:\/\/pettechsolutions.com\/fr\/produit\/scanpad-lite-ultrason-avec-sonde-micro-convexe#breadcrumb\"},\"inLanguage\":\"fr-FR\",\"potentialAction\":[{\"@type\":\"ReadAction\",\"target\":[\"https:\/\/pettechsolutions.com\/fr\/produit\/scanpad-lite-ultrason-avec-sonde-micro-convexe\"]}]},{\"@type\":\"ImageObject\",\"inLanguage\":\"fr-FR\",\"@id\":\"https:\/\/pettechsolutions.com\/fr\/produit\/scanpad-lite-ultrason-avec-sonde-micro-convexe#primaryimage\",\"url\":\"https:\/\/pettechsolutions.com\/wp-content\/uploads\/2025\/01\/3744504162.jpg\",\"contentUrl\":\"https:\/\/pettechsolutions.com\/wp-content\/uploads\/2025\/01\/3744504162.jpg\",\"width\":1500,\"height\":1500,\"caption\":\"VIS ScanPad\"},{\"@type\":\"BreadcrumbList\",\"@id\":\"https:\/\/pettechsolutions.com\/fr\/produit\/scanpad-lite-ultrason-avec-sonde-micro-convexe#breadcrumb\",\"itemListElement\":[{\"@type\":\"ListItem\",\"position\":1,\"name\":\"Home\",\"item\":\"https:\/\/pettechsolutions.com\/fr\"},{\"@type\":\"ListItem\",\"position\":2,\"name\":\"Boutique\",\"item\":\"https:\/\/pettechsolutions.com\/fr\/boutique\"},{\"@type\":\"ListItem\",\"position\":3,\"name\":\"ScanPad24 \u00e9chographie avec sonde micro-convexe\"}]},{\"@type\":\"WebSite\",\"@id\":\"https:\/\/pettechsolutions.com\/#website\",\"url\":\"https:\/\/pettechsolutions.com\/\",\"name\":\"PetTech\",\"description\":\"produits d'\u00e9levage par excellence.\",\"publisher\":{\"@id\":\"https:\/\/pettechsolutions.com\/#organization\"},\"potentialAction\":[{\"@type\":\"SearchAction\",\"target\":{\"@type\":\"EntryPoint\",\"urlTemplate\":\"https:\/\/pettechsolutions.com\/?s={search_term_string}\"},\"query-input\":\"required name=search_term_string\"}],\"inLanguage\":\"fr-FR\"},{\"@type\":\"Organization\",\"@id\":\"https:\/\/pettechsolutions.com\/#organization\",\"name\":\"PetTech Solutions\",\"url\":\"https:\/\/pettechsolutions.com\/\",\"logo\":{\"@type\":\"ImageObject\",\"inLanguage\":\"fr-FR\",\"@id\":\"https:\/\/pettechsolutions.com\/#\/schema\/logo\/image\/\",\"url\":\"https:\/\/pettechsolutions.com\/wp-content\/uploads\/2022\/06\/pts_heart_logo.png\",\"contentUrl\":\"https:\/\/pettechsolutions.com\/wp-content\/uploads\/2022\/06\/pts_heart_logo.png\",\"width\":1080,\"height\":546,\"caption\":\"PetTech Solutions\"},\"image\":{\"@id\":\"https:\/\/pettechsolutions.com\/#\/schema\/logo\/image\/\"},\"sameAs\":[\"https:\/\/facebook.com\/pettechsolutions\",\"https:\/\/twitter.com\/pettechsol\",\"https:\/\/instagram.com\/pettechsol\"]}]}<\/script>\n<!-- \/ Yoast SEO plugin. -->","yoast_head_json":{"title":"ScanPad24 \u00e9chographie avec sonde micro-convexe | PetTech","description":"D\u00e9couvrez le tout nouveau ScanPad 2024 VIS, le syst\u00e8me d \u00ab \u00e9chographie ultime pour les \u00e9leveurs de petits animaux. Reconnu dans le monde entier, il est dot\u00e9 d'une technologie de pointe, d'un Doppler \u00e0 ondes puls\u00e9es, d'une qualit\u00e9 d'image exceptionnelle et d'une interface intuitive. B\u00e9n\u00e9ficiant d'un support nord-am\u00e9ricain, c'est l'outil id\u00e9al pour l \u00bb \u00e9chographie de gestation chez les chats, les chiens et bien plus encore. Une qualit\u00e9 d'image et des fonctionnalit\u00e9s in\u00e9gal\u00e9es \u00e0 un prix int\u00e9ressant pour la qualit\u00e9.","robots":{"index":"index","follow":"follow","max-snippet":"max-snippet:-1","max-image-preview":"max-image-preview:large","max-video-preview":"max-video-preview:-1"},"canonical":"https:\/\/pettechsolutions.com\/fr\/produit\/scanpad-lite-ultrason-avec-sonde-micro-convexe","og_locale":"fr_FR","og_type":"article","og_title":"ScanPad24 \u00e9chographie avec sonde micro-convexe | PetTech","og_description":"D\u00e9couvrez le tout nouveau ScanPad 2024 VIS, le syst\u00e8me d \u00ab \u00e9chographie ultime pour les \u00e9leveurs de petits animaux. Reconnu dans le monde entier, il est dot\u00e9 d'une technologie de pointe, d'un Doppler \u00e0 ondes puls\u00e9es, d'une qualit\u00e9 d'image exceptionnelle et d'une interface intuitive. B\u00e9n\u00e9ficiant d'un support nord-am\u00e9ricain, c'est l'outil id\u00e9al pour l \u00bb \u00e9chographie de gestation chez les chats, les chiens et bien plus encore. Une qualit\u00e9 d'image et des fonctionnalit\u00e9s in\u00e9gal\u00e9es \u00e0 un prix int\u00e9ressant pour la qualit\u00e9.","og_url":"https:\/\/pettechsolutions.com\/fr\/produit\/scanpad-lite-ultrason-avec-sonde-micro-convexe","og_site_name":"PetTech","article_publisher":"https:\/\/facebook.com\/pettechsolutions","article_modified_time":"2025-06-12T13:16:07+00:00","og_image":[{"width":1500,"height":1500,"url":"https:\/\/pettechsolutions.com\/wp-content\/uploads\/2025\/01\/3744504162.jpg","type":"image\/jpeg"}],"twitter_card":"summary_large_image","twitter_site":"@pettechsol","twitter_misc":{"Dur\u00e9e de lecture estim\u00e9e":"2 minutes"},"schema":{"@context":"https:\/\/schema.org","@graph":[{"@type":"WebPage","@id":"https:\/\/pettechsolutions.com\/fr\/produit\/scanpad-lite-ultrason-avec-sonde-micro-convexe","url":"https:\/\/pettechsolutions.com\/fr\/produit\/scanpad-lite-ultrason-avec-sonde-micro-convexe","name":"ScanPad24 \u00e9chographie avec sonde micro-convexe | PetTech","isPartOf":{"@id":"https:\/\/pettechsolutions.com\/#website"},"primaryImageOfPage":{"@id":"https:\/\/pettechsolutions.com\/fr\/produit\/scanpad-lite-ultrason-avec-sonde-micro-convexe#primaryimage"},"image":{"@id":"https:\/\/pettechsolutions.com\/fr\/produit\/scanpad-lite-ultrason-avec-sonde-micro-convexe#primaryimage"},"thumbnailUrl":"https:\/\/pettechsolutions.com\/wp-content\/uploads\/2025\/01\/3744504162.jpg","datePublished":"2025-01-24T09:39:17+00:00","dateModified":"2025-06-12T13:16:07+00:00","description":"D\u00e9couvrez le tout nouveau ScanPad 2024 VIS, le syst\u00e8me d \u00ab \u00e9chographie ultime pour les \u00e9leveurs de petits animaux. Reconnu dans le monde entier, il est dot\u00e9 d'une technologie de pointe, d'un Doppler \u00e0 ondes puls\u00e9es, d'une qualit\u00e9 d'image exceptionnelle et d'une interface intuitive. B\u00e9n\u00e9ficiant d'un support nord-am\u00e9ricain, c'est l'outil id\u00e9al pour l \u00bb \u00e9chographie de gestation chez les chats, les chiens et bien plus encore. Une qualit\u00e9 d'image et des fonctionnalit\u00e9s in\u00e9gal\u00e9es \u00e0 un prix int\u00e9ressant pour la qualit\u00e9.","breadcrumb":{"@id":"https:\/\/pettechsolutions.com\/fr\/produit\/scanpad-lite-ultrason-avec-sonde-micro-convexe#breadcrumb"},"inLanguage":"fr-FR","potentialAction":[{"@type":"ReadAction","target":["https:\/\/pettechsolutions.com\/fr\/produit\/scanpad-lite-ultrason-avec-sonde-micro-convexe"]}]},{"@type":"ImageObject","inLanguage":"fr-FR","@id":"https:\/\/pettechsolutions.com\/fr\/produit\/scanpad-lite-ultrason-avec-sonde-micro-convexe#primaryimage","url":"https:\/\/pettechsolutions.com\/wp-content\/uploads\/2025\/01\/3744504162.jpg","contentUrl":"https:\/\/pettechsolutions.com\/wp-content\/uploads\/2025\/01\/3744504162.jpg","width":1500,"height":1500,"caption":"VIS ScanPad"},{"@type":"BreadcrumbList","@id":"https:\/\/pettechsolutions.com\/fr\/produit\/scanpad-lite-ultrason-avec-sonde-micro-convexe#breadcrumb","itemListElement":[{"@type":"ListItem","position":1,"name":"Home","item":"https:\/\/pettechsolutions.com\/fr"},{"@type":"ListItem","position":2,"name":"Boutique","item":"https:\/\/pettechsolutions.com\/fr\/boutique"},{"@type":"ListItem","position":3,"name":"ScanPad24 \u00e9chographie avec sonde micro-convexe"}]},{"@type":"WebSite","@id":"https:\/\/pettechsolutions.com\/#website","url":"https:\/\/pettechsolutions.com\/","name":"PetTech","description":"produits d'\u00e9levage par excellence.","publisher":{"@id":"https:\/\/pettechsolutions.com\/#organization"},"potentialAction":[{"@type":"SearchAction","target":{"@type":"EntryPoint","urlTemplate":"https:\/\/pettechsolutions.com\/?s={search_term_string}"},"query-input":"required name=search_term_string"}],"inLanguage":"fr-FR"},{"@type":"Organization","@id":"https:\/\/pettechsolutions.com\/#organization","name":"PetTech Solutions","url":"https:\/\/pettechsolutions.com\/","logo":{"@type":"ImageObject","inLanguage":"fr-FR","@id":"https:\/\/pettechsolutions.com\/#\/schema\/logo\/image\/","url":"https:\/\/pettechsolutions.com\/wp-content\/uploads\/2022\/06\/pts_heart_logo.png","contentUrl":"https:\/\/pettechsolutions.com\/wp-content\/uploads\/2022\/06\/pts_heart_logo.png","width":1080,"height":546,"caption":"PetTech Solutions"},"image":{"@id":"https:\/\/pettechsolutions.com\/#\/schema\/logo\/image\/"},"sameAs":["https:\/\/facebook.com\/pettechsolutions","https:\/\/twitter.com\/pettechsol","https:\/\/instagram.com\/pettechsol"]}]}},"jetpack_sharing_enabled":true,"_links":{"self":[{"href":"https:\/\/pettechsolutions.com\/fr\/wp-json\/wp\/v2\/product\/5768"}],"collection":[{"href":"https:\/\/pettechsolutions.com\/fr\/wp-json\/wp\/v2\/product"}],"about":[{"href":"https:\/\/pettechsolutions.com\/fr\/wp-json\/wp\/v2\/types\/product"}],"wp:featuredmedia":[{"embeddable":true,"href":"https:\/\/pettechsolutions.com\/fr\/wp-json\/wp\/v2\/media\/5756"}],"wp:attachment":[{"href":"https:\/\/pettechsolutions.com\/fr\/wp-json\/wp\/v2\/media?parent=5768"}],"wp:term":[{"taxonomy":"product_cat","embeddable":true,"href":"https:\/\/pettechsolutions.com\/fr\/wp-json\/wp\/v2\/product_cat?post=5768"},{"taxonomy":"product_tag","embeddable":true,"href":"https:\/\/pettechsolutions.com\/fr\/wp-json\/wp\/v2\/product_tag?post=5768"},{"taxonomy":"pt_brand","embeddable":true,"href":"https:\/\/pettechsolutions.com\/fr\/wp-json\/wp\/v2\/pt_brand?post=5768"}],"curies":[{"name":"wp","href":"https:\/\/api.w.org\/{rel}","templated":true}]}}