{"id":5760,"date":"2023-11-17T14:13:48","date_gmt":"2023-11-17T19:13:48","guid":{"rendered":"https:\/\/pettechsolutions.com\/product\/panneau-mural-a-extremite-fendue-remplacement-du-box-de-mise-bas"},"modified":"2023-11-17T14:13:48","modified_gmt":"2023-11-17T19:13:48","slug":"panneau-mural-a-extremite-fendue-remplacement-du-box-de-mise-bas","status":"publish","type":"product","link":"https:\/\/pettechsolutions.com\/fr\/produit\/panneau-mural-a-extremite-fendue-remplacement-du-box-de-mise-bas","title":{"rendered":"Panneau mural \u00e0 extr\u00e9mit\u00e9 fendue (remplacement du box de mise bas)"},"content":{"rendered":"","protected":false},"excerpt":{"rendered":"","protected":false},"featured_media":1926,"template":"","meta":{"_acf_changed":false},"product_cat":[146,151],"product_tag":[],"pt_brand":[158],"acf":[],"yoast_head":"<!-- This site is optimized with the Yoast SEO plugin v22.2 - https:\/\/yoast.com\/wordpress\/plugins\/seo\/ -->\n<title>Panneau mural \u00e0 extr\u00e9mit\u00e9 fendue (remplacement du box de mise bas) | PetTech<\/title>\n<meta name=\"robots\" content=\"index, follow, max-snippet:-1, max-image-preview:large, max-video-preview:-1\" \/>\n<link rel=\"canonical\" href=\"https:\/\/pettechsolutions.com\/fr\/produit\/panneau-mural-a-extremite-fendue-remplacement-du-box-de-mise-bas\" \/>\n<meta property=\"og:locale\" content=\"fr_FR\" \/>\n<meta property=\"og:type\" content=\"article\" \/>\n<meta property=\"og:title\" content=\"Panneau mural \u00e0 extr\u00e9mit\u00e9 fendue (remplacement du box de mise bas) | PetTech\" \/>\n<meta property=\"og:url\" content=\"https:\/\/pettechsolutions.com\/fr\/produit\/panneau-mural-a-extremite-fendue-remplacement-du-box-de-mise-bas\" \/>\n<meta property=\"og:site_name\" content=\"PetTech\" \/>\n<meta property=\"article:publisher\" content=\"https:\/\/facebook.com\/pettechsolutions\" \/>\n<meta property=\"og:image\" content=\"https:\/\/pettechsolutions.com\/wp-content\/uploads\/2023\/11\/Slotted-End-Wall-Panel-1.jpeg\" \/>\n\t<meta property=\"og:image:width\" content=\"2450\" \/>\n\t<meta property=\"og:image:height\" content=\"2450\" \/>\n\t<meta property=\"og:image:type\" content=\"image\/jpeg\" \/>\n<meta name=\"twitter:card\" content=\"summary_large_image\" \/>\n<meta name=\"twitter:site\" content=\"@pettechsol\" \/>\n<script type=\"application\/ld+json\" class=\"yoast-schema-graph\">{\"@context\":\"https:\/\/schema.org\",\"@graph\":[{\"@type\":\"WebPage\",\"@id\":\"https:\/\/pettechsolutions.com\/fr\/produit\/panneau-mural-a-extremite-fendue-remplacement-du-box-de-mise-bas\",\"url\":\"https:\/\/pettechsolutions.com\/fr\/produit\/panneau-mural-a-extremite-fendue-remplacement-du-box-de-mise-bas\",\"name\":\"Panneau mural \u00e0 extr\u00e9mit\u00e9 fendue (remplacement du box de mise bas) | PetTech\",\"isPartOf\":{\"@id\":\"https:\/\/pettechsolutions.com\/#website\"},\"primaryImageOfPage\":{\"@id\":\"https:\/\/pettechsolutions.com\/fr\/produit\/panneau-mural-a-extremite-fendue-remplacement-du-box-de-mise-bas#primaryimage\"},\"image\":{\"@id\":\"https:\/\/pettechsolutions.com\/fr\/produit\/panneau-mural-a-extremite-fendue-remplacement-du-box-de-mise-bas#primaryimage\"},\"thumbnailUrl\":\"https:\/\/pettechsolutions.com\/wp-content\/uploads\/2023\/11\/Slotted-End-Wall-Panel-1.jpeg\",\"datePublished\":\"2023-11-17T19:13:48+00:00\",\"dateModified\":\"2023-11-17T19:13:48+00:00\",\"breadcrumb\":{\"@id\":\"https:\/\/pettechsolutions.com\/fr\/produit\/panneau-mural-a-extremite-fendue-remplacement-du-box-de-mise-bas#breadcrumb\"},\"inLanguage\":\"fr-FR\",\"potentialAction\":[{\"@type\":\"ReadAction\",\"target\":[\"https:\/\/pettechsolutions.com\/fr\/produit\/panneau-mural-a-extremite-fendue-remplacement-du-box-de-mise-bas\"]}]},{\"@type\":\"ImageObject\",\"inLanguage\":\"fr-FR\",\"@id\":\"https:\/\/pettechsolutions.com\/fr\/produit\/panneau-mural-a-extremite-fendue-remplacement-du-box-de-mise-bas#primaryimage\",\"url\":\"https:\/\/pettechsolutions.com\/wp-content\/uploads\/2023\/11\/Slotted-End-Wall-Panel-1.jpeg\",\"contentUrl\":\"https:\/\/pettechsolutions.com\/wp-content\/uploads\/2023\/11\/Slotted-End-Wall-Panel-1.jpeg\",\"width\":2450,\"height\":2450},{\"@type\":\"BreadcrumbList\",\"@id\":\"https:\/\/pettechsolutions.com\/fr\/produit\/panneau-mural-a-extremite-fendue-remplacement-du-box-de-mise-bas#breadcrumb\",\"itemListElement\":[{\"@type\":\"ListItem\",\"position\":1,\"name\":\"Home\",\"item\":\"https:\/\/pettechsolutions.com\/fr\"},{\"@type\":\"ListItem\",\"position\":2,\"name\":\"Boutique\",\"item\":\"https:\/\/pettechsolutions.com\/fr\/boutique\"},{\"@type\":\"ListItem\",\"position\":3,\"name\":\"Panneau mural \u00e0 extr\u00e9mit\u00e9 fendue (remplacement du box de mise bas)\"}]},{\"@type\":\"WebSite\",\"@id\":\"https:\/\/pettechsolutions.com\/#website\",\"url\":\"https:\/\/pettechsolutions.com\/\",\"name\":\"PetTech\",\"description\":\"produits d'\u00e9levage par excellence.\",\"publisher\":{\"@id\":\"https:\/\/pettechsolutions.com\/#organization\"},\"potentialAction\":[{\"@type\":\"SearchAction\",\"target\":{\"@type\":\"EntryPoint\",\"urlTemplate\":\"https:\/\/pettechsolutions.com\/?s={search_term_string}\"},\"query-input\":\"required name=search_term_string\"}],\"inLanguage\":\"fr-FR\"},{\"@type\":\"Organization\",\"@id\":\"https:\/\/pettechsolutions.com\/#organization\",\"name\":\"PetTech Solutions\",\"url\":\"https:\/\/pettechsolutions.com\/\",\"logo\":{\"@type\":\"ImageObject\",\"inLanguage\":\"fr-FR\",\"@id\":\"https:\/\/pettechsolutions.com\/#\/schema\/logo\/image\/\",\"url\":\"https:\/\/pettechsolutions.com\/wp-content\/uploads\/2022\/06\/pts_heart_logo.png\",\"contentUrl\":\"https:\/\/pettechsolutions.com\/wp-content\/uploads\/2022\/06\/pts_heart_logo.png\",\"width\":1080,\"height\":546,\"caption\":\"PetTech Solutions\"},\"image\":{\"@id\":\"https:\/\/pettechsolutions.com\/#\/schema\/logo\/image\/\"},\"sameAs\":[\"https:\/\/facebook.com\/pettechsolutions\",\"https:\/\/twitter.com\/pettechsol\",\"https:\/\/instagram.com\/pettechsol\"]}]}<\/script>\n<!-- \/ Yoast SEO plugin. -->","yoast_head_json":{"title":"Panneau mural \u00e0 extr\u00e9mit\u00e9 fendue (remplacement du box de mise bas) | PetTech","robots":{"index":"index","follow":"follow","max-snippet":"max-snippet:-1","max-image-preview":"max-image-preview:large","max-video-preview":"max-video-preview:-1"},"canonical":"https:\/\/pettechsolutions.com\/fr\/produit\/panneau-mural-a-extremite-fendue-remplacement-du-box-de-mise-bas","og_locale":"fr_FR","og_type":"article","og_title":"Panneau mural \u00e0 extr\u00e9mit\u00e9 fendue (remplacement du box de mise bas) | PetTech","og_url":"https:\/\/pettechsolutions.com\/fr\/produit\/panneau-mural-a-extremite-fendue-remplacement-du-box-de-mise-bas","og_site_name":"PetTech","article_publisher":"https:\/\/facebook.com\/pettechsolutions","og_image":[{"width":2450,"height":2450,"url":"https:\/\/pettechsolutions.com\/wp-content\/uploads\/2023\/11\/Slotted-End-Wall-Panel-1.jpeg","type":"image\/jpeg"}],"twitter_card":"summary_large_image","twitter_site":"@pettechsol","schema":{"@context":"https:\/\/schema.org","@graph":[{"@type":"WebPage","@id":"https:\/\/pettechsolutions.com\/fr\/produit\/panneau-mural-a-extremite-fendue-remplacement-du-box-de-mise-bas","url":"https:\/\/pettechsolutions.com\/fr\/produit\/panneau-mural-a-extremite-fendue-remplacement-du-box-de-mise-bas","name":"Panneau mural \u00e0 extr\u00e9mit\u00e9 fendue (remplacement du box de mise bas) | PetTech","isPartOf":{"@id":"https:\/\/pettechsolutions.com\/#website"},"primaryImageOfPage":{"@id":"https:\/\/pettechsolutions.com\/fr\/produit\/panneau-mural-a-extremite-fendue-remplacement-du-box-de-mise-bas#primaryimage"},"image":{"@id":"https:\/\/pettechsolutions.com\/fr\/produit\/panneau-mural-a-extremite-fendue-remplacement-du-box-de-mise-bas#primaryimage"},"thumbnailUrl":"https:\/\/pettechsolutions.com\/wp-content\/uploads\/2023\/11\/Slotted-End-Wall-Panel-1.jpeg","datePublished":"2023-11-17T19:13:48+00:00","dateModified":"2023-11-17T19:13:48+00:00","breadcrumb":{"@id":"https:\/\/pettechsolutions.com\/fr\/produit\/panneau-mural-a-extremite-fendue-remplacement-du-box-de-mise-bas#breadcrumb"},"inLanguage":"fr-FR","potentialAction":[{"@type":"ReadAction","target":["https:\/\/pettechsolutions.com\/fr\/produit\/panneau-mural-a-extremite-fendue-remplacement-du-box-de-mise-bas"]}]},{"@type":"ImageObject","inLanguage":"fr-FR","@id":"https:\/\/pettechsolutions.com\/fr\/produit\/panneau-mural-a-extremite-fendue-remplacement-du-box-de-mise-bas#primaryimage","url":"https:\/\/pettechsolutions.com\/wp-content\/uploads\/2023\/11\/Slotted-End-Wall-Panel-1.jpeg","contentUrl":"https:\/\/pettechsolutions.com\/wp-content\/uploads\/2023\/11\/Slotted-End-Wall-Panel-1.jpeg","width":2450,"height":2450},{"@type":"BreadcrumbList","@id":"https:\/\/pettechsolutions.com\/fr\/produit\/panneau-mural-a-extremite-fendue-remplacement-du-box-de-mise-bas#breadcrumb","itemListElement":[{"@type":"ListItem","position":1,"name":"Home","item":"https:\/\/pettechsolutions.com\/fr"},{"@type":"ListItem","position":2,"name":"Boutique","item":"https:\/\/pettechsolutions.com\/fr\/boutique"},{"@type":"ListItem","position":3,"name":"Panneau mural \u00e0 extr\u00e9mit\u00e9 fendue (remplacement du box de mise bas)"}]},{"@type":"WebSite","@id":"https:\/\/pettechsolutions.com\/#website","url":"https:\/\/pettechsolutions.com\/","name":"PetTech","description":"produits d'\u00e9levage par excellence.","publisher":{"@id":"https:\/\/pettechsolutions.com\/#organization"},"potentialAction":[{"@type":"SearchAction","target":{"@type":"EntryPoint","urlTemplate":"https:\/\/pettechsolutions.com\/?s={search_term_string}"},"query-input":"required name=search_term_string"}],"inLanguage":"fr-FR"},{"@type":"Organization","@id":"https:\/\/pettechsolutions.com\/#organization","name":"PetTech Solutions","url":"https:\/\/pettechsolutions.com\/","logo":{"@type":"ImageObject","inLanguage":"fr-FR","@id":"https:\/\/pettechsolutions.com\/#\/schema\/logo\/image\/","url":"https:\/\/pettechsolutions.com\/wp-content\/uploads\/2022\/06\/pts_heart_logo.png","contentUrl":"https:\/\/pettechsolutions.com\/wp-content\/uploads\/2022\/06\/pts_heart_logo.png","width":1080,"height":546,"caption":"PetTech Solutions"},"image":{"@id":"https:\/\/pettechsolutions.com\/#\/schema\/logo\/image\/"},"sameAs":["https:\/\/facebook.com\/pettechsolutions","https:\/\/twitter.com\/pettechsol","https:\/\/instagram.com\/pettechsol"]}]}},"jetpack_sharing_enabled":true,"_links":{"self":[{"href":"https:\/\/pettechsolutions.com\/fr\/wp-json\/wp\/v2\/product\/5760"}],"collection":[{"href":"https:\/\/pettechsolutions.com\/fr\/wp-json\/wp\/v2\/product"}],"about":[{"href":"https:\/\/pettechsolutions.com\/fr\/wp-json\/wp\/v2\/types\/product"}],"wp:featuredmedia":[{"embeddable":true,"href":"https:\/\/pettechsolutions.com\/fr\/wp-json\/wp\/v2\/media\/1926"}],"wp:attachment":[{"href":"https:\/\/pettechsolutions.com\/fr\/wp-json\/wp\/v2\/media?parent=5760"}],"wp:term":[{"taxonomy":"product_cat","embeddable":true,"href":"https:\/\/pettechsolutions.com\/fr\/wp-json\/wp\/v2\/product_cat?post=5760"},{"taxonomy":"product_tag","embeddable":true,"href":"https:\/\/pettechsolutions.com\/fr\/wp-json\/wp\/v2\/product_tag?post=5760"},{"taxonomy":"pt_brand","embeddable":true,"href":"https:\/\/pettechsolutions.com\/fr\/wp-json\/wp\/v2\/pt_brand?post=5760"}],"curies":[{"name":"wp","href":"https:\/\/api.w.org\/{rel}","templated":true}]}}