{"id":1806,"date":"2023-03-17T17:23:04","date_gmt":"2023-03-17T21:23:04","guid":{"rendered":"https:\/\/pettechsolutions.com\/product\/nesting-boxes-for-cats"},"modified":"2025-06-10T09:04:06","modified_gmt":"2025-06-10T13:04:06","slug":"les-nichoirs-pour-chats","status":"publish","type":"product","link":"https:\/\/pettechsolutions.com\/fr\/produit\/les-nichoirs-pour-chats","title":{"rendered":"Les Nichoirs pour Chats"},"content":{"rendered":"<p style=\"font-weight: 400;\">Un nichoir confortable, s\u00fbr, r\u00e9utilisable et totalement \u00e9tanche pour garder les reines et les chatons en s\u00e9curit\u00e9, tout en prot\u00e9geant vos sols.<\/p>\n<p style=\"font-weight: 400;\">Parfaitement con\u00e7u pour permettre aux reines de mettre bas et d&rsquo;allaiter leurs chatons 24 heures sur 24. Votre nichoir PetTech est con\u00e7u pour que la m\u00e8re puisse facilement se lever et se retourner confortablement et qu&rsquo;elle puisse quitter le nichoir en cas de besoin sans que les chatons ne tombent \u00e0 l&rsquo;ext\u00e9rieur.<\/p>\n<p style=\"font-weight: 400;\">Votre nichoir PetTech assure aux reines un espace confortable et douillet pour la mise bas et l&rsquo;allaitement. Les nouveau-n\u00e9s restent en s\u00e9curit\u00e9, bien au chaud et ne peuvent pas tomber, et les chatons disposent d&rsquo;un terrain de jeu s\u00e9curis\u00e9 pour leur croissance.<\/p>\n<p style=\"font-weight: 400;\">Le d\u00e9montage du nichoir PetTech pour le stockage est facile et peu encombrant, car chaque nichoir se pose \u00e0 plat et toutes les pi\u00e8ces se rangent dans le bac inf\u00e9rieur.<\/p>\n<p style=\"font-weight: 400;\">Chaque nichoir PetTech est soud\u00e9 \u00e0 la main pour obtenir des bords lisses et un environnement s\u00fbr, sans petites pi\u00e8ces, ce qui le rend extr\u00eamement facile \u00e0 nettoyer et \u00e0 d\u00e9sinfecter.<\/p>\n<p style=\"font-weight: 400;\">Fabriqu\u00e9 en plastique HDPE 2 de qualit\u00e9 alimentaire, extr\u00eamement durable et s\u00fbr.<\/p>\n<p style=\"font-weight: 400;\">Le PEHD est un mat\u00e9riau durable et non toxique qui est couramment utilis\u00e9 pour la pr\u00e9paration des aliments, comme les planches \u00e0 d\u00e9couper et le stockage des aliments. En tant que plastique de qualit\u00e9 alimentaire, il doit r\u00e9pondre \u00e0 certaines normes de puret\u00e9. Ces normes sont d\u00e9termin\u00e9es et r\u00e9glement\u00e9es au Canada par Sant\u00e9 Canada et par la Food and Drug Administration (FDA) aux \u00c9tats-Unis. Il ne peut contenir de colorants, d&rsquo;autres additifs ou des produits en plastique recycl\u00e9 jug\u00e9s nocifs pour l&rsquo;homme.<\/p>\n<p style=\"font-weight: 400;\">Alors que le PEHD de qualit\u00e9 non alimentaire peut d\u00e9gager des gaz ou s&rsquo;infiltrer dans son contenu, les plastiques de qualit\u00e9 alimentaire sont d&rsquo;une plus grande puret\u00e9.<\/p>\n<p>Offrez un sanctuaire \u00e0 votre reine et \u00e0 ses chatons gr\u00e2ce aux nichoirs PetTech Solutions. Assurant le confort, la s\u00e9curit\u00e9 et la protection \u00e9tanche de vos sols.<\/p>\n<p>Fabriqu\u00e9s dans un souci de confort et de s\u00e9curit\u00e9, nos nichoirs permettent aux reines de disposer d&rsquo;un espace suffisant pour mettre au monde et allaiter leurs chatons. Con\u00e7ue pour un acc\u00e8s facile, la Queens peut se d\u00e9placer librement tout en gardant les nouveau-n\u00e9s en s\u00e9curit\u00e9 et au chaud \u00e0 l&rsquo;int\u00e9rieur.<\/p>\n<p>Veillez \u00e0 ce que votre chat royal se sente en s\u00e9curit\u00e9 et \u00e0 l&rsquo;aise avec le nichoir de PetTech Solutions. Con\u00e7ue pour l&rsquo;accouchement et l&rsquo;allaitement des chatons, notre bo\u00eete \u00e9tanche et r\u00e9utilisable offre un environnement s\u00fbr, tandis que les sols restent propres. Parfaitement spacieux pour que les reines puissent se d\u00e9placer confortablement, il garantit que les nouveau-n\u00e9s restent en s\u00e9curit\u00e9 et au chaud.<\/p>\n<p>Facilement d\u00e9montable pour le stockage, chaque bo\u00eete est soud\u00e9e \u00e0 la main \u00e0 partir de plastique HDPE 2 de qualit\u00e9 alimentaire, ce qui garantit sa durabilit\u00e9 et sa facilit\u00e9 de nettoyage. Faites confiance \u00e0 PetTech Solutions pour cr\u00e9er un espace s\u00fbr et confortable pour votre reine et ses chatons.<\/p>\n","protected":false},"excerpt":{"rendered":"<p style=\"font-weight: 400;\"><strong>24\u201dx 24\u201d x 18\u201d<\/strong><\/p>\n<p>Veillez \u00e0 ce que votre reine se sente \u00e0 l&rsquo;aise, prot\u00e9g\u00e9e et en s\u00e9curit\u00e9 pendant la mise bas et l&rsquo;allaitement de ses chatons dans un nichoir PetTech Solutions.<em>. <\/em><\/p>\n<p style=\"font-weight: 400;\">\n","protected":false},"featured_media":1302,"template":"","meta":{"_acf_changed":false},"product_cat":[138],"product_tag":[510,514,515,501,508,513,509,511,512],"pt_brand":[158],"acf":[],"yoast_head":"<!-- This site is optimized with the Yoast SEO plugin v22.2 - https:\/\/yoast.com\/wordpress\/plugins\/seo\/ -->\n<title>Les Nichoirs pour Chats | PetTech<\/title>\n<meta name=\"description\" content=\"Offrez un sanctuaire \u00e0 votre reine et \u00e0 ses chatons gr\u00e2ce aux nichoirs PetTech Solutions. Mesurant 24&quot; x 24&quot; x 18&quot;, ces bo\u00eetes offrent confort, s\u00e9curit\u00e9 et protection \u00e9tanche pour vos sols. Fabriqu\u00e9s dans un souci de confort et de s\u00e9curit\u00e9, nos nichoirs permettent aux reines de disposer d&#039;un espace suffisant pour mettre au monde et allaiter leurs chatons. Con\u00e7ue pour un acc\u00e8s facile, la Queens peut se d\u00e9placer librement tout en gardant les nouveau-n\u00e9s en s\u00e9curit\u00e9 et au chaud \u00e0 l&#039;int\u00e9rieur. D\u00e9montable sans effort pour le stockage, chaque bo\u00eete se pose \u00e0 plat pour un gain de place. Faites confiance \u00e0 PetTech Solutions pour offrir un environnement s\u00fbr et stimulant \u00e0 vos reines bien-aim\u00e9es et \u00e0 leurs pr\u00e9cieux chatons.\" \/>\n<meta name=\"robots\" content=\"index, follow, max-snippet:-1, max-image-preview:large, max-video-preview:-1\" \/>\n<link rel=\"canonical\" href=\"https:\/\/pettechsolutions.com\/fr\/produit\/les-nichoirs-pour-chats\" \/>\n<meta property=\"og:locale\" content=\"fr_FR\" \/>\n<meta property=\"og:type\" content=\"article\" \/>\n<meta property=\"og:title\" content=\"Les Nichoirs pour Chats | PetTech\" \/>\n<meta property=\"og:description\" content=\"Offrez un sanctuaire \u00e0 votre reine et \u00e0 ses chatons gr\u00e2ce aux nichoirs PetTech Solutions. Mesurant 24&quot; x 24&quot; x 18&quot;, ces bo\u00eetes offrent confort, s\u00e9curit\u00e9 et protection \u00e9tanche pour vos sols. Fabriqu\u00e9s dans un souci de confort et de s\u00e9curit\u00e9, nos nichoirs permettent aux reines de disposer d&#039;un espace suffisant pour mettre au monde et allaiter leurs chatons. Con\u00e7ue pour un acc\u00e8s facile, la Queens peut se d\u00e9placer librement tout en gardant les nouveau-n\u00e9s en s\u00e9curit\u00e9 et au chaud \u00e0 l&#039;int\u00e9rieur. D\u00e9montable sans effort pour le stockage, chaque bo\u00eete se pose \u00e0 plat pour un gain de place. Faites confiance \u00e0 PetTech Solutions pour offrir un environnement s\u00fbr et stimulant \u00e0 vos reines bien-aim\u00e9es et \u00e0 leurs pr\u00e9cieux chatons.\" \/>\n<meta property=\"og:url\" content=\"https:\/\/pettechsolutions.com\/fr\/produit\/les-nichoirs-pour-chats\" \/>\n<meta property=\"og:site_name\" content=\"PetTech\" \/>\n<meta property=\"article:publisher\" content=\"https:\/\/facebook.com\/pettechsolutions\" \/>\n<meta property=\"article:modified_time\" content=\"2025-06-10T13:04:06+00:00\" \/>\n<meta property=\"og:image\" content=\"https:\/\/pettechsolutions.com\/wp-content\/uploads\/2022\/09\/pettech_product_template_pts_vetbed_product_thumb.jpg\" \/>\n\t<meta property=\"og:image:width\" content=\"1440\" \/>\n\t<meta property=\"og:image:height\" content=\"1440\" \/>\n\t<meta property=\"og:image:type\" content=\"image\/jpeg\" \/>\n<meta name=\"twitter:card\" content=\"summary_large_image\" \/>\n<meta name=\"twitter:site\" content=\"@pettechsol\" \/>\n<meta name=\"twitter:label1\" content=\"Dur\u00e9e de lecture estim\u00e9e\" \/>\n\t<meta name=\"twitter:data1\" content=\"3 minutes\" \/>\n<script type=\"application\/ld+json\" class=\"yoast-schema-graph\">{\"@context\":\"https:\/\/schema.org\",\"@graph\":[{\"@type\":\"WebPage\",\"@id\":\"https:\/\/pettechsolutions.com\/fr\/produit\/les-nichoirs-pour-chats\",\"url\":\"https:\/\/pettechsolutions.com\/fr\/produit\/les-nichoirs-pour-chats\",\"name\":\"Les Nichoirs pour Chats | PetTech\",\"isPartOf\":{\"@id\":\"https:\/\/pettechsolutions.com\/#website\"},\"primaryImageOfPage\":{\"@id\":\"https:\/\/pettechsolutions.com\/fr\/produit\/les-nichoirs-pour-chats#primaryimage\"},\"image\":{\"@id\":\"https:\/\/pettechsolutions.com\/fr\/produit\/les-nichoirs-pour-chats#primaryimage\"},\"thumbnailUrl\":\"https:\/\/pettechsolutions.com\/wp-content\/uploads\/2022\/09\/pettech_product_template_pts_vetbed_product_thumb.jpg\",\"datePublished\":\"2023-03-17T21:23:04+00:00\",\"dateModified\":\"2025-06-10T13:04:06+00:00\",\"description\":\"Offrez un sanctuaire \u00e0 votre reine et \u00e0 ses chatons gr\u00e2ce aux nichoirs PetTech Solutions. Mesurant 24\\\" x 24\\\" x 18\\\", ces bo\u00eetes offrent confort, s\u00e9curit\u00e9 et protection \u00e9tanche pour vos sols. Fabriqu\u00e9s dans un souci de confort et de s\u00e9curit\u00e9, nos nichoirs permettent aux reines de disposer d'un espace suffisant pour mettre au monde et allaiter leurs chatons. Con\u00e7ue pour un acc\u00e8s facile, la Queens peut se d\u00e9placer librement tout en gardant les nouveau-n\u00e9s en s\u00e9curit\u00e9 et au chaud \u00e0 l'int\u00e9rieur. D\u00e9montable sans effort pour le stockage, chaque bo\u00eete se pose \u00e0 plat pour un gain de place. Faites confiance \u00e0 PetTech Solutions pour offrir un environnement s\u00fbr et stimulant \u00e0 vos reines bien-aim\u00e9es et \u00e0 leurs pr\u00e9cieux chatons.\",\"breadcrumb\":{\"@id\":\"https:\/\/pettechsolutions.com\/fr\/produit\/les-nichoirs-pour-chats#breadcrumb\"},\"inLanguage\":\"fr-FR\",\"potentialAction\":[{\"@type\":\"ReadAction\",\"target\":[\"https:\/\/pettechsolutions.com\/fr\/produit\/les-nichoirs-pour-chats\"]}]},{\"@type\":\"ImageObject\",\"inLanguage\":\"fr-FR\",\"@id\":\"https:\/\/pettechsolutions.com\/fr\/produit\/les-nichoirs-pour-chats#primaryimage\",\"url\":\"https:\/\/pettechsolutions.com\/wp-content\/uploads\/2022\/09\/pettech_product_template_pts_vetbed_product_thumb.jpg\",\"contentUrl\":\"https:\/\/pettechsolutions.com\/wp-content\/uploads\/2022\/09\/pettech_product_template_pts_vetbed_product_thumb.jpg\",\"width\":1440,\"height\":1440,\"caption\":\"Premium nesting box for kittens and queens. The very best for cat breeding.\"},{\"@type\":\"BreadcrumbList\",\"@id\":\"https:\/\/pettechsolutions.com\/fr\/produit\/les-nichoirs-pour-chats#breadcrumb\",\"itemListElement\":[{\"@type\":\"ListItem\",\"position\":1,\"name\":\"Home\",\"item\":\"https:\/\/pettechsolutions.com\/fr\"},{\"@type\":\"ListItem\",\"position\":2,\"name\":\"Boutique\",\"item\":\"https:\/\/pettechsolutions.com\/fr\/boutique\"},{\"@type\":\"ListItem\",\"position\":3,\"name\":\"Les Nichoirs pour Chats\"}]},{\"@type\":\"WebSite\",\"@id\":\"https:\/\/pettechsolutions.com\/#website\",\"url\":\"https:\/\/pettechsolutions.com\/\",\"name\":\"PetTech\",\"description\":\"produits d'\u00e9levage par excellence.\",\"publisher\":{\"@id\":\"https:\/\/pettechsolutions.com\/#organization\"},\"potentialAction\":[{\"@type\":\"SearchAction\",\"target\":{\"@type\":\"EntryPoint\",\"urlTemplate\":\"https:\/\/pettechsolutions.com\/?s={search_term_string}\"},\"query-input\":\"required name=search_term_string\"}],\"inLanguage\":\"fr-FR\"},{\"@type\":\"Organization\",\"@id\":\"https:\/\/pettechsolutions.com\/#organization\",\"name\":\"PetTech Solutions\",\"url\":\"https:\/\/pettechsolutions.com\/\",\"logo\":{\"@type\":\"ImageObject\",\"inLanguage\":\"fr-FR\",\"@id\":\"https:\/\/pettechsolutions.com\/#\/schema\/logo\/image\/\",\"url\":\"https:\/\/pettechsolutions.com\/wp-content\/uploads\/2022\/06\/pts_heart_logo.png\",\"contentUrl\":\"https:\/\/pettechsolutions.com\/wp-content\/uploads\/2022\/06\/pts_heart_logo.png\",\"width\":1080,\"height\":546,\"caption\":\"PetTech Solutions\"},\"image\":{\"@id\":\"https:\/\/pettechsolutions.com\/#\/schema\/logo\/image\/\"},\"sameAs\":[\"https:\/\/facebook.com\/pettechsolutions\",\"https:\/\/twitter.com\/pettechsol\",\"https:\/\/instagram.com\/pettechsol\"]}]}<\/script>\n<!-- \/ Yoast SEO plugin. -->","yoast_head_json":{"title":"Les Nichoirs pour Chats | PetTech","description":"Offrez un sanctuaire \u00e0 votre reine et \u00e0 ses chatons gr\u00e2ce aux nichoirs PetTech Solutions. Mesurant 24\" x 24\" x 18\", ces bo\u00eetes offrent confort, s\u00e9curit\u00e9 et protection \u00e9tanche pour vos sols. Fabriqu\u00e9s dans un souci de confort et de s\u00e9curit\u00e9, nos nichoirs permettent aux reines de disposer d'un espace suffisant pour mettre au monde et allaiter leurs chatons. Con\u00e7ue pour un acc\u00e8s facile, la Queens peut se d\u00e9placer librement tout en gardant les nouveau-n\u00e9s en s\u00e9curit\u00e9 et au chaud \u00e0 l'int\u00e9rieur. D\u00e9montable sans effort pour le stockage, chaque bo\u00eete se pose \u00e0 plat pour un gain de place. Faites confiance \u00e0 PetTech Solutions pour offrir un environnement s\u00fbr et stimulant \u00e0 vos reines bien-aim\u00e9es et \u00e0 leurs pr\u00e9cieux chatons.","robots":{"index":"index","follow":"follow","max-snippet":"max-snippet:-1","max-image-preview":"max-image-preview:large","max-video-preview":"max-video-preview:-1"},"canonical":"https:\/\/pettechsolutions.com\/fr\/produit\/les-nichoirs-pour-chats","og_locale":"fr_FR","og_type":"article","og_title":"Les Nichoirs pour Chats | PetTech","og_description":"Offrez un sanctuaire \u00e0 votre reine et \u00e0 ses chatons gr\u00e2ce aux nichoirs PetTech Solutions. Mesurant 24\" x 24\" x 18\", ces bo\u00eetes offrent confort, s\u00e9curit\u00e9 et protection \u00e9tanche pour vos sols. Fabriqu\u00e9s dans un souci de confort et de s\u00e9curit\u00e9, nos nichoirs permettent aux reines de disposer d'un espace suffisant pour mettre au monde et allaiter leurs chatons. Con\u00e7ue pour un acc\u00e8s facile, la Queens peut se d\u00e9placer librement tout en gardant les nouveau-n\u00e9s en s\u00e9curit\u00e9 et au chaud \u00e0 l'int\u00e9rieur. D\u00e9montable sans effort pour le stockage, chaque bo\u00eete se pose \u00e0 plat pour un gain de place. Faites confiance \u00e0 PetTech Solutions pour offrir un environnement s\u00fbr et stimulant \u00e0 vos reines bien-aim\u00e9es et \u00e0 leurs pr\u00e9cieux chatons.","og_url":"https:\/\/pettechsolutions.com\/fr\/produit\/les-nichoirs-pour-chats","og_site_name":"PetTech","article_publisher":"https:\/\/facebook.com\/pettechsolutions","article_modified_time":"2025-06-10T13:04:06+00:00","og_image":[{"width":1440,"height":1440,"url":"https:\/\/pettechsolutions.com\/wp-content\/uploads\/2022\/09\/pettech_product_template_pts_vetbed_product_thumb.jpg","type":"image\/jpeg"}],"twitter_card":"summary_large_image","twitter_site":"@pettechsol","twitter_misc":{"Dur\u00e9e de lecture estim\u00e9e":"3 minutes"},"schema":{"@context":"https:\/\/schema.org","@graph":[{"@type":"WebPage","@id":"https:\/\/pettechsolutions.com\/fr\/produit\/les-nichoirs-pour-chats","url":"https:\/\/pettechsolutions.com\/fr\/produit\/les-nichoirs-pour-chats","name":"Les Nichoirs pour Chats | PetTech","isPartOf":{"@id":"https:\/\/pettechsolutions.com\/#website"},"primaryImageOfPage":{"@id":"https:\/\/pettechsolutions.com\/fr\/produit\/les-nichoirs-pour-chats#primaryimage"},"image":{"@id":"https:\/\/pettechsolutions.com\/fr\/produit\/les-nichoirs-pour-chats#primaryimage"},"thumbnailUrl":"https:\/\/pettechsolutions.com\/wp-content\/uploads\/2022\/09\/pettech_product_template_pts_vetbed_product_thumb.jpg","datePublished":"2023-03-17T21:23:04+00:00","dateModified":"2025-06-10T13:04:06+00:00","description":"Offrez un sanctuaire \u00e0 votre reine et \u00e0 ses chatons gr\u00e2ce aux nichoirs PetTech Solutions. Mesurant 24\" x 24\" x 18\", ces bo\u00eetes offrent confort, s\u00e9curit\u00e9 et protection \u00e9tanche pour vos sols. Fabriqu\u00e9s dans un souci de confort et de s\u00e9curit\u00e9, nos nichoirs permettent aux reines de disposer d'un espace suffisant pour mettre au monde et allaiter leurs chatons. Con\u00e7ue pour un acc\u00e8s facile, la Queens peut se d\u00e9placer librement tout en gardant les nouveau-n\u00e9s en s\u00e9curit\u00e9 et au chaud \u00e0 l'int\u00e9rieur. D\u00e9montable sans effort pour le stockage, chaque bo\u00eete se pose \u00e0 plat pour un gain de place. Faites confiance \u00e0 PetTech Solutions pour offrir un environnement s\u00fbr et stimulant \u00e0 vos reines bien-aim\u00e9es et \u00e0 leurs pr\u00e9cieux chatons.","breadcrumb":{"@id":"https:\/\/pettechsolutions.com\/fr\/produit\/les-nichoirs-pour-chats#breadcrumb"},"inLanguage":"fr-FR","potentialAction":[{"@type":"ReadAction","target":["https:\/\/pettechsolutions.com\/fr\/produit\/les-nichoirs-pour-chats"]}]},{"@type":"ImageObject","inLanguage":"fr-FR","@id":"https:\/\/pettechsolutions.com\/fr\/produit\/les-nichoirs-pour-chats#primaryimage","url":"https:\/\/pettechsolutions.com\/wp-content\/uploads\/2022\/09\/pettech_product_template_pts_vetbed_product_thumb.jpg","contentUrl":"https:\/\/pettechsolutions.com\/wp-content\/uploads\/2022\/09\/pettech_product_template_pts_vetbed_product_thumb.jpg","width":1440,"height":1440,"caption":"Premium nesting box for kittens and queens. The very best for cat breeding."},{"@type":"BreadcrumbList","@id":"https:\/\/pettechsolutions.com\/fr\/produit\/les-nichoirs-pour-chats#breadcrumb","itemListElement":[{"@type":"ListItem","position":1,"name":"Home","item":"https:\/\/pettechsolutions.com\/fr"},{"@type":"ListItem","position":2,"name":"Boutique","item":"https:\/\/pettechsolutions.com\/fr\/boutique"},{"@type":"ListItem","position":3,"name":"Les Nichoirs pour Chats"}]},{"@type":"WebSite","@id":"https:\/\/pettechsolutions.com\/#website","url":"https:\/\/pettechsolutions.com\/","name":"PetTech","description":"produits d'\u00e9levage par excellence.","publisher":{"@id":"https:\/\/pettechsolutions.com\/#organization"},"potentialAction":[{"@type":"SearchAction","target":{"@type":"EntryPoint","urlTemplate":"https:\/\/pettechsolutions.com\/?s={search_term_string}"},"query-input":"required name=search_term_string"}],"inLanguage":"fr-FR"},{"@type":"Organization","@id":"https:\/\/pettechsolutions.com\/#organization","name":"PetTech Solutions","url":"https:\/\/pettechsolutions.com\/","logo":{"@type":"ImageObject","inLanguage":"fr-FR","@id":"https:\/\/pettechsolutions.com\/#\/schema\/logo\/image\/","url":"https:\/\/pettechsolutions.com\/wp-content\/uploads\/2022\/06\/pts_heart_logo.png","contentUrl":"https:\/\/pettechsolutions.com\/wp-content\/uploads\/2022\/06\/pts_heart_logo.png","width":1080,"height":546,"caption":"PetTech Solutions"},"image":{"@id":"https:\/\/pettechsolutions.com\/#\/schema\/logo\/image\/"},"sameAs":["https:\/\/facebook.com\/pettechsolutions","https:\/\/twitter.com\/pettechsol","https:\/\/instagram.com\/pettechsol"]}]}},"jetpack_sharing_enabled":true,"_links":{"self":[{"href":"https:\/\/pettechsolutions.com\/fr\/wp-json\/wp\/v2\/product\/1806"}],"collection":[{"href":"https:\/\/pettechsolutions.com\/fr\/wp-json\/wp\/v2\/product"}],"about":[{"href":"https:\/\/pettechsolutions.com\/fr\/wp-json\/wp\/v2\/types\/product"}],"wp:featuredmedia":[{"embeddable":true,"href":"https:\/\/pettechsolutions.com\/fr\/wp-json\/wp\/v2\/media\/1302"}],"wp:attachment":[{"href":"https:\/\/pettechsolutions.com\/fr\/wp-json\/wp\/v2\/media?parent=1806"}],"wp:term":[{"taxonomy":"product_cat","embeddable":true,"href":"https:\/\/pettechsolutions.com\/fr\/wp-json\/wp\/v2\/product_cat?post=1806"},{"taxonomy":"product_tag","embeddable":true,"href":"https:\/\/pettechsolutions.com\/fr\/wp-json\/wp\/v2\/product_tag?post=1806"},{"taxonomy":"pt_brand","embeddable":true,"href":"https:\/\/pettechsolutions.com\/fr\/wp-json\/wp\/v2\/pt_brand?post=1806"}],"curies":[{"name":"wp","href":"https:\/\/api.w.org\/{rel}","templated":true}]}}