{"id":1643,"date":"2022-11-08T11:51:55","date_gmt":"2022-11-08T16:51:55","guid":{"rendered":"https:\/\/pettechsolutions.com\/?post_type=product&#038;p=1643"},"modified":"2025-06-07T08:41:27","modified_gmt":"2025-06-07T12:41:27","slug":"scanx-ultrasound-pour-les-eleveurs-de-chiens-et-de-chats-avec-sonde-abdominale-micro-convexe-pour-petits-et-moyens-chiens-chiens-et-chats","status":"publish","type":"product","link":"https:\/\/pettechsolutions.com\/fr\/produit\/scanx-ultrasound-pour-les-eleveurs-de-chiens-et-de-chats-avec-sonde-abdominale-micro-convexe-pour-petits-et-moyens-chiens-chiens-et-chats","title":{"rendered":"ScanX Ultrasound pour les \u00e9leveurs de chiens et de chats avec sonde abdominale micro-convexe pour petits et moyens chiens. Chiens et chats"},"content":{"rendered":"<p>D\u00e9couvrez le VIS ScanX, un syst\u00e8me d&rsquo;\u00e9chographie v\u00e9t\u00e9rinaire compact et l\u00e9ger fonctionnant avec la tablette Microsoft Surface GO 2. Parfait pour les examens de reproduction des petits animaux, ce syst\u00e8me innovant associe la portabilit\u00e9 de la Surface GO 2 au logiciel intuitif ScanPad+, ce qui le rend id\u00e9al pour les \u00e9leveurs de chiens, de chats, de ch\u00e8vres et de moutons. Con\u00e7u sp\u00e9cifiquement pour la d\u00e9tection de la gestation chez les petits animaux, le ScanX fournit des images haute r\u00e9solution et des fonctions d&rsquo;\u00e9cran tactile faciles \u00e0 utiliser. De plus, gr\u00e2ce au service et \u00e0 l&rsquo;assistance nord-am\u00e9ricains, vous pouvez vous fier \u00e0 la fiabilit\u00e9 et \u00e0 la s\u00e9curit\u00e9 de votre syst\u00e8me d&rsquo;\u00e9chographie.<\/p>\n<p>Le syst\u00e8me ScanX comprend une tablette Microsoft GO de 10 pouces, le logiciel ScanPad+ et la sonde d&rsquo;\u00e9chographie de votre choix. Gr\u00e2ce \u00e0 la sauvegarde automatique dans le nuage, vous pouvez acc\u00e9der \u00e0 vos images et vid\u00e9os num\u00e9ris\u00e9es o\u00f9 que vous soyez, ce qui vous assure commodit\u00e9 et tranquillit\u00e9 d&rsquo;esprit.<\/p>\n<p>Choisissez entre la sonde micro-convexe pour les petites races et la sonde convexe pour les grandes races, afin de garantir des performances optimales pour vos besoins sp\u00e9cifiques. Gr\u00e2ce \u00e0 sa polyvalence, sa portabilit\u00e9 et ses capacit\u00e9s d&rsquo;imagerie exceptionnelles, l \u00ab \u00e9chographe ScanX est la solution id\u00e9ale pour les \u00e9leveurs qui souhaitent adopter la technologie de l \u00bb \u00e9chographie.<\/p>\n<p>Garantie fabricant standard Microsoft sur la tablette Surface Go 2\/1 an de garantie fabricant sur la sonde.<\/p>\n<h4>Recommandations pour les sondes<\/h4>\n<h5>Sonde micro-convexe<\/h5>\n<p>Avec une empreinte plus petite et une fr\u00e9quence plus \u00e9lev\u00e9e, cette sonde est id\u00e9ale pour les \u00e9leveurs de chats et les \u00e9leveurs de chiens qui scannent des chiens de taille petite \u00e0 moyenne, y compris les chiens de grande taille, comme les caniches standard, etc. La sonde micro-convexe convient mieux aux races de petite et moyenne taille qui sont plus maigres que les races g\u00e9antes, comme les Saint-Bernard, les Terre-Neuve, etc.<\/p>\n<h5>Sonde convexe<\/h5>\n<p>Cette sonde a une empreinte plus grande que la micro-convexe, et une fr\u00e9quence plus basse, ce qui lui donne une meilleure p\u00e9n\u00e9tration dans les grandes races. Cette sonde est le premier choix des \u00e9leveurs de chiens de race g\u00e9ante qui sont grands et ont beaucoup de masse.<\/p>\n<h3>Membres du Club canin canadien<\/h3>\n<p>Dans le cadre de son partenariat avec le Club canin canadien, PetTech est fier de vous soutenir, vous et ce que vous aimez le plus ! Qu&rsquo;il s&rsquo;agisse de vous encourager lors de salons et d&rsquo;\u00e9v\u00e9nements, de vous proposer des lancements, des produits, des formations et des \u00e9conomies exclusifs aux membres. Les membres peuvent se connecter au <a href=\"https:\/\/www.ckc.ca\/en\" target=\"_blank\" rel=\"noopener noreferrer\">site r\u00e9serv\u00e9 aux membres du CCC <\/a>pour obtenir leur code de r\u00e9duction.<\/p>\n<p>Vous avez besoin d&rsquo;un <a href=\"https:\/\/pettechsolutions.com\/fr\/produit\/multi-purpose-ultrasound-gel-8oz-fr\">gel pour les ultrasons<\/a>, trouvez-le ici !<\/p>\n<p>En savoir <a href=\"https:\/\/www.facebook.com\/share\/p\/fKiP4U45paHevR64\/\" target=\"_blank\" rel=\"noopener noreferrer\">plus<\/a> sur le choix de la bonne sonde pour l&rsquo;\u00e9chographie de gestation des chiens et des chats.<\/p>\n","protected":false},"excerpt":{"rendered":"<p>Syst\u00e8me d&rsquo;\u00e9chographie v\u00e9t\u00e9rinaire tr\u00e8s petit, l\u00e9ger et portable utilisant une tablette Microsoft Surface GO 2 (8GB). Id\u00e9al pour les petits animaux et parfait pour les examens de reproduction des chiens et des chats. Le Surface Go 2 est parfaitement portable, avec un \u00e9cran tactile de 10,5 pouces, une excellente r\u00e9solution et une autonomie exceptionnellement longue.<\/p>\n","protected":false},"featured_media":1118,"template":"","meta":{"_acf_changed":false},"product_cat":[143,135,140],"product_tag":[484,483,478,516,477,480,479,481,482],"pt_brand":[159],"acf":[],"yoast_head":"<!-- This site is optimized with the Yoast SEO plugin v22.2 - https:\/\/yoast.com\/wordpress\/plugins\/seo\/ -->\n<title>ScanX Ultrasound pour les \u00e9leveurs de chiens et de chats avec sonde abdominale micro-convexe pour petits et moyens chiens. Chiens et chats | PetTech<\/title>\n<meta name=\"description\" content=\"D\u00e9couvrez le VIS ScanX : un syst\u00e8me d&#039;\u00e9chographie v\u00e9t\u00e9rinaire portable. Parfait pour les \u00e9leveurs de petits animaux, il offre une imagerie haute r\u00e9solution et des fonctions d&#039;\u00e9cran tactile faciles \u00e0 utiliser. Avec des options pour les sondes Micro Convex et Convex, il est con\u00e7u pour des examens reproductifs pr\u00e9cis chez les chiens, les chats, les moutons et les ch\u00e8vres. Con\u00e7u sp\u00e9cifiquement pour la d\u00e9tection de la gestation chez les petits animaux, le ScanX fournit des images de haute r\u00e9solution. Gr\u00e2ce au service et \u00e0 l&#039;assistance nord-am\u00e9ricains, vous pouvez faire confiance \u00e0 la fiabilit\u00e9 et \u00e0 la s\u00e9curit\u00e9 de votre syst\u00e8me d&#039;\u00e9chographie. Le ScanX Ultrasound est la solution id\u00e9ale pour les \u00e9leveurs qui souhaitent adopter la technologie de l&#039;\u00e9chographie.\" \/>\n<meta name=\"robots\" content=\"index, follow, max-snippet:-1, max-image-preview:large, max-video-preview:-1\" \/>\n<link rel=\"canonical\" href=\"https:\/\/pettechsolutions.com\/fr\/produit\/scanx-ultrasound-pour-les-eleveurs-de-chiens-et-de-chats-avec-sonde-abdominale-micro-convexe-pour-petits-et-moyens-chiens-chiens-et-chats\" \/>\n<meta property=\"og:locale\" content=\"fr_FR\" \/>\n<meta property=\"og:type\" content=\"article\" \/>\n<meta property=\"og:title\" content=\"ScanX Ultrasound pour les \u00e9leveurs de chiens et de chats avec sonde abdominale micro-convexe pour petits et moyens chiens. Chiens et chats | PetTech\" \/>\n<meta property=\"og:description\" content=\"D\u00e9couvrez le VIS ScanX : un syst\u00e8me d&#039;\u00e9chographie v\u00e9t\u00e9rinaire portable. Parfait pour les \u00e9leveurs de petits animaux, il offre une imagerie haute r\u00e9solution et des fonctions d&#039;\u00e9cran tactile faciles \u00e0 utiliser. Avec des options pour les sondes Micro Convex et Convex, il est con\u00e7u pour des examens reproductifs pr\u00e9cis chez les chiens, les chats, les moutons et les ch\u00e8vres. Con\u00e7u sp\u00e9cifiquement pour la d\u00e9tection de la gestation chez les petits animaux, le ScanX fournit des images de haute r\u00e9solution. Gr\u00e2ce au service et \u00e0 l&#039;assistance nord-am\u00e9ricains, vous pouvez faire confiance \u00e0 la fiabilit\u00e9 et \u00e0 la s\u00e9curit\u00e9 de votre syst\u00e8me d&#039;\u00e9chographie. Le ScanX Ultrasound est la solution id\u00e9ale pour les \u00e9leveurs qui souhaitent adopter la technologie de l&#039;\u00e9chographie.\" \/>\n<meta property=\"og:url\" content=\"https:\/\/pettechsolutions.com\/fr\/produit\/scanx-ultrasound-pour-les-eleveurs-de-chiens-et-de-chats-avec-sonde-abdominale-micro-convexe-pour-petits-et-moyens-chiens-chiens-et-chats\" \/>\n<meta property=\"og:site_name\" content=\"PetTech\" \/>\n<meta property=\"article:publisher\" content=\"https:\/\/facebook.com\/pettechsolutions\" \/>\n<meta property=\"article:modified_time\" content=\"2025-06-07T12:41:27+00:00\" \/>\n<meta property=\"og:image\" content=\"https:\/\/pettechsolutions.com\/wp-content\/uploads\/2022\/06\/ScanX-square_best.jpg\" \/>\n\t<meta property=\"og:image:width\" content=\"1000\" \/>\n\t<meta property=\"og:image:height\" content=\"1000\" \/>\n\t<meta property=\"og:image:type\" content=\"image\/jpeg\" \/>\n<meta name=\"twitter:card\" content=\"summary_large_image\" \/>\n<meta name=\"twitter:site\" content=\"@pettechsol\" \/>\n<meta name=\"twitter:label1\" content=\"Dur\u00e9e de lecture estim\u00e9e\" \/>\n\t<meta name=\"twitter:data1\" content=\"3 minutes\" \/>\n<script type=\"application\/ld+json\" class=\"yoast-schema-graph\">{\"@context\":\"https:\/\/schema.org\",\"@graph\":[{\"@type\":\"WebPage\",\"@id\":\"https:\/\/pettechsolutions.com\/fr\/produit\/scanx-ultrasound-pour-les-eleveurs-de-chiens-et-de-chats-avec-sonde-abdominale-micro-convexe-pour-petits-et-moyens-chiens-chiens-et-chats\",\"url\":\"https:\/\/pettechsolutions.com\/fr\/produit\/scanx-ultrasound-pour-les-eleveurs-de-chiens-et-de-chats-avec-sonde-abdominale-micro-convexe-pour-petits-et-moyens-chiens-chiens-et-chats\",\"name\":\"ScanX Ultrasound pour les \u00e9leveurs de chiens et de chats avec sonde abdominale micro-convexe pour petits et moyens chiens. Chiens et chats | PetTech\",\"isPartOf\":{\"@id\":\"https:\/\/pettechsolutions.com\/#website\"},\"primaryImageOfPage\":{\"@id\":\"https:\/\/pettechsolutions.com\/fr\/produit\/scanx-ultrasound-pour-les-eleveurs-de-chiens-et-de-chats-avec-sonde-abdominale-micro-convexe-pour-petits-et-moyens-chiens-chiens-et-chats#primaryimage\"},\"image\":{\"@id\":\"https:\/\/pettechsolutions.com\/fr\/produit\/scanx-ultrasound-pour-les-eleveurs-de-chiens-et-de-chats-avec-sonde-abdominale-micro-convexe-pour-petits-et-moyens-chiens-chiens-et-chats#primaryimage\"},\"thumbnailUrl\":\"https:\/\/pettechsolutions.com\/wp-content\/uploads\/2022\/06\/ScanX-square_best.jpg\",\"datePublished\":\"2022-11-08T16:51:55+00:00\",\"dateModified\":\"2025-06-07T12:41:27+00:00\",\"description\":\"D\u00e9couvrez le VIS ScanX : un syst\u00e8me d'\u00e9chographie v\u00e9t\u00e9rinaire portable. Parfait pour les \u00e9leveurs de petits animaux, il offre une imagerie haute r\u00e9solution et des fonctions d'\u00e9cran tactile faciles \u00e0 utiliser. Avec des options pour les sondes Micro Convex et Convex, il est con\u00e7u pour des examens reproductifs pr\u00e9cis chez les chiens, les chats, les moutons et les ch\u00e8vres. Con\u00e7u sp\u00e9cifiquement pour la d\u00e9tection de la gestation chez les petits animaux, le ScanX fournit des images de haute r\u00e9solution. Gr\u00e2ce au service et \u00e0 l'assistance nord-am\u00e9ricains, vous pouvez faire confiance \u00e0 la fiabilit\u00e9 et \u00e0 la s\u00e9curit\u00e9 de votre syst\u00e8me d'\u00e9chographie. Le ScanX Ultrasound est la solution id\u00e9ale pour les \u00e9leveurs qui souhaitent adopter la technologie de l'\u00e9chographie.\",\"breadcrumb\":{\"@id\":\"https:\/\/pettechsolutions.com\/fr\/produit\/scanx-ultrasound-pour-les-eleveurs-de-chiens-et-de-chats-avec-sonde-abdominale-micro-convexe-pour-petits-et-moyens-chiens-chiens-et-chats#breadcrumb\"},\"inLanguage\":\"fr-FR\",\"potentialAction\":[{\"@type\":\"ReadAction\",\"target\":[\"https:\/\/pettechsolutions.com\/fr\/produit\/scanx-ultrasound-pour-les-eleveurs-de-chiens-et-de-chats-avec-sonde-abdominale-micro-convexe-pour-petits-et-moyens-chiens-chiens-et-chats\"]}]},{\"@type\":\"ImageObject\",\"inLanguage\":\"fr-FR\",\"@id\":\"https:\/\/pettechsolutions.com\/fr\/produit\/scanx-ultrasound-pour-les-eleveurs-de-chiens-et-de-chats-avec-sonde-abdominale-micro-convexe-pour-petits-et-moyens-chiens-chiens-et-chats#primaryimage\",\"url\":\"https:\/\/pettechsolutions.com\/wp-content\/uploads\/2022\/06\/ScanX-square_best.jpg\",\"contentUrl\":\"https:\/\/pettechsolutions.com\/wp-content\/uploads\/2022\/06\/ScanX-square_best.jpg\",\"width\":1000,\"height\":1000,\"caption\":\"VIS ScanX\"},{\"@type\":\"BreadcrumbList\",\"@id\":\"https:\/\/pettechsolutions.com\/fr\/produit\/scanx-ultrasound-pour-les-eleveurs-de-chiens-et-de-chats-avec-sonde-abdominale-micro-convexe-pour-petits-et-moyens-chiens-chiens-et-chats#breadcrumb\",\"itemListElement\":[{\"@type\":\"ListItem\",\"position\":1,\"name\":\"Home\",\"item\":\"https:\/\/pettechsolutions.com\/fr\"},{\"@type\":\"ListItem\",\"position\":2,\"name\":\"Boutique\",\"item\":\"https:\/\/pettechsolutions.com\/fr\/boutique\"},{\"@type\":\"ListItem\",\"position\":3,\"name\":\"ScanX Ultrasound pour les \u00e9leveurs de chiens et de chats avec sonde abdominale micro-convexe pour petits et moyens chiens. Chiens et chats\"}]},{\"@type\":\"WebSite\",\"@id\":\"https:\/\/pettechsolutions.com\/#website\",\"url\":\"https:\/\/pettechsolutions.com\/\",\"name\":\"PetTech\",\"description\":\"produits d'\u00e9levage par excellence.\",\"publisher\":{\"@id\":\"https:\/\/pettechsolutions.com\/#organization\"},\"potentialAction\":[{\"@type\":\"SearchAction\",\"target\":{\"@type\":\"EntryPoint\",\"urlTemplate\":\"https:\/\/pettechsolutions.com\/?s={search_term_string}\"},\"query-input\":\"required name=search_term_string\"}],\"inLanguage\":\"fr-FR\"},{\"@type\":\"Organization\",\"@id\":\"https:\/\/pettechsolutions.com\/#organization\",\"name\":\"PetTech Solutions\",\"url\":\"https:\/\/pettechsolutions.com\/\",\"logo\":{\"@type\":\"ImageObject\",\"inLanguage\":\"fr-FR\",\"@id\":\"https:\/\/pettechsolutions.com\/#\/schema\/logo\/image\/\",\"url\":\"https:\/\/pettechsolutions.com\/wp-content\/uploads\/2022\/06\/pts_heart_logo.png\",\"contentUrl\":\"https:\/\/pettechsolutions.com\/wp-content\/uploads\/2022\/06\/pts_heart_logo.png\",\"width\":1080,\"height\":546,\"caption\":\"PetTech Solutions\"},\"image\":{\"@id\":\"https:\/\/pettechsolutions.com\/#\/schema\/logo\/image\/\"},\"sameAs\":[\"https:\/\/facebook.com\/pettechsolutions\",\"https:\/\/twitter.com\/pettechsol\",\"https:\/\/instagram.com\/pettechsol\"]}]}<\/script>\n<!-- \/ Yoast SEO plugin. -->","yoast_head_json":{"title":"ScanX Ultrasound pour les \u00e9leveurs de chiens et de chats avec sonde abdominale micro-convexe pour petits et moyens chiens. Chiens et chats | PetTech","description":"D\u00e9couvrez le VIS ScanX : un syst\u00e8me d'\u00e9chographie v\u00e9t\u00e9rinaire portable. Parfait pour les \u00e9leveurs de petits animaux, il offre une imagerie haute r\u00e9solution et des fonctions d'\u00e9cran tactile faciles \u00e0 utiliser. Avec des options pour les sondes Micro Convex et Convex, il est con\u00e7u pour des examens reproductifs pr\u00e9cis chez les chiens, les chats, les moutons et les ch\u00e8vres. Con\u00e7u sp\u00e9cifiquement pour la d\u00e9tection de la gestation chez les petits animaux, le ScanX fournit des images de haute r\u00e9solution. Gr\u00e2ce au service et \u00e0 l'assistance nord-am\u00e9ricains, vous pouvez faire confiance \u00e0 la fiabilit\u00e9 et \u00e0 la s\u00e9curit\u00e9 de votre syst\u00e8me d'\u00e9chographie. Le ScanX Ultrasound est la solution id\u00e9ale pour les \u00e9leveurs qui souhaitent adopter la technologie de l'\u00e9chographie.","robots":{"index":"index","follow":"follow","max-snippet":"max-snippet:-1","max-image-preview":"max-image-preview:large","max-video-preview":"max-video-preview:-1"},"canonical":"https:\/\/pettechsolutions.com\/fr\/produit\/scanx-ultrasound-pour-les-eleveurs-de-chiens-et-de-chats-avec-sonde-abdominale-micro-convexe-pour-petits-et-moyens-chiens-chiens-et-chats","og_locale":"fr_FR","og_type":"article","og_title":"ScanX Ultrasound pour les \u00e9leveurs de chiens et de chats avec sonde abdominale micro-convexe pour petits et moyens chiens. Chiens et chats | PetTech","og_description":"D\u00e9couvrez le VIS ScanX : un syst\u00e8me d'\u00e9chographie v\u00e9t\u00e9rinaire portable. Parfait pour les \u00e9leveurs de petits animaux, il offre une imagerie haute r\u00e9solution et des fonctions d'\u00e9cran tactile faciles \u00e0 utiliser. Avec des options pour les sondes Micro Convex et Convex, il est con\u00e7u pour des examens reproductifs pr\u00e9cis chez les chiens, les chats, les moutons et les ch\u00e8vres. Con\u00e7u sp\u00e9cifiquement pour la d\u00e9tection de la gestation chez les petits animaux, le ScanX fournit des images de haute r\u00e9solution. Gr\u00e2ce au service et \u00e0 l'assistance nord-am\u00e9ricains, vous pouvez faire confiance \u00e0 la fiabilit\u00e9 et \u00e0 la s\u00e9curit\u00e9 de votre syst\u00e8me d'\u00e9chographie. Le ScanX Ultrasound est la solution id\u00e9ale pour les \u00e9leveurs qui souhaitent adopter la technologie de l'\u00e9chographie.","og_url":"https:\/\/pettechsolutions.com\/fr\/produit\/scanx-ultrasound-pour-les-eleveurs-de-chiens-et-de-chats-avec-sonde-abdominale-micro-convexe-pour-petits-et-moyens-chiens-chiens-et-chats","og_site_name":"PetTech","article_publisher":"https:\/\/facebook.com\/pettechsolutions","article_modified_time":"2025-06-07T12:41:27+00:00","og_image":[{"width":1000,"height":1000,"url":"https:\/\/pettechsolutions.com\/wp-content\/uploads\/2022\/06\/ScanX-square_best.jpg","type":"image\/jpeg"}],"twitter_card":"summary_large_image","twitter_site":"@pettechsol","twitter_misc":{"Dur\u00e9e de lecture estim\u00e9e":"3 minutes"},"schema":{"@context":"https:\/\/schema.org","@graph":[{"@type":"WebPage","@id":"https:\/\/pettechsolutions.com\/fr\/produit\/scanx-ultrasound-pour-les-eleveurs-de-chiens-et-de-chats-avec-sonde-abdominale-micro-convexe-pour-petits-et-moyens-chiens-chiens-et-chats","url":"https:\/\/pettechsolutions.com\/fr\/produit\/scanx-ultrasound-pour-les-eleveurs-de-chiens-et-de-chats-avec-sonde-abdominale-micro-convexe-pour-petits-et-moyens-chiens-chiens-et-chats","name":"ScanX Ultrasound pour les \u00e9leveurs de chiens et de chats avec sonde abdominale micro-convexe pour petits et moyens chiens. Chiens et chats | PetTech","isPartOf":{"@id":"https:\/\/pettechsolutions.com\/#website"},"primaryImageOfPage":{"@id":"https:\/\/pettechsolutions.com\/fr\/produit\/scanx-ultrasound-pour-les-eleveurs-de-chiens-et-de-chats-avec-sonde-abdominale-micro-convexe-pour-petits-et-moyens-chiens-chiens-et-chats#primaryimage"},"image":{"@id":"https:\/\/pettechsolutions.com\/fr\/produit\/scanx-ultrasound-pour-les-eleveurs-de-chiens-et-de-chats-avec-sonde-abdominale-micro-convexe-pour-petits-et-moyens-chiens-chiens-et-chats#primaryimage"},"thumbnailUrl":"https:\/\/pettechsolutions.com\/wp-content\/uploads\/2022\/06\/ScanX-square_best.jpg","datePublished":"2022-11-08T16:51:55+00:00","dateModified":"2025-06-07T12:41:27+00:00","description":"D\u00e9couvrez le VIS ScanX : un syst\u00e8me d'\u00e9chographie v\u00e9t\u00e9rinaire portable. Parfait pour les \u00e9leveurs de petits animaux, il offre une imagerie haute r\u00e9solution et des fonctions d'\u00e9cran tactile faciles \u00e0 utiliser. Avec des options pour les sondes Micro Convex et Convex, il est con\u00e7u pour des examens reproductifs pr\u00e9cis chez les chiens, les chats, les moutons et les ch\u00e8vres. Con\u00e7u sp\u00e9cifiquement pour la d\u00e9tection de la gestation chez les petits animaux, le ScanX fournit des images de haute r\u00e9solution. Gr\u00e2ce au service et \u00e0 l'assistance nord-am\u00e9ricains, vous pouvez faire confiance \u00e0 la fiabilit\u00e9 et \u00e0 la s\u00e9curit\u00e9 de votre syst\u00e8me d'\u00e9chographie. Le ScanX Ultrasound est la solution id\u00e9ale pour les \u00e9leveurs qui souhaitent adopter la technologie de l'\u00e9chographie.","breadcrumb":{"@id":"https:\/\/pettechsolutions.com\/fr\/produit\/scanx-ultrasound-pour-les-eleveurs-de-chiens-et-de-chats-avec-sonde-abdominale-micro-convexe-pour-petits-et-moyens-chiens-chiens-et-chats#breadcrumb"},"inLanguage":"fr-FR","potentialAction":[{"@type":"ReadAction","target":["https:\/\/pettechsolutions.com\/fr\/produit\/scanx-ultrasound-pour-les-eleveurs-de-chiens-et-de-chats-avec-sonde-abdominale-micro-convexe-pour-petits-et-moyens-chiens-chiens-et-chats"]}]},{"@type":"ImageObject","inLanguage":"fr-FR","@id":"https:\/\/pettechsolutions.com\/fr\/produit\/scanx-ultrasound-pour-les-eleveurs-de-chiens-et-de-chats-avec-sonde-abdominale-micro-convexe-pour-petits-et-moyens-chiens-chiens-et-chats#primaryimage","url":"https:\/\/pettechsolutions.com\/wp-content\/uploads\/2022\/06\/ScanX-square_best.jpg","contentUrl":"https:\/\/pettechsolutions.com\/wp-content\/uploads\/2022\/06\/ScanX-square_best.jpg","width":1000,"height":1000,"caption":"VIS ScanX"},{"@type":"BreadcrumbList","@id":"https:\/\/pettechsolutions.com\/fr\/produit\/scanx-ultrasound-pour-les-eleveurs-de-chiens-et-de-chats-avec-sonde-abdominale-micro-convexe-pour-petits-et-moyens-chiens-chiens-et-chats#breadcrumb","itemListElement":[{"@type":"ListItem","position":1,"name":"Home","item":"https:\/\/pettechsolutions.com\/fr"},{"@type":"ListItem","position":2,"name":"Boutique","item":"https:\/\/pettechsolutions.com\/fr\/boutique"},{"@type":"ListItem","position":3,"name":"ScanX Ultrasound pour les \u00e9leveurs de chiens et de chats avec sonde abdominale micro-convexe pour petits et moyens chiens. Chiens et chats"}]},{"@type":"WebSite","@id":"https:\/\/pettechsolutions.com\/#website","url":"https:\/\/pettechsolutions.com\/","name":"PetTech","description":"produits d'\u00e9levage par excellence.","publisher":{"@id":"https:\/\/pettechsolutions.com\/#organization"},"potentialAction":[{"@type":"SearchAction","target":{"@type":"EntryPoint","urlTemplate":"https:\/\/pettechsolutions.com\/?s={search_term_string}"},"query-input":"required name=search_term_string"}],"inLanguage":"fr-FR"},{"@type":"Organization","@id":"https:\/\/pettechsolutions.com\/#organization","name":"PetTech Solutions","url":"https:\/\/pettechsolutions.com\/","logo":{"@type":"ImageObject","inLanguage":"fr-FR","@id":"https:\/\/pettechsolutions.com\/#\/schema\/logo\/image\/","url":"https:\/\/pettechsolutions.com\/wp-content\/uploads\/2022\/06\/pts_heart_logo.png","contentUrl":"https:\/\/pettechsolutions.com\/wp-content\/uploads\/2022\/06\/pts_heart_logo.png","width":1080,"height":546,"caption":"PetTech Solutions"},"image":{"@id":"https:\/\/pettechsolutions.com\/#\/schema\/logo\/image\/"},"sameAs":["https:\/\/facebook.com\/pettechsolutions","https:\/\/twitter.com\/pettechsol","https:\/\/instagram.com\/pettechsol"]}]}},"jetpack_sharing_enabled":true,"_links":{"self":[{"href":"https:\/\/pettechsolutions.com\/fr\/wp-json\/wp\/v2\/product\/1643"}],"collection":[{"href":"https:\/\/pettechsolutions.com\/fr\/wp-json\/wp\/v2\/product"}],"about":[{"href":"https:\/\/pettechsolutions.com\/fr\/wp-json\/wp\/v2\/types\/product"}],"wp:featuredmedia":[{"embeddable":true,"href":"https:\/\/pettechsolutions.com\/fr\/wp-json\/wp\/v2\/media\/1118"}],"wp:attachment":[{"href":"https:\/\/pettechsolutions.com\/fr\/wp-json\/wp\/v2\/media?parent=1643"}],"wp:term":[{"taxonomy":"product_cat","embeddable":true,"href":"https:\/\/pettechsolutions.com\/fr\/wp-json\/wp\/v2\/product_cat?post=1643"},{"taxonomy":"product_tag","embeddable":true,"href":"https:\/\/pettechsolutions.com\/fr\/wp-json\/wp\/v2\/product_tag?post=1643"},{"taxonomy":"pt_brand","embeddable":true,"href":"https:\/\/pettechsolutions.com\/fr\/wp-json\/wp\/v2\/pt_brand?post=1643"}],"curies":[{"name":"wp","href":"https:\/\/api.w.org\/{rel}","templated":true}]}}