{"id":1603,"date":"2022-10-28T14:02:49","date_gmt":"2022-10-28T18:02:49","guid":{"rendered":"https:\/\/pettechsolutions.com\/?post_type=product&#038;p=1603"},"modified":"2025-06-07T09:13:09","modified_gmt":"2025-06-07T13:13:09","slug":"kit-de-test-de-grossesse-rapide-canin-bellylabs","status":"publish","type":"product","link":"https:\/\/pettechsolutions.com\/fr\/produit\/kit-de-test-de-grossesse-rapide-canin-bellylabs","title":{"rendered":"Bellylabs Test de grossesse canin"},"content":{"rendered":"<p>Le test de grossesse Bellylabs est le premier test rapide de d\u00e9tection pr\u00e9coce de ce type \u00e0 usage domestique. Vous pouvez confirmer la grossesse d&rsquo;une chienne d\u00e8s 28 jours apr\u00e8s l&rsquo;ovulation et faire facilement et rapidement la distinction entre pseudo-gestation et gestation r\u00e9elle \u00e0 la maison.<\/p>\n<p>V\u00e9ritable innovation pour le test de grossesse \u00e0 domicile, Bellylabs mesure l&rsquo;hormone relaxine canine en moins de 15 minutes sans avoir besoin d&rsquo;aiguille ou de centrifugeuse. L&rsquo;hormone relaxine est une confirmation fiable et tr\u00e8s pr\u00e9cise de la grossesse chez les chiens.<\/p>\n<p>Le test de grossesse avec Bellylabs est une exp\u00e9rience facile, sans stress et sans aiguille que tout \u00e9leveur peut faire \u00e0 la maison. Tout ce dont vous avez besoin pour un test est inclus dans la bo\u00eete.<\/p>\n<p>Pour une meilleure pr\u00e9cision de 96 %, il est recommand\u00e9 de tester 28 jours apr\u00e8s l&rsquo;ovulation. Il n&rsquo;y a aucun inconv\u00e9nient \u00e0 effectuer un test plus t\u00f4t, mais il se peut que l&rsquo;hormone ne soit pas encore assez pr\u00e9sente pour permettre un d\u00e9pistage fiable. Avec le test de grossesse Bellylabs pour chiens, il n&rsquo;est pas n\u00e9cessaire d&rsquo;avoir des connaissances professionnelles. Le test est facile \u00e0 r\u00e9aliser chez soi pour tout propri\u00e9taire de chien et tout \u00e9leveur. Tout ce dont vous avez besoin pour effectuer le test est inclus dans la bo\u00eete. Pas d&rsquo;aiguilles ni de visites chez le v\u00e9t\u00e9rinaire.<\/p>\n<ul>\n<li><strong>Pratique :<\/strong> Le kit de test contient tout le mat\u00e9riel n\u00e9cessaire pour effectuer le test \u00e0 domicile. Aucune connaissance professionnelle ou aiguille n&rsquo;est n\u00e9cessaire.<\/li>\n<li><strong>Fiable<\/strong> : le test a un taux de pr\u00e9cision \u00e9prouv\u00e9 de 96 %.<\/li>\n<li><strong>Rapide :<\/strong> Le test est rapide, s\u00fbr, facile et sans stress. R\u00e9sultats en 10 minutes.<\/li>\n<\/ul>\n<p>Les jours de gestation peuvent varier s&rsquo;ils sont calcul\u00e9s \u00e0 partir de l&rsquo;accouplement et si le moment de l&rsquo;ovulation est inconnu.<\/p>\n","protected":false},"excerpt":{"rendered":"<p>Le test de grossesse Bellylabs pour chiens est un test rapide de d\u00e9tection pr\u00e9coce de la grossesse chez le chien, \u00e0 utiliser \u00e0 domicile.<\/p>\n","protected":false},"featured_media":1529,"template":"","meta":{"_acf_changed":false},"product_cat":[136,135,139],"product_tag":[],"pt_brand":[156],"acf":[],"yoast_head":"<!-- This site is optimized with the Yoast SEO plugin v22.2 - https:\/\/yoast.com\/wordpress\/plugins\/seo\/ -->\n<title>Bellylabs Test de grossesse canin | PetTech<\/title>\n<meta name=\"robots\" content=\"index, follow, max-snippet:-1, max-image-preview:large, max-video-preview:-1\" \/>\n<link rel=\"canonical\" href=\"https:\/\/pettechsolutions.com\/fr\/produit\/kit-de-test-de-grossesse-rapide-canin-bellylabs\" \/>\n<meta property=\"og:locale\" content=\"fr_FR\" \/>\n<meta property=\"og:type\" content=\"article\" \/>\n<meta property=\"og:title\" content=\"Bellylabs Test de grossesse canin | PetTech\" \/>\n<meta property=\"og:description\" content=\"Le test de grossesse Bellylabs pour chiens est un test rapide de d\u00e9tection pr\u00e9coce de la grossesse chez le chien, \u00e0 utiliser \u00e0 domicile.\" \/>\n<meta property=\"og:url\" content=\"https:\/\/pettechsolutions.com\/fr\/produit\/kit-de-test-de-grossesse-rapide-canin-bellylabs\" \/>\n<meta property=\"og:site_name\" content=\"PetTech\" \/>\n<meta property=\"article:publisher\" content=\"https:\/\/facebook.com\/pettechsolutions\" \/>\n<meta property=\"article:modified_time\" content=\"2025-06-07T13:13:09+00:00\" \/>\n<meta property=\"og:image\" content=\"https:\/\/pettechsolutions.com\/wp-content\/uploads\/2022\/09\/pettech_bellylabs_single.jpg\" \/>\n\t<meta property=\"og:image:width\" content=\"1080\" \/>\n\t<meta property=\"og:image:height\" content=\"1080\" \/>\n\t<meta property=\"og:image:type\" content=\"image\/jpeg\" \/>\n<meta name=\"twitter:card\" content=\"summary_large_image\" \/>\n<meta name=\"twitter:site\" content=\"@pettechsol\" \/>\n<meta name=\"twitter:label1\" content=\"Dur\u00e9e de lecture estim\u00e9e\" \/>\n\t<meta name=\"twitter:data1\" content=\"2 minutes\" \/>\n<script type=\"application\/ld+json\" class=\"yoast-schema-graph\">{\"@context\":\"https:\/\/schema.org\",\"@graph\":[{\"@type\":\"WebPage\",\"@id\":\"https:\/\/pettechsolutions.com\/fr\/produit\/kit-de-test-de-grossesse-rapide-canin-bellylabs\",\"url\":\"https:\/\/pettechsolutions.com\/fr\/produit\/kit-de-test-de-grossesse-rapide-canin-bellylabs\",\"name\":\"Bellylabs Test de grossesse canin | PetTech\",\"isPartOf\":{\"@id\":\"https:\/\/pettechsolutions.com\/#website\"},\"primaryImageOfPage\":{\"@id\":\"https:\/\/pettechsolutions.com\/fr\/produit\/kit-de-test-de-grossesse-rapide-canin-bellylabs#primaryimage\"},\"image\":{\"@id\":\"https:\/\/pettechsolutions.com\/fr\/produit\/kit-de-test-de-grossesse-rapide-canin-bellylabs#primaryimage\"},\"thumbnailUrl\":\"https:\/\/pettechsolutions.com\/wp-content\/uploads\/2022\/09\/pettech_bellylabs_single.jpg\",\"datePublished\":\"2022-10-28T18:02:49+00:00\",\"dateModified\":\"2025-06-07T13:13:09+00:00\",\"breadcrumb\":{\"@id\":\"https:\/\/pettechsolutions.com\/fr\/produit\/kit-de-test-de-grossesse-rapide-canin-bellylabs#breadcrumb\"},\"inLanguage\":\"fr-FR\",\"potentialAction\":[{\"@type\":\"ReadAction\",\"target\":[\"https:\/\/pettechsolutions.com\/fr\/produit\/kit-de-test-de-grossesse-rapide-canin-bellylabs\"]}]},{\"@type\":\"ImageObject\",\"inLanguage\":\"fr-FR\",\"@id\":\"https:\/\/pettechsolutions.com\/fr\/produit\/kit-de-test-de-grossesse-rapide-canin-bellylabs#primaryimage\",\"url\":\"https:\/\/pettechsolutions.com\/wp-content\/uploads\/2022\/09\/pettech_bellylabs_single.jpg\",\"contentUrl\":\"https:\/\/pettechsolutions.com\/wp-content\/uploads\/2022\/09\/pettech_bellylabs_single.jpg\",\"width\":1080,\"height\":1080,\"caption\":\"The best at-home rapid test for canine pregnancy\"},{\"@type\":\"BreadcrumbList\",\"@id\":\"https:\/\/pettechsolutions.com\/fr\/produit\/kit-de-test-de-grossesse-rapide-canin-bellylabs#breadcrumb\",\"itemListElement\":[{\"@type\":\"ListItem\",\"position\":1,\"name\":\"Home\",\"item\":\"https:\/\/pettechsolutions.com\/fr\"},{\"@type\":\"ListItem\",\"position\":2,\"name\":\"Boutique\",\"item\":\"https:\/\/pettechsolutions.com\/fr\/boutique\"},{\"@type\":\"ListItem\",\"position\":3,\"name\":\"Bellylabs Test de grossesse canin\"}]},{\"@type\":\"WebSite\",\"@id\":\"https:\/\/pettechsolutions.com\/#website\",\"url\":\"https:\/\/pettechsolutions.com\/\",\"name\":\"PetTech\",\"description\":\"produits d'\u00e9levage par excellence.\",\"publisher\":{\"@id\":\"https:\/\/pettechsolutions.com\/#organization\"},\"potentialAction\":[{\"@type\":\"SearchAction\",\"target\":{\"@type\":\"EntryPoint\",\"urlTemplate\":\"https:\/\/pettechsolutions.com\/?s={search_term_string}\"},\"query-input\":\"required name=search_term_string\"}],\"inLanguage\":\"fr-FR\"},{\"@type\":\"Organization\",\"@id\":\"https:\/\/pettechsolutions.com\/#organization\",\"name\":\"PetTech Solutions\",\"url\":\"https:\/\/pettechsolutions.com\/\",\"logo\":{\"@type\":\"ImageObject\",\"inLanguage\":\"fr-FR\",\"@id\":\"https:\/\/pettechsolutions.com\/#\/schema\/logo\/image\/\",\"url\":\"https:\/\/pettechsolutions.com\/wp-content\/uploads\/2022\/06\/pts_heart_logo.png\",\"contentUrl\":\"https:\/\/pettechsolutions.com\/wp-content\/uploads\/2022\/06\/pts_heart_logo.png\",\"width\":1080,\"height\":546,\"caption\":\"PetTech Solutions\"},\"image\":{\"@id\":\"https:\/\/pettechsolutions.com\/#\/schema\/logo\/image\/\"},\"sameAs\":[\"https:\/\/facebook.com\/pettechsolutions\",\"https:\/\/twitter.com\/pettechsol\",\"https:\/\/instagram.com\/pettechsol\"]}]}<\/script>\n<!-- \/ Yoast SEO plugin. -->","yoast_head_json":{"title":"Bellylabs Test de grossesse canin | PetTech","robots":{"index":"index","follow":"follow","max-snippet":"max-snippet:-1","max-image-preview":"max-image-preview:large","max-video-preview":"max-video-preview:-1"},"canonical":"https:\/\/pettechsolutions.com\/fr\/produit\/kit-de-test-de-grossesse-rapide-canin-bellylabs","og_locale":"fr_FR","og_type":"article","og_title":"Bellylabs Test de grossesse canin | PetTech","og_description":"Le test de grossesse Bellylabs pour chiens est un test rapide de d\u00e9tection pr\u00e9coce de la grossesse chez le chien, \u00e0 utiliser \u00e0 domicile.","og_url":"https:\/\/pettechsolutions.com\/fr\/produit\/kit-de-test-de-grossesse-rapide-canin-bellylabs","og_site_name":"PetTech","article_publisher":"https:\/\/facebook.com\/pettechsolutions","article_modified_time":"2025-06-07T13:13:09+00:00","og_image":[{"width":1080,"height":1080,"url":"https:\/\/pettechsolutions.com\/wp-content\/uploads\/2022\/09\/pettech_bellylabs_single.jpg","type":"image\/jpeg"}],"twitter_card":"summary_large_image","twitter_site":"@pettechsol","twitter_misc":{"Dur\u00e9e de lecture estim\u00e9e":"2 minutes"},"schema":{"@context":"https:\/\/schema.org","@graph":[{"@type":"WebPage","@id":"https:\/\/pettechsolutions.com\/fr\/produit\/kit-de-test-de-grossesse-rapide-canin-bellylabs","url":"https:\/\/pettechsolutions.com\/fr\/produit\/kit-de-test-de-grossesse-rapide-canin-bellylabs","name":"Bellylabs Test de grossesse canin | PetTech","isPartOf":{"@id":"https:\/\/pettechsolutions.com\/#website"},"primaryImageOfPage":{"@id":"https:\/\/pettechsolutions.com\/fr\/produit\/kit-de-test-de-grossesse-rapide-canin-bellylabs#primaryimage"},"image":{"@id":"https:\/\/pettechsolutions.com\/fr\/produit\/kit-de-test-de-grossesse-rapide-canin-bellylabs#primaryimage"},"thumbnailUrl":"https:\/\/pettechsolutions.com\/wp-content\/uploads\/2022\/09\/pettech_bellylabs_single.jpg","datePublished":"2022-10-28T18:02:49+00:00","dateModified":"2025-06-07T13:13:09+00:00","breadcrumb":{"@id":"https:\/\/pettechsolutions.com\/fr\/produit\/kit-de-test-de-grossesse-rapide-canin-bellylabs#breadcrumb"},"inLanguage":"fr-FR","potentialAction":[{"@type":"ReadAction","target":["https:\/\/pettechsolutions.com\/fr\/produit\/kit-de-test-de-grossesse-rapide-canin-bellylabs"]}]},{"@type":"ImageObject","inLanguage":"fr-FR","@id":"https:\/\/pettechsolutions.com\/fr\/produit\/kit-de-test-de-grossesse-rapide-canin-bellylabs#primaryimage","url":"https:\/\/pettechsolutions.com\/wp-content\/uploads\/2022\/09\/pettech_bellylabs_single.jpg","contentUrl":"https:\/\/pettechsolutions.com\/wp-content\/uploads\/2022\/09\/pettech_bellylabs_single.jpg","width":1080,"height":1080,"caption":"The best at-home rapid test for canine pregnancy"},{"@type":"BreadcrumbList","@id":"https:\/\/pettechsolutions.com\/fr\/produit\/kit-de-test-de-grossesse-rapide-canin-bellylabs#breadcrumb","itemListElement":[{"@type":"ListItem","position":1,"name":"Home","item":"https:\/\/pettechsolutions.com\/fr"},{"@type":"ListItem","position":2,"name":"Boutique","item":"https:\/\/pettechsolutions.com\/fr\/boutique"},{"@type":"ListItem","position":3,"name":"Bellylabs Test de grossesse canin"}]},{"@type":"WebSite","@id":"https:\/\/pettechsolutions.com\/#website","url":"https:\/\/pettechsolutions.com\/","name":"PetTech","description":"produits d'\u00e9levage par excellence.","publisher":{"@id":"https:\/\/pettechsolutions.com\/#organization"},"potentialAction":[{"@type":"SearchAction","target":{"@type":"EntryPoint","urlTemplate":"https:\/\/pettechsolutions.com\/?s={search_term_string}"},"query-input":"required name=search_term_string"}],"inLanguage":"fr-FR"},{"@type":"Organization","@id":"https:\/\/pettechsolutions.com\/#organization","name":"PetTech Solutions","url":"https:\/\/pettechsolutions.com\/","logo":{"@type":"ImageObject","inLanguage":"fr-FR","@id":"https:\/\/pettechsolutions.com\/#\/schema\/logo\/image\/","url":"https:\/\/pettechsolutions.com\/wp-content\/uploads\/2022\/06\/pts_heart_logo.png","contentUrl":"https:\/\/pettechsolutions.com\/wp-content\/uploads\/2022\/06\/pts_heart_logo.png","width":1080,"height":546,"caption":"PetTech Solutions"},"image":{"@id":"https:\/\/pettechsolutions.com\/#\/schema\/logo\/image\/"},"sameAs":["https:\/\/facebook.com\/pettechsolutions","https:\/\/twitter.com\/pettechsol","https:\/\/instagram.com\/pettechsol"]}]}},"jetpack_sharing_enabled":true,"_links":{"self":[{"href":"https:\/\/pettechsolutions.com\/fr\/wp-json\/wp\/v2\/product\/1603"}],"collection":[{"href":"https:\/\/pettechsolutions.com\/fr\/wp-json\/wp\/v2\/product"}],"about":[{"href":"https:\/\/pettechsolutions.com\/fr\/wp-json\/wp\/v2\/types\/product"}],"wp:featuredmedia":[{"embeddable":true,"href":"https:\/\/pettechsolutions.com\/fr\/wp-json\/wp\/v2\/media\/1529"}],"wp:attachment":[{"href":"https:\/\/pettechsolutions.com\/fr\/wp-json\/wp\/v2\/media?parent=1603"}],"wp:term":[{"taxonomy":"product_cat","embeddable":true,"href":"https:\/\/pettechsolutions.com\/fr\/wp-json\/wp\/v2\/product_cat?post=1603"},{"taxonomy":"product_tag","embeddable":true,"href":"https:\/\/pettechsolutions.com\/fr\/wp-json\/wp\/v2\/product_tag?post=1603"},{"taxonomy":"pt_brand","embeddable":true,"href":"https:\/\/pettechsolutions.com\/fr\/wp-json\/wp\/v2\/pt_brand?post=1603"}],"curies":[{"name":"wp","href":"https:\/\/api.w.org\/{rel}","templated":true}]}}