{"id":1493,"date":"2022-06-29T14:11:22","date_gmt":"2022-06-29T18:11:22","guid":{"rendered":"https:\/\/pettechsolutions.com\/product\/introduction-a-lechographie-de-grossesse-canine-livre"},"modified":"2025-06-10T09:16:38","modified_gmt":"2025-06-10T13:16:38","slug":"introduction-lexamen-grossesse-canine","status":"publish","type":"product","link":"https:\/\/pettechsolutions.com\/fr\/produit\/introduction-lexamen-grossesse-canine","title":{"rendered":"Introduction \u00e0 l&rsquo;\u00e9chographie de grossesse canine Livre"},"content":{"rendered":"<p>Vous voulez en savoir plus sur l&rsquo;\u00e9chographie de gestation chez les chiens ? Ce livre vous apprendra tout ce que vous devez savoir sur l&rsquo;utilisation optimale de l&rsquo;\u00e9chographie pour confirmer une grossesse.<\/p>\n<p>Que vous soyez sur le point de commencer votre parcours d&rsquo;\u00e9chographie ou que vous fassiez de l&rsquo;\u00e9chographie depuis des ann\u00e9es, ce livre regorge de conseils, d&rsquo;astuces et d&rsquo;id\u00e9es.<\/p>\n<p><span style=\"font-weight: 400;\">Les chapitres couvrent : <\/span><\/p>\n<p><span style=\"font-weight: 400;\">Conseils et astuces pour am\u00e9liorer la qualit\u00e9 de vos images, quel que soit votre niveau d&rsquo;exp\u00e9rience.<\/span><\/p>\n<p><span style=\"font-weight: 400;\">Les trois principales erreurs commises par les d\u00e9butants et comment les \u00e9viter.<\/span><\/p>\n<p><span style=\"font-weight: 400;\">Comment calculer avec pr\u00e9cision l&rsquo;\u00e2ge gestationnel et les dates d&rsquo;accouchement.<\/span><\/p>\n<p><span style=\"font-weight: 400;\">Comment rep\u00e9rer le pyom\u00e8tre et demander des soins v\u00e9t\u00e9rinaires vitaux.<\/span><\/p>\n<p><span style=\"font-weight: 400;\">Une connaissance approfondie de l&rsquo;\u00e9quipement \u00e0 ultrasons \u00e0 acheter et de ce qu&rsquo;il faut \u00e9viter.<\/span><\/p>\n<p><span style=\"font-weight: 400;\">Toutes les commandes que vous ne touchez jamais &#8211; ce qu&rsquo;elles sont, et comment les utiliser.<\/span><\/p>\n<p><span style=\"font-weight: 400;\">La physique des ultrasons qui am\u00e9liorera votre compr\u00e9hension.<\/span><\/p>\n<p>\u00c9crit par <strong>Catherine Stowell<\/strong>.<\/p>\n","protected":false},"excerpt":{"rendered":"<p><span style=\"font-weight: 400;\">Que vous soyez sur le point de commencer votre parcours \u00e9chographique ou que vous pratiquiez l&rsquo;\u00e9chographie depuis des ann\u00e9es, le livre Introduction \u00e0 l&rsquo;\u00e9chographie de gestation canine regorge de conseils, d&rsquo;astuces et d&rsquo;id\u00e9es pour vous aider \u00e0 ma\u00eetriser l&rsquo;\u00e9chographie de gestation sur les chiens.<\/span><\/p>\n","protected":false},"featured_media":1160,"template":"","meta":{"_acf_changed":false},"product_cat":[134,135,137],"product_tag":[],"pt_brand":[],"acf":[],"yoast_head":"<!-- This site is optimized with the Yoast SEO plugin v22.2 - https:\/\/yoast.com\/wordpress\/plugins\/seo\/ -->\n<title>Introduction \u00e0 l&#039;\u00e9chographie de grossesse canine Livre | PetTech<\/title>\n<meta name=\"robots\" content=\"index, follow, max-snippet:-1, max-image-preview:large, max-video-preview:-1\" \/>\n<link rel=\"canonical\" href=\"https:\/\/pettechsolutions.com\/fr\/produit\/introduction-lexamen-grossesse-canine\" \/>\n<meta property=\"og:locale\" content=\"fr_FR\" \/>\n<meta property=\"og:type\" content=\"article\" \/>\n<meta property=\"og:title\" content=\"Introduction \u00e0 l&#039;\u00e9chographie de grossesse canine Livre | PetTech\" \/>\n<meta property=\"og:description\" content=\"Que vous soyez sur le point de commencer votre parcours \u00e9chographique ou que vous pratiquiez l&#039;\u00e9chographie depuis des ann\u00e9es, le livre Introduction \u00e0 l&#039;\u00e9chographie de gestation canine regorge de conseils, d&#039;astuces et d&#039;id\u00e9es pour vous aider \u00e0 ma\u00eetriser l&#039;\u00e9chographie de gestation sur les chiens.\" \/>\n<meta property=\"og:url\" content=\"https:\/\/pettechsolutions.com\/fr\/produit\/introduction-lexamen-grossesse-canine\" \/>\n<meta property=\"og:site_name\" content=\"PetTech\" \/>\n<meta property=\"article:publisher\" content=\"https:\/\/facebook.com\/pettechsolutions\" \/>\n<meta property=\"article:modified_time\" content=\"2025-06-10T13:16:38+00:00\" \/>\n<meta property=\"og:image\" content=\"https:\/\/pettechsolutions.com\/wp-content\/uploads\/2022\/06\/Canine-Ultrasound-Scanning-Book_mod.png\" \/>\n\t<meta property=\"og:image:width\" content=\"800\" \/>\n\t<meta property=\"og:image:height\" content=\"800\" \/>\n\t<meta property=\"og:image:type\" content=\"image\/png\" \/>\n<meta name=\"twitter:card\" content=\"summary_large_image\" \/>\n<meta name=\"twitter:site\" content=\"@pettechsol\" \/>\n<meta name=\"twitter:label1\" content=\"Dur\u00e9e de lecture estim\u00e9e\" \/>\n\t<meta name=\"twitter:data1\" content=\"1 minute\" \/>\n<script type=\"application\/ld+json\" class=\"yoast-schema-graph\">{\"@context\":\"https:\/\/schema.org\",\"@graph\":[{\"@type\":\"WebPage\",\"@id\":\"https:\/\/pettechsolutions.com\/fr\/produit\/introduction-lexamen-grossesse-canine\",\"url\":\"https:\/\/pettechsolutions.com\/fr\/produit\/introduction-lexamen-grossesse-canine\",\"name\":\"Introduction \u00e0 l'\u00e9chographie de grossesse canine Livre | PetTech\",\"isPartOf\":{\"@id\":\"https:\/\/pettechsolutions.com\/#website\"},\"primaryImageOfPage\":{\"@id\":\"https:\/\/pettechsolutions.com\/fr\/produit\/introduction-lexamen-grossesse-canine#primaryimage\"},\"image\":{\"@id\":\"https:\/\/pettechsolutions.com\/fr\/produit\/introduction-lexamen-grossesse-canine#primaryimage\"},\"thumbnailUrl\":\"https:\/\/pettechsolutions.com\/wp-content\/uploads\/2022\/06\/Canine-Ultrasound-Scanning-Book_mod.png\",\"datePublished\":\"2022-06-29T18:11:22+00:00\",\"dateModified\":\"2025-06-10T13:16:38+00:00\",\"breadcrumb\":{\"@id\":\"https:\/\/pettechsolutions.com\/fr\/produit\/introduction-lexamen-grossesse-canine#breadcrumb\"},\"inLanguage\":\"fr-FR\",\"potentialAction\":[{\"@type\":\"ReadAction\",\"target\":[\"https:\/\/pettechsolutions.com\/fr\/produit\/introduction-lexamen-grossesse-canine\"]}]},{\"@type\":\"ImageObject\",\"inLanguage\":\"fr-FR\",\"@id\":\"https:\/\/pettechsolutions.com\/fr\/produit\/introduction-lexamen-grossesse-canine#primaryimage\",\"url\":\"https:\/\/pettechsolutions.com\/wp-content\/uploads\/2022\/06\/Canine-Ultrasound-Scanning-Book_mod.png\",\"contentUrl\":\"https:\/\/pettechsolutions.com\/wp-content\/uploads\/2022\/06\/Canine-Ultrasound-Scanning-Book_mod.png\",\"width\":800,\"height\":800},{\"@type\":\"BreadcrumbList\",\"@id\":\"https:\/\/pettechsolutions.com\/fr\/produit\/introduction-lexamen-grossesse-canine#breadcrumb\",\"itemListElement\":[{\"@type\":\"ListItem\",\"position\":1,\"name\":\"Home\",\"item\":\"https:\/\/pettechsolutions.com\/fr\"},{\"@type\":\"ListItem\",\"position\":2,\"name\":\"Boutique\",\"item\":\"https:\/\/pettechsolutions.com\/fr\/boutique\"},{\"@type\":\"ListItem\",\"position\":3,\"name\":\"Introduction \u00e0 l&rsquo;\u00e9chographie de grossesse canine Livre\"}]},{\"@type\":\"WebSite\",\"@id\":\"https:\/\/pettechsolutions.com\/#website\",\"url\":\"https:\/\/pettechsolutions.com\/\",\"name\":\"PetTech\",\"description\":\"produits d'\u00e9levage par excellence.\",\"publisher\":{\"@id\":\"https:\/\/pettechsolutions.com\/#organization\"},\"potentialAction\":[{\"@type\":\"SearchAction\",\"target\":{\"@type\":\"EntryPoint\",\"urlTemplate\":\"https:\/\/pettechsolutions.com\/?s={search_term_string}\"},\"query-input\":\"required name=search_term_string\"}],\"inLanguage\":\"fr-FR\"},{\"@type\":\"Organization\",\"@id\":\"https:\/\/pettechsolutions.com\/#organization\",\"name\":\"PetTech Solutions\",\"url\":\"https:\/\/pettechsolutions.com\/\",\"logo\":{\"@type\":\"ImageObject\",\"inLanguage\":\"fr-FR\",\"@id\":\"https:\/\/pettechsolutions.com\/#\/schema\/logo\/image\/\",\"url\":\"https:\/\/pettechsolutions.com\/wp-content\/uploads\/2022\/06\/pts_heart_logo.png\",\"contentUrl\":\"https:\/\/pettechsolutions.com\/wp-content\/uploads\/2022\/06\/pts_heart_logo.png\",\"width\":1080,\"height\":546,\"caption\":\"PetTech Solutions\"},\"image\":{\"@id\":\"https:\/\/pettechsolutions.com\/#\/schema\/logo\/image\/\"},\"sameAs\":[\"https:\/\/facebook.com\/pettechsolutions\",\"https:\/\/twitter.com\/pettechsol\",\"https:\/\/instagram.com\/pettechsol\"]}]}<\/script>\n<!-- \/ Yoast SEO plugin. -->","yoast_head_json":{"title":"Introduction \u00e0 l'\u00e9chographie de grossesse canine Livre | PetTech","robots":{"index":"index","follow":"follow","max-snippet":"max-snippet:-1","max-image-preview":"max-image-preview:large","max-video-preview":"max-video-preview:-1"},"canonical":"https:\/\/pettechsolutions.com\/fr\/produit\/introduction-lexamen-grossesse-canine","og_locale":"fr_FR","og_type":"article","og_title":"Introduction \u00e0 l'\u00e9chographie de grossesse canine Livre | PetTech","og_description":"Que vous soyez sur le point de commencer votre parcours \u00e9chographique ou que vous pratiquiez l'\u00e9chographie depuis des ann\u00e9es, le livre Introduction \u00e0 l'\u00e9chographie de gestation canine regorge de conseils, d'astuces et d'id\u00e9es pour vous aider \u00e0 ma\u00eetriser l'\u00e9chographie de gestation sur les chiens.","og_url":"https:\/\/pettechsolutions.com\/fr\/produit\/introduction-lexamen-grossesse-canine","og_site_name":"PetTech","article_publisher":"https:\/\/facebook.com\/pettechsolutions","article_modified_time":"2025-06-10T13:16:38+00:00","og_image":[{"width":800,"height":800,"url":"https:\/\/pettechsolutions.com\/wp-content\/uploads\/2022\/06\/Canine-Ultrasound-Scanning-Book_mod.png","type":"image\/png"}],"twitter_card":"summary_large_image","twitter_site":"@pettechsol","twitter_misc":{"Dur\u00e9e de lecture estim\u00e9e":"1 minute"},"schema":{"@context":"https:\/\/schema.org","@graph":[{"@type":"WebPage","@id":"https:\/\/pettechsolutions.com\/fr\/produit\/introduction-lexamen-grossesse-canine","url":"https:\/\/pettechsolutions.com\/fr\/produit\/introduction-lexamen-grossesse-canine","name":"Introduction \u00e0 l'\u00e9chographie de grossesse canine Livre | PetTech","isPartOf":{"@id":"https:\/\/pettechsolutions.com\/#website"},"primaryImageOfPage":{"@id":"https:\/\/pettechsolutions.com\/fr\/produit\/introduction-lexamen-grossesse-canine#primaryimage"},"image":{"@id":"https:\/\/pettechsolutions.com\/fr\/produit\/introduction-lexamen-grossesse-canine#primaryimage"},"thumbnailUrl":"https:\/\/pettechsolutions.com\/wp-content\/uploads\/2022\/06\/Canine-Ultrasound-Scanning-Book_mod.png","datePublished":"2022-06-29T18:11:22+00:00","dateModified":"2025-06-10T13:16:38+00:00","breadcrumb":{"@id":"https:\/\/pettechsolutions.com\/fr\/produit\/introduction-lexamen-grossesse-canine#breadcrumb"},"inLanguage":"fr-FR","potentialAction":[{"@type":"ReadAction","target":["https:\/\/pettechsolutions.com\/fr\/produit\/introduction-lexamen-grossesse-canine"]}]},{"@type":"ImageObject","inLanguage":"fr-FR","@id":"https:\/\/pettechsolutions.com\/fr\/produit\/introduction-lexamen-grossesse-canine#primaryimage","url":"https:\/\/pettechsolutions.com\/wp-content\/uploads\/2022\/06\/Canine-Ultrasound-Scanning-Book_mod.png","contentUrl":"https:\/\/pettechsolutions.com\/wp-content\/uploads\/2022\/06\/Canine-Ultrasound-Scanning-Book_mod.png","width":800,"height":800},{"@type":"BreadcrumbList","@id":"https:\/\/pettechsolutions.com\/fr\/produit\/introduction-lexamen-grossesse-canine#breadcrumb","itemListElement":[{"@type":"ListItem","position":1,"name":"Home","item":"https:\/\/pettechsolutions.com\/fr"},{"@type":"ListItem","position":2,"name":"Boutique","item":"https:\/\/pettechsolutions.com\/fr\/boutique"},{"@type":"ListItem","position":3,"name":"Introduction \u00e0 l&rsquo;\u00e9chographie de grossesse canine Livre"}]},{"@type":"WebSite","@id":"https:\/\/pettechsolutions.com\/#website","url":"https:\/\/pettechsolutions.com\/","name":"PetTech","description":"produits d'\u00e9levage par excellence.","publisher":{"@id":"https:\/\/pettechsolutions.com\/#organization"},"potentialAction":[{"@type":"SearchAction","target":{"@type":"EntryPoint","urlTemplate":"https:\/\/pettechsolutions.com\/?s={search_term_string}"},"query-input":"required name=search_term_string"}],"inLanguage":"fr-FR"},{"@type":"Organization","@id":"https:\/\/pettechsolutions.com\/#organization","name":"PetTech Solutions","url":"https:\/\/pettechsolutions.com\/","logo":{"@type":"ImageObject","inLanguage":"fr-FR","@id":"https:\/\/pettechsolutions.com\/#\/schema\/logo\/image\/","url":"https:\/\/pettechsolutions.com\/wp-content\/uploads\/2022\/06\/pts_heart_logo.png","contentUrl":"https:\/\/pettechsolutions.com\/wp-content\/uploads\/2022\/06\/pts_heart_logo.png","width":1080,"height":546,"caption":"PetTech Solutions"},"image":{"@id":"https:\/\/pettechsolutions.com\/#\/schema\/logo\/image\/"},"sameAs":["https:\/\/facebook.com\/pettechsolutions","https:\/\/twitter.com\/pettechsol","https:\/\/instagram.com\/pettechsol"]}]}},"jetpack_sharing_enabled":true,"_links":{"self":[{"href":"https:\/\/pettechsolutions.com\/fr\/wp-json\/wp\/v2\/product\/1493"}],"collection":[{"href":"https:\/\/pettechsolutions.com\/fr\/wp-json\/wp\/v2\/product"}],"about":[{"href":"https:\/\/pettechsolutions.com\/fr\/wp-json\/wp\/v2\/types\/product"}],"wp:featuredmedia":[{"embeddable":true,"href":"https:\/\/pettechsolutions.com\/fr\/wp-json\/wp\/v2\/media\/1160"}],"wp:attachment":[{"href":"https:\/\/pettechsolutions.com\/fr\/wp-json\/wp\/v2\/media?parent=1493"}],"wp:term":[{"taxonomy":"product_cat","embeddable":true,"href":"https:\/\/pettechsolutions.com\/fr\/wp-json\/wp\/v2\/product_cat?post=1493"},{"taxonomy":"product_tag","embeddable":true,"href":"https:\/\/pettechsolutions.com\/fr\/wp-json\/wp\/v2\/product_tag?post=1493"},{"taxonomy":"pt_brand","embeddable":true,"href":"https:\/\/pettechsolutions.com\/fr\/wp-json\/wp\/v2\/pt_brand?post=1493"}],"curies":[{"name":"wp","href":"https:\/\/api.w.org\/{rel}","templated":true}]}}