{"id":1491,"date":"2022-06-24T15:53:30","date_gmt":"2022-06-24T19:53:30","guid":{"rendered":"https:\/\/pettechsolutions.com\/product\/detecteur-de-grossesse-pour-chien"},"modified":"2025-06-10T09:16:44","modified_gmt":"2025-06-10T13:16:44","slug":"dog-pregnancy-detector-fr","status":"publish","type":"product","link":"https:\/\/pettechsolutions.com\/fr\/produit\/dog-pregnancy-detector-fr","title":{"rendered":"D\u00e9tecteur de grossesse canine"},"content":{"rendered":"<p><span style=\"font-weight: 400;\">Les d\u00e9placements, le stress et les d\u00e9penses li\u00e9s aux tests de grossesse repr\u00e9sentent un d\u00e9fi pour de nombreux \u00e9leveurs. Les \u00e9leveurs peuvent profiter de la commodit\u00e9 de la confirmation ou de l&rsquo;exclusion imm\u00e9diate de la grossesse sans ces contraintes en utilisant le d\u00e9tecteur de grossesse pour chiens.<\/span><\/p>\n<p><span style=\"font-weight: 400;\">La grossesse peut \u00eatre confirm\u00e9e dans le confort de votre propre environnement d\u00e8s 21 jours \u00e0 l&rsquo;aide de ce petit appareil portatif. Un outil abordable, pratique et \u00e9conomique qui d\u00e9tecte la gestation chez toutes les races, grandes ou petites.<\/span><\/p>\n<p><span style=\"font-weight: 400;\">Le d\u00e9tecteur de grossesse Draminski pour chiens d\u00e9termine la grossesse en localisant le liquide amniotique dans l&rsquo;ut\u00e9rus gr\u00e2ce \u00e0 la r\u00e9flexion des ondes ultrasoniques. Lorsqu&rsquo;elle est press\u00e9e sur la peau, la sonde envoie un faisceau d&rsquo;ultrasons qui est r\u00e9fl\u00e9chi par l&rsquo;ut\u00e9rus et revient \u00e0 la sonde. L&rsquo;appareil \u00e9met alors un son et une lumi\u00e8re pour indiquer un r\u00e9sultat positif lorsque du liquide amniotique est localis\u00e9 dans les sacs gestationnels.<\/span><\/p>\n<p><span style=\"font-weight: 400;\">Un test effectu\u00e9 entre le 25e et le 28e jour de la grossesse permet d&rsquo;obtenir le diagnostic le plus pr\u00e9cis.<\/span><\/p>\n<p>Le d\u00e9tecteur de grossesse pour chiens Draminski est disponible pour les membres du CKC avec une r\u00e9duction sp\u00e9ciale pour les membres dans le cadre du partenariat de PetTech Solutions avec le Club Canin Canadien. Les membres du CCC peuvent se connecter au <strong><a href=\"https:\/\/www.ckc.ca\/en\/Login\" target=\"_blank\" rel=\"noopener noreferrer\">site Web r\u00e9serv\u00e9 aux membres<\/a><\/strong> ou contacter le Club Canin Canadien pour obtenir le code de r\u00e9duction r\u00e9serv\u00e9 aux membres. Vous n&rsquo;\u00eates pas membre du CKC ?<strong><a href=\"https:\/\/www.ckc.ca\/en\/Join-CKC\" target=\"_blank\" rel=\"noopener noreferrer\">Inscrivez-vous ici<\/a>.<\/strong><\/p>\n","protected":false},"excerpt":{"rendered":"<p><span style=\"font-weight: 400;\">Un petit appareil portatif pour d\u00e9terminer rapidement et facilement la grossesse canine, en toute s\u00e9curit\u00e9 et \u00e0 un prix abordable, \u00e0 la maison. <\/span><\/p>\n<p><span style=\"font-weight: 400;\">Le d\u00e9tecteur de grossesse Draminski pour chiens confirme ou exclut la grossesse en localisant le liquide amniotique dans l&rsquo;ut\u00e9rus gr\u00e2ce \u00e0 la r\u00e9flexion des ondes ultrasoniques.<\/span><\/p>\n","protected":false},"featured_media":1104,"template":"","meta":{"_acf_changed":false},"product_cat":[135,139],"product_tag":[],"pt_brand":[157],"acf":[],"yoast_head":"<!-- This site is optimized with the Yoast SEO plugin v22.2 - https:\/\/yoast.com\/wordpress\/plugins\/seo\/ -->\n<title>D\u00e9tecteur de grossesse canine | PetTech<\/title>\n<meta name=\"description\" content=\"D\u00e9terminez facilement la gestation canine \u00e0 l&#039;aide du d\u00e9tecteur de gestation Draminski. Cet appareil portatif utilise la r\u00e9flexion des ondes ultrasoniques pour confirmer ou exclure la gestation rapidement et \u00e0 un prix abordable \u00e0 la maison. Gagnez du temps et de l&#039;argent gr\u00e2ce \u00e0 des r\u00e9sultats imm\u00e9diats, \u00e9liminant ainsi le besoin de tests continus. G\u00e9rez les co\u00fbts, r\u00e9duisez le stress des animaux et confirmez l&#039;efficacit\u00e9 de l&#039;ins\u00e9mination gr\u00e2ce \u00e0 cet outil fiable. Les \u00e9leveurs de chiens professionnels du Canada lui font confiance. Pour en savoir plus.\" \/>\n<meta name=\"robots\" content=\"index, follow, max-snippet:-1, max-image-preview:large, max-video-preview:-1\" \/>\n<link rel=\"canonical\" href=\"https:\/\/pettechsolutions.com\/fr\/produit\/dog-pregnancy-detector-fr\" \/>\n<meta property=\"og:locale\" content=\"fr_FR\" \/>\n<meta property=\"og:type\" content=\"article\" \/>\n<meta property=\"og:title\" content=\"D\u00e9tecteur de grossesse canine | PetTech\" \/>\n<meta property=\"og:description\" content=\"D\u00e9terminez facilement la gestation canine \u00e0 l&#039;aide du d\u00e9tecteur de gestation Draminski. Cet appareil portatif utilise la r\u00e9flexion des ondes ultrasoniques pour confirmer ou exclure la gestation rapidement et \u00e0 un prix abordable \u00e0 la maison. Gagnez du temps et de l&#039;argent gr\u00e2ce \u00e0 des r\u00e9sultats imm\u00e9diats, \u00e9liminant ainsi le besoin de tests continus. G\u00e9rez les co\u00fbts, r\u00e9duisez le stress des animaux et confirmez l&#039;efficacit\u00e9 de l&#039;ins\u00e9mination gr\u00e2ce \u00e0 cet outil fiable. Les \u00e9leveurs de chiens professionnels du Canada lui font confiance. Pour en savoir plus.\" \/>\n<meta property=\"og:url\" content=\"https:\/\/pettechsolutions.com\/fr\/produit\/dog-pregnancy-detector-fr\" \/>\n<meta property=\"og:site_name\" content=\"PetTech\" \/>\n<meta property=\"article:publisher\" content=\"https:\/\/facebook.com\/pettechsolutions\" \/>\n<meta property=\"article:modified_time\" content=\"2025-06-10T13:16:44+00:00\" \/>\n<meta property=\"og:image\" content=\"https:\/\/pettechsolutions.com\/wp-content\/uploads\/2022\/06\/fsi-product-template_draminski_dog_pregnancy.png\" \/>\n\t<meta property=\"og:image:width\" content=\"1080\" \/>\n\t<meta property=\"og:image:height\" content=\"1080\" \/>\n\t<meta property=\"og:image:type\" content=\"image\/png\" \/>\n<meta name=\"twitter:card\" content=\"summary_large_image\" \/>\n<meta name=\"twitter:site\" content=\"@pettechsol\" \/>\n<meta name=\"twitter:label1\" content=\"Dur\u00e9e de lecture estim\u00e9e\" \/>\n\t<meta name=\"twitter:data1\" content=\"1 minute\" \/>\n<script type=\"application\/ld+json\" class=\"yoast-schema-graph\">{\"@context\":\"https:\/\/schema.org\",\"@graph\":[{\"@type\":\"WebPage\",\"@id\":\"https:\/\/pettechsolutions.com\/fr\/produit\/dog-pregnancy-detector-fr\",\"url\":\"https:\/\/pettechsolutions.com\/fr\/produit\/dog-pregnancy-detector-fr\",\"name\":\"D\u00e9tecteur de grossesse canine | PetTech\",\"isPartOf\":{\"@id\":\"https:\/\/pettechsolutions.com\/#website\"},\"primaryImageOfPage\":{\"@id\":\"https:\/\/pettechsolutions.com\/fr\/produit\/dog-pregnancy-detector-fr#primaryimage\"},\"image\":{\"@id\":\"https:\/\/pettechsolutions.com\/fr\/produit\/dog-pregnancy-detector-fr#primaryimage\"},\"thumbnailUrl\":\"https:\/\/pettechsolutions.com\/wp-content\/uploads\/2022\/06\/fsi-product-template_draminski_dog_pregnancy.png\",\"datePublished\":\"2022-06-24T19:53:30+00:00\",\"dateModified\":\"2025-06-10T13:16:44+00:00\",\"description\":\"D\u00e9terminez facilement la gestation canine \u00e0 l'aide du d\u00e9tecteur de gestation Draminski. Cet appareil portatif utilise la r\u00e9flexion des ondes ultrasoniques pour confirmer ou exclure la gestation rapidement et \u00e0 un prix abordable \u00e0 la maison. Gagnez du temps et de l'argent gr\u00e2ce \u00e0 des r\u00e9sultats imm\u00e9diats, \u00e9liminant ainsi le besoin de tests continus. G\u00e9rez les co\u00fbts, r\u00e9duisez le stress des animaux et confirmez l'efficacit\u00e9 de l'ins\u00e9mination gr\u00e2ce \u00e0 cet outil fiable. Les \u00e9leveurs de chiens professionnels du Canada lui font confiance. Pour en savoir plus.\",\"breadcrumb\":{\"@id\":\"https:\/\/pettechsolutions.com\/fr\/produit\/dog-pregnancy-detector-fr#breadcrumb\"},\"inLanguage\":\"fr-FR\",\"potentialAction\":[{\"@type\":\"ReadAction\",\"target\":[\"https:\/\/pettechsolutions.com\/fr\/produit\/dog-pregnancy-detector-fr\"]}]},{\"@type\":\"ImageObject\",\"inLanguage\":\"fr-FR\",\"@id\":\"https:\/\/pettechsolutions.com\/fr\/produit\/dog-pregnancy-detector-fr#primaryimage\",\"url\":\"https:\/\/pettechsolutions.com\/wp-content\/uploads\/2022\/06\/fsi-product-template_draminski_dog_pregnancy.png\",\"contentUrl\":\"https:\/\/pettechsolutions.com\/wp-content\/uploads\/2022\/06\/fsi-product-template_draminski_dog_pregnancy.png\",\"width\":1080,\"height\":1080},{\"@type\":\"BreadcrumbList\",\"@id\":\"https:\/\/pettechsolutions.com\/fr\/produit\/dog-pregnancy-detector-fr#breadcrumb\",\"itemListElement\":[{\"@type\":\"ListItem\",\"position\":1,\"name\":\"Home\",\"item\":\"https:\/\/pettechsolutions.com\/fr\"},{\"@type\":\"ListItem\",\"position\":2,\"name\":\"Boutique\",\"item\":\"https:\/\/pettechsolutions.com\/fr\/boutique\"},{\"@type\":\"ListItem\",\"position\":3,\"name\":\"D\u00e9tecteur de grossesse canine\"}]},{\"@type\":\"WebSite\",\"@id\":\"https:\/\/pettechsolutions.com\/#website\",\"url\":\"https:\/\/pettechsolutions.com\/\",\"name\":\"PetTech\",\"description\":\"produits d'\u00e9levage par excellence.\",\"publisher\":{\"@id\":\"https:\/\/pettechsolutions.com\/#organization\"},\"potentialAction\":[{\"@type\":\"SearchAction\",\"target\":{\"@type\":\"EntryPoint\",\"urlTemplate\":\"https:\/\/pettechsolutions.com\/?s={search_term_string}\"},\"query-input\":\"required name=search_term_string\"}],\"inLanguage\":\"fr-FR\"},{\"@type\":\"Organization\",\"@id\":\"https:\/\/pettechsolutions.com\/#organization\",\"name\":\"PetTech Solutions\",\"url\":\"https:\/\/pettechsolutions.com\/\",\"logo\":{\"@type\":\"ImageObject\",\"inLanguage\":\"fr-FR\",\"@id\":\"https:\/\/pettechsolutions.com\/#\/schema\/logo\/image\/\",\"url\":\"https:\/\/pettechsolutions.com\/wp-content\/uploads\/2022\/06\/pts_heart_logo.png\",\"contentUrl\":\"https:\/\/pettechsolutions.com\/wp-content\/uploads\/2022\/06\/pts_heart_logo.png\",\"width\":1080,\"height\":546,\"caption\":\"PetTech Solutions\"},\"image\":{\"@id\":\"https:\/\/pettechsolutions.com\/#\/schema\/logo\/image\/\"},\"sameAs\":[\"https:\/\/facebook.com\/pettechsolutions\",\"https:\/\/twitter.com\/pettechsol\",\"https:\/\/instagram.com\/pettechsol\"]}]}<\/script>\n<!-- \/ Yoast SEO plugin. -->","yoast_head_json":{"title":"D\u00e9tecteur de grossesse canine | PetTech","description":"D\u00e9terminez facilement la gestation canine \u00e0 l'aide du d\u00e9tecteur de gestation Draminski. Cet appareil portatif utilise la r\u00e9flexion des ondes ultrasoniques pour confirmer ou exclure la gestation rapidement et \u00e0 un prix abordable \u00e0 la maison. Gagnez du temps et de l'argent gr\u00e2ce \u00e0 des r\u00e9sultats imm\u00e9diats, \u00e9liminant ainsi le besoin de tests continus. G\u00e9rez les co\u00fbts, r\u00e9duisez le stress des animaux et confirmez l'efficacit\u00e9 de l'ins\u00e9mination gr\u00e2ce \u00e0 cet outil fiable. Les \u00e9leveurs de chiens professionnels du Canada lui font confiance. Pour en savoir plus.","robots":{"index":"index","follow":"follow","max-snippet":"max-snippet:-1","max-image-preview":"max-image-preview:large","max-video-preview":"max-video-preview:-1"},"canonical":"https:\/\/pettechsolutions.com\/fr\/produit\/dog-pregnancy-detector-fr","og_locale":"fr_FR","og_type":"article","og_title":"D\u00e9tecteur de grossesse canine | PetTech","og_description":"D\u00e9terminez facilement la gestation canine \u00e0 l'aide du d\u00e9tecteur de gestation Draminski. Cet appareil portatif utilise la r\u00e9flexion des ondes ultrasoniques pour confirmer ou exclure la gestation rapidement et \u00e0 un prix abordable \u00e0 la maison. Gagnez du temps et de l'argent gr\u00e2ce \u00e0 des r\u00e9sultats imm\u00e9diats, \u00e9liminant ainsi le besoin de tests continus. G\u00e9rez les co\u00fbts, r\u00e9duisez le stress des animaux et confirmez l'efficacit\u00e9 de l'ins\u00e9mination gr\u00e2ce \u00e0 cet outil fiable. Les \u00e9leveurs de chiens professionnels du Canada lui font confiance. Pour en savoir plus.","og_url":"https:\/\/pettechsolutions.com\/fr\/produit\/dog-pregnancy-detector-fr","og_site_name":"PetTech","article_publisher":"https:\/\/facebook.com\/pettechsolutions","article_modified_time":"2025-06-10T13:16:44+00:00","og_image":[{"width":1080,"height":1080,"url":"https:\/\/pettechsolutions.com\/wp-content\/uploads\/2022\/06\/fsi-product-template_draminski_dog_pregnancy.png","type":"image\/png"}],"twitter_card":"summary_large_image","twitter_site":"@pettechsol","twitter_misc":{"Dur\u00e9e de lecture estim\u00e9e":"1 minute"},"schema":{"@context":"https:\/\/schema.org","@graph":[{"@type":"WebPage","@id":"https:\/\/pettechsolutions.com\/fr\/produit\/dog-pregnancy-detector-fr","url":"https:\/\/pettechsolutions.com\/fr\/produit\/dog-pregnancy-detector-fr","name":"D\u00e9tecteur de grossesse canine | PetTech","isPartOf":{"@id":"https:\/\/pettechsolutions.com\/#website"},"primaryImageOfPage":{"@id":"https:\/\/pettechsolutions.com\/fr\/produit\/dog-pregnancy-detector-fr#primaryimage"},"image":{"@id":"https:\/\/pettechsolutions.com\/fr\/produit\/dog-pregnancy-detector-fr#primaryimage"},"thumbnailUrl":"https:\/\/pettechsolutions.com\/wp-content\/uploads\/2022\/06\/fsi-product-template_draminski_dog_pregnancy.png","datePublished":"2022-06-24T19:53:30+00:00","dateModified":"2025-06-10T13:16:44+00:00","description":"D\u00e9terminez facilement la gestation canine \u00e0 l'aide du d\u00e9tecteur de gestation Draminski. Cet appareil portatif utilise la r\u00e9flexion des ondes ultrasoniques pour confirmer ou exclure la gestation rapidement et \u00e0 un prix abordable \u00e0 la maison. Gagnez du temps et de l'argent gr\u00e2ce \u00e0 des r\u00e9sultats imm\u00e9diats, \u00e9liminant ainsi le besoin de tests continus. G\u00e9rez les co\u00fbts, r\u00e9duisez le stress des animaux et confirmez l'efficacit\u00e9 de l'ins\u00e9mination gr\u00e2ce \u00e0 cet outil fiable. Les \u00e9leveurs de chiens professionnels du Canada lui font confiance. Pour en savoir plus.","breadcrumb":{"@id":"https:\/\/pettechsolutions.com\/fr\/produit\/dog-pregnancy-detector-fr#breadcrumb"},"inLanguage":"fr-FR","potentialAction":[{"@type":"ReadAction","target":["https:\/\/pettechsolutions.com\/fr\/produit\/dog-pregnancy-detector-fr"]}]},{"@type":"ImageObject","inLanguage":"fr-FR","@id":"https:\/\/pettechsolutions.com\/fr\/produit\/dog-pregnancy-detector-fr#primaryimage","url":"https:\/\/pettechsolutions.com\/wp-content\/uploads\/2022\/06\/fsi-product-template_draminski_dog_pregnancy.png","contentUrl":"https:\/\/pettechsolutions.com\/wp-content\/uploads\/2022\/06\/fsi-product-template_draminski_dog_pregnancy.png","width":1080,"height":1080},{"@type":"BreadcrumbList","@id":"https:\/\/pettechsolutions.com\/fr\/produit\/dog-pregnancy-detector-fr#breadcrumb","itemListElement":[{"@type":"ListItem","position":1,"name":"Home","item":"https:\/\/pettechsolutions.com\/fr"},{"@type":"ListItem","position":2,"name":"Boutique","item":"https:\/\/pettechsolutions.com\/fr\/boutique"},{"@type":"ListItem","position":3,"name":"D\u00e9tecteur de grossesse canine"}]},{"@type":"WebSite","@id":"https:\/\/pettechsolutions.com\/#website","url":"https:\/\/pettechsolutions.com\/","name":"PetTech","description":"produits d'\u00e9levage par excellence.","publisher":{"@id":"https:\/\/pettechsolutions.com\/#organization"},"potentialAction":[{"@type":"SearchAction","target":{"@type":"EntryPoint","urlTemplate":"https:\/\/pettechsolutions.com\/?s={search_term_string}"},"query-input":"required name=search_term_string"}],"inLanguage":"fr-FR"},{"@type":"Organization","@id":"https:\/\/pettechsolutions.com\/#organization","name":"PetTech Solutions","url":"https:\/\/pettechsolutions.com\/","logo":{"@type":"ImageObject","inLanguage":"fr-FR","@id":"https:\/\/pettechsolutions.com\/#\/schema\/logo\/image\/","url":"https:\/\/pettechsolutions.com\/wp-content\/uploads\/2022\/06\/pts_heart_logo.png","contentUrl":"https:\/\/pettechsolutions.com\/wp-content\/uploads\/2022\/06\/pts_heart_logo.png","width":1080,"height":546,"caption":"PetTech Solutions"},"image":{"@id":"https:\/\/pettechsolutions.com\/#\/schema\/logo\/image\/"},"sameAs":["https:\/\/facebook.com\/pettechsolutions","https:\/\/twitter.com\/pettechsol","https:\/\/instagram.com\/pettechsol"]}]}},"jetpack_sharing_enabled":true,"_links":{"self":[{"href":"https:\/\/pettechsolutions.com\/fr\/wp-json\/wp\/v2\/product\/1491"}],"collection":[{"href":"https:\/\/pettechsolutions.com\/fr\/wp-json\/wp\/v2\/product"}],"about":[{"href":"https:\/\/pettechsolutions.com\/fr\/wp-json\/wp\/v2\/types\/product"}],"wp:featuredmedia":[{"embeddable":true,"href":"https:\/\/pettechsolutions.com\/fr\/wp-json\/wp\/v2\/media\/1104"}],"wp:attachment":[{"href":"https:\/\/pettechsolutions.com\/fr\/wp-json\/wp\/v2\/media?parent=1491"}],"wp:term":[{"taxonomy":"product_cat","embeddable":true,"href":"https:\/\/pettechsolutions.com\/fr\/wp-json\/wp\/v2\/product_cat?post=1491"},{"taxonomy":"product_tag","embeddable":true,"href":"https:\/\/pettechsolutions.com\/fr\/wp-json\/wp\/v2\/product_tag?post=1491"},{"taxonomy":"pt_brand","embeddable":true,"href":"https:\/\/pettechsolutions.com\/fr\/wp-json\/wp\/v2\/pt_brand?post=1491"}],"curies":[{"name":"wp","href":"https:\/\/api.w.org\/{rel}","templated":true}]}}