{"id":1490,"date":"2022-06-22T13:05:16","date_gmt":"2022-06-22T17:05:16","guid":{"rendered":"https:\/\/pettechsolutions.com\/product\/detecteur-dovulation-pour-chiens-2"},"modified":"2026-03-19T10:59:46","modified_gmt":"2026-03-19T14:59:46","slug":"dog-ovulation-detector-2-fr","status":"publish","type":"product","link":"https:\/\/pettechsolutions.com\/fr\/produit\/dog-ovulation-detector-2-fr","title":{"rendered":"D\u00e9tecteur d&rsquo;ovulation pour chiens 2"},"content":{"rendered":"<p>Le meilleur d\u00e9tecteur d&rsquo;ovulation pour chiens en vente au Canada ! L&rsquo;authentique d\u00e9tecteur d&rsquo;ovulation Draminski pour chiens. <\/p>\n<p>Extr\u00eamement rentable, l&rsquo;appareil s&rsquo;amortit en une seule reproduction. Utilis\u00e9 correctement, vous pouvez confirmer avec confiance que l&rsquo;ovulation est \u00e0 venir dans les 24 \u00e0 48 heures.<\/p>\n<p>L&rsquo;appareil mesure l&rsquo;imp\u00e9dance \u00e9lectrique du fluide vaginal de votre chienne qui augmente selon une tendance unique chez chaque chienne avant l&rsquo;ovulation. When used consistently as prescribed, this proven method of over 25 years effectively tracks timing when following the LH surge and progesterone levels are at their optimum to indicate when appropriate to proceed with insemination.<\/p>\n<p>Chez les canines, l&rsquo;ovulation se produit 48 heures apr\u00e8s la pouss\u00e9e de LH, apr\u00e8s quoi les ovules ont besoin de 48 heures. apr\u00e8s l&rsquo;ovulation pour que la maturation des ovocytes ait lieu. Ce qui permet g\u00e9n\u00e9ralement une br\u00e8ve fen\u00eatre de 3 jours de fertilit\u00e9 maximale.<\/p>\n<p>Les recherches montrent que le pic et le d\u00e9clin des relev\u00e9s effectu\u00e9s avec le d\u00e9tecteur d&rsquo;ovulation se produisent deux jours apr\u00e8s la pouss\u00e9e de LH. Les lectures de l&rsquo;appareil atteindront leur point culminant et commenceront \u00e0 diminuer environ deux jours apr\u00e8s, au moment de l&rsquo;ovulation. Il est recommand\u00e9 d&rsquo;ins\u00e9miner 24 heures (48 au plus tard) apr\u00e8s ce pic et cette diminution des r\u00e9sultats pour obtenir les meilleurs r\u00e9sultats.<\/p>\n<p>Gr\u00e2ce \u00e0 cette m\u00e9thode simple, les \u00e9leveurs peuvent d\u00e9tecter les troubles du cycle ovarien et d\u00e9terminer la meilleure date de saillie, m\u00eame si les sympt\u00f4mes externes ne l&rsquo;indiquent pas.<\/p>\n<p>R\u00e9sum\u00e9 des meilleures pratiques d&rsquo;utilisation du d\u00e9tecteur d&rsquo;ovulation Draminski Dog :<\/p>\n<ul>\n<li>Lorsque vous effectuez des mesures quotidiennes, assurez-vous que vous effectuez le test au m\u00eame moment de la journ\u00e9e pour chaque lecture.<\/li>\n<li>Un test toutes les 24 heures est id\u00e9al. Lorsque les lectures commencent \u00e0 augmenter, testez toutes les 12 heures pour obtenir les meilleurs r\u00e9sultats. Ne testez pas plus fr\u00e9quemment que toutes les 4 \u00e0 6 heures.<\/li>\n<li>La sonde du d\u00e9tecteur a \u00e9t\u00e9 con\u00e7ue pour \u00eatre utilis\u00e9e avec tous les types et toutes les tailles de races. Pour une utilisation s\u00fbre et confortable, il est essentiel de lire le manuel d&rsquo;utilisation.<\/li>\n<li>Trouvez la profondeur appropri\u00e9e pour ins\u00e9rer la sonde jusqu&rsquo;\u00e0 la glaire cervicale (la zone o\u00f9 vous trouverez une l\u00e9g\u00e8re r\u00e9sistance \u00e0 l&rsquo;insertion de la sonde).<\/li>\n<li>Ins\u00e9rez la sonde \u00e0 un angle confortable, c&rsquo;est-\u00e0-dire approximativement dans le sens des 11 heures sur un cadran d&rsquo;horloge (imaginez que le m\u00e2le qui p\u00e9n\u00e8tre dans la chienne vient vers elle par en dessous, en formant un angle).<\/li>\n<li>Prenez les mesures dans la m\u00eame position dans le vagin pour chaque test. C&rsquo;est essentiel pour obtenir des r\u00e9sultats fiables.<\/li>\n<li>Enregistrez et familiarisez-vous avec les relev\u00e9s uniques de chaque chienne pour observer la tendance et noter le relev\u00e9 le plus \u00e9lev\u00e9. Nous vous sugg\u00e9rons de faire cela pendant quelques cycles d&rsquo;ovulation pour comprendre la gamme des valeurs.<\/li>\n<li>Nettoyez et d\u00e9sinfectez la sonde avant et apr\u00e8s chaque utilisation. Les r\u00e9sidus sur le capteur de la sonde, y compris l&rsquo;urine ou l&rsquo;huile de votre peau, entra\u00eenent des r\u00e9sultats inexacts.<\/li>\n<\/ul>\n<p>Les membres du CCC peuvent se connecter au <strong><a href=\"https:\/\/www.ckc.ca\/en\/Login\" target=\"_blank\" rel=\"noopener noreferrer\">site Web r\u00e9serv\u00e9 aux membres<\/a><\/strong> ou contacter le Club Canin Canadien pour obtenir le code de r\u00e9duction r\u00e9serv\u00e9 aux membres. (Veuillez noter que les membres du CKC b\u00e9n\u00e9ficieront d&rsquo;une \u00e9conomie de 49,90 $ \u00e0 la caisse apr\u00e8s avoir appliqu\u00e9 le code de r\u00e9duction).<\/p>\n<p>Vous n&rsquo;\u00eates pas membre du CKC ?<strong><a href=\"https:\/\/www.ckc.ca\/en\/Join-CKC\">Inscrivez-vous ici<\/a>.<\/strong><\/p>\n<p>Veuillez noter que ces appareils ne sont pas retournables pour des raisons de s\u00e9curit\u00e9 et d&rsquo;hygi\u00e8ne, sauf bien s\u00fbr si votre produit est arriv\u00e9 endommag\u00e9 ou d\u00e9fectueux.<\/p>\n","protected":false},"excerpt":{"rendered":"<p>Le d\u00e9tecteur d&rsquo;ovulation pour chiens Draminski permet une identification imm\u00e9diate et pr\u00e9cise de l&rsquo;ovulation, m\u00eame en cas de \u00a0\u00bb chaleurs silencieuses \u00ab\u00a0, avec un minimum de travail et de d\u00e9penses. Le DOD 2 comprend plusieurs fonctionnalit\u00e9s am\u00e9lior\u00e9es, notamment une m\u00e9moire permettant de stocker, d&rsquo;enregistrer et de repr\u00e9senter automatiquement sous forme de graphique les r\u00e9sultats de tous vos chiens reproducteurs. Les r\u00e9sultats peuvent \u00eatre facilement t\u00e9l\u00e9charg\u00e9s sur votre ordinateur via le c\u00e2ble USB, tandis que l&rsquo;appareil original comprend des graphiques en papier pour le tra\u00e7age et le suivi des r\u00e9sultats. Veuillez noter que le logiciel est compatible avec les logiciels Microsoft uniquement.<\/p>\n","protected":false},"featured_media":1092,"template":"","meta":{"_acf_changed":false},"product_cat":[551,135,139],"product_tag":[573,569,552,526,507,559,554,557,567,565,555,553,563,561,571],"pt_brand":[157],"acf":[],"yoast_head":"<!-- This site is optimized with the Yoast SEO plugin v22.2 - https:\/\/yoast.com\/wordpress\/plugins\/seo\/ -->\n<title>D\u00e9tecteur d&#039;ovulation pour chiens 2 | PetTech<\/title>\n<meta name=\"description\" content=\"Le d\u00e9tecteur d&#039;ovulation pour chiens Draminski permet d&#039;assurer la pr\u00e9cision de l&#039;\u00e9levage. Cet appareil de pointe permet une identification imm\u00e9diate et pr\u00e9cise de l&#039;ovulation, m\u00eame pendant les chaleurs silencieuses, ce qui minimise le travail et les d\u00e9penses. Pr\u00e9voyez l&#039;ovulation jusqu&#039;\u00e0 48 heures \u00e0 l&#039;avance, optimisant ainsi l&#039;utilisation de la semence congel\u00e9e et r\u00e9duisant les visites co\u00fbteuses chez le v\u00e9t\u00e9rinaire. Avec des fonctions telles que les r\u00e9glages multilingues et le stockage des r\u00e9sultats, c&#039;est un outil indispensable pour les \u00e9leveurs canadiens qui cherchent \u00e0 maximiser le succ\u00e8s de l&#039;\u00e9levage et \u00e0 minimiser le stress. Pour en savoir plus.\" \/>\n<meta name=\"robots\" content=\"index, follow, max-snippet:-1, max-image-preview:large, max-video-preview:-1\" \/>\n<link rel=\"canonical\" href=\"https:\/\/pettechsolutions.com\/fr\/produit\/dog-ovulation-detector-2-fr\" \/>\n<meta property=\"og:locale\" content=\"fr_FR\" \/>\n<meta property=\"og:type\" content=\"article\" \/>\n<meta property=\"og:title\" content=\"D\u00e9tecteur d&#039;ovulation pour chiens 2 | PetTech\" \/>\n<meta property=\"og:description\" content=\"Le d\u00e9tecteur d&#039;ovulation pour chiens Draminski permet d&#039;assurer la pr\u00e9cision de l&#039;\u00e9levage. Cet appareil de pointe permet une identification imm\u00e9diate et pr\u00e9cise de l&#039;ovulation, m\u00eame pendant les chaleurs silencieuses, ce qui minimise le travail et les d\u00e9penses. Pr\u00e9voyez l&#039;ovulation jusqu&#039;\u00e0 48 heures \u00e0 l&#039;avance, optimisant ainsi l&#039;utilisation de la semence congel\u00e9e et r\u00e9duisant les visites co\u00fbteuses chez le v\u00e9t\u00e9rinaire. Avec des fonctions telles que les r\u00e9glages multilingues et le stockage des r\u00e9sultats, c&#039;est un outil indispensable pour les \u00e9leveurs canadiens qui cherchent \u00e0 maximiser le succ\u00e8s de l&#039;\u00e9levage et \u00e0 minimiser le stress. Pour en savoir plus.\" \/>\n<meta property=\"og:url\" content=\"https:\/\/pettechsolutions.com\/fr\/produit\/dog-ovulation-detector-2-fr\" \/>\n<meta property=\"og:site_name\" content=\"PetTech\" \/>\n<meta property=\"article:publisher\" content=\"https:\/\/facebook.com\/pettechsolutions\" \/>\n<meta property=\"article:modified_time\" content=\"2026-03-19T14:59:46+00:00\" \/>\n<meta property=\"og:image\" content=\"https:\/\/pettechsolutions.com\/wp-content\/uploads\/2022\/06\/fsi-product-template_draminski_dog_ovulation_detector_22.png\" \/>\n\t<meta property=\"og:image:width\" content=\"1080\" \/>\n\t<meta property=\"og:image:height\" content=\"1080\" \/>\n\t<meta property=\"og:image:type\" content=\"image\/png\" \/>\n<meta name=\"twitter:card\" content=\"summary_large_image\" \/>\n<meta name=\"twitter:site\" content=\"@pettechsol\" \/>\n<meta name=\"twitter:label1\" content=\"Dur\u00e9e de lecture estim\u00e9e\" \/>\n\t<meta name=\"twitter:data1\" content=\"3 minutes\" \/>\n<script type=\"application\/ld+json\" class=\"yoast-schema-graph\">{\"@context\":\"https:\/\/schema.org\",\"@graph\":[{\"@type\":\"WebPage\",\"@id\":\"https:\/\/pettechsolutions.com\/fr\/produit\/dog-ovulation-detector-2-fr\",\"url\":\"https:\/\/pettechsolutions.com\/fr\/produit\/dog-ovulation-detector-2-fr\",\"name\":\"D\u00e9tecteur d'ovulation pour chiens 2 | PetTech\",\"isPartOf\":{\"@id\":\"https:\/\/pettechsolutions.com\/#website\"},\"primaryImageOfPage\":{\"@id\":\"https:\/\/pettechsolutions.com\/fr\/produit\/dog-ovulation-detector-2-fr#primaryimage\"},\"image\":{\"@id\":\"https:\/\/pettechsolutions.com\/fr\/produit\/dog-ovulation-detector-2-fr#primaryimage\"},\"thumbnailUrl\":\"https:\/\/pettechsolutions.com\/wp-content\/uploads\/2022\/06\/fsi-product-template_draminski_dog_ovulation_detector_22.png\",\"datePublished\":\"2022-06-22T17:05:16+00:00\",\"dateModified\":\"2026-03-19T14:59:46+00:00\",\"description\":\"Le d\u00e9tecteur d'ovulation pour chiens Draminski permet d'assurer la pr\u00e9cision de l'\u00e9levage. Cet appareil de pointe permet une identification imm\u00e9diate et pr\u00e9cise de l'ovulation, m\u00eame pendant les chaleurs silencieuses, ce qui minimise le travail et les d\u00e9penses. Pr\u00e9voyez l'ovulation jusqu'\u00e0 48 heures \u00e0 l'avance, optimisant ainsi l'utilisation de la semence congel\u00e9e et r\u00e9duisant les visites co\u00fbteuses chez le v\u00e9t\u00e9rinaire. Avec des fonctions telles que les r\u00e9glages multilingues et le stockage des r\u00e9sultats, c'est un outil indispensable pour les \u00e9leveurs canadiens qui cherchent \u00e0 maximiser le succ\u00e8s de l'\u00e9levage et \u00e0 minimiser le stress. Pour en savoir plus.\",\"breadcrumb\":{\"@id\":\"https:\/\/pettechsolutions.com\/fr\/produit\/dog-ovulation-detector-2-fr#breadcrumb\"},\"inLanguage\":\"fr-FR\",\"potentialAction\":[{\"@type\":\"ReadAction\",\"target\":[\"https:\/\/pettechsolutions.com\/fr\/produit\/dog-ovulation-detector-2-fr\"]}]},{\"@type\":\"ImageObject\",\"inLanguage\":\"fr-FR\",\"@id\":\"https:\/\/pettechsolutions.com\/fr\/produit\/dog-ovulation-detector-2-fr#primaryimage\",\"url\":\"https:\/\/pettechsolutions.com\/wp-content\/uploads\/2022\/06\/fsi-product-template_draminski_dog_ovulation_detector_22.png\",\"contentUrl\":\"https:\/\/pettechsolutions.com\/wp-content\/uploads\/2022\/06\/fsi-product-template_draminski_dog_ovulation_detector_22.png\",\"width\":1080,\"height\":1080,\"caption\":\"D\u00e9tecteur d'ovulation pour chiens Draminski 2\"},{\"@type\":\"BreadcrumbList\",\"@id\":\"https:\/\/pettechsolutions.com\/fr\/produit\/dog-ovulation-detector-2-fr#breadcrumb\",\"itemListElement\":[{\"@type\":\"ListItem\",\"position\":1,\"name\":\"Home\",\"item\":\"https:\/\/pettechsolutions.com\/fr\"},{\"@type\":\"ListItem\",\"position\":2,\"name\":\"Boutique\",\"item\":\"https:\/\/pettechsolutions.com\/fr\/boutique\"},{\"@type\":\"ListItem\",\"position\":3,\"name\":\"D\u00e9tecteur d&rsquo;ovulation pour chiens 2\"}]},{\"@type\":\"WebSite\",\"@id\":\"https:\/\/pettechsolutions.com\/#website\",\"url\":\"https:\/\/pettechsolutions.com\/\",\"name\":\"PetTech\",\"description\":\"produits d'\u00e9levage par excellence.\",\"publisher\":{\"@id\":\"https:\/\/pettechsolutions.com\/#organization\"},\"potentialAction\":[{\"@type\":\"SearchAction\",\"target\":{\"@type\":\"EntryPoint\",\"urlTemplate\":\"https:\/\/pettechsolutions.com\/?s={search_term_string}\"},\"query-input\":\"required name=search_term_string\"}],\"inLanguage\":\"fr-FR\"},{\"@type\":\"Organization\",\"@id\":\"https:\/\/pettechsolutions.com\/#organization\",\"name\":\"PetTech Solutions\",\"url\":\"https:\/\/pettechsolutions.com\/\",\"logo\":{\"@type\":\"ImageObject\",\"inLanguage\":\"fr-FR\",\"@id\":\"https:\/\/pettechsolutions.com\/#\/schema\/logo\/image\/\",\"url\":\"https:\/\/pettechsolutions.com\/wp-content\/uploads\/2022\/06\/pts_heart_logo.png\",\"contentUrl\":\"https:\/\/pettechsolutions.com\/wp-content\/uploads\/2022\/06\/pts_heart_logo.png\",\"width\":1080,\"height\":546,\"caption\":\"PetTech Solutions\"},\"image\":{\"@id\":\"https:\/\/pettechsolutions.com\/#\/schema\/logo\/image\/\"},\"sameAs\":[\"https:\/\/facebook.com\/pettechsolutions\",\"https:\/\/twitter.com\/pettechsol\",\"https:\/\/instagram.com\/pettechsol\"]}]}<\/script>\n<!-- \/ Yoast SEO plugin. -->","yoast_head_json":{"title":"D\u00e9tecteur d'ovulation pour chiens 2 | PetTech","description":"Le d\u00e9tecteur d'ovulation pour chiens Draminski permet d'assurer la pr\u00e9cision de l'\u00e9levage. Cet appareil de pointe permet une identification imm\u00e9diate et pr\u00e9cise de l'ovulation, m\u00eame pendant les chaleurs silencieuses, ce qui minimise le travail et les d\u00e9penses. Pr\u00e9voyez l'ovulation jusqu'\u00e0 48 heures \u00e0 l'avance, optimisant ainsi l'utilisation de la semence congel\u00e9e et r\u00e9duisant les visites co\u00fbteuses chez le v\u00e9t\u00e9rinaire. Avec des fonctions telles que les r\u00e9glages multilingues et le stockage des r\u00e9sultats, c'est un outil indispensable pour les \u00e9leveurs canadiens qui cherchent \u00e0 maximiser le succ\u00e8s de l'\u00e9levage et \u00e0 minimiser le stress. Pour en savoir plus.","robots":{"index":"index","follow":"follow","max-snippet":"max-snippet:-1","max-image-preview":"max-image-preview:large","max-video-preview":"max-video-preview:-1"},"canonical":"https:\/\/pettechsolutions.com\/fr\/produit\/dog-ovulation-detector-2-fr","og_locale":"fr_FR","og_type":"article","og_title":"D\u00e9tecteur d'ovulation pour chiens 2 | PetTech","og_description":"Le d\u00e9tecteur d'ovulation pour chiens Draminski permet d'assurer la pr\u00e9cision de l'\u00e9levage. Cet appareil de pointe permet une identification imm\u00e9diate et pr\u00e9cise de l'ovulation, m\u00eame pendant les chaleurs silencieuses, ce qui minimise le travail et les d\u00e9penses. Pr\u00e9voyez l'ovulation jusqu'\u00e0 48 heures \u00e0 l'avance, optimisant ainsi l'utilisation de la semence congel\u00e9e et r\u00e9duisant les visites co\u00fbteuses chez le v\u00e9t\u00e9rinaire. Avec des fonctions telles que les r\u00e9glages multilingues et le stockage des r\u00e9sultats, c'est un outil indispensable pour les \u00e9leveurs canadiens qui cherchent \u00e0 maximiser le succ\u00e8s de l'\u00e9levage et \u00e0 minimiser le stress. Pour en savoir plus.","og_url":"https:\/\/pettechsolutions.com\/fr\/produit\/dog-ovulation-detector-2-fr","og_site_name":"PetTech","article_publisher":"https:\/\/facebook.com\/pettechsolutions","article_modified_time":"2026-03-19T14:59:46+00:00","og_image":[{"width":1080,"height":1080,"url":"https:\/\/pettechsolutions.com\/wp-content\/uploads\/2022\/06\/fsi-product-template_draminski_dog_ovulation_detector_22.png","type":"image\/png"}],"twitter_card":"summary_large_image","twitter_site":"@pettechsol","twitter_misc":{"Dur\u00e9e de lecture estim\u00e9e":"3 minutes"},"schema":{"@context":"https:\/\/schema.org","@graph":[{"@type":"WebPage","@id":"https:\/\/pettechsolutions.com\/fr\/produit\/dog-ovulation-detector-2-fr","url":"https:\/\/pettechsolutions.com\/fr\/produit\/dog-ovulation-detector-2-fr","name":"D\u00e9tecteur d'ovulation pour chiens 2 | PetTech","isPartOf":{"@id":"https:\/\/pettechsolutions.com\/#website"},"primaryImageOfPage":{"@id":"https:\/\/pettechsolutions.com\/fr\/produit\/dog-ovulation-detector-2-fr#primaryimage"},"image":{"@id":"https:\/\/pettechsolutions.com\/fr\/produit\/dog-ovulation-detector-2-fr#primaryimage"},"thumbnailUrl":"https:\/\/pettechsolutions.com\/wp-content\/uploads\/2022\/06\/fsi-product-template_draminski_dog_ovulation_detector_22.png","datePublished":"2022-06-22T17:05:16+00:00","dateModified":"2026-03-19T14:59:46+00:00","description":"Le d\u00e9tecteur d'ovulation pour chiens Draminski permet d'assurer la pr\u00e9cision de l'\u00e9levage. Cet appareil de pointe permet une identification imm\u00e9diate et pr\u00e9cise de l'ovulation, m\u00eame pendant les chaleurs silencieuses, ce qui minimise le travail et les d\u00e9penses. Pr\u00e9voyez l'ovulation jusqu'\u00e0 48 heures \u00e0 l'avance, optimisant ainsi l'utilisation de la semence congel\u00e9e et r\u00e9duisant les visites co\u00fbteuses chez le v\u00e9t\u00e9rinaire. Avec des fonctions telles que les r\u00e9glages multilingues et le stockage des r\u00e9sultats, c'est un outil indispensable pour les \u00e9leveurs canadiens qui cherchent \u00e0 maximiser le succ\u00e8s de l'\u00e9levage et \u00e0 minimiser le stress. Pour en savoir plus.","breadcrumb":{"@id":"https:\/\/pettechsolutions.com\/fr\/produit\/dog-ovulation-detector-2-fr#breadcrumb"},"inLanguage":"fr-FR","potentialAction":[{"@type":"ReadAction","target":["https:\/\/pettechsolutions.com\/fr\/produit\/dog-ovulation-detector-2-fr"]}]},{"@type":"ImageObject","inLanguage":"fr-FR","@id":"https:\/\/pettechsolutions.com\/fr\/produit\/dog-ovulation-detector-2-fr#primaryimage","url":"https:\/\/pettechsolutions.com\/wp-content\/uploads\/2022\/06\/fsi-product-template_draminski_dog_ovulation_detector_22.png","contentUrl":"https:\/\/pettechsolutions.com\/wp-content\/uploads\/2022\/06\/fsi-product-template_draminski_dog_ovulation_detector_22.png","width":1080,"height":1080,"caption":"D\u00e9tecteur d'ovulation pour chiens Draminski 2"},{"@type":"BreadcrumbList","@id":"https:\/\/pettechsolutions.com\/fr\/produit\/dog-ovulation-detector-2-fr#breadcrumb","itemListElement":[{"@type":"ListItem","position":1,"name":"Home","item":"https:\/\/pettechsolutions.com\/fr"},{"@type":"ListItem","position":2,"name":"Boutique","item":"https:\/\/pettechsolutions.com\/fr\/boutique"},{"@type":"ListItem","position":3,"name":"D\u00e9tecteur d&rsquo;ovulation pour chiens 2"}]},{"@type":"WebSite","@id":"https:\/\/pettechsolutions.com\/#website","url":"https:\/\/pettechsolutions.com\/","name":"PetTech","description":"produits d'\u00e9levage par excellence.","publisher":{"@id":"https:\/\/pettechsolutions.com\/#organization"},"potentialAction":[{"@type":"SearchAction","target":{"@type":"EntryPoint","urlTemplate":"https:\/\/pettechsolutions.com\/?s={search_term_string}"},"query-input":"required name=search_term_string"}],"inLanguage":"fr-FR"},{"@type":"Organization","@id":"https:\/\/pettechsolutions.com\/#organization","name":"PetTech Solutions","url":"https:\/\/pettechsolutions.com\/","logo":{"@type":"ImageObject","inLanguage":"fr-FR","@id":"https:\/\/pettechsolutions.com\/#\/schema\/logo\/image\/","url":"https:\/\/pettechsolutions.com\/wp-content\/uploads\/2022\/06\/pts_heart_logo.png","contentUrl":"https:\/\/pettechsolutions.com\/wp-content\/uploads\/2022\/06\/pts_heart_logo.png","width":1080,"height":546,"caption":"PetTech Solutions"},"image":{"@id":"https:\/\/pettechsolutions.com\/#\/schema\/logo\/image\/"},"sameAs":["https:\/\/facebook.com\/pettechsolutions","https:\/\/twitter.com\/pettechsol","https:\/\/instagram.com\/pettechsol"]}]}},"jetpack_sharing_enabled":true,"_links":{"self":[{"href":"https:\/\/pettechsolutions.com\/fr\/wp-json\/wp\/v2\/product\/1490"}],"collection":[{"href":"https:\/\/pettechsolutions.com\/fr\/wp-json\/wp\/v2\/product"}],"about":[{"href":"https:\/\/pettechsolutions.com\/fr\/wp-json\/wp\/v2\/types\/product"}],"wp:featuredmedia":[{"embeddable":true,"href":"https:\/\/pettechsolutions.com\/fr\/wp-json\/wp\/v2\/media\/1092"}],"wp:attachment":[{"href":"https:\/\/pettechsolutions.com\/fr\/wp-json\/wp\/v2\/media?parent=1490"}],"wp:term":[{"taxonomy":"product_cat","embeddable":true,"href":"https:\/\/pettechsolutions.com\/fr\/wp-json\/wp\/v2\/product_cat?post=1490"},{"taxonomy":"product_tag","embeddable":true,"href":"https:\/\/pettechsolutions.com\/fr\/wp-json\/wp\/v2\/product_tag?post=1490"},{"taxonomy":"pt_brand","embeddable":true,"href":"https:\/\/pettechsolutions.com\/fr\/wp-json\/wp\/v2\/pt_brand?post=1490"}],"curies":[{"name":"wp","href":"https:\/\/api.w.org\/{rel}","templated":true}]}}