{"id":1484,"date":"2022-09-26T13:32:17","date_gmt":"2022-09-26T17:32:17","guid":{"rendered":"https:\/\/pettechsolutions.com\/product\/sonde-micro-convexe-abdominale-pour-scanx"},"modified":"2025-06-10T09:16:23","modified_gmt":"2025-06-10T13:16:23","slug":"abdominal-convex-probe-for-scanx-fr","status":"publish","type":"product","link":"https:\/\/pettechsolutions.com\/fr\/produit\/abdominal-convex-probe-for-scanx-fr","title":{"rendered":"Sonde d&rsquo;\u00e9chographie abdominale micro-convexe pour ScanX"},"content":{"rendered":"<div class=\"flex flex-grow flex-col max-w-full\">\n<div class=\"min-h-[20px] text-message flex w-full flex-col items-end gap-2 whitespace-pre-wrap break-words [.text-message+&amp;]:mt-5 overflow-x-auto\" dir=\"auto\" data-message-author-role=\"assistant\" data-message-id=\"2ecb39f1-47ab-4ef5-9e4c-dfff4dfa2c32\">\n<div class=\"flex w-full flex-col gap-1 empty:hidden first:pt-[3px]\">\n<div class=\"markdown prose w-full break-words dark:prose-invert light\">\n<h3>Sonde micro-convexe abdominale pour Scan X Ultrasound<\/h3>\n<h4>Vue d&rsquo;ensemble<\/h4>\n<p>La micro-sonde convexe abdominale est con\u00e7ue sp\u00e9cifiquement pour les examens abdominaux et reproductifs des petits animaux. Son encombrement r\u00e9duit et sa fr\u00e9quence plus \u00e9lev\u00e9e en font un outil id\u00e9al pour les \u00e9leveurs de chats et de chiens qui doivent scanner des animaux de petite ou moyenne taille. <\/p>\n<h4>Caract\u00e9ristiques principales<\/h4>\n<ul>\n<li><strong>Id\u00e9al pour les petits animaux :<\/strong> Parfait pour scanner les petits chiens, les chats et les petites races de ch\u00e8vres.<\/li>\n<li><strong>Encombrement r\u00e9duit :<\/strong> Plus facile \u00e0 man\u0153uvrer autour des petits animaux.<\/li>\n<li><strong>Fr\u00e9quence plus \u00e9lev\u00e9e :<\/strong> Permet d&rsquo;obtenir des images plus claires et des scans plus d\u00e9taill\u00e9s.<\/li>\n<\/ul>\n<h4>Races adapt\u00e9es<\/h4>\n<p>Cette sonde est id\u00e9ale pour les races de petite et moyenne taille, en particulier celles qui sont plus maigres que les races g\u00e9antes. Les races qui conviennent sont les suivantes : <\/p>\n<ul>\n<li><strong>Petits chiens :<\/strong> chihuahua, caniche nain, terrier du Yorkshire, teckel, shih tzu, west highland white terrier.<\/li>\n<li><strong>Chiens de taille moyenne :<\/strong> p\u00e9kinois, corgi, \u00e9pagneul cocker, border collie, doberman, labrador, berger allemand, rottweiler, caniche standard.<\/li>\n<li><strong>Chats et petites ch\u00e8vres :<\/strong> Con\u00e7u pour les petits animaux n\u00e9cessitant des examens d\u00e9taill\u00e9s de l&rsquo;abdomen et de la reproduction.<\/li>\n<\/ul>\n<h4>Sp\u00e9cifications techniques<\/h4>\n<ul>\n<li><strong>Nombre de cristaux :<\/strong> 80 cristaux pour une imagerie \u00e0 haute r\u00e9solution.<\/li>\n<li><strong>Rayon :<\/strong> 15 mm, permettant un balayage pr\u00e9cis.<\/li>\n<li><strong>Gamme de fr\u00e9quences :<\/strong> 5-8,5 MHz, avec une fr\u00e9quence principale de 6,5 MHz.<\/li>\n<li><strong>Profondeur de balayage :<\/strong> Jusqu&rsquo;\u00e0 15 cm, ce qui permet d&rsquo;obtenir des vues internes compl\u00e8tes.<\/li>\n<\/ul>\n<p>Cette sonde micro-convexe garantit une imagerie de haute qualit\u00e9 pour l&rsquo;examen des petits animaux, ce qui en fait un outil pr\u00e9cieux pour les \u00e9leveurs et les v\u00e9t\u00e9rinaires qui s&rsquo;int\u00e9ressent aux races de petite et moyenne taille.<\/p>\n<\/div>\n<\/div>\n<\/div>\n<\/div>\n<p><strong>Garantie du fabricant &#8211; 1 an<\/strong><\/p>\n<p><strong>Sp\u00e9cifications :<\/strong><\/p>\n<ul>\n<li>Fr\u00e9quence : 5-8,5 MHz<\/li>\n<li>Empreinte au sol : 15mm<\/li>\n<li>Nombre de cristaux : 80<\/li>\n<li>Profondeur de balayage : 10-150mm<\/li>\n<\/ul>\n<h3>Membres du Club canin canadien<\/h3>\n<p>Dans le cadre de son partenariat avec le Club canin canadien, PetTech est fier de vous soutenir, vous et ce que vous aimez le plus ! Qu&rsquo;il s&rsquo;agisse de vous encourager lors de salons et d&rsquo;\u00e9v\u00e9nements, de vous proposer des lancements, des produits, des formations et des \u00e9conomies exclusifs aux membres. Les membres peuvent se connecter au <a href=\"https:\/\/www.ckc.ca\/en\" target=\"_blank\" rel=\"noopener noreferrer\">site r\u00e9serv\u00e9 aux membres du CCC <\/a>pour obtenir leur code de r\u00e9duction.<\/p>\n<p>Vous avez besoin d&rsquo;un <a href=\"https:\/\/pettechsolutions.com\/fr\/produit\/multi-purpose-ultrasound-gel-8oz-fr\">gel pour les ultrasons<\/a>, trouvez-le ici !<\/p>\n<p>En savoir <a href=\"https:\/\/www.facebook.com\/share\/p\/fKiP4U45paHevR64\/\">plus<\/a> sur le choix de la bonne sonde pour l&rsquo;\u00e9chographie de gestation des chiens et des chats.<\/p>\n<p>&nbsp;<\/p>\n","protected":false},"excerpt":{"rendered":"<p>Cette sonde est id\u00e9ale pour les races de petite et moyenne taille, en particulier celles qui sont plus maigres que les races g\u00e9antes. Les races qui conviennent sont les suivantes : <\/p>\n<ul>\n<li><strong>Petits chiens :<\/strong> chihuahua, caniche nain, terrier du Yorkshire, teckel, shih tzu, west highland white terrier.<\/li>\n<li><strong>Chiens de taille moyenne :<\/strong> p\u00e9kinois, corgi, \u00e9pagneul cocker, border collie, doberman, labrador, berger allemand, rottweiler, caniche standard.<\/li>\n<li><strong>Chats et petites ch\u00e8vres :<\/strong> Con\u00e7u pour les petits animaux n\u00e9cessitant des examens d\u00e9taill\u00e9s de l&rsquo;abdomen et de la reproduction.<\/li>\n<\/ul>\n","protected":false},"featured_media":1539,"template":"","meta":{"_acf_changed":false},"product_cat":[135,141],"product_tag":[484,483,478,516,477,480,479,487,489,490,481,482,488,527,218],"pt_brand":[159],"acf":[],"yoast_head":"<!-- This site is optimized with the Yoast SEO plugin v22.2 - https:\/\/yoast.com\/wordpress\/plugins\/seo\/ -->\n<title>Sonde d&#039;\u00e9chographie abdominale micro-convexe pour ScanX | PetTech<\/title>\n<meta name=\"description\" content=\"D\u00e9couvrez la sonde \u00e0 ultrasons id\u00e9ale pour les chats et les \u00e9leveurs de chiens de petite et moyenne taille. Notre sonde micro-convexe offre une haute r\u00e9solution et une p\u00e9n\u00e9tration peu profonde gr\u00e2ce \u00e0 son encombrement r\u00e9duit et \u00e0 sa fr\u00e9quence plus \u00e9lev\u00e9e, ce qui la rend parfaite pour l&#039;examen des chiens et des chats de petite race. Les \u00e9leveurs lui font confiance pour sa capacit\u00e9 \u00e0 fournir de superbes scans haute r\u00e9solution et \u00e0 garantir des \u00e9valuations pr\u00e9cises de la gestation en toute simplicit\u00e9.\" \/>\n<meta name=\"robots\" content=\"index, follow, max-snippet:-1, max-image-preview:large, max-video-preview:-1\" \/>\n<link rel=\"canonical\" href=\"https:\/\/pettechsolutions.com\/fr\/produit\/abdominal-convex-probe-for-scanx-fr\" \/>\n<meta property=\"og:locale\" content=\"fr_FR\" \/>\n<meta property=\"og:type\" content=\"article\" \/>\n<meta property=\"og:title\" content=\"Sonde d&#039;\u00e9chographie abdominale micro-convexe pour ScanX | PetTech\" \/>\n<meta property=\"og:description\" content=\"D\u00e9couvrez la sonde \u00e0 ultrasons id\u00e9ale pour les chats et les \u00e9leveurs de chiens de petite et moyenne taille. Notre sonde micro-convexe offre une haute r\u00e9solution et une p\u00e9n\u00e9tration peu profonde gr\u00e2ce \u00e0 son encombrement r\u00e9duit et \u00e0 sa fr\u00e9quence plus \u00e9lev\u00e9e, ce qui la rend parfaite pour l&#039;examen des chiens et des chats de petite race. Les \u00e9leveurs lui font confiance pour sa capacit\u00e9 \u00e0 fournir de superbes scans haute r\u00e9solution et \u00e0 garantir des \u00e9valuations pr\u00e9cises de la gestation en toute simplicit\u00e9.\" \/>\n<meta property=\"og:url\" content=\"https:\/\/pettechsolutions.com\/fr\/produit\/abdominal-convex-probe-for-scanx-fr\" \/>\n<meta property=\"og:site_name\" content=\"PetTech\" \/>\n<meta property=\"article:publisher\" content=\"https:\/\/facebook.com\/pettechsolutions\" \/>\n<meta property=\"article:modified_time\" content=\"2025-06-10T13:16:23+00:00\" \/>\n<meta property=\"og:image\" content=\"https:\/\/pettechsolutions.com\/wp-content\/uploads\/2022\/09\/Micro-Convex-scaled.jpg\" \/>\n\t<meta property=\"og:image:width\" content=\"2560\" \/>\n\t<meta property=\"og:image:height\" content=\"1885\" \/>\n\t<meta property=\"og:image:type\" content=\"image\/jpeg\" \/>\n<meta name=\"twitter:card\" content=\"summary_large_image\" \/>\n<meta name=\"twitter:site\" content=\"@pettechsol\" \/>\n<meta name=\"twitter:label1\" content=\"Dur\u00e9e de lecture estim\u00e9e\" \/>\n\t<meta name=\"twitter:data1\" content=\"2 minutes\" \/>\n<script type=\"application\/ld+json\" class=\"yoast-schema-graph\">{\"@context\":\"https:\/\/schema.org\",\"@graph\":[{\"@type\":\"WebPage\",\"@id\":\"https:\/\/pettechsolutions.com\/fr\/produit\/abdominal-convex-probe-for-scanx-fr\",\"url\":\"https:\/\/pettechsolutions.com\/fr\/produit\/abdominal-convex-probe-for-scanx-fr\",\"name\":\"Sonde d'\u00e9chographie abdominale micro-convexe pour ScanX | PetTech\",\"isPartOf\":{\"@id\":\"https:\/\/pettechsolutions.com\/#website\"},\"primaryImageOfPage\":{\"@id\":\"https:\/\/pettechsolutions.com\/fr\/produit\/abdominal-convex-probe-for-scanx-fr#primaryimage\"},\"image\":{\"@id\":\"https:\/\/pettechsolutions.com\/fr\/produit\/abdominal-convex-probe-for-scanx-fr#primaryimage\"},\"thumbnailUrl\":\"https:\/\/pettechsolutions.com\/wp-content\/uploads\/2022\/09\/Micro-Convex-scaled.jpg\",\"datePublished\":\"2022-09-26T17:32:17+00:00\",\"dateModified\":\"2025-06-10T13:16:23+00:00\",\"description\":\"D\u00e9couvrez la sonde \u00e0 ultrasons id\u00e9ale pour les chats et les \u00e9leveurs de chiens de petite et moyenne taille. Notre sonde micro-convexe offre une haute r\u00e9solution et une p\u00e9n\u00e9tration peu profonde gr\u00e2ce \u00e0 son encombrement r\u00e9duit et \u00e0 sa fr\u00e9quence plus \u00e9lev\u00e9e, ce qui la rend parfaite pour l'examen des chiens et des chats de petite race. Les \u00e9leveurs lui font confiance pour sa capacit\u00e9 \u00e0 fournir de superbes scans haute r\u00e9solution et \u00e0 garantir des \u00e9valuations pr\u00e9cises de la gestation en toute simplicit\u00e9.\",\"breadcrumb\":{\"@id\":\"https:\/\/pettechsolutions.com\/fr\/produit\/abdominal-convex-probe-for-scanx-fr#breadcrumb\"},\"inLanguage\":\"fr-FR\",\"potentialAction\":[{\"@type\":\"ReadAction\",\"target\":[\"https:\/\/pettechsolutions.com\/fr\/produit\/abdominal-convex-probe-for-scanx-fr\"]}]},{\"@type\":\"ImageObject\",\"inLanguage\":\"fr-FR\",\"@id\":\"https:\/\/pettechsolutions.com\/fr\/produit\/abdominal-convex-probe-for-scanx-fr#primaryimage\",\"url\":\"https:\/\/pettechsolutions.com\/wp-content\/uploads\/2022\/09\/Micro-Convex-scaled.jpg\",\"contentUrl\":\"https:\/\/pettechsolutions.com\/wp-content\/uploads\/2022\/09\/Micro-Convex-scaled.jpg\",\"width\":2560,\"height\":1885,\"caption\":\"The ideal ultrasound probe for pregnancy scans in small to medium dogs and cats.\"},{\"@type\":\"BreadcrumbList\",\"@id\":\"https:\/\/pettechsolutions.com\/fr\/produit\/abdominal-convex-probe-for-scanx-fr#breadcrumb\",\"itemListElement\":[{\"@type\":\"ListItem\",\"position\":1,\"name\":\"Home\",\"item\":\"https:\/\/pettechsolutions.com\/fr\"},{\"@type\":\"ListItem\",\"position\":2,\"name\":\"Boutique\",\"item\":\"https:\/\/pettechsolutions.com\/fr\/boutique\"},{\"@type\":\"ListItem\",\"position\":3,\"name\":\"Sonde d&rsquo;\u00e9chographie abdominale micro-convexe pour ScanX\"}]},{\"@type\":\"WebSite\",\"@id\":\"https:\/\/pettechsolutions.com\/#website\",\"url\":\"https:\/\/pettechsolutions.com\/\",\"name\":\"PetTech\",\"description\":\"produits d'\u00e9levage par excellence.\",\"publisher\":{\"@id\":\"https:\/\/pettechsolutions.com\/#organization\"},\"potentialAction\":[{\"@type\":\"SearchAction\",\"target\":{\"@type\":\"EntryPoint\",\"urlTemplate\":\"https:\/\/pettechsolutions.com\/?s={search_term_string}\"},\"query-input\":\"required name=search_term_string\"}],\"inLanguage\":\"fr-FR\"},{\"@type\":\"Organization\",\"@id\":\"https:\/\/pettechsolutions.com\/#organization\",\"name\":\"PetTech Solutions\",\"url\":\"https:\/\/pettechsolutions.com\/\",\"logo\":{\"@type\":\"ImageObject\",\"inLanguage\":\"fr-FR\",\"@id\":\"https:\/\/pettechsolutions.com\/#\/schema\/logo\/image\/\",\"url\":\"https:\/\/pettechsolutions.com\/wp-content\/uploads\/2022\/06\/pts_heart_logo.png\",\"contentUrl\":\"https:\/\/pettechsolutions.com\/wp-content\/uploads\/2022\/06\/pts_heart_logo.png\",\"width\":1080,\"height\":546,\"caption\":\"PetTech Solutions\"},\"image\":{\"@id\":\"https:\/\/pettechsolutions.com\/#\/schema\/logo\/image\/\"},\"sameAs\":[\"https:\/\/facebook.com\/pettechsolutions\",\"https:\/\/twitter.com\/pettechsol\",\"https:\/\/instagram.com\/pettechsol\"]}]}<\/script>\n<!-- \/ Yoast SEO plugin. -->","yoast_head_json":{"title":"Sonde d'\u00e9chographie abdominale micro-convexe pour ScanX | PetTech","description":"D\u00e9couvrez la sonde \u00e0 ultrasons id\u00e9ale pour les chats et les \u00e9leveurs de chiens de petite et moyenne taille. Notre sonde micro-convexe offre une haute r\u00e9solution et une p\u00e9n\u00e9tration peu profonde gr\u00e2ce \u00e0 son encombrement r\u00e9duit et \u00e0 sa fr\u00e9quence plus \u00e9lev\u00e9e, ce qui la rend parfaite pour l'examen des chiens et des chats de petite race. Les \u00e9leveurs lui font confiance pour sa capacit\u00e9 \u00e0 fournir de superbes scans haute r\u00e9solution et \u00e0 garantir des \u00e9valuations pr\u00e9cises de la gestation en toute simplicit\u00e9.","robots":{"index":"index","follow":"follow","max-snippet":"max-snippet:-1","max-image-preview":"max-image-preview:large","max-video-preview":"max-video-preview:-1"},"canonical":"https:\/\/pettechsolutions.com\/fr\/produit\/abdominal-convex-probe-for-scanx-fr","og_locale":"fr_FR","og_type":"article","og_title":"Sonde d'\u00e9chographie abdominale micro-convexe pour ScanX | PetTech","og_description":"D\u00e9couvrez la sonde \u00e0 ultrasons id\u00e9ale pour les chats et les \u00e9leveurs de chiens de petite et moyenne taille. Notre sonde micro-convexe offre une haute r\u00e9solution et une p\u00e9n\u00e9tration peu profonde gr\u00e2ce \u00e0 son encombrement r\u00e9duit et \u00e0 sa fr\u00e9quence plus \u00e9lev\u00e9e, ce qui la rend parfaite pour l'examen des chiens et des chats de petite race. Les \u00e9leveurs lui font confiance pour sa capacit\u00e9 \u00e0 fournir de superbes scans haute r\u00e9solution et \u00e0 garantir des \u00e9valuations pr\u00e9cises de la gestation en toute simplicit\u00e9.","og_url":"https:\/\/pettechsolutions.com\/fr\/produit\/abdominal-convex-probe-for-scanx-fr","og_site_name":"PetTech","article_publisher":"https:\/\/facebook.com\/pettechsolutions","article_modified_time":"2025-06-10T13:16:23+00:00","og_image":[{"width":2560,"height":1885,"url":"https:\/\/pettechsolutions.com\/wp-content\/uploads\/2022\/09\/Micro-Convex-scaled.jpg","type":"image\/jpeg"}],"twitter_card":"summary_large_image","twitter_site":"@pettechsol","twitter_misc":{"Dur\u00e9e de lecture estim\u00e9e":"2 minutes"},"schema":{"@context":"https:\/\/schema.org","@graph":[{"@type":"WebPage","@id":"https:\/\/pettechsolutions.com\/fr\/produit\/abdominal-convex-probe-for-scanx-fr","url":"https:\/\/pettechsolutions.com\/fr\/produit\/abdominal-convex-probe-for-scanx-fr","name":"Sonde d'\u00e9chographie abdominale micro-convexe pour ScanX | PetTech","isPartOf":{"@id":"https:\/\/pettechsolutions.com\/#website"},"primaryImageOfPage":{"@id":"https:\/\/pettechsolutions.com\/fr\/produit\/abdominal-convex-probe-for-scanx-fr#primaryimage"},"image":{"@id":"https:\/\/pettechsolutions.com\/fr\/produit\/abdominal-convex-probe-for-scanx-fr#primaryimage"},"thumbnailUrl":"https:\/\/pettechsolutions.com\/wp-content\/uploads\/2022\/09\/Micro-Convex-scaled.jpg","datePublished":"2022-09-26T17:32:17+00:00","dateModified":"2025-06-10T13:16:23+00:00","description":"D\u00e9couvrez la sonde \u00e0 ultrasons id\u00e9ale pour les chats et les \u00e9leveurs de chiens de petite et moyenne taille. Notre sonde micro-convexe offre une haute r\u00e9solution et une p\u00e9n\u00e9tration peu profonde gr\u00e2ce \u00e0 son encombrement r\u00e9duit et \u00e0 sa fr\u00e9quence plus \u00e9lev\u00e9e, ce qui la rend parfaite pour l'examen des chiens et des chats de petite race. Les \u00e9leveurs lui font confiance pour sa capacit\u00e9 \u00e0 fournir de superbes scans haute r\u00e9solution et \u00e0 garantir des \u00e9valuations pr\u00e9cises de la gestation en toute simplicit\u00e9.","breadcrumb":{"@id":"https:\/\/pettechsolutions.com\/fr\/produit\/abdominal-convex-probe-for-scanx-fr#breadcrumb"},"inLanguage":"fr-FR","potentialAction":[{"@type":"ReadAction","target":["https:\/\/pettechsolutions.com\/fr\/produit\/abdominal-convex-probe-for-scanx-fr"]}]},{"@type":"ImageObject","inLanguage":"fr-FR","@id":"https:\/\/pettechsolutions.com\/fr\/produit\/abdominal-convex-probe-for-scanx-fr#primaryimage","url":"https:\/\/pettechsolutions.com\/wp-content\/uploads\/2022\/09\/Micro-Convex-scaled.jpg","contentUrl":"https:\/\/pettechsolutions.com\/wp-content\/uploads\/2022\/09\/Micro-Convex-scaled.jpg","width":2560,"height":1885,"caption":"The ideal ultrasound probe for pregnancy scans in small to medium dogs and cats."},{"@type":"BreadcrumbList","@id":"https:\/\/pettechsolutions.com\/fr\/produit\/abdominal-convex-probe-for-scanx-fr#breadcrumb","itemListElement":[{"@type":"ListItem","position":1,"name":"Home","item":"https:\/\/pettechsolutions.com\/fr"},{"@type":"ListItem","position":2,"name":"Boutique","item":"https:\/\/pettechsolutions.com\/fr\/boutique"},{"@type":"ListItem","position":3,"name":"Sonde d&rsquo;\u00e9chographie abdominale micro-convexe pour ScanX"}]},{"@type":"WebSite","@id":"https:\/\/pettechsolutions.com\/#website","url":"https:\/\/pettechsolutions.com\/","name":"PetTech","description":"produits d'\u00e9levage par excellence.","publisher":{"@id":"https:\/\/pettechsolutions.com\/#organization"},"potentialAction":[{"@type":"SearchAction","target":{"@type":"EntryPoint","urlTemplate":"https:\/\/pettechsolutions.com\/?s={search_term_string}"},"query-input":"required name=search_term_string"}],"inLanguage":"fr-FR"},{"@type":"Organization","@id":"https:\/\/pettechsolutions.com\/#organization","name":"PetTech Solutions","url":"https:\/\/pettechsolutions.com\/","logo":{"@type":"ImageObject","inLanguage":"fr-FR","@id":"https:\/\/pettechsolutions.com\/#\/schema\/logo\/image\/","url":"https:\/\/pettechsolutions.com\/wp-content\/uploads\/2022\/06\/pts_heart_logo.png","contentUrl":"https:\/\/pettechsolutions.com\/wp-content\/uploads\/2022\/06\/pts_heart_logo.png","width":1080,"height":546,"caption":"PetTech Solutions"},"image":{"@id":"https:\/\/pettechsolutions.com\/#\/schema\/logo\/image\/"},"sameAs":["https:\/\/facebook.com\/pettechsolutions","https:\/\/twitter.com\/pettechsol","https:\/\/instagram.com\/pettechsol"]}]}},"jetpack_sharing_enabled":true,"_links":{"self":[{"href":"https:\/\/pettechsolutions.com\/fr\/wp-json\/wp\/v2\/product\/1484"}],"collection":[{"href":"https:\/\/pettechsolutions.com\/fr\/wp-json\/wp\/v2\/product"}],"about":[{"href":"https:\/\/pettechsolutions.com\/fr\/wp-json\/wp\/v2\/types\/product"}],"wp:featuredmedia":[{"embeddable":true,"href":"https:\/\/pettechsolutions.com\/fr\/wp-json\/wp\/v2\/media\/1539"}],"wp:attachment":[{"href":"https:\/\/pettechsolutions.com\/fr\/wp-json\/wp\/v2\/media?parent=1484"}],"wp:term":[{"taxonomy":"product_cat","embeddable":true,"href":"https:\/\/pettechsolutions.com\/fr\/wp-json\/wp\/v2\/product_cat?post=1484"},{"taxonomy":"product_tag","embeddable":true,"href":"https:\/\/pettechsolutions.com\/fr\/wp-json\/wp\/v2\/product_tag?post=1484"},{"taxonomy":"pt_brand","embeddable":true,"href":"https:\/\/pettechsolutions.com\/fr\/wp-json\/wp\/v2\/pt_brand?post=1484"}],"curies":[{"name":"wp","href":"https:\/\/api.w.org\/{rel}","templated":true}]}}