{"id":1483,"date":"2022-06-29T14:11:21","date_gmt":"2022-06-29T18:11:21","guid":{"rendered":"https:\/\/pettechsolutions.com\/product\/gel-a-ultrasons-multi-usages"},"modified":"2025-06-10T09:16:39","modified_gmt":"2025-06-10T13:16:39","slug":"multi-purpose-ultrasound-gel-8oz-fr","status":"publish","type":"product","link":"https:\/\/pettechsolutions.com\/fr\/produit\/multi-purpose-ultrasound-gel-8oz-fr","title":{"rendered":"Gel \u00e0 ultrasons multi-usages"},"content":{"rendered":"<p>Avec une viscosit\u00e9 moyenne, ce gel est un excellent agent conducteur \u00e0 utiliser dans les ultrasons th\u00e9rapeutiques, l&rsquo;imagerie diagnostique et d&rsquo;autres proc\u00e9dures externes n\u00e9cessitant un milieu \u00e9pais. Le gel multi-usages Wavelength poss\u00e8de d&rsquo;excellentes propri\u00e9t\u00e9s de lubrification et de glissement. Il s&rsquo;\u00e9talera uniform\u00e9ment sans couler ni s\u00e9cher.<\/p>\n","protected":false},"excerpt":{"rendered":"<p>Un excellent agent conducteur \u00e0 utiliser dans les ultrasons th\u00e9rapeutiques, l&rsquo;imagerie diagnostique et autres proc\u00e9dures externes n\u00e9cessitant un milieu \u00e9pais.<\/p>\n","protected":false},"featured_media":1166,"template":"","meta":{"_acf_changed":false},"product_cat":[134,135,140,142],"product_tag":[],"pt_brand":[162],"acf":[],"yoast_head":"<!-- This site is optimized with the Yoast SEO plugin v22.2 - https:\/\/yoast.com\/wordpress\/plugins\/seo\/ -->\n<title>Gel \u00e0 ultrasons multi-usages | PetTech<\/title>\n<meta name=\"description\" content=\"Optimisez l&#039;\u00e9chographie et l&#039;imagerie diagnostique avec le gel ultrasonique polyvalent Wavelength. Ce gel de viscosit\u00e9 moyenne offre une conductivit\u00e9 sup\u00e9rieure, une excellente lubrification et un \u00e9talement uniforme sans couler ni s\u00e9cher. Hypoallerg\u00e9nique et bact\u00e9riostatique, il est exempt de sel, d&#039;alcool et de parfum, avec un pH neutre de 6,5 \u00e0 7,5. Non corrosif, non gras et non tachant, il est pr\u00e9sent\u00e9 dans un emballage pratique et recyclable.\" \/>\n<meta name=\"robots\" content=\"index, follow, max-snippet:-1, max-image-preview:large, max-video-preview:-1\" \/>\n<link rel=\"canonical\" href=\"https:\/\/pettechsolutions.com\/fr\/produit\/multi-purpose-ultrasound-gel-8oz-fr\" \/>\n<meta property=\"og:locale\" content=\"fr_FR\" \/>\n<meta property=\"og:type\" content=\"article\" \/>\n<meta property=\"og:title\" content=\"Gel \u00e0 ultrasons multi-usages | PetTech\" \/>\n<meta property=\"og:description\" content=\"Optimisez l&#039;\u00e9chographie et l&#039;imagerie diagnostique avec le gel ultrasonique polyvalent Wavelength. Ce gel de viscosit\u00e9 moyenne offre une conductivit\u00e9 sup\u00e9rieure, une excellente lubrification et un \u00e9talement uniforme sans couler ni s\u00e9cher. Hypoallerg\u00e9nique et bact\u00e9riostatique, il est exempt de sel, d&#039;alcool et de parfum, avec un pH neutre de 6,5 \u00e0 7,5. Non corrosif, non gras et non tachant, il est pr\u00e9sent\u00e9 dans un emballage pratique et recyclable.\" \/>\n<meta property=\"og:url\" content=\"https:\/\/pettechsolutions.com\/fr\/produit\/multi-purpose-ultrasound-gel-8oz-fr\" \/>\n<meta property=\"og:site_name\" content=\"PetTech\" \/>\n<meta property=\"article:publisher\" content=\"https:\/\/facebook.com\/pettechsolutions\" \/>\n<meta property=\"article:modified_time\" content=\"2025-06-10T13:16:39+00:00\" \/>\n<meta property=\"og:image\" content=\"https:\/\/pettechsolutions.com\/wp-content\/uploads\/2022\/06\/pettech_product_template_8oz.jpg\" \/>\n\t<meta property=\"og:image:width\" content=\"1440\" \/>\n\t<meta property=\"og:image:height\" content=\"1440\" \/>\n\t<meta property=\"og:image:type\" content=\"image\/jpeg\" \/>\n<meta name=\"twitter:card\" content=\"summary_large_image\" \/>\n<meta name=\"twitter:site\" content=\"@pettechsol\" \/>\n<script type=\"application\/ld+json\" class=\"yoast-schema-graph\">{\"@context\":\"https:\/\/schema.org\",\"@graph\":[{\"@type\":\"WebPage\",\"@id\":\"https:\/\/pettechsolutions.com\/fr\/produit\/multi-purpose-ultrasound-gel-8oz-fr\",\"url\":\"https:\/\/pettechsolutions.com\/fr\/produit\/multi-purpose-ultrasound-gel-8oz-fr\",\"name\":\"Gel \u00e0 ultrasons multi-usages | PetTech\",\"isPartOf\":{\"@id\":\"https:\/\/pettechsolutions.com\/#website\"},\"primaryImageOfPage\":{\"@id\":\"https:\/\/pettechsolutions.com\/fr\/produit\/multi-purpose-ultrasound-gel-8oz-fr#primaryimage\"},\"image\":{\"@id\":\"https:\/\/pettechsolutions.com\/fr\/produit\/multi-purpose-ultrasound-gel-8oz-fr#primaryimage\"},\"thumbnailUrl\":\"https:\/\/pettechsolutions.com\/wp-content\/uploads\/2022\/06\/pettech_product_template_8oz.jpg\",\"datePublished\":\"2022-06-29T18:11:21+00:00\",\"dateModified\":\"2025-06-10T13:16:39+00:00\",\"description\":\"Optimisez l'\u00e9chographie et l'imagerie diagnostique avec le gel ultrasonique polyvalent Wavelength. Ce gel de viscosit\u00e9 moyenne offre une conductivit\u00e9 sup\u00e9rieure, une excellente lubrification et un \u00e9talement uniforme sans couler ni s\u00e9cher. Hypoallerg\u00e9nique et bact\u00e9riostatique, il est exempt de sel, d'alcool et de parfum, avec un pH neutre de 6,5 \u00e0 7,5. Non corrosif, non gras et non tachant, il est pr\u00e9sent\u00e9 dans un emballage pratique et recyclable.\",\"breadcrumb\":{\"@id\":\"https:\/\/pettechsolutions.com\/fr\/produit\/multi-purpose-ultrasound-gel-8oz-fr#breadcrumb\"},\"inLanguage\":\"fr-FR\",\"potentialAction\":[{\"@type\":\"ReadAction\",\"target\":[\"https:\/\/pettechsolutions.com\/fr\/produit\/multi-purpose-ultrasound-gel-8oz-fr\"]}]},{\"@type\":\"ImageObject\",\"inLanguage\":\"fr-FR\",\"@id\":\"https:\/\/pettechsolutions.com\/fr\/produit\/multi-purpose-ultrasound-gel-8oz-fr#primaryimage\",\"url\":\"https:\/\/pettechsolutions.com\/wp-content\/uploads\/2022\/06\/pettech_product_template_8oz.jpg\",\"contentUrl\":\"https:\/\/pettechsolutions.com\/wp-content\/uploads\/2022\/06\/pettech_product_template_8oz.jpg\",\"width\":1440,\"height\":1440},{\"@type\":\"BreadcrumbList\",\"@id\":\"https:\/\/pettechsolutions.com\/fr\/produit\/multi-purpose-ultrasound-gel-8oz-fr#breadcrumb\",\"itemListElement\":[{\"@type\":\"ListItem\",\"position\":1,\"name\":\"Home\",\"item\":\"https:\/\/pettechsolutions.com\/fr\"},{\"@type\":\"ListItem\",\"position\":2,\"name\":\"Boutique\",\"item\":\"https:\/\/pettechsolutions.com\/fr\/boutique\"},{\"@type\":\"ListItem\",\"position\":3,\"name\":\"Gel \u00e0 ultrasons multi-usages\"}]},{\"@type\":\"WebSite\",\"@id\":\"https:\/\/pettechsolutions.com\/#website\",\"url\":\"https:\/\/pettechsolutions.com\/\",\"name\":\"PetTech\",\"description\":\"produits d'\u00e9levage par excellence.\",\"publisher\":{\"@id\":\"https:\/\/pettechsolutions.com\/#organization\"},\"potentialAction\":[{\"@type\":\"SearchAction\",\"target\":{\"@type\":\"EntryPoint\",\"urlTemplate\":\"https:\/\/pettechsolutions.com\/?s={search_term_string}\"},\"query-input\":\"required name=search_term_string\"}],\"inLanguage\":\"fr-FR\"},{\"@type\":\"Organization\",\"@id\":\"https:\/\/pettechsolutions.com\/#organization\",\"name\":\"PetTech Solutions\",\"url\":\"https:\/\/pettechsolutions.com\/\",\"logo\":{\"@type\":\"ImageObject\",\"inLanguage\":\"fr-FR\",\"@id\":\"https:\/\/pettechsolutions.com\/#\/schema\/logo\/image\/\",\"url\":\"https:\/\/pettechsolutions.com\/wp-content\/uploads\/2022\/06\/pts_heart_logo.png\",\"contentUrl\":\"https:\/\/pettechsolutions.com\/wp-content\/uploads\/2022\/06\/pts_heart_logo.png\",\"width\":1080,\"height\":546,\"caption\":\"PetTech Solutions\"},\"image\":{\"@id\":\"https:\/\/pettechsolutions.com\/#\/schema\/logo\/image\/\"},\"sameAs\":[\"https:\/\/facebook.com\/pettechsolutions\",\"https:\/\/twitter.com\/pettechsol\",\"https:\/\/instagram.com\/pettechsol\"]}]}<\/script>\n<!-- \/ Yoast SEO plugin. -->","yoast_head_json":{"title":"Gel \u00e0 ultrasons multi-usages | PetTech","description":"Optimisez l'\u00e9chographie et l'imagerie diagnostique avec le gel ultrasonique polyvalent Wavelength. Ce gel de viscosit\u00e9 moyenne offre une conductivit\u00e9 sup\u00e9rieure, une excellente lubrification et un \u00e9talement uniforme sans couler ni s\u00e9cher. Hypoallerg\u00e9nique et bact\u00e9riostatique, il est exempt de sel, d'alcool et de parfum, avec un pH neutre de 6,5 \u00e0 7,5. Non corrosif, non gras et non tachant, il est pr\u00e9sent\u00e9 dans un emballage pratique et recyclable.","robots":{"index":"index","follow":"follow","max-snippet":"max-snippet:-1","max-image-preview":"max-image-preview:large","max-video-preview":"max-video-preview:-1"},"canonical":"https:\/\/pettechsolutions.com\/fr\/produit\/multi-purpose-ultrasound-gel-8oz-fr","og_locale":"fr_FR","og_type":"article","og_title":"Gel \u00e0 ultrasons multi-usages | PetTech","og_description":"Optimisez l'\u00e9chographie et l'imagerie diagnostique avec le gel ultrasonique polyvalent Wavelength. Ce gel de viscosit\u00e9 moyenne offre une conductivit\u00e9 sup\u00e9rieure, une excellente lubrification et un \u00e9talement uniforme sans couler ni s\u00e9cher. Hypoallerg\u00e9nique et bact\u00e9riostatique, il est exempt de sel, d'alcool et de parfum, avec un pH neutre de 6,5 \u00e0 7,5. Non corrosif, non gras et non tachant, il est pr\u00e9sent\u00e9 dans un emballage pratique et recyclable.","og_url":"https:\/\/pettechsolutions.com\/fr\/produit\/multi-purpose-ultrasound-gel-8oz-fr","og_site_name":"PetTech","article_publisher":"https:\/\/facebook.com\/pettechsolutions","article_modified_time":"2025-06-10T13:16:39+00:00","og_image":[{"width":1440,"height":1440,"url":"https:\/\/pettechsolutions.com\/wp-content\/uploads\/2022\/06\/pettech_product_template_8oz.jpg","type":"image\/jpeg"}],"twitter_card":"summary_large_image","twitter_site":"@pettechsol","schema":{"@context":"https:\/\/schema.org","@graph":[{"@type":"WebPage","@id":"https:\/\/pettechsolutions.com\/fr\/produit\/multi-purpose-ultrasound-gel-8oz-fr","url":"https:\/\/pettechsolutions.com\/fr\/produit\/multi-purpose-ultrasound-gel-8oz-fr","name":"Gel \u00e0 ultrasons multi-usages | PetTech","isPartOf":{"@id":"https:\/\/pettechsolutions.com\/#website"},"primaryImageOfPage":{"@id":"https:\/\/pettechsolutions.com\/fr\/produit\/multi-purpose-ultrasound-gel-8oz-fr#primaryimage"},"image":{"@id":"https:\/\/pettechsolutions.com\/fr\/produit\/multi-purpose-ultrasound-gel-8oz-fr#primaryimage"},"thumbnailUrl":"https:\/\/pettechsolutions.com\/wp-content\/uploads\/2022\/06\/pettech_product_template_8oz.jpg","datePublished":"2022-06-29T18:11:21+00:00","dateModified":"2025-06-10T13:16:39+00:00","description":"Optimisez l'\u00e9chographie et l'imagerie diagnostique avec le gel ultrasonique polyvalent Wavelength. Ce gel de viscosit\u00e9 moyenne offre une conductivit\u00e9 sup\u00e9rieure, une excellente lubrification et un \u00e9talement uniforme sans couler ni s\u00e9cher. Hypoallerg\u00e9nique et bact\u00e9riostatique, il est exempt de sel, d'alcool et de parfum, avec un pH neutre de 6,5 \u00e0 7,5. Non corrosif, non gras et non tachant, il est pr\u00e9sent\u00e9 dans un emballage pratique et recyclable.","breadcrumb":{"@id":"https:\/\/pettechsolutions.com\/fr\/produit\/multi-purpose-ultrasound-gel-8oz-fr#breadcrumb"},"inLanguage":"fr-FR","potentialAction":[{"@type":"ReadAction","target":["https:\/\/pettechsolutions.com\/fr\/produit\/multi-purpose-ultrasound-gel-8oz-fr"]}]},{"@type":"ImageObject","inLanguage":"fr-FR","@id":"https:\/\/pettechsolutions.com\/fr\/produit\/multi-purpose-ultrasound-gel-8oz-fr#primaryimage","url":"https:\/\/pettechsolutions.com\/wp-content\/uploads\/2022\/06\/pettech_product_template_8oz.jpg","contentUrl":"https:\/\/pettechsolutions.com\/wp-content\/uploads\/2022\/06\/pettech_product_template_8oz.jpg","width":1440,"height":1440},{"@type":"BreadcrumbList","@id":"https:\/\/pettechsolutions.com\/fr\/produit\/multi-purpose-ultrasound-gel-8oz-fr#breadcrumb","itemListElement":[{"@type":"ListItem","position":1,"name":"Home","item":"https:\/\/pettechsolutions.com\/fr"},{"@type":"ListItem","position":2,"name":"Boutique","item":"https:\/\/pettechsolutions.com\/fr\/boutique"},{"@type":"ListItem","position":3,"name":"Gel \u00e0 ultrasons multi-usages"}]},{"@type":"WebSite","@id":"https:\/\/pettechsolutions.com\/#website","url":"https:\/\/pettechsolutions.com\/","name":"PetTech","description":"produits d'\u00e9levage par excellence.","publisher":{"@id":"https:\/\/pettechsolutions.com\/#organization"},"potentialAction":[{"@type":"SearchAction","target":{"@type":"EntryPoint","urlTemplate":"https:\/\/pettechsolutions.com\/?s={search_term_string}"},"query-input":"required name=search_term_string"}],"inLanguage":"fr-FR"},{"@type":"Organization","@id":"https:\/\/pettechsolutions.com\/#organization","name":"PetTech Solutions","url":"https:\/\/pettechsolutions.com\/","logo":{"@type":"ImageObject","inLanguage":"fr-FR","@id":"https:\/\/pettechsolutions.com\/#\/schema\/logo\/image\/","url":"https:\/\/pettechsolutions.com\/wp-content\/uploads\/2022\/06\/pts_heart_logo.png","contentUrl":"https:\/\/pettechsolutions.com\/wp-content\/uploads\/2022\/06\/pts_heart_logo.png","width":1080,"height":546,"caption":"PetTech Solutions"},"image":{"@id":"https:\/\/pettechsolutions.com\/#\/schema\/logo\/image\/"},"sameAs":["https:\/\/facebook.com\/pettechsolutions","https:\/\/twitter.com\/pettechsol","https:\/\/instagram.com\/pettechsol"]}]}},"jetpack_sharing_enabled":true,"_links":{"self":[{"href":"https:\/\/pettechsolutions.com\/fr\/wp-json\/wp\/v2\/product\/1483"}],"collection":[{"href":"https:\/\/pettechsolutions.com\/fr\/wp-json\/wp\/v2\/product"}],"about":[{"href":"https:\/\/pettechsolutions.com\/fr\/wp-json\/wp\/v2\/types\/product"}],"wp:featuredmedia":[{"embeddable":true,"href":"https:\/\/pettechsolutions.com\/fr\/wp-json\/wp\/v2\/media\/1166"}],"wp:attachment":[{"href":"https:\/\/pettechsolutions.com\/fr\/wp-json\/wp\/v2\/media?parent=1483"}],"wp:term":[{"taxonomy":"product_cat","embeddable":true,"href":"https:\/\/pettechsolutions.com\/fr\/wp-json\/wp\/v2\/product_cat?post=1483"},{"taxonomy":"product_tag","embeddable":true,"href":"https:\/\/pettechsolutions.com\/fr\/wp-json\/wp\/v2\/product_tag?post=1483"},{"taxonomy":"pt_brand","embeddable":true,"href":"https:\/\/pettechsolutions.com\/fr\/wp-json\/wp\/v2\/pt_brand?post=1483"}],"curies":[{"name":"wp","href":"https:\/\/api.w.org\/{rel}","templated":true}]}}