{"id":1482,"date":"2022-06-29T11:47:57","date_gmt":"2022-06-29T15:47:57","guid":{"rendered":"https:\/\/pettechsolutions.com\/product\/sonde-abdominale-convexe-pour-scanner-x"},"modified":"2025-06-07T00:15:54","modified_gmt":"2025-06-07T04:15:54","slug":"abdominal-convex-probe-for-scan-x-fr","status":"publish","type":"product","link":"https:\/\/pettechsolutions.com\/fr\/produit\/abdominal-convex-probe-for-scan-x-fr","title":{"rendered":"Sonde abdominale convexe pour scanner X"},"content":{"rendered":"<p><span style=\"font-weight: 400;\">La sonde convexe \u00e0 80 cristaux est id\u00e9ale pour les examens abdominaux sur les animaux de petite et moyenne taille. Avec un rayon de 60 mm et une fr\u00e9quence de 2,5-5 MHz (fr\u00e9quence principale de 3,5 MHz), la sonde convexe abdominale offre des profondeurs de balayage allant jusqu&rsquo;\u00e0 30 cm. <\/span><\/p>\n<p><span style=\"font-weight: 400;\">L&#8217;empreinte plus grande et la fr\u00e9quence plus basse de la sonde convexe sont id\u00e9ales pour l&rsquo;examen des moutons, des ch\u00e8vres et des races de chiens de tr\u00e8s grande taille ayant beaucoup de masse \u00e0 scanner.<\/span><\/p>\n","protected":false},"excerpt":{"rendered":"<p><span style=\"font-weight: 400;\">Con\u00e7u pour les examens abdominaux et reproductifs des petits animaux et les examens de gestation des petits ruminants.<\/span><\/p>\n<p>Cette sonde est le premier choix des \u00e9leveurs de chiens de race g\u00e9ante, tels que :<\/p>\n<ul>\n<li>Bouvier bernois<\/li>\n<li>Chien de berger anglais ancien<\/li>\n<li>Terre-Neuve<\/li>\n<li>Saint Bernard<\/li>\n<\/ul>\n","protected":false},"featured_media":1145,"template":"","meta":{"_acf_changed":false},"product_cat":[135,141],"product_tag":[218],"pt_brand":[159],"acf":[],"yoast_head":"<!-- This site is optimized with the Yoast SEO plugin v22.2 - https:\/\/yoast.com\/wordpress\/plugins\/seo\/ -->\n<title>Sonde abdominale convexe pour scanner X | PetTech<\/title>\n<meta name=\"robots\" content=\"index, follow, max-snippet:-1, max-image-preview:large, max-video-preview:-1\" \/>\n<link rel=\"canonical\" href=\"https:\/\/pettechsolutions.com\/fr\/produit\/abdominal-convex-probe-for-scan-x-fr\" \/>\n<meta property=\"og:locale\" content=\"fr_FR\" \/>\n<meta property=\"og:type\" content=\"article\" \/>\n<meta property=\"og:title\" content=\"Sonde abdominale convexe pour scanner X | PetTech\" \/>\n<meta property=\"og:description\" content=\"Con\u00e7u pour les examens abdominaux et reproductifs des petits animaux et les examens de gestation des petits ruminants.  Cette sonde est le premier choix des \u00e9leveurs de chiens de race g\u00e9ante, tels que :   Bouvier bernois  Chien de berger anglais ancien  Terre-Neuve  Saint Bernard\" \/>\n<meta property=\"og:url\" content=\"https:\/\/pettechsolutions.com\/fr\/produit\/abdominal-convex-probe-for-scan-x-fr\" \/>\n<meta property=\"og:site_name\" content=\"PetTech\" \/>\n<meta property=\"article:publisher\" content=\"https:\/\/facebook.com\/pettechsolutions\" \/>\n<meta property=\"article:modified_time\" content=\"2025-06-07T04:15:54+00:00\" \/>\n<meta property=\"og:image\" content=\"https:\/\/pettechsolutions.com\/wp-content\/uploads\/2022\/06\/fsi-product-template_VIS_probe_convex_abdominal.png\" \/>\n\t<meta property=\"og:image:width\" content=\"1080\" \/>\n\t<meta property=\"og:image:height\" content=\"1080\" \/>\n\t<meta property=\"og:image:type\" content=\"image\/png\" \/>\n<meta name=\"twitter:card\" content=\"summary_large_image\" \/>\n<meta name=\"twitter:site\" content=\"@pettechsol\" \/>\n<meta name=\"twitter:label1\" content=\"Dur\u00e9e de lecture estim\u00e9e\" \/>\n\t<meta name=\"twitter:data1\" content=\"1 minute\" \/>\n<script type=\"application\/ld+json\" class=\"yoast-schema-graph\">{\"@context\":\"https:\/\/schema.org\",\"@graph\":[{\"@type\":\"WebPage\",\"@id\":\"https:\/\/pettechsolutions.com\/fr\/produit\/abdominal-convex-probe-for-scan-x-fr\",\"url\":\"https:\/\/pettechsolutions.com\/fr\/produit\/abdominal-convex-probe-for-scan-x-fr\",\"name\":\"Sonde abdominale convexe pour scanner X | PetTech\",\"isPartOf\":{\"@id\":\"https:\/\/pettechsolutions.com\/#website\"},\"primaryImageOfPage\":{\"@id\":\"https:\/\/pettechsolutions.com\/fr\/produit\/abdominal-convex-probe-for-scan-x-fr#primaryimage\"},\"image\":{\"@id\":\"https:\/\/pettechsolutions.com\/fr\/produit\/abdominal-convex-probe-for-scan-x-fr#primaryimage\"},\"thumbnailUrl\":\"https:\/\/pettechsolutions.com\/wp-content\/uploads\/2022\/06\/fsi-product-template_VIS_probe_convex_abdominal.png\",\"datePublished\":\"2022-06-29T15:47:57+00:00\",\"dateModified\":\"2025-06-07T04:15:54+00:00\",\"breadcrumb\":{\"@id\":\"https:\/\/pettechsolutions.com\/fr\/produit\/abdominal-convex-probe-for-scan-x-fr#breadcrumb\"},\"inLanguage\":\"fr-FR\",\"potentialAction\":[{\"@type\":\"ReadAction\",\"target\":[\"https:\/\/pettechsolutions.com\/fr\/produit\/abdominal-convex-probe-for-scan-x-fr\"]}]},{\"@type\":\"ImageObject\",\"inLanguage\":\"fr-FR\",\"@id\":\"https:\/\/pettechsolutions.com\/fr\/produit\/abdominal-convex-probe-for-scan-x-fr#primaryimage\",\"url\":\"https:\/\/pettechsolutions.com\/wp-content\/uploads\/2022\/06\/fsi-product-template_VIS_probe_convex_abdominal.png\",\"contentUrl\":\"https:\/\/pettechsolutions.com\/wp-content\/uploads\/2022\/06\/fsi-product-template_VIS_probe_convex_abdominal.png\",\"width\":1080,\"height\":1080,\"caption\":\"Convex ultrasound probe for pregnancy exams of large dogs. This probe has a larger footprint than the micro-convex, and a lower frequency, giving it better penetration in larger breeds. This probe is the first choice for breeders of giant breed dogs that are large and have a lot of mass.\"},{\"@type\":\"BreadcrumbList\",\"@id\":\"https:\/\/pettechsolutions.com\/fr\/produit\/abdominal-convex-probe-for-scan-x-fr#breadcrumb\",\"itemListElement\":[{\"@type\":\"ListItem\",\"position\":1,\"name\":\"Home\",\"item\":\"https:\/\/pettechsolutions.com\/fr\"},{\"@type\":\"ListItem\",\"position\":2,\"name\":\"Boutique\",\"item\":\"https:\/\/pettechsolutions.com\/fr\/boutique\"},{\"@type\":\"ListItem\",\"position\":3,\"name\":\"Sonde abdominale convexe pour scanner X\"}]},{\"@type\":\"WebSite\",\"@id\":\"https:\/\/pettechsolutions.com\/#website\",\"url\":\"https:\/\/pettechsolutions.com\/\",\"name\":\"PetTech\",\"description\":\"produits d'\u00e9levage par excellence.\",\"publisher\":{\"@id\":\"https:\/\/pettechsolutions.com\/#organization\"},\"potentialAction\":[{\"@type\":\"SearchAction\",\"target\":{\"@type\":\"EntryPoint\",\"urlTemplate\":\"https:\/\/pettechsolutions.com\/?s={search_term_string}\"},\"query-input\":\"required name=search_term_string\"}],\"inLanguage\":\"fr-FR\"},{\"@type\":\"Organization\",\"@id\":\"https:\/\/pettechsolutions.com\/#organization\",\"name\":\"PetTech Solutions\",\"url\":\"https:\/\/pettechsolutions.com\/\",\"logo\":{\"@type\":\"ImageObject\",\"inLanguage\":\"fr-FR\",\"@id\":\"https:\/\/pettechsolutions.com\/#\/schema\/logo\/image\/\",\"url\":\"https:\/\/pettechsolutions.com\/wp-content\/uploads\/2022\/06\/pts_heart_logo.png\",\"contentUrl\":\"https:\/\/pettechsolutions.com\/wp-content\/uploads\/2022\/06\/pts_heart_logo.png\",\"width\":1080,\"height\":546,\"caption\":\"PetTech Solutions\"},\"image\":{\"@id\":\"https:\/\/pettechsolutions.com\/#\/schema\/logo\/image\/\"},\"sameAs\":[\"https:\/\/facebook.com\/pettechsolutions\",\"https:\/\/twitter.com\/pettechsol\",\"https:\/\/instagram.com\/pettechsol\"]}]}<\/script>\n<!-- \/ Yoast SEO plugin. -->","yoast_head_json":{"title":"Sonde abdominale convexe pour scanner X | PetTech","robots":{"index":"index","follow":"follow","max-snippet":"max-snippet:-1","max-image-preview":"max-image-preview:large","max-video-preview":"max-video-preview:-1"},"canonical":"https:\/\/pettechsolutions.com\/fr\/produit\/abdominal-convex-probe-for-scan-x-fr","og_locale":"fr_FR","og_type":"article","og_title":"Sonde abdominale convexe pour scanner X | PetTech","og_description":"Con\u00e7u pour les examens abdominaux et reproductifs des petits animaux et les examens de gestation des petits ruminants.  Cette sonde est le premier choix des \u00e9leveurs de chiens de race g\u00e9ante, tels que :   Bouvier bernois  Chien de berger anglais ancien  Terre-Neuve  Saint Bernard","og_url":"https:\/\/pettechsolutions.com\/fr\/produit\/abdominal-convex-probe-for-scan-x-fr","og_site_name":"PetTech","article_publisher":"https:\/\/facebook.com\/pettechsolutions","article_modified_time":"2025-06-07T04:15:54+00:00","og_image":[{"width":1080,"height":1080,"url":"https:\/\/pettechsolutions.com\/wp-content\/uploads\/2022\/06\/fsi-product-template_VIS_probe_convex_abdominal.png","type":"image\/png"}],"twitter_card":"summary_large_image","twitter_site":"@pettechsol","twitter_misc":{"Dur\u00e9e de lecture estim\u00e9e":"1 minute"},"schema":{"@context":"https:\/\/schema.org","@graph":[{"@type":"WebPage","@id":"https:\/\/pettechsolutions.com\/fr\/produit\/abdominal-convex-probe-for-scan-x-fr","url":"https:\/\/pettechsolutions.com\/fr\/produit\/abdominal-convex-probe-for-scan-x-fr","name":"Sonde abdominale convexe pour scanner X | PetTech","isPartOf":{"@id":"https:\/\/pettechsolutions.com\/#website"},"primaryImageOfPage":{"@id":"https:\/\/pettechsolutions.com\/fr\/produit\/abdominal-convex-probe-for-scan-x-fr#primaryimage"},"image":{"@id":"https:\/\/pettechsolutions.com\/fr\/produit\/abdominal-convex-probe-for-scan-x-fr#primaryimage"},"thumbnailUrl":"https:\/\/pettechsolutions.com\/wp-content\/uploads\/2022\/06\/fsi-product-template_VIS_probe_convex_abdominal.png","datePublished":"2022-06-29T15:47:57+00:00","dateModified":"2025-06-07T04:15:54+00:00","breadcrumb":{"@id":"https:\/\/pettechsolutions.com\/fr\/produit\/abdominal-convex-probe-for-scan-x-fr#breadcrumb"},"inLanguage":"fr-FR","potentialAction":[{"@type":"ReadAction","target":["https:\/\/pettechsolutions.com\/fr\/produit\/abdominal-convex-probe-for-scan-x-fr"]}]},{"@type":"ImageObject","inLanguage":"fr-FR","@id":"https:\/\/pettechsolutions.com\/fr\/produit\/abdominal-convex-probe-for-scan-x-fr#primaryimage","url":"https:\/\/pettechsolutions.com\/wp-content\/uploads\/2022\/06\/fsi-product-template_VIS_probe_convex_abdominal.png","contentUrl":"https:\/\/pettechsolutions.com\/wp-content\/uploads\/2022\/06\/fsi-product-template_VIS_probe_convex_abdominal.png","width":1080,"height":1080,"caption":"Convex ultrasound probe for pregnancy exams of large dogs. This probe has a larger footprint than the micro-convex, and a lower frequency, giving it better penetration in larger breeds. This probe is the first choice for breeders of giant breed dogs that are large and have a lot of mass."},{"@type":"BreadcrumbList","@id":"https:\/\/pettechsolutions.com\/fr\/produit\/abdominal-convex-probe-for-scan-x-fr#breadcrumb","itemListElement":[{"@type":"ListItem","position":1,"name":"Home","item":"https:\/\/pettechsolutions.com\/fr"},{"@type":"ListItem","position":2,"name":"Boutique","item":"https:\/\/pettechsolutions.com\/fr\/boutique"},{"@type":"ListItem","position":3,"name":"Sonde abdominale convexe pour scanner X"}]},{"@type":"WebSite","@id":"https:\/\/pettechsolutions.com\/#website","url":"https:\/\/pettechsolutions.com\/","name":"PetTech","description":"produits d'\u00e9levage par excellence.","publisher":{"@id":"https:\/\/pettechsolutions.com\/#organization"},"potentialAction":[{"@type":"SearchAction","target":{"@type":"EntryPoint","urlTemplate":"https:\/\/pettechsolutions.com\/?s={search_term_string}"},"query-input":"required name=search_term_string"}],"inLanguage":"fr-FR"},{"@type":"Organization","@id":"https:\/\/pettechsolutions.com\/#organization","name":"PetTech Solutions","url":"https:\/\/pettechsolutions.com\/","logo":{"@type":"ImageObject","inLanguage":"fr-FR","@id":"https:\/\/pettechsolutions.com\/#\/schema\/logo\/image\/","url":"https:\/\/pettechsolutions.com\/wp-content\/uploads\/2022\/06\/pts_heart_logo.png","contentUrl":"https:\/\/pettechsolutions.com\/wp-content\/uploads\/2022\/06\/pts_heart_logo.png","width":1080,"height":546,"caption":"PetTech Solutions"},"image":{"@id":"https:\/\/pettechsolutions.com\/#\/schema\/logo\/image\/"},"sameAs":["https:\/\/facebook.com\/pettechsolutions","https:\/\/twitter.com\/pettechsol","https:\/\/instagram.com\/pettechsol"]}]}},"jetpack_sharing_enabled":true,"_links":{"self":[{"href":"https:\/\/pettechsolutions.com\/fr\/wp-json\/wp\/v2\/product\/1482"}],"collection":[{"href":"https:\/\/pettechsolutions.com\/fr\/wp-json\/wp\/v2\/product"}],"about":[{"href":"https:\/\/pettechsolutions.com\/fr\/wp-json\/wp\/v2\/types\/product"}],"wp:featuredmedia":[{"embeddable":true,"href":"https:\/\/pettechsolutions.com\/fr\/wp-json\/wp\/v2\/media\/1145"}],"wp:attachment":[{"href":"https:\/\/pettechsolutions.com\/fr\/wp-json\/wp\/v2\/media?parent=1482"}],"wp:term":[{"taxonomy":"product_cat","embeddable":true,"href":"https:\/\/pettechsolutions.com\/fr\/wp-json\/wp\/v2\/product_cat?post=1482"},{"taxonomy":"product_tag","embeddable":true,"href":"https:\/\/pettechsolutions.com\/fr\/wp-json\/wp\/v2\/product_tag?post=1482"},{"taxonomy":"pt_brand","embeddable":true,"href":"https:\/\/pettechsolutions.com\/fr\/wp-json\/wp\/v2\/pt_brand?post=1482"}],"curies":[{"name":"wp","href":"https:\/\/api.w.org\/{rel}","templated":true}]}}