{"id":1444,"date":"2022-09-20T12:43:30","date_gmt":"2022-09-20T16:43:30","guid":{"rendered":"https:\/\/pettechsolutions.com\/product\/kit-de-conversion-de-boite"},"modified":"2025-06-10T09:16:23","modified_gmt":"2025-06-10T13:16:23","slug":"kit-de-conversion-de-boite","status":"publish","type":"product","link":"https:\/\/pettechsolutions.com\/fr\/produit\/kit-de-conversion-de-boite","title":{"rendered":"Kit de conversion de box de mise bas &#8211; Deux box doubles en deux box simples"},"content":{"rendered":"<p>Vous avez d\u00e9j\u00e0 le meilleur box de mise bas \u00e0 vendre au Canada ? Transformez votre double box de mise bas PetTech en deux box individuels distincts gr\u00e2ce \u00e0 notre kit de conversion. <\/p>\n<p>Le kit de conversion de box de mise bas PetTech offre une solution simple et efficace pour diviser votre box double en deux box simples ind\u00e9pendants. Id\u00e9al pour g\u00e9rer l&rsquo;espace et s&rsquo;adapter aux besoins changeants de votre programme d&rsquo;\u00e9levage, ce kit comprend tous les \u00e9l\u00e9ments n\u00e9cessaires : une paroi arri\u00e8re robuste et une paroi avant \u00e9quip\u00e9e d&rsquo;une porte r\u00e9glable en hauteur sur trois niveaux pour un confinement s\u00fbr et personnalisable. <\/p>\n<p>Que vous d\u00e9veloppiez votre programme d&rsquo;\u00e9levage ou que vous ayez deux port\u00e9es en m\u00eame temps, ce kit peut \u00eatre command\u00e9 en m\u00eame temps qu&rsquo;une nouvelle bo\u00eete ou \u00eatre ajout\u00e9 ult\u00e9rieurement, afin que votre installation \u00e9volue en fonction de vos besoins.<\/p>\n<h3>Membres du Club canin canadien<\/h3>\n<p>Dans le cadre de son partenariat avec le Club canin canadien, PetTech est fier de vous soutenir, vous et ce que vous aimez le plus ! Qu&rsquo;il s&rsquo;agisse de vous encourager lors de salons et d&rsquo;\u00e9v\u00e9nements, de vous proposer des lancements, des produits, des formations et des \u00e9conomies exclusifs aux membres. Les membres peuvent se connecter au <a href=\"https:\/\/www.ckc.ca\/en\" target=\"_blank\" rel=\"noopener noreferrer\">site r\u00e9serv\u00e9 aux membres du CCC <\/a>pour obtenir leur code de r\u00e9duction.<\/p>\n","protected":false},"excerpt":{"rendered":"<p><span style=\"font-weight: 400;\">Kit de conversion de bo\u00eete PetTech &#8211; Transformez une bo\u00eete double en deux bo\u00eetes simples. Nos kits de conversion comprennent une paroi arri\u00e8re, une paroi avant \u00e0 hauteur r\u00e9glable sur 3 niveaux et une porte avant solide. Disponible en 3 tailles diff\u00e9rentes.<br \/>\n<\/span><\/p>\n","protected":false},"featured_media":5809,"template":"","meta":{"_acf_changed":false},"product_cat":[135,146,149],"product_tag":[],"pt_brand":[158],"acf":[],"yoast_head":"<!-- This site is optimized with the Yoast SEO plugin v22.2 - https:\/\/yoast.com\/wordpress\/plugins\/seo\/ -->\n<title>Kit de conversion de box de mise bas - Deux box doubles en deux box simples | PetTech<\/title>\n<meta name=\"description\" content=\"Transformez votre box de mise bas double PetTech en deux box simples s\u00e9par\u00e9s gr\u00e2ce \u00e0 notre kit de conversion. Le kit de conversion pour box de mise bas PetTech offre une solution simple et efficace pour diviser votre box double en deux box simples ind\u00e9pendants. Id\u00e9al pour g\u00e9rer l&#039;espace et s&#039;adapter aux besoins changeants de votre programme d \u00ab \u00e9levage, ce kit comprend tous les \u00e9l\u00e9ments n\u00e9cessaires : une paroi arri\u00e8re robuste et une paroi avant \u00e9quip\u00e9e d&#039;une porte r\u00e9glable en hauteur sur trois niveaux pour un confinement s\u00fbr et personnalisable. Que vous d\u00e9veloppiez votre programme d \u00bb \u00e9levage ou que vous ayez deux port\u00e9es en m\u00eame temps, ce kit peut \u00eatre command\u00e9 en m\u00eame temps qu&#039;un nouveau box ou ajout\u00e9 ult\u00e9rieurement, pour que votre installation \u00e9volue en fonction de vos besoins.\" \/>\n<meta name=\"robots\" content=\"index, follow, max-snippet:-1, max-image-preview:large, max-video-preview:-1\" \/>\n<link rel=\"canonical\" href=\"https:\/\/pettechsolutions.com\/fr\/produit\/kit-de-conversion-de-boite\" \/>\n<meta property=\"og:locale\" content=\"fr_FR\" \/>\n<meta property=\"og:type\" content=\"article\" \/>\n<meta property=\"og:title\" content=\"Kit de conversion de box de mise bas - Deux box doubles en deux box simples | PetTech\" \/>\n<meta property=\"og:description\" content=\"Transformez votre box de mise bas double PetTech en deux box simples s\u00e9par\u00e9s gr\u00e2ce \u00e0 notre kit de conversion. Le kit de conversion pour box de mise bas PetTech offre une solution simple et efficace pour diviser votre box double en deux box simples ind\u00e9pendants. Id\u00e9al pour g\u00e9rer l&#039;espace et s&#039;adapter aux besoins changeants de votre programme d \u00ab \u00e9levage, ce kit comprend tous les \u00e9l\u00e9ments n\u00e9cessaires : une paroi arri\u00e8re robuste et une paroi avant \u00e9quip\u00e9e d&#039;une porte r\u00e9glable en hauteur sur trois niveaux pour un confinement s\u00fbr et personnalisable. Que vous d\u00e9veloppiez votre programme d \u00bb \u00e9levage ou que vous ayez deux port\u00e9es en m\u00eame temps, ce kit peut \u00eatre command\u00e9 en m\u00eame temps qu&#039;un nouveau box ou ajout\u00e9 ult\u00e9rieurement, pour que votre installation \u00e9volue en fonction de vos besoins.\" \/>\n<meta property=\"og:url\" content=\"https:\/\/pettechsolutions.com\/fr\/produit\/kit-de-conversion-de-boite\" \/>\n<meta property=\"og:site_name\" content=\"PetTech\" \/>\n<meta property=\"article:publisher\" content=\"https:\/\/facebook.com\/pettechsolutions\" \/>\n<meta property=\"article:modified_time\" content=\"2025-06-10T13:16:23+00:00\" \/>\n<meta property=\"og:image\" content=\"https:\/\/pettechsolutions.com\/wp-content\/uploads\/2022\/06\/pettech_36_high_res_prod_img.jpg\" \/>\n\t<meta property=\"og:image:width\" content=\"1080\" \/>\n\t<meta property=\"og:image:height\" content=\"1080\" \/>\n\t<meta property=\"og:image:type\" content=\"image\/jpeg\" \/>\n<meta name=\"twitter:card\" content=\"summary_large_image\" \/>\n<meta name=\"twitter:site\" content=\"@pettechsol\" \/>\n<meta name=\"twitter:label1\" content=\"Dur\u00e9e de lecture estim\u00e9e\" \/>\n\t<meta name=\"twitter:data1\" content=\"1 minute\" \/>\n<script type=\"application\/ld+json\" class=\"yoast-schema-graph\">{\"@context\":\"https:\/\/schema.org\",\"@graph\":[{\"@type\":\"WebPage\",\"@id\":\"https:\/\/pettechsolutions.com\/fr\/produit\/kit-de-conversion-de-boite\",\"url\":\"https:\/\/pettechsolutions.com\/fr\/produit\/kit-de-conversion-de-boite\",\"name\":\"Kit de conversion de box de mise bas - Deux box doubles en deux box simples | PetTech\",\"isPartOf\":{\"@id\":\"https:\/\/pettechsolutions.com\/#website\"},\"primaryImageOfPage\":{\"@id\":\"https:\/\/pettechsolutions.com\/fr\/produit\/kit-de-conversion-de-boite#primaryimage\"},\"image\":{\"@id\":\"https:\/\/pettechsolutions.com\/fr\/produit\/kit-de-conversion-de-boite#primaryimage\"},\"thumbnailUrl\":\"https:\/\/pettechsolutions.com\/wp-content\/uploads\/2022\/09\/subcategory_base_img_CONVERSION_BETTER.jpeg\",\"datePublished\":\"2022-09-20T16:43:30+00:00\",\"dateModified\":\"2025-06-10T13:16:23+00:00\",\"description\":\"Transformez votre box de mise bas double PetTech en deux box simples s\u00e9par\u00e9s gr\u00e2ce \u00e0 notre kit de conversion. Le kit de conversion pour box de mise bas PetTech offre une solution simple et efficace pour diviser votre box double en deux box simples ind\u00e9pendants. Id\u00e9al pour g\u00e9rer l'espace et s'adapter aux besoins changeants de votre programme d \u00ab \u00e9levage, ce kit comprend tous les \u00e9l\u00e9ments n\u00e9cessaires : une paroi arri\u00e8re robuste et une paroi avant \u00e9quip\u00e9e d'une porte r\u00e9glable en hauteur sur trois niveaux pour un confinement s\u00fbr et personnalisable. Que vous d\u00e9veloppiez votre programme d \u00bb \u00e9levage ou que vous ayez deux port\u00e9es en m\u00eame temps, ce kit peut \u00eatre command\u00e9 en m\u00eame temps qu'un nouveau box ou ajout\u00e9 ult\u00e9rieurement, pour que votre installation \u00e9volue en fonction de vos besoins.\",\"breadcrumb\":{\"@id\":\"https:\/\/pettechsolutions.com\/fr\/produit\/kit-de-conversion-de-boite#breadcrumb\"},\"inLanguage\":\"fr-FR\",\"potentialAction\":[{\"@type\":\"ReadAction\",\"target\":[\"https:\/\/pettechsolutions.com\/fr\/produit\/kit-de-conversion-de-boite\"]}]},{\"@type\":\"ImageObject\",\"inLanguage\":\"fr-FR\",\"@id\":\"https:\/\/pettechsolutions.com\/fr\/produit\/kit-de-conversion-de-boite#primaryimage\",\"url\":\"https:\/\/pettechsolutions.com\/wp-content\/uploads\/2022\/09\/subcategory_base_img_CONVERSION_BETTER.jpeg\",\"contentUrl\":\"https:\/\/pettechsolutions.com\/wp-content\/uploads\/2022\/09\/subcategory_base_img_CONVERSION_BETTER.jpeg\",\"width\":1280,\"height\":1280},{\"@type\":\"BreadcrumbList\",\"@id\":\"https:\/\/pettechsolutions.com\/fr\/produit\/kit-de-conversion-de-boite#breadcrumb\",\"itemListElement\":[{\"@type\":\"ListItem\",\"position\":1,\"name\":\"Home\",\"item\":\"https:\/\/pettechsolutions.com\/fr\"},{\"@type\":\"ListItem\",\"position\":2,\"name\":\"Boutique\",\"item\":\"https:\/\/pettechsolutions.com\/fr\/boutique\"},{\"@type\":\"ListItem\",\"position\":3,\"name\":\"Kit de conversion de box de mise bas &#8211; Deux box doubles en deux box simples\"}]},{\"@type\":\"WebSite\",\"@id\":\"https:\/\/pettechsolutions.com\/#website\",\"url\":\"https:\/\/pettechsolutions.com\/\",\"name\":\"PetTech\",\"description\":\"produits d'\u00e9levage par excellence.\",\"publisher\":{\"@id\":\"https:\/\/pettechsolutions.com\/#organization\"},\"potentialAction\":[{\"@type\":\"SearchAction\",\"target\":{\"@type\":\"EntryPoint\",\"urlTemplate\":\"https:\/\/pettechsolutions.com\/?s={search_term_string}\"},\"query-input\":\"required name=search_term_string\"}],\"inLanguage\":\"fr-FR\"},{\"@type\":\"Organization\",\"@id\":\"https:\/\/pettechsolutions.com\/#organization\",\"name\":\"PetTech Solutions\",\"url\":\"https:\/\/pettechsolutions.com\/\",\"logo\":{\"@type\":\"ImageObject\",\"inLanguage\":\"fr-FR\",\"@id\":\"https:\/\/pettechsolutions.com\/#\/schema\/logo\/image\/\",\"url\":\"https:\/\/pettechsolutions.com\/wp-content\/uploads\/2022\/06\/pts_heart_logo.png\",\"contentUrl\":\"https:\/\/pettechsolutions.com\/wp-content\/uploads\/2022\/06\/pts_heart_logo.png\",\"width\":1080,\"height\":546,\"caption\":\"PetTech Solutions\"},\"image\":{\"@id\":\"https:\/\/pettechsolutions.com\/#\/schema\/logo\/image\/\"},\"sameAs\":[\"https:\/\/facebook.com\/pettechsolutions\",\"https:\/\/twitter.com\/pettechsol\",\"https:\/\/instagram.com\/pettechsol\"]}]}<\/script>\n<!-- \/ Yoast SEO plugin. -->","yoast_head_json":{"title":"Kit de conversion de box de mise bas - Deux box doubles en deux box simples | PetTech","description":"Transformez votre box de mise bas double PetTech en deux box simples s\u00e9par\u00e9s gr\u00e2ce \u00e0 notre kit de conversion. Le kit de conversion pour box de mise bas PetTech offre une solution simple et efficace pour diviser votre box double en deux box simples ind\u00e9pendants. Id\u00e9al pour g\u00e9rer l'espace et s'adapter aux besoins changeants de votre programme d \u00ab \u00e9levage, ce kit comprend tous les \u00e9l\u00e9ments n\u00e9cessaires : une paroi arri\u00e8re robuste et une paroi avant \u00e9quip\u00e9e d'une porte r\u00e9glable en hauteur sur trois niveaux pour un confinement s\u00fbr et personnalisable. Que vous d\u00e9veloppiez votre programme d \u00bb \u00e9levage ou que vous ayez deux port\u00e9es en m\u00eame temps, ce kit peut \u00eatre command\u00e9 en m\u00eame temps qu'un nouveau box ou ajout\u00e9 ult\u00e9rieurement, pour que votre installation \u00e9volue en fonction de vos besoins.","robots":{"index":"index","follow":"follow","max-snippet":"max-snippet:-1","max-image-preview":"max-image-preview:large","max-video-preview":"max-video-preview:-1"},"canonical":"https:\/\/pettechsolutions.com\/fr\/produit\/kit-de-conversion-de-boite","og_locale":"fr_FR","og_type":"article","og_title":"Kit de conversion de box de mise bas - Deux box doubles en deux box simples | PetTech","og_description":"Transformez votre box de mise bas double PetTech en deux box simples s\u00e9par\u00e9s gr\u00e2ce \u00e0 notre kit de conversion. Le kit de conversion pour box de mise bas PetTech offre une solution simple et efficace pour diviser votre box double en deux box simples ind\u00e9pendants. Id\u00e9al pour g\u00e9rer l'espace et s'adapter aux besoins changeants de votre programme d \u00ab \u00e9levage, ce kit comprend tous les \u00e9l\u00e9ments n\u00e9cessaires : une paroi arri\u00e8re robuste et une paroi avant \u00e9quip\u00e9e d'une porte r\u00e9glable en hauteur sur trois niveaux pour un confinement s\u00fbr et personnalisable. Que vous d\u00e9veloppiez votre programme d \u00bb \u00e9levage ou que vous ayez deux port\u00e9es en m\u00eame temps, ce kit peut \u00eatre command\u00e9 en m\u00eame temps qu'un nouveau box ou ajout\u00e9 ult\u00e9rieurement, pour que votre installation \u00e9volue en fonction de vos besoins.","og_url":"https:\/\/pettechsolutions.com\/fr\/produit\/kit-de-conversion-de-boite","og_site_name":"PetTech","article_publisher":"https:\/\/facebook.com\/pettechsolutions","article_modified_time":"2025-06-10T13:16:23+00:00","og_image":[{"width":1080,"height":1080,"url":"https:\/\/pettechsolutions.com\/wp-content\/uploads\/2022\/06\/pettech_36_high_res_prod_img.jpg","type":"image\/jpeg"}],"twitter_card":"summary_large_image","twitter_site":"@pettechsol","twitter_misc":{"Dur\u00e9e de lecture estim\u00e9e":"1 minute"},"schema":{"@context":"https:\/\/schema.org","@graph":[{"@type":"WebPage","@id":"https:\/\/pettechsolutions.com\/fr\/produit\/kit-de-conversion-de-boite","url":"https:\/\/pettechsolutions.com\/fr\/produit\/kit-de-conversion-de-boite","name":"Kit de conversion de box de mise bas - Deux box doubles en deux box simples | PetTech","isPartOf":{"@id":"https:\/\/pettechsolutions.com\/#website"},"primaryImageOfPage":{"@id":"https:\/\/pettechsolutions.com\/fr\/produit\/kit-de-conversion-de-boite#primaryimage"},"image":{"@id":"https:\/\/pettechsolutions.com\/fr\/produit\/kit-de-conversion-de-boite#primaryimage"},"thumbnailUrl":"https:\/\/pettechsolutions.com\/wp-content\/uploads\/2022\/09\/subcategory_base_img_CONVERSION_BETTER.jpeg","datePublished":"2022-09-20T16:43:30+00:00","dateModified":"2025-06-10T13:16:23+00:00","description":"Transformez votre box de mise bas double PetTech en deux box simples s\u00e9par\u00e9s gr\u00e2ce \u00e0 notre kit de conversion. Le kit de conversion pour box de mise bas PetTech offre une solution simple et efficace pour diviser votre box double en deux box simples ind\u00e9pendants. Id\u00e9al pour g\u00e9rer l'espace et s'adapter aux besoins changeants de votre programme d \u00ab \u00e9levage, ce kit comprend tous les \u00e9l\u00e9ments n\u00e9cessaires : une paroi arri\u00e8re robuste et une paroi avant \u00e9quip\u00e9e d'une porte r\u00e9glable en hauteur sur trois niveaux pour un confinement s\u00fbr et personnalisable. Que vous d\u00e9veloppiez votre programme d \u00bb \u00e9levage ou que vous ayez deux port\u00e9es en m\u00eame temps, ce kit peut \u00eatre command\u00e9 en m\u00eame temps qu'un nouveau box ou ajout\u00e9 ult\u00e9rieurement, pour que votre installation \u00e9volue en fonction de vos besoins.","breadcrumb":{"@id":"https:\/\/pettechsolutions.com\/fr\/produit\/kit-de-conversion-de-boite#breadcrumb"},"inLanguage":"fr-FR","potentialAction":[{"@type":"ReadAction","target":["https:\/\/pettechsolutions.com\/fr\/produit\/kit-de-conversion-de-boite"]}]},{"@type":"ImageObject","inLanguage":"fr-FR","@id":"https:\/\/pettechsolutions.com\/fr\/produit\/kit-de-conversion-de-boite#primaryimage","url":"https:\/\/pettechsolutions.com\/wp-content\/uploads\/2022\/09\/subcategory_base_img_CONVERSION_BETTER.jpeg","contentUrl":"https:\/\/pettechsolutions.com\/wp-content\/uploads\/2022\/09\/subcategory_base_img_CONVERSION_BETTER.jpeg","width":1280,"height":1280},{"@type":"BreadcrumbList","@id":"https:\/\/pettechsolutions.com\/fr\/produit\/kit-de-conversion-de-boite#breadcrumb","itemListElement":[{"@type":"ListItem","position":1,"name":"Home","item":"https:\/\/pettechsolutions.com\/fr"},{"@type":"ListItem","position":2,"name":"Boutique","item":"https:\/\/pettechsolutions.com\/fr\/boutique"},{"@type":"ListItem","position":3,"name":"Kit de conversion de box de mise bas &#8211; Deux box doubles en deux box simples"}]},{"@type":"WebSite","@id":"https:\/\/pettechsolutions.com\/#website","url":"https:\/\/pettechsolutions.com\/","name":"PetTech","description":"produits d'\u00e9levage par excellence.","publisher":{"@id":"https:\/\/pettechsolutions.com\/#organization"},"potentialAction":[{"@type":"SearchAction","target":{"@type":"EntryPoint","urlTemplate":"https:\/\/pettechsolutions.com\/?s={search_term_string}"},"query-input":"required name=search_term_string"}],"inLanguage":"fr-FR"},{"@type":"Organization","@id":"https:\/\/pettechsolutions.com\/#organization","name":"PetTech Solutions","url":"https:\/\/pettechsolutions.com\/","logo":{"@type":"ImageObject","inLanguage":"fr-FR","@id":"https:\/\/pettechsolutions.com\/#\/schema\/logo\/image\/","url":"https:\/\/pettechsolutions.com\/wp-content\/uploads\/2022\/06\/pts_heart_logo.png","contentUrl":"https:\/\/pettechsolutions.com\/wp-content\/uploads\/2022\/06\/pts_heart_logo.png","width":1080,"height":546,"caption":"PetTech Solutions"},"image":{"@id":"https:\/\/pettechsolutions.com\/#\/schema\/logo\/image\/"},"sameAs":["https:\/\/facebook.com\/pettechsolutions","https:\/\/twitter.com\/pettechsol","https:\/\/instagram.com\/pettechsol"]}]}},"jetpack_sharing_enabled":true,"_links":{"self":[{"href":"https:\/\/pettechsolutions.com\/fr\/wp-json\/wp\/v2\/product\/1444"}],"collection":[{"href":"https:\/\/pettechsolutions.com\/fr\/wp-json\/wp\/v2\/product"}],"about":[{"href":"https:\/\/pettechsolutions.com\/fr\/wp-json\/wp\/v2\/types\/product"}],"wp:featuredmedia":[{"embeddable":true,"href":"https:\/\/pettechsolutions.com\/fr\/wp-json\/wp\/v2\/media\/5809"}],"wp:attachment":[{"href":"https:\/\/pettechsolutions.com\/fr\/wp-json\/wp\/v2\/media?parent=1444"}],"wp:term":[{"taxonomy":"product_cat","embeddable":true,"href":"https:\/\/pettechsolutions.com\/fr\/wp-json\/wp\/v2\/product_cat?post=1444"},{"taxonomy":"product_tag","embeddable":true,"href":"https:\/\/pettechsolutions.com\/fr\/wp-json\/wp\/v2\/product_tag?post=1444"},{"taxonomy":"pt_brand","embeddable":true,"href":"https:\/\/pettechsolutions.com\/fr\/wp-json\/wp\/v2\/pt_brand?post=1444"}],"curies":[{"name":"wp","href":"https:\/\/api.w.org\/{rel}","templated":true}]}}