{"id":1437,"date":"2022-09-20T12:38:22","date_gmt":"2022-09-20T16:38:22","guid":{"rendered":"https:\/\/pettechsolutions.com\/product\/kit-dajout-de-boite"},"modified":"2025-06-12T08:53:41","modified_gmt":"2025-06-12T12:53:41","slug":"kit-dajout-de-boite","status":"publish","type":"product","link":"https:\/\/pettechsolutions.com\/fr\/produit\/kit-dajout-de-boite","title":{"rendered":"Kit d&rsquo;ajout de dos de box de mise bas &#8211; du box simple au box double"},"content":{"rendered":"<p>Vous avez d\u00e9j\u00e0 le meilleur box de mise bas \u00e0 vendre au Canada ?<\/p>\n<p>Transformez facilement votre box de mise bas simple en box double avec un stylo de sevrage. Le kit d&rsquo;ajout de bo\u00eete comprend un bac inf\u00e9rieur \u00e9tanche, deux parois lat\u00e9rales et une paroi centrale avec une porte pour chiots permettant d&rsquo;acc\u00e9der \u00e0 l&rsquo;enclos de sevrage. La conception de la porte \u00e0 guillotine vous permet d&rsquo;ouvrir et de fermer la porte pour permettre ou bloquer l&rsquo;acc\u00e8s \u00e0 l&rsquo;enclos de sevrage.<\/p>\n<p>Commandez votre Box Addition avec votre nouvelle bo\u00eete ou \u00e0 tout moment pour transformer facilement votre bo\u00eete simple en bo\u00eete double. Utilisez votre annexe arri\u00e8re comme enclos de sevrage et zone de pot.<\/p>\n<p>N&rsquo;oubliez pas d&rsquo;ajouter votre <a href=\"https:\/\/pettechsolutions.com\/fr\/produit\/vetbed-original-fleece-pour-les-box-de-mise-bas-et-de-nidification\">Vetbed Veterinary Fleece<\/a> Cut to Size.<\/p>\n<h3>Membres du Club canin canadien<\/h3>\n<p>Dans le cadre de son partenariat avec le Club canin canadien, PetTech est fier de vous soutenir, vous et ce que vous aimez le plus ! Qu&rsquo;il s&rsquo;agisse de vous encourager lors de salons et d&rsquo;\u00e9v\u00e9nements, de vous proposer des lancements, des produits, des formations et des \u00e9conomies exclusifs aux membres. Les membres peuvent se connecter au <a href=\"https:\/\/www.ckc.ca\/en\" target=\"_blank\" rel=\"noopener noreferrer\">site r\u00e9serv\u00e9 aux membres du CCC <\/a>pour obtenir leur code de r\u00e9duction.<\/p>\n","protected":false},"excerpt":{"rendered":"<p><span style=\"font-weight: 400;\">Kit d&rsquo;ajout de bo\u00eete PetTech (convertissez l&rsquo;enclos de sevrage\/d&rsquo;apprentissage de la propret\u00e9 d&rsquo;une bo\u00eete simple \u00e0 une bo\u00eete double). Ce kit comprend deux parois lat\u00e9rales, un panneau d&rsquo;extr\u00e9mit\u00e9, une paroi centrale avec une porte pour chiots permettant d&rsquo;acc\u00e9der \u00e0 l&rsquo;enclos de sevrage, et un bac de fond \u00e9tanche. Disponible en 3 tailles diff\u00e9rentes, avec l&rsquo;option de parois lat\u00e9rales fendues.<br \/>\n<\/span><\/p>\n","protected":false},"featured_media":1904,"template":"","meta":{"_acf_changed":false},"product_cat":[135,146,147],"product_tag":[],"pt_brand":[158],"acf":[],"yoast_head":"<!-- This site is optimized with the Yoast SEO plugin v22.2 - https:\/\/yoast.com\/wordpress\/plugins\/seo\/ -->\n<title>Kit d&#039;ajout de dos de box de mise bas - du box simple au box double | PetTech<\/title>\n<meta name=\"description\" content=\"Optimisez la fonctionnalit\u00e9 de votre box de mise bas simple avec le kit d&#039;ajout de box PetTech, con\u00e7u pour convertir en toute transparence votre box de mise bas simple en un box double avec un enclos de sevrage. Ce kit comprend un bac de fond \u00e9tanche, deux parois lat\u00e9rales et une paroi centrale dot\u00e9e d&#039;une porte pratique pour les chiots afin de faciliter l&#039;acc\u00e8s \u00e0 l&#039;enclos de sevrage. La conception innovante de la porte guillotine permet de contr\u00f4ler l&#039;acc\u00e8s entre la bo\u00eete principale et l&#039;enclos de sevrage, ce qui est id\u00e9al pour l&#039;\u00e9ducation et l&#039;apprentissage de la propret\u00e9. Disponible \u00e0 l&#039;achat avec un nouveau box ou en tant que compl\u00e9ment autonome, ce kit est un outil essentiel pour les \u00e9leveurs souhaitant am\u00e9liorer leur installation de mise bas.\" \/>\n<meta name=\"robots\" content=\"index, follow, max-snippet:-1, max-image-preview:large, max-video-preview:-1\" \/>\n<link rel=\"canonical\" href=\"https:\/\/pettechsolutions.com\/fr\/produit\/kit-dajout-de-boite\" \/>\n<meta property=\"og:locale\" content=\"fr_FR\" \/>\n<meta property=\"og:type\" content=\"article\" \/>\n<meta property=\"og:title\" content=\"Kit d&#039;ajout de dos de box de mise bas - du box simple au box double | PetTech\" \/>\n<meta property=\"og:description\" content=\"Optimisez la fonctionnalit\u00e9 de votre box de mise bas simple avec le kit d&#039;ajout de box PetTech, con\u00e7u pour convertir en toute transparence votre box de mise bas simple en un box double avec un enclos de sevrage. Ce kit comprend un bac de fond \u00e9tanche, deux parois lat\u00e9rales et une paroi centrale dot\u00e9e d&#039;une porte pratique pour les chiots afin de faciliter l&#039;acc\u00e8s \u00e0 l&#039;enclos de sevrage. La conception innovante de la porte guillotine permet de contr\u00f4ler l&#039;acc\u00e8s entre la bo\u00eete principale et l&#039;enclos de sevrage, ce qui est id\u00e9al pour l&#039;\u00e9ducation et l&#039;apprentissage de la propret\u00e9. Disponible \u00e0 l&#039;achat avec un nouveau box ou en tant que compl\u00e9ment autonome, ce kit est un outil essentiel pour les \u00e9leveurs souhaitant am\u00e9liorer leur installation de mise bas.\" \/>\n<meta property=\"og:url\" content=\"https:\/\/pettechsolutions.com\/fr\/produit\/kit-dajout-de-boite\" \/>\n<meta property=\"og:site_name\" content=\"PetTech\" \/>\n<meta property=\"article:publisher\" content=\"https:\/\/facebook.com\/pettechsolutions\" \/>\n<meta property=\"article:modified_time\" content=\"2025-06-12T12:53:41+00:00\" \/>\n<meta property=\"og:image\" content=\"https:\/\/pettechsolutions.com\/wp-content\/uploads\/2022\/09\/pettech_double_whelping_box_infograph.jpg\" \/>\n\t<meta property=\"og:image:width\" content=\"950\" \/>\n\t<meta property=\"og:image:height\" content=\"950\" \/>\n\t<meta property=\"og:image:type\" content=\"image\/jpeg\" \/>\n<meta name=\"twitter:card\" content=\"summary_large_image\" \/>\n<meta name=\"twitter:site\" content=\"@pettechsol\" \/>\n<meta name=\"twitter:label1\" content=\"Dur\u00e9e de lecture estim\u00e9e\" \/>\n\t<meta name=\"twitter:data1\" content=\"1 minute\" \/>\n<script type=\"application\/ld+json\" class=\"yoast-schema-graph\">{\"@context\":\"https:\/\/schema.org\",\"@graph\":[{\"@type\":\"WebPage\",\"@id\":\"https:\/\/pettechsolutions.com\/fr\/produit\/kit-dajout-de-boite\",\"url\":\"https:\/\/pettechsolutions.com\/fr\/produit\/kit-dajout-de-boite\",\"name\":\"Kit d'ajout de dos de box de mise bas - du box simple au box double | PetTech\",\"isPartOf\":{\"@id\":\"https:\/\/pettechsolutions.com\/#website\"},\"primaryImageOfPage\":{\"@id\":\"https:\/\/pettechsolutions.com\/fr\/produit\/kit-dajout-de-boite#primaryimage\"},\"image\":{\"@id\":\"https:\/\/pettechsolutions.com\/fr\/produit\/kit-dajout-de-boite#primaryimage\"},\"thumbnailUrl\":\"https:\/\/pettechsolutions.com\/wp-content\/uploads\/2022\/09\/Double-Slotted-Wall-Box-1-scaled.jpg\",\"datePublished\":\"2022-09-20T16:38:22+00:00\",\"dateModified\":\"2025-06-12T12:53:41+00:00\",\"description\":\"Optimisez la fonctionnalit\u00e9 de votre box de mise bas simple avec le kit d'ajout de box PetTech, con\u00e7u pour convertir en toute transparence votre box de mise bas simple en un box double avec un enclos de sevrage. Ce kit comprend un bac de fond \u00e9tanche, deux parois lat\u00e9rales et une paroi centrale dot\u00e9e d'une porte pratique pour les chiots afin de faciliter l'acc\u00e8s \u00e0 l'enclos de sevrage. La conception innovante de la porte guillotine permet de contr\u00f4ler l'acc\u00e8s entre la bo\u00eete principale et l'enclos de sevrage, ce qui est id\u00e9al pour l'\u00e9ducation et l'apprentissage de la propret\u00e9. Disponible \u00e0 l'achat avec un nouveau box ou en tant que compl\u00e9ment autonome, ce kit est un outil essentiel pour les \u00e9leveurs souhaitant am\u00e9liorer leur installation de mise bas.\",\"breadcrumb\":{\"@id\":\"https:\/\/pettechsolutions.com\/fr\/produit\/kit-dajout-de-boite#breadcrumb\"},\"inLanguage\":\"fr-FR\",\"potentialAction\":[{\"@type\":\"ReadAction\",\"target\":[\"https:\/\/pettechsolutions.com\/fr\/produit\/kit-dajout-de-boite\"]}]},{\"@type\":\"ImageObject\",\"inLanguage\":\"fr-FR\",\"@id\":\"https:\/\/pettechsolutions.com\/fr\/produit\/kit-dajout-de-boite#primaryimage\",\"url\":\"https:\/\/pettechsolutions.com\/wp-content\/uploads\/2022\/09\/Double-Slotted-Wall-Box-1-scaled.jpg\",\"contentUrl\":\"https:\/\/pettechsolutions.com\/wp-content\/uploads\/2022\/09\/Double-Slotted-Wall-Box-1-scaled.jpg\",\"width\":2560,\"height\":2560},{\"@type\":\"BreadcrumbList\",\"@id\":\"https:\/\/pettechsolutions.com\/fr\/produit\/kit-dajout-de-boite#breadcrumb\",\"itemListElement\":[{\"@type\":\"ListItem\",\"position\":1,\"name\":\"Home\",\"item\":\"https:\/\/pettechsolutions.com\/fr\"},{\"@type\":\"ListItem\",\"position\":2,\"name\":\"Boutique\",\"item\":\"https:\/\/pettechsolutions.com\/fr\/boutique\"},{\"@type\":\"ListItem\",\"position\":3,\"name\":\"Kit d&rsquo;ajout de dos de box de mise bas &#8211; du box simple au box double\"}]},{\"@type\":\"WebSite\",\"@id\":\"https:\/\/pettechsolutions.com\/#website\",\"url\":\"https:\/\/pettechsolutions.com\/\",\"name\":\"PetTech\",\"description\":\"produits d'\u00e9levage par excellence.\",\"publisher\":{\"@id\":\"https:\/\/pettechsolutions.com\/#organization\"},\"potentialAction\":[{\"@type\":\"SearchAction\",\"target\":{\"@type\":\"EntryPoint\",\"urlTemplate\":\"https:\/\/pettechsolutions.com\/?s={search_term_string}\"},\"query-input\":\"required name=search_term_string\"}],\"inLanguage\":\"fr-FR\"},{\"@type\":\"Organization\",\"@id\":\"https:\/\/pettechsolutions.com\/#organization\",\"name\":\"PetTech Solutions\",\"url\":\"https:\/\/pettechsolutions.com\/\",\"logo\":{\"@type\":\"ImageObject\",\"inLanguage\":\"fr-FR\",\"@id\":\"https:\/\/pettechsolutions.com\/#\/schema\/logo\/image\/\",\"url\":\"https:\/\/pettechsolutions.com\/wp-content\/uploads\/2022\/06\/pts_heart_logo.png\",\"contentUrl\":\"https:\/\/pettechsolutions.com\/wp-content\/uploads\/2022\/06\/pts_heart_logo.png\",\"width\":1080,\"height\":546,\"caption\":\"PetTech Solutions\"},\"image\":{\"@id\":\"https:\/\/pettechsolutions.com\/#\/schema\/logo\/image\/\"},\"sameAs\":[\"https:\/\/facebook.com\/pettechsolutions\",\"https:\/\/twitter.com\/pettechsol\",\"https:\/\/instagram.com\/pettechsol\"]}]}<\/script>\n<!-- \/ Yoast SEO plugin. -->","yoast_head_json":{"title":"Kit d'ajout de dos de box de mise bas - du box simple au box double | PetTech","description":"Optimisez la fonctionnalit\u00e9 de votre box de mise bas simple avec le kit d'ajout de box PetTech, con\u00e7u pour convertir en toute transparence votre box de mise bas simple en un box double avec un enclos de sevrage. Ce kit comprend un bac de fond \u00e9tanche, deux parois lat\u00e9rales et une paroi centrale dot\u00e9e d'une porte pratique pour les chiots afin de faciliter l'acc\u00e8s \u00e0 l'enclos de sevrage. La conception innovante de la porte guillotine permet de contr\u00f4ler l'acc\u00e8s entre la bo\u00eete principale et l'enclos de sevrage, ce qui est id\u00e9al pour l'\u00e9ducation et l'apprentissage de la propret\u00e9. Disponible \u00e0 l'achat avec un nouveau box ou en tant que compl\u00e9ment autonome, ce kit est un outil essentiel pour les \u00e9leveurs souhaitant am\u00e9liorer leur installation de mise bas.","robots":{"index":"index","follow":"follow","max-snippet":"max-snippet:-1","max-image-preview":"max-image-preview:large","max-video-preview":"max-video-preview:-1"},"canonical":"https:\/\/pettechsolutions.com\/fr\/produit\/kit-dajout-de-boite","og_locale":"fr_FR","og_type":"article","og_title":"Kit d'ajout de dos de box de mise bas - du box simple au box double | PetTech","og_description":"Optimisez la fonctionnalit\u00e9 de votre box de mise bas simple avec le kit d'ajout de box PetTech, con\u00e7u pour convertir en toute transparence votre box de mise bas simple en un box double avec un enclos de sevrage. Ce kit comprend un bac de fond \u00e9tanche, deux parois lat\u00e9rales et une paroi centrale dot\u00e9e d'une porte pratique pour les chiots afin de faciliter l'acc\u00e8s \u00e0 l'enclos de sevrage. La conception innovante de la porte guillotine permet de contr\u00f4ler l'acc\u00e8s entre la bo\u00eete principale et l'enclos de sevrage, ce qui est id\u00e9al pour l'\u00e9ducation et l'apprentissage de la propret\u00e9. Disponible \u00e0 l'achat avec un nouveau box ou en tant que compl\u00e9ment autonome, ce kit est un outil essentiel pour les \u00e9leveurs souhaitant am\u00e9liorer leur installation de mise bas.","og_url":"https:\/\/pettechsolutions.com\/fr\/produit\/kit-dajout-de-boite","og_site_name":"PetTech","article_publisher":"https:\/\/facebook.com\/pettechsolutions","article_modified_time":"2025-06-12T12:53:41+00:00","og_image":[{"width":950,"height":950,"url":"https:\/\/pettechsolutions.com\/wp-content\/uploads\/2022\/09\/pettech_double_whelping_box_infograph.jpg","type":"image\/jpeg"}],"twitter_card":"summary_large_image","twitter_site":"@pettechsol","twitter_misc":{"Dur\u00e9e de lecture estim\u00e9e":"1 minute"},"schema":{"@context":"https:\/\/schema.org","@graph":[{"@type":"WebPage","@id":"https:\/\/pettechsolutions.com\/fr\/produit\/kit-dajout-de-boite","url":"https:\/\/pettechsolutions.com\/fr\/produit\/kit-dajout-de-boite","name":"Kit d'ajout de dos de box de mise bas - du box simple au box double | PetTech","isPartOf":{"@id":"https:\/\/pettechsolutions.com\/#website"},"primaryImageOfPage":{"@id":"https:\/\/pettechsolutions.com\/fr\/produit\/kit-dajout-de-boite#primaryimage"},"image":{"@id":"https:\/\/pettechsolutions.com\/fr\/produit\/kit-dajout-de-boite#primaryimage"},"thumbnailUrl":"https:\/\/pettechsolutions.com\/wp-content\/uploads\/2022\/09\/Double-Slotted-Wall-Box-1-scaled.jpg","datePublished":"2022-09-20T16:38:22+00:00","dateModified":"2025-06-12T12:53:41+00:00","description":"Optimisez la fonctionnalit\u00e9 de votre box de mise bas simple avec le kit d'ajout de box PetTech, con\u00e7u pour convertir en toute transparence votre box de mise bas simple en un box double avec un enclos de sevrage. Ce kit comprend un bac de fond \u00e9tanche, deux parois lat\u00e9rales et une paroi centrale dot\u00e9e d'une porte pratique pour les chiots afin de faciliter l'acc\u00e8s \u00e0 l'enclos de sevrage. La conception innovante de la porte guillotine permet de contr\u00f4ler l'acc\u00e8s entre la bo\u00eete principale et l'enclos de sevrage, ce qui est id\u00e9al pour l'\u00e9ducation et l'apprentissage de la propret\u00e9. Disponible \u00e0 l'achat avec un nouveau box ou en tant que compl\u00e9ment autonome, ce kit est un outil essentiel pour les \u00e9leveurs souhaitant am\u00e9liorer leur installation de mise bas.","breadcrumb":{"@id":"https:\/\/pettechsolutions.com\/fr\/produit\/kit-dajout-de-boite#breadcrumb"},"inLanguage":"fr-FR","potentialAction":[{"@type":"ReadAction","target":["https:\/\/pettechsolutions.com\/fr\/produit\/kit-dajout-de-boite"]}]},{"@type":"ImageObject","inLanguage":"fr-FR","@id":"https:\/\/pettechsolutions.com\/fr\/produit\/kit-dajout-de-boite#primaryimage","url":"https:\/\/pettechsolutions.com\/wp-content\/uploads\/2022\/09\/Double-Slotted-Wall-Box-1-scaled.jpg","contentUrl":"https:\/\/pettechsolutions.com\/wp-content\/uploads\/2022\/09\/Double-Slotted-Wall-Box-1-scaled.jpg","width":2560,"height":2560},{"@type":"BreadcrumbList","@id":"https:\/\/pettechsolutions.com\/fr\/produit\/kit-dajout-de-boite#breadcrumb","itemListElement":[{"@type":"ListItem","position":1,"name":"Home","item":"https:\/\/pettechsolutions.com\/fr"},{"@type":"ListItem","position":2,"name":"Boutique","item":"https:\/\/pettechsolutions.com\/fr\/boutique"},{"@type":"ListItem","position":3,"name":"Kit d&rsquo;ajout de dos de box de mise bas &#8211; du box simple au box double"}]},{"@type":"WebSite","@id":"https:\/\/pettechsolutions.com\/#website","url":"https:\/\/pettechsolutions.com\/","name":"PetTech","description":"produits d'\u00e9levage par excellence.","publisher":{"@id":"https:\/\/pettechsolutions.com\/#organization"},"potentialAction":[{"@type":"SearchAction","target":{"@type":"EntryPoint","urlTemplate":"https:\/\/pettechsolutions.com\/?s={search_term_string}"},"query-input":"required name=search_term_string"}],"inLanguage":"fr-FR"},{"@type":"Organization","@id":"https:\/\/pettechsolutions.com\/#organization","name":"PetTech Solutions","url":"https:\/\/pettechsolutions.com\/","logo":{"@type":"ImageObject","inLanguage":"fr-FR","@id":"https:\/\/pettechsolutions.com\/#\/schema\/logo\/image\/","url":"https:\/\/pettechsolutions.com\/wp-content\/uploads\/2022\/06\/pts_heart_logo.png","contentUrl":"https:\/\/pettechsolutions.com\/wp-content\/uploads\/2022\/06\/pts_heart_logo.png","width":1080,"height":546,"caption":"PetTech Solutions"},"image":{"@id":"https:\/\/pettechsolutions.com\/#\/schema\/logo\/image\/"},"sameAs":["https:\/\/facebook.com\/pettechsolutions","https:\/\/twitter.com\/pettechsol","https:\/\/instagram.com\/pettechsol"]}]}},"jetpack_sharing_enabled":true,"_links":{"self":[{"href":"https:\/\/pettechsolutions.com\/fr\/wp-json\/wp\/v2\/product\/1437"}],"collection":[{"href":"https:\/\/pettechsolutions.com\/fr\/wp-json\/wp\/v2\/product"}],"about":[{"href":"https:\/\/pettechsolutions.com\/fr\/wp-json\/wp\/v2\/types\/product"}],"wp:featuredmedia":[{"embeddable":true,"href":"https:\/\/pettechsolutions.com\/fr\/wp-json\/wp\/v2\/media\/1904"}],"wp:attachment":[{"href":"https:\/\/pettechsolutions.com\/fr\/wp-json\/wp\/v2\/media?parent=1437"}],"wp:term":[{"taxonomy":"product_cat","embeddable":true,"href":"https:\/\/pettechsolutions.com\/fr\/wp-json\/wp\/v2\/product_cat?post=1437"},{"taxonomy":"product_tag","embeddable":true,"href":"https:\/\/pettechsolutions.com\/fr\/wp-json\/wp\/v2\/product_tag?post=1437"},{"taxonomy":"pt_brand","embeddable":true,"href":"https:\/\/pettechsolutions.com\/fr\/wp-json\/wp\/v2\/pt_brand?post=1437"}],"curies":[{"name":"wp","href":"https:\/\/api.w.org\/{rel}","templated":true}]}}