{"id":1430,"date":"2022-09-20T12:13:27","date_gmt":"2022-09-20T16:13:27","guid":{"rendered":"https:\/\/pettechsolutions.com\/product\/box-de-mise-bas-double"},"modified":"2025-06-10T09:17:07","modified_gmt":"2025-06-10T13:17:07","slug":"box-de-mise-bas-double","status":"publish","type":"product","link":"https:\/\/pettechsolutions.com\/fr\/produit\/box-de-mise-bas-double","title":{"rendered":"Box de mise bas double"},"content":{"rendered":"<p style=\"font-weight: 400;\"><strong>Votre bo\u00eete de mise bas double PetTech comprend.. :<\/strong><\/p>\n<p style=\"font-weight: 400;\">Bo\u00eete de sevrage avant et arri\u00e8re avec ou sans bacs de fond \u00e9tanches, \u00e0 votre choix. Porte avant solide et r\u00e9glable en hauteur sur 3 niveaux, barri\u00e8res amovibles pour les chiots, paroi centrale avec une petite porte pour les chiots que vous pouvez facilement garder ouverte ou ferm\u00e9e pour acc\u00e9der \u00e0 l&rsquo;enclos de sevrage\/au bac arri\u00e8re. <\/p>\n<p style=\"font-weight: 400;\"><strong>Les tailles des coffrets doubles sont :<\/strong><\/p>\n<ul style=\"font-weight: 400;\">\n<li>36&Prime; x 36&Prime; x 18&Prime; (bo\u00eete avant avec rails pour chiots) x 36&Prime; x 36&Prime; x 18&Prime; (bo\u00eete arri\u00e8re\/enclos de sevrage) &#8211; dimensions totales assembl\u00e9es 72&Prime; x 36&Prime; x 18&Prime;.<\/li>\n<li>45&Prime; x 45&Prime; x 24&Prime; (bo\u00eete avant avec rails pour chiots) x 45&Prime; x 45&Prime; x 24&Prime; (bo\u00eete arri\u00e8re\/enclos de sevrage) &#8211; dimensions totales assembl\u00e9es 90&Prime; x 45&Prime; x 24&Prime;.<\/li>\n<li>60&Prime; x 45&Prime; x 24&Prime; (bo\u00eete avant avec rails pour chiots) x 45&Prime; x 45&Prime; x 24&Prime; (bo\u00eete arri\u00e8re\/enclos de sevrage) &#8211; dimensions totales assembl\u00e9es 105&Prime; x 45&Prime; x 24&Prime;.<\/li>\n<\/ul>\n<p style=\"font-weight: 400;\">Chaque bo\u00eete de mise bas PetTech est soud\u00e9e \u00e0 la main pour des bords lisses et un environnement s\u00fbr, sans petites pi\u00e8ces, ce qui la rend extr\u00eamement facile \u00e0 nettoyer et \u00e0 d\u00e9sinfecter.<\/p>\n<p style=\"font-weight: 400;\">Le d\u00e9montage de votre bo\u00eete de mise bas PetTech pour le stockage est sans effort et peu encombrant, car chaque bo\u00eete se pose \u00e0 plat et toutes les pi\u00e8ces s&rsquo;ins\u00e8rent dans le bac inf\u00e9rieur.<\/p>\n<p style=\"font-weight: 400;\">Fabriqu\u00e9 en plastique HDPE 2 de qualit\u00e9 alimentaire, extr\u00eamement durable et s\u00fbr. Ce mat\u00e9riau offre une excellente r\u00e9sistance aux chocs, une r\u00e9sistance \u00e9lev\u00e9e \u00e0 la traction, une faible absorption d&rsquo;humidit\u00e9 et une r\u00e9sistance aux produits chimiques et \u00e0 la corrosion. Cette r\u00e9sine r\u00e9pond aux exigences de la Food and Drug Administration pour le contact alimentaire direct.<\/p>\n<p>N&rsquo;oubliez pas d&rsquo;ajouter votre <a href=\"https:\/\/pettechsolutions.com\/fr\/produit\/vetbed-original-fleece-pour-les-box-de-mise-bas-et-de-nidification\">Vetbed Veterinary Fleece<\/a> Cut to Size.<\/p>\n<h3>Membres du Club canin canadien<\/h3>\n<p>Dans le cadre de son partenariat avec le Club canin canadien, PetTech est fier de vous soutenir, vous et ce que vous aimez le plus ! Qu&rsquo;il s&rsquo;agisse de vous encourager lors de salons et d&rsquo;\u00e9v\u00e9nements, de vous proposer des lancements, des produits, des formations et des \u00e9conomies exclusifs aux membres. Les membres peuvent se connecter au <a href=\"https:\/\/www.ckc.ca\/en\" target=\"_blank\" rel=\"noopener noreferrer\">site r\u00e9serv\u00e9 aux membres du CCC <\/a>pour obtenir leur code de r\u00e9duction.<\/p>\n","protected":false},"excerpt":{"rendered":"<p><span style=\"font-weight: 400;\">L&rsquo;ensemble complet PetTech Double Whelping Box comprend 2 bacs de fond \u00e9tanches, une hauteur r\u00e9glable \u00e0 3 niveaux, des portes frontales solides, des parois \u00e0 embo\u00eetement, des rails amovibles pour chiots et un enclos de sevrage avec porte pour chiots. Id\u00e9al pour les petites races. Disponible en 3 tailles diff\u00e9rentes.<br \/>\n<\/span><\/p>\n","protected":false},"featured_media":5792,"template":"","meta":{"_acf_changed":false},"product_cat":[150,135,146],"product_tag":[535,556,547,560,532,533,539,562,572,570,558,538,564,568,537,552,536,507,528,540,541,529,531,530,534,553,566],"pt_brand":[158],"acf":[],"yoast_head":"<!-- This site is optimized with the Yoast SEO plugin v22.2 - https:\/\/yoast.com\/wordpress\/plugins\/seo\/ -->\n<title>Box de mise bas double | PetTech<\/title>\n<meta name=\"description\" content=\"D\u00e9couvrez les box de mise bas PetTech Solutions, parfaits pour les \u00e9leveurs professionnels de chiens, con\u00e7us et fabriqu\u00e9s au Canada. Faciles \u00e0 assembler, \u00e0 d\u00e9monter et \u00e0 reconfigurer, ces box modulaires conviennent \u00e0 toutes les tailles de races. Elles sont dot\u00e9es d&#039;un plastique HDPE 2 de qualit\u00e9 alimentaire pour la s\u00e9curit\u00e9 et la durabilit\u00e9, de portes r\u00e9glables en hauteur, de rails amovibles pour les chiots et d&#039;un bac inf\u00e9rieur \u00e9tanche pour prot\u00e9ger les sols. Transformez facilement votre installation \u00e0 l&#039;aide de nos kits de conversion. Id\u00e9al pour cr\u00e9er un environnement de mise bas s\u00fbr, propre et adaptable. Achetez d\u00e8s maintenant des box de mise bas simples ou des box doubles avec un enclos de sevrage.\" \/>\n<meta name=\"robots\" content=\"index, follow, max-snippet:-1, max-image-preview:large, max-video-preview:-1\" \/>\n<link rel=\"canonical\" href=\"https:\/\/pettechsolutions.com\/fr\/produit\/box-de-mise-bas-double\" \/>\n<meta property=\"og:locale\" content=\"fr_FR\" \/>\n<meta property=\"og:type\" content=\"article\" \/>\n<meta property=\"og:title\" content=\"Box de mise bas double | PetTech\" \/>\n<meta property=\"og:description\" content=\"D\u00e9couvrez les box de mise bas PetTech Solutions, parfaits pour les \u00e9leveurs professionnels de chiens, con\u00e7us et fabriqu\u00e9s au Canada. Faciles \u00e0 assembler, \u00e0 d\u00e9monter et \u00e0 reconfigurer, ces box modulaires conviennent \u00e0 toutes les tailles de races. Elles sont dot\u00e9es d&#039;un plastique HDPE 2 de qualit\u00e9 alimentaire pour la s\u00e9curit\u00e9 et la durabilit\u00e9, de portes r\u00e9glables en hauteur, de rails amovibles pour les chiots et d&#039;un bac inf\u00e9rieur \u00e9tanche pour prot\u00e9ger les sols. Transformez facilement votre installation \u00e0 l&#039;aide de nos kits de conversion. Id\u00e9al pour cr\u00e9er un environnement de mise bas s\u00fbr, propre et adaptable. Achetez d\u00e8s maintenant des box de mise bas simples ou des box doubles avec un enclos de sevrage.\" \/>\n<meta property=\"og:url\" content=\"https:\/\/pettechsolutions.com\/fr\/produit\/box-de-mise-bas-double\" \/>\n<meta property=\"og:site_name\" content=\"PetTech\" \/>\n<meta property=\"article:publisher\" content=\"https:\/\/facebook.com\/pettechsolutions\" \/>\n<meta property=\"article:modified_time\" content=\"2025-06-10T13:17:07+00:00\" \/>\n<meta property=\"og:image\" content=\"https:\/\/pettechsolutions.com\/wp-content\/uploads\/2022\/06\/Double-Box-scaled-1.jpg\" \/>\n\t<meta property=\"og:image:width\" content=\"2558\" \/>\n\t<meta property=\"og:image:height\" content=\"2560\" \/>\n\t<meta property=\"og:image:type\" content=\"image\/jpeg\" \/>\n<meta name=\"twitter:card\" content=\"summary_large_image\" \/>\n<meta name=\"twitter:site\" content=\"@pettechsol\" \/>\n<meta name=\"twitter:label1\" content=\"Dur\u00e9e de lecture estim\u00e9e\" \/>\n\t<meta name=\"twitter:data1\" content=\"2 minutes\" \/>\n<script type=\"application\/ld+json\" class=\"yoast-schema-graph\">{\"@context\":\"https:\/\/schema.org\",\"@graph\":[{\"@type\":\"WebPage\",\"@id\":\"https:\/\/pettechsolutions.com\/fr\/produit\/box-de-mise-bas-double\",\"url\":\"https:\/\/pettechsolutions.com\/fr\/produit\/box-de-mise-bas-double\",\"name\":\"Box de mise bas double | PetTech\",\"isPartOf\":{\"@id\":\"https:\/\/pettechsolutions.com\/#website\"},\"primaryImageOfPage\":{\"@id\":\"https:\/\/pettechsolutions.com\/fr\/produit\/box-de-mise-bas-double#primaryimage\"},\"image\":{\"@id\":\"https:\/\/pettechsolutions.com\/fr\/produit\/box-de-mise-bas-double#primaryimage\"},\"thumbnailUrl\":\"https:\/\/pettechsolutions.com\/wp-content\/uploads\/2022\/09\/pettech_double_whelping_box_infograph.jpg\",\"datePublished\":\"2022-09-20T16:13:27+00:00\",\"dateModified\":\"2025-06-10T13:17:07+00:00\",\"description\":\"D\u00e9couvrez les box de mise bas PetTech Solutions, parfaits pour les \u00e9leveurs professionnels de chiens, con\u00e7us et fabriqu\u00e9s au Canada. Faciles \u00e0 assembler, \u00e0 d\u00e9monter et \u00e0 reconfigurer, ces box modulaires conviennent \u00e0 toutes les tailles de races. Elles sont dot\u00e9es d'un plastique HDPE 2 de qualit\u00e9 alimentaire pour la s\u00e9curit\u00e9 et la durabilit\u00e9, de portes r\u00e9glables en hauteur, de rails amovibles pour les chiots et d'un bac inf\u00e9rieur \u00e9tanche pour prot\u00e9ger les sols. Transformez facilement votre installation \u00e0 l'aide de nos kits de conversion. Id\u00e9al pour cr\u00e9er un environnement de mise bas s\u00fbr, propre et adaptable. Achetez d\u00e8s maintenant des box de mise bas simples ou des box doubles avec un enclos de sevrage.\",\"breadcrumb\":{\"@id\":\"https:\/\/pettechsolutions.com\/fr\/produit\/box-de-mise-bas-double#breadcrumb\"},\"inLanguage\":\"fr-FR\",\"potentialAction\":[{\"@type\":\"ReadAction\",\"target\":[\"https:\/\/pettechsolutions.com\/fr\/produit\/box-de-mise-bas-double\"]}]},{\"@type\":\"ImageObject\",\"inLanguage\":\"fr-FR\",\"@id\":\"https:\/\/pettechsolutions.com\/fr\/produit\/box-de-mise-bas-double#primaryimage\",\"url\":\"https:\/\/pettechsolutions.com\/wp-content\/uploads\/2022\/09\/pettech_double_whelping_box_infograph.jpg\",\"contentUrl\":\"https:\/\/pettechsolutions.com\/wp-content\/uploads\/2022\/09\/pettech_double_whelping_box_infograph.jpg\",\"width\":950,\"height\":950},{\"@type\":\"BreadcrumbList\",\"@id\":\"https:\/\/pettechsolutions.com\/fr\/produit\/box-de-mise-bas-double#breadcrumb\",\"itemListElement\":[{\"@type\":\"ListItem\",\"position\":1,\"name\":\"Home\",\"item\":\"https:\/\/pettechsolutions.com\/fr\"},{\"@type\":\"ListItem\",\"position\":2,\"name\":\"Boutique\",\"item\":\"https:\/\/pettechsolutions.com\/fr\/boutique\"},{\"@type\":\"ListItem\",\"position\":3,\"name\":\"Box de mise bas double\"}]},{\"@type\":\"WebSite\",\"@id\":\"https:\/\/pettechsolutions.com\/#website\",\"url\":\"https:\/\/pettechsolutions.com\/\",\"name\":\"PetTech\",\"description\":\"produits d'\u00e9levage par excellence.\",\"publisher\":{\"@id\":\"https:\/\/pettechsolutions.com\/#organization\"},\"potentialAction\":[{\"@type\":\"SearchAction\",\"target\":{\"@type\":\"EntryPoint\",\"urlTemplate\":\"https:\/\/pettechsolutions.com\/?s={search_term_string}\"},\"query-input\":\"required name=search_term_string\"}],\"inLanguage\":\"fr-FR\"},{\"@type\":\"Organization\",\"@id\":\"https:\/\/pettechsolutions.com\/#organization\",\"name\":\"PetTech Solutions\",\"url\":\"https:\/\/pettechsolutions.com\/\",\"logo\":{\"@type\":\"ImageObject\",\"inLanguage\":\"fr-FR\",\"@id\":\"https:\/\/pettechsolutions.com\/#\/schema\/logo\/image\/\",\"url\":\"https:\/\/pettechsolutions.com\/wp-content\/uploads\/2022\/06\/pts_heart_logo.png\",\"contentUrl\":\"https:\/\/pettechsolutions.com\/wp-content\/uploads\/2022\/06\/pts_heart_logo.png\",\"width\":1080,\"height\":546,\"caption\":\"PetTech Solutions\"},\"image\":{\"@id\":\"https:\/\/pettechsolutions.com\/#\/schema\/logo\/image\/\"},\"sameAs\":[\"https:\/\/facebook.com\/pettechsolutions\",\"https:\/\/twitter.com\/pettechsol\",\"https:\/\/instagram.com\/pettechsol\"]}]}<\/script>\n<!-- \/ Yoast SEO plugin. -->","yoast_head_json":{"title":"Box de mise bas double | PetTech","description":"D\u00e9couvrez les box de mise bas PetTech Solutions, parfaits pour les \u00e9leveurs professionnels de chiens, con\u00e7us et fabriqu\u00e9s au Canada. Faciles \u00e0 assembler, \u00e0 d\u00e9monter et \u00e0 reconfigurer, ces box modulaires conviennent \u00e0 toutes les tailles de races. Elles sont dot\u00e9es d'un plastique HDPE 2 de qualit\u00e9 alimentaire pour la s\u00e9curit\u00e9 et la durabilit\u00e9, de portes r\u00e9glables en hauteur, de rails amovibles pour les chiots et d'un bac inf\u00e9rieur \u00e9tanche pour prot\u00e9ger les sols. Transformez facilement votre installation \u00e0 l'aide de nos kits de conversion. Id\u00e9al pour cr\u00e9er un environnement de mise bas s\u00fbr, propre et adaptable. Achetez d\u00e8s maintenant des box de mise bas simples ou des box doubles avec un enclos de sevrage.","robots":{"index":"index","follow":"follow","max-snippet":"max-snippet:-1","max-image-preview":"max-image-preview:large","max-video-preview":"max-video-preview:-1"},"canonical":"https:\/\/pettechsolutions.com\/fr\/produit\/box-de-mise-bas-double","og_locale":"fr_FR","og_type":"article","og_title":"Box de mise bas double | PetTech","og_description":"D\u00e9couvrez les box de mise bas PetTech Solutions, parfaits pour les \u00e9leveurs professionnels de chiens, con\u00e7us et fabriqu\u00e9s au Canada. Faciles \u00e0 assembler, \u00e0 d\u00e9monter et \u00e0 reconfigurer, ces box modulaires conviennent \u00e0 toutes les tailles de races. Elles sont dot\u00e9es d'un plastique HDPE 2 de qualit\u00e9 alimentaire pour la s\u00e9curit\u00e9 et la durabilit\u00e9, de portes r\u00e9glables en hauteur, de rails amovibles pour les chiots et d'un bac inf\u00e9rieur \u00e9tanche pour prot\u00e9ger les sols. Transformez facilement votre installation \u00e0 l'aide de nos kits de conversion. Id\u00e9al pour cr\u00e9er un environnement de mise bas s\u00fbr, propre et adaptable. Achetez d\u00e8s maintenant des box de mise bas simples ou des box doubles avec un enclos de sevrage.","og_url":"https:\/\/pettechsolutions.com\/fr\/produit\/box-de-mise-bas-double","og_site_name":"PetTech","article_publisher":"https:\/\/facebook.com\/pettechsolutions","article_modified_time":"2025-06-10T13:17:07+00:00","og_image":[{"width":2558,"height":2560,"url":"https:\/\/pettechsolutions.com\/wp-content\/uploads\/2022\/06\/Double-Box-scaled-1.jpg","type":"image\/jpeg"}],"twitter_card":"summary_large_image","twitter_site":"@pettechsol","twitter_misc":{"Dur\u00e9e de lecture estim\u00e9e":"2 minutes"},"schema":{"@context":"https:\/\/schema.org","@graph":[{"@type":"WebPage","@id":"https:\/\/pettechsolutions.com\/fr\/produit\/box-de-mise-bas-double","url":"https:\/\/pettechsolutions.com\/fr\/produit\/box-de-mise-bas-double","name":"Box de mise bas double | PetTech","isPartOf":{"@id":"https:\/\/pettechsolutions.com\/#website"},"primaryImageOfPage":{"@id":"https:\/\/pettechsolutions.com\/fr\/produit\/box-de-mise-bas-double#primaryimage"},"image":{"@id":"https:\/\/pettechsolutions.com\/fr\/produit\/box-de-mise-bas-double#primaryimage"},"thumbnailUrl":"https:\/\/pettechsolutions.com\/wp-content\/uploads\/2022\/09\/pettech_double_whelping_box_infograph.jpg","datePublished":"2022-09-20T16:13:27+00:00","dateModified":"2025-06-10T13:17:07+00:00","description":"D\u00e9couvrez les box de mise bas PetTech Solutions, parfaits pour les \u00e9leveurs professionnels de chiens, con\u00e7us et fabriqu\u00e9s au Canada. Faciles \u00e0 assembler, \u00e0 d\u00e9monter et \u00e0 reconfigurer, ces box modulaires conviennent \u00e0 toutes les tailles de races. Elles sont dot\u00e9es d'un plastique HDPE 2 de qualit\u00e9 alimentaire pour la s\u00e9curit\u00e9 et la durabilit\u00e9, de portes r\u00e9glables en hauteur, de rails amovibles pour les chiots et d'un bac inf\u00e9rieur \u00e9tanche pour prot\u00e9ger les sols. Transformez facilement votre installation \u00e0 l'aide de nos kits de conversion. Id\u00e9al pour cr\u00e9er un environnement de mise bas s\u00fbr, propre et adaptable. Achetez d\u00e8s maintenant des box de mise bas simples ou des box doubles avec un enclos de sevrage.","breadcrumb":{"@id":"https:\/\/pettechsolutions.com\/fr\/produit\/box-de-mise-bas-double#breadcrumb"},"inLanguage":"fr-FR","potentialAction":[{"@type":"ReadAction","target":["https:\/\/pettechsolutions.com\/fr\/produit\/box-de-mise-bas-double"]}]},{"@type":"ImageObject","inLanguage":"fr-FR","@id":"https:\/\/pettechsolutions.com\/fr\/produit\/box-de-mise-bas-double#primaryimage","url":"https:\/\/pettechsolutions.com\/wp-content\/uploads\/2022\/09\/pettech_double_whelping_box_infograph.jpg","contentUrl":"https:\/\/pettechsolutions.com\/wp-content\/uploads\/2022\/09\/pettech_double_whelping_box_infograph.jpg","width":950,"height":950},{"@type":"BreadcrumbList","@id":"https:\/\/pettechsolutions.com\/fr\/produit\/box-de-mise-bas-double#breadcrumb","itemListElement":[{"@type":"ListItem","position":1,"name":"Home","item":"https:\/\/pettechsolutions.com\/fr"},{"@type":"ListItem","position":2,"name":"Boutique","item":"https:\/\/pettechsolutions.com\/fr\/boutique"},{"@type":"ListItem","position":3,"name":"Box de mise bas double"}]},{"@type":"WebSite","@id":"https:\/\/pettechsolutions.com\/#website","url":"https:\/\/pettechsolutions.com\/","name":"PetTech","description":"produits d'\u00e9levage par excellence.","publisher":{"@id":"https:\/\/pettechsolutions.com\/#organization"},"potentialAction":[{"@type":"SearchAction","target":{"@type":"EntryPoint","urlTemplate":"https:\/\/pettechsolutions.com\/?s={search_term_string}"},"query-input":"required name=search_term_string"}],"inLanguage":"fr-FR"},{"@type":"Organization","@id":"https:\/\/pettechsolutions.com\/#organization","name":"PetTech Solutions","url":"https:\/\/pettechsolutions.com\/","logo":{"@type":"ImageObject","inLanguage":"fr-FR","@id":"https:\/\/pettechsolutions.com\/#\/schema\/logo\/image\/","url":"https:\/\/pettechsolutions.com\/wp-content\/uploads\/2022\/06\/pts_heart_logo.png","contentUrl":"https:\/\/pettechsolutions.com\/wp-content\/uploads\/2022\/06\/pts_heart_logo.png","width":1080,"height":546,"caption":"PetTech Solutions"},"image":{"@id":"https:\/\/pettechsolutions.com\/#\/schema\/logo\/image\/"},"sameAs":["https:\/\/facebook.com\/pettechsolutions","https:\/\/twitter.com\/pettechsol","https:\/\/instagram.com\/pettechsol"]}]}},"jetpack_sharing_enabled":true,"_links":{"self":[{"href":"https:\/\/pettechsolutions.com\/fr\/wp-json\/wp\/v2\/product\/1430"}],"collection":[{"href":"https:\/\/pettechsolutions.com\/fr\/wp-json\/wp\/v2\/product"}],"about":[{"href":"https:\/\/pettechsolutions.com\/fr\/wp-json\/wp\/v2\/types\/product"}],"wp:featuredmedia":[{"embeddable":true,"href":"https:\/\/pettechsolutions.com\/fr\/wp-json\/wp\/v2\/media\/5792"}],"wp:attachment":[{"href":"https:\/\/pettechsolutions.com\/fr\/wp-json\/wp\/v2\/media?parent=1430"}],"wp:term":[{"taxonomy":"product_cat","embeddable":true,"href":"https:\/\/pettechsolutions.com\/fr\/wp-json\/wp\/v2\/product_cat?post=1430"},{"taxonomy":"product_tag","embeddable":true,"href":"https:\/\/pettechsolutions.com\/fr\/wp-json\/wp\/v2\/product_tag?post=1430"},{"taxonomy":"pt_brand","embeddable":true,"href":"https:\/\/pettechsolutions.com\/fr\/wp-json\/wp\/v2\/pt_brand?post=1430"}],"curies":[{"name":"wp","href":"https:\/\/api.w.org\/{rel}","templated":true}]}}