{"id":1355,"date":"2022-09-21T12:02:47","date_gmt":"2022-09-21T16:02:47","guid":{"rendered":"https:\/\/pettechsolutions.com\/product\/casserole-dapprentissage-de-la-proprete"},"modified":"2025-06-10T09:46:58","modified_gmt":"2025-06-10T13:46:58","slug":"casserole-dapprentissage","status":"publish","type":"product","link":"https:\/\/pettechsolutions.com\/fr\/produit\/casserole-dapprentissage","title":{"rendered":"Bac d&rsquo;apprentissage de la propret\u00e9 pour chiots"},"content":{"rendered":"<p>Am\u00e9liorez votre exp\u00e9rience d&rsquo;\u00e9levage avec l&rsquo;Innovative Potty Pan, con\u00e7u par des \u00e9leveurs canins pour des \u00e9leveurs canins. \u00c9liminez le stress et le d\u00e9sordre gr\u00e2ce \u00e0 un espace d\u00e9sign\u00e9 pour que votre liti\u00e8re puisse se soulager, tout en prot\u00e9geant vos sols. Fabriqu\u00e9 au Canada \u00e0 partir de plastique HDPE 2 durable, ce bac facile \u00e0 nettoyer et \u00e9tanche est dot\u00e9 d&rsquo;une ouverture large et basse pour tous les types de chiens. Les parois lat\u00e9rales hautes permettent de contenir le contenu, ce qui favorise l&rsquo;acquisition de bonnes habitudes en mati\u00e8re de propret\u00e9 chez les chiots.<\/p>\n<p>Un pot innovant, con\u00e7u par des \u00e9leveurs de chiens, pour des \u00e9leveurs de chiens. Aide \u00e0 \u00e9liminer le stress et le d\u00e9sordre de la reproduction en fournissant un espace d\u00e9sign\u00e9 pour que votre liti\u00e8re puisse se soulager, tout en prot\u00e9geant vos sols. L&rsquo;ouverture large et basse est id\u00e9ale pour tous les types de race.<\/p>\n<ul>\n<li>Le mat\u00e9riau l\u00e9ger est facile \u00e0 nettoyer et \u00e0 d\u00e9sinfecter.<\/li>\n<li>Soud\u00e9 \u00e0 la main et totalement \u00e9tanche.<\/li>\n<li>Excellente r\u00e9sistance aux chocs, haute r\u00e9sistance \u00e0 la traction, faible absorption d&rsquo;humidit\u00e9 et r\u00e9sistance \u00e0 la corrosion.<\/li>\n<li>Des parois lat\u00e9rales plus hautes pour garder le contenu contenu et, contrairement \u00e0 de nombreux bacs \u00e0 liti\u00e8re, ils sont construits sans \u00ab\u00a0toit\u00a0\u00bb, ce qui permet aux chiens de se sentir plus \u00e0 l&rsquo;aise.<\/li>\n<li>Utile pour apprendre aux chiots qu&rsquo;il y a de bons et de mauvais endroits pour faire leurs besoins, tout en contenant les in\u00e9vitables d\u00e9g\u00e2ts !<\/li>\n<\/ul>\n<p>Disponible en petites, moyennes et grandes tailles.<\/p>\n","protected":false},"excerpt":{"rendered":"<p>Bac \u00e0 liti\u00e8re innovant, con\u00e7u par des \u00e9leveurs canins, pour des \u00e9leveurs canins. Disponible en 3 tailles.<\/p>\n<p>Petit : 24&Prime; X 24&Prime; X 4&Prime;<br \/>\nMoyen : 40&Prime; X 30&Prime; X 4&Prime;<br \/>\nGrand : 60&Prime; X 40&Prime; X 4&Prime;<\/p>\n","protected":false},"featured_media":1230,"template":"","meta":{"_acf_changed":false},"product_cat":[135,145],"product_tag":[521,522,524,526,525,523,520],"pt_brand":[158],"acf":[],"yoast_head":"<!-- This site is optimized with the Yoast SEO plugin v22.2 - https:\/\/yoast.com\/wordpress\/plugins\/seo\/ -->\n<title>Bac d&#039;apprentissage de la propret\u00e9 pour chiots | PetTech<\/title>\n<meta name=\"description\" content=\"Am\u00e9liorez votre exp\u00e9rience d&#039;\u00e9levage avec le bac \u00e0 chiots innovant, con\u00e7u par des \u00e9leveurs canins. \u00c9liminez le stress et le d\u00e9sordre gr\u00e2ce \u00e0 un espace d\u00e9sign\u00e9 pour que votre port\u00e9e puisse se soulager, tout en prot\u00e9geant vos sols. Fabriqu\u00e9 au Canada \u00e0 partir de plastique HDPE 2 durable, ce bac facile \u00e0 nettoyer et \u00e9tanche est dot\u00e9 d&#039;une ouverture large et basse pour tous les types de races. Les parois lat\u00e9rales hautes permettent de contenir le contenu, ce qui favorise l&#039;acquisition de bonnes habitudes en mati\u00e8re de propret\u00e9 chez les chiots. Disponible en petites, moyennes et grandes tailles.\" \/>\n<meta name=\"robots\" content=\"index, follow, max-snippet:-1, max-image-preview:large, max-video-preview:-1\" \/>\n<link rel=\"canonical\" href=\"https:\/\/pettechsolutions.com\/fr\/produit\/casserole-dapprentissage\" \/>\n<meta property=\"og:locale\" content=\"fr_FR\" \/>\n<meta property=\"og:type\" content=\"article\" \/>\n<meta property=\"og:title\" content=\"Bac d&#039;apprentissage de la propret\u00e9 pour chiots | PetTech\" \/>\n<meta property=\"og:description\" content=\"Am\u00e9liorez votre exp\u00e9rience d&#039;\u00e9levage avec le bac \u00e0 chiots innovant, con\u00e7u par des \u00e9leveurs canins. \u00c9liminez le stress et le d\u00e9sordre gr\u00e2ce \u00e0 un espace d\u00e9sign\u00e9 pour que votre port\u00e9e puisse se soulager, tout en prot\u00e9geant vos sols. Fabriqu\u00e9 au Canada \u00e0 partir de plastique HDPE 2 durable, ce bac facile \u00e0 nettoyer et \u00e9tanche est dot\u00e9 d&#039;une ouverture large et basse pour tous les types de races. Les parois lat\u00e9rales hautes permettent de contenir le contenu, ce qui favorise l&#039;acquisition de bonnes habitudes en mati\u00e8re de propret\u00e9 chez les chiots. Disponible en petites, moyennes et grandes tailles.\" \/>\n<meta property=\"og:url\" content=\"https:\/\/pettechsolutions.com\/fr\/produit\/casserole-dapprentissage\" \/>\n<meta property=\"og:site_name\" content=\"PetTech\" \/>\n<meta property=\"article:publisher\" content=\"https:\/\/facebook.com\/pettechsolutions\" \/>\n<meta property=\"article:modified_time\" content=\"2025-06-10T13:46:58+00:00\" \/>\n<meta property=\"og:image\" content=\"https:\/\/pettechsolutions.com\/wp-content\/uploads\/2022\/09\/pettech_product_template_potty_pan_1.jpg\" \/>\n\t<meta property=\"og:image:width\" content=\"1920\" \/>\n\t<meta property=\"og:image:height\" content=\"1920\" \/>\n\t<meta property=\"og:image:type\" content=\"image\/jpeg\" \/>\n<meta name=\"twitter:card\" content=\"summary_large_image\" \/>\n<meta name=\"twitter:site\" content=\"@pettechsol\" \/>\n<meta name=\"twitter:label1\" content=\"Dur\u00e9e de lecture estim\u00e9e\" \/>\n\t<meta name=\"twitter:data1\" content=\"2 minutes\" \/>\n<script type=\"application\/ld+json\" class=\"yoast-schema-graph\">{\"@context\":\"https:\/\/schema.org\",\"@graph\":[{\"@type\":\"WebPage\",\"@id\":\"https:\/\/pettechsolutions.com\/fr\/produit\/casserole-dapprentissage\",\"url\":\"https:\/\/pettechsolutions.com\/fr\/produit\/casserole-dapprentissage\",\"name\":\"Bac d'apprentissage de la propret\u00e9 pour chiots | PetTech\",\"isPartOf\":{\"@id\":\"https:\/\/pettechsolutions.com\/#website\"},\"primaryImageOfPage\":{\"@id\":\"https:\/\/pettechsolutions.com\/fr\/produit\/casserole-dapprentissage#primaryimage\"},\"image\":{\"@id\":\"https:\/\/pettechsolutions.com\/fr\/produit\/casserole-dapprentissage#primaryimage\"},\"thumbnailUrl\":\"https:\/\/pettechsolutions.com\/wp-content\/uploads\/2022\/09\/pettech_product_template_potty_pan_1.jpg\",\"datePublished\":\"2022-09-21T16:02:47+00:00\",\"dateModified\":\"2025-06-10T13:46:58+00:00\",\"description\":\"Am\u00e9liorez votre exp\u00e9rience d'\u00e9levage avec le bac \u00e0 chiots innovant, con\u00e7u par des \u00e9leveurs canins. \u00c9liminez le stress et le d\u00e9sordre gr\u00e2ce \u00e0 un espace d\u00e9sign\u00e9 pour que votre port\u00e9e puisse se soulager, tout en prot\u00e9geant vos sols. Fabriqu\u00e9 au Canada \u00e0 partir de plastique HDPE 2 durable, ce bac facile \u00e0 nettoyer et \u00e9tanche est dot\u00e9 d'une ouverture large et basse pour tous les types de races. Les parois lat\u00e9rales hautes permettent de contenir le contenu, ce qui favorise l'acquisition de bonnes habitudes en mati\u00e8re de propret\u00e9 chez les chiots. Disponible en petites, moyennes et grandes tailles.\",\"breadcrumb\":{\"@id\":\"https:\/\/pettechsolutions.com\/fr\/produit\/casserole-dapprentissage#breadcrumb\"},\"inLanguage\":\"fr-FR\",\"potentialAction\":[{\"@type\":\"ReadAction\",\"target\":[\"https:\/\/pettechsolutions.com\/fr\/produit\/casserole-dapprentissage\"]}]},{\"@type\":\"ImageObject\",\"inLanguage\":\"fr-FR\",\"@id\":\"https:\/\/pettechsolutions.com\/fr\/produit\/casserole-dapprentissage#primaryimage\",\"url\":\"https:\/\/pettechsolutions.com\/wp-content\/uploads\/2022\/09\/pettech_product_template_potty_pan_1.jpg\",\"contentUrl\":\"https:\/\/pettechsolutions.com\/wp-content\/uploads\/2022\/09\/pettech_product_template_potty_pan_1.jpg\",\"width\":1920,\"height\":1920,\"caption\":\"puppy potty training tray\"},{\"@type\":\"BreadcrumbList\",\"@id\":\"https:\/\/pettechsolutions.com\/fr\/produit\/casserole-dapprentissage#breadcrumb\",\"itemListElement\":[{\"@type\":\"ListItem\",\"position\":1,\"name\":\"Home\",\"item\":\"https:\/\/pettechsolutions.com\/fr\"},{\"@type\":\"ListItem\",\"position\":2,\"name\":\"Boutique\",\"item\":\"https:\/\/pettechsolutions.com\/fr\/boutique\"},{\"@type\":\"ListItem\",\"position\":3,\"name\":\"Bac d&#8217;apprentissage de la propret\u00e9 pour chiots\"}]},{\"@type\":\"WebSite\",\"@id\":\"https:\/\/pettechsolutions.com\/#website\",\"url\":\"https:\/\/pettechsolutions.com\/\",\"name\":\"PetTech\",\"description\":\"produits d'\u00e9levage par excellence.\",\"publisher\":{\"@id\":\"https:\/\/pettechsolutions.com\/#organization\"},\"potentialAction\":[{\"@type\":\"SearchAction\",\"target\":{\"@type\":\"EntryPoint\",\"urlTemplate\":\"https:\/\/pettechsolutions.com\/?s={search_term_string}\"},\"query-input\":\"required name=search_term_string\"}],\"inLanguage\":\"fr-FR\"},{\"@type\":\"Organization\",\"@id\":\"https:\/\/pettechsolutions.com\/#organization\",\"name\":\"PetTech Solutions\",\"url\":\"https:\/\/pettechsolutions.com\/\",\"logo\":{\"@type\":\"ImageObject\",\"inLanguage\":\"fr-FR\",\"@id\":\"https:\/\/pettechsolutions.com\/#\/schema\/logo\/image\/\",\"url\":\"https:\/\/pettechsolutions.com\/wp-content\/uploads\/2022\/06\/pts_heart_logo.png\",\"contentUrl\":\"https:\/\/pettechsolutions.com\/wp-content\/uploads\/2022\/06\/pts_heart_logo.png\",\"width\":1080,\"height\":546,\"caption\":\"PetTech Solutions\"},\"image\":{\"@id\":\"https:\/\/pettechsolutions.com\/#\/schema\/logo\/image\/\"},\"sameAs\":[\"https:\/\/facebook.com\/pettechsolutions\",\"https:\/\/twitter.com\/pettechsol\",\"https:\/\/instagram.com\/pettechsol\"]}]}<\/script>\n<!-- \/ Yoast SEO plugin. -->","yoast_head_json":{"title":"Bac d'apprentissage de la propret\u00e9 pour chiots | PetTech","description":"Am\u00e9liorez votre exp\u00e9rience d'\u00e9levage avec le bac \u00e0 chiots innovant, con\u00e7u par des \u00e9leveurs canins. \u00c9liminez le stress et le d\u00e9sordre gr\u00e2ce \u00e0 un espace d\u00e9sign\u00e9 pour que votre port\u00e9e puisse se soulager, tout en prot\u00e9geant vos sols. Fabriqu\u00e9 au Canada \u00e0 partir de plastique HDPE 2 durable, ce bac facile \u00e0 nettoyer et \u00e9tanche est dot\u00e9 d'une ouverture large et basse pour tous les types de races. Les parois lat\u00e9rales hautes permettent de contenir le contenu, ce qui favorise l'acquisition de bonnes habitudes en mati\u00e8re de propret\u00e9 chez les chiots. Disponible en petites, moyennes et grandes tailles.","robots":{"index":"index","follow":"follow","max-snippet":"max-snippet:-1","max-image-preview":"max-image-preview:large","max-video-preview":"max-video-preview:-1"},"canonical":"https:\/\/pettechsolutions.com\/fr\/produit\/casserole-dapprentissage","og_locale":"fr_FR","og_type":"article","og_title":"Bac d'apprentissage de la propret\u00e9 pour chiots | PetTech","og_description":"Am\u00e9liorez votre exp\u00e9rience d'\u00e9levage avec le bac \u00e0 chiots innovant, con\u00e7u par des \u00e9leveurs canins. \u00c9liminez le stress et le d\u00e9sordre gr\u00e2ce \u00e0 un espace d\u00e9sign\u00e9 pour que votre port\u00e9e puisse se soulager, tout en prot\u00e9geant vos sols. Fabriqu\u00e9 au Canada \u00e0 partir de plastique HDPE 2 durable, ce bac facile \u00e0 nettoyer et \u00e9tanche est dot\u00e9 d'une ouverture large et basse pour tous les types de races. Les parois lat\u00e9rales hautes permettent de contenir le contenu, ce qui favorise l'acquisition de bonnes habitudes en mati\u00e8re de propret\u00e9 chez les chiots. Disponible en petites, moyennes et grandes tailles.","og_url":"https:\/\/pettechsolutions.com\/fr\/produit\/casserole-dapprentissage","og_site_name":"PetTech","article_publisher":"https:\/\/facebook.com\/pettechsolutions","article_modified_time":"2025-06-10T13:46:58+00:00","og_image":[{"width":1920,"height":1920,"url":"https:\/\/pettechsolutions.com\/wp-content\/uploads\/2022\/09\/pettech_product_template_potty_pan_1.jpg","type":"image\/jpeg"}],"twitter_card":"summary_large_image","twitter_site":"@pettechsol","twitter_misc":{"Dur\u00e9e de lecture estim\u00e9e":"2 minutes"},"schema":{"@context":"https:\/\/schema.org","@graph":[{"@type":"WebPage","@id":"https:\/\/pettechsolutions.com\/fr\/produit\/casserole-dapprentissage","url":"https:\/\/pettechsolutions.com\/fr\/produit\/casserole-dapprentissage","name":"Bac d'apprentissage de la propret\u00e9 pour chiots | PetTech","isPartOf":{"@id":"https:\/\/pettechsolutions.com\/#website"},"primaryImageOfPage":{"@id":"https:\/\/pettechsolutions.com\/fr\/produit\/casserole-dapprentissage#primaryimage"},"image":{"@id":"https:\/\/pettechsolutions.com\/fr\/produit\/casserole-dapprentissage#primaryimage"},"thumbnailUrl":"https:\/\/pettechsolutions.com\/wp-content\/uploads\/2022\/09\/pettech_product_template_potty_pan_1.jpg","datePublished":"2022-09-21T16:02:47+00:00","dateModified":"2025-06-10T13:46:58+00:00","description":"Am\u00e9liorez votre exp\u00e9rience d'\u00e9levage avec le bac \u00e0 chiots innovant, con\u00e7u par des \u00e9leveurs canins. \u00c9liminez le stress et le d\u00e9sordre gr\u00e2ce \u00e0 un espace d\u00e9sign\u00e9 pour que votre port\u00e9e puisse se soulager, tout en prot\u00e9geant vos sols. Fabriqu\u00e9 au Canada \u00e0 partir de plastique HDPE 2 durable, ce bac facile \u00e0 nettoyer et \u00e9tanche est dot\u00e9 d'une ouverture large et basse pour tous les types de races. Les parois lat\u00e9rales hautes permettent de contenir le contenu, ce qui favorise l'acquisition de bonnes habitudes en mati\u00e8re de propret\u00e9 chez les chiots. Disponible en petites, moyennes et grandes tailles.","breadcrumb":{"@id":"https:\/\/pettechsolutions.com\/fr\/produit\/casserole-dapprentissage#breadcrumb"},"inLanguage":"fr-FR","potentialAction":[{"@type":"ReadAction","target":["https:\/\/pettechsolutions.com\/fr\/produit\/casserole-dapprentissage"]}]},{"@type":"ImageObject","inLanguage":"fr-FR","@id":"https:\/\/pettechsolutions.com\/fr\/produit\/casserole-dapprentissage#primaryimage","url":"https:\/\/pettechsolutions.com\/wp-content\/uploads\/2022\/09\/pettech_product_template_potty_pan_1.jpg","contentUrl":"https:\/\/pettechsolutions.com\/wp-content\/uploads\/2022\/09\/pettech_product_template_potty_pan_1.jpg","width":1920,"height":1920,"caption":"puppy potty training tray"},{"@type":"BreadcrumbList","@id":"https:\/\/pettechsolutions.com\/fr\/produit\/casserole-dapprentissage#breadcrumb","itemListElement":[{"@type":"ListItem","position":1,"name":"Home","item":"https:\/\/pettechsolutions.com\/fr"},{"@type":"ListItem","position":2,"name":"Boutique","item":"https:\/\/pettechsolutions.com\/fr\/boutique"},{"@type":"ListItem","position":3,"name":"Bac d&#8217;apprentissage de la propret\u00e9 pour chiots"}]},{"@type":"WebSite","@id":"https:\/\/pettechsolutions.com\/#website","url":"https:\/\/pettechsolutions.com\/","name":"PetTech","description":"produits d'\u00e9levage par excellence.","publisher":{"@id":"https:\/\/pettechsolutions.com\/#organization"},"potentialAction":[{"@type":"SearchAction","target":{"@type":"EntryPoint","urlTemplate":"https:\/\/pettechsolutions.com\/?s={search_term_string}"},"query-input":"required name=search_term_string"}],"inLanguage":"fr-FR"},{"@type":"Organization","@id":"https:\/\/pettechsolutions.com\/#organization","name":"PetTech Solutions","url":"https:\/\/pettechsolutions.com\/","logo":{"@type":"ImageObject","inLanguage":"fr-FR","@id":"https:\/\/pettechsolutions.com\/#\/schema\/logo\/image\/","url":"https:\/\/pettechsolutions.com\/wp-content\/uploads\/2022\/06\/pts_heart_logo.png","contentUrl":"https:\/\/pettechsolutions.com\/wp-content\/uploads\/2022\/06\/pts_heart_logo.png","width":1080,"height":546,"caption":"PetTech Solutions"},"image":{"@id":"https:\/\/pettechsolutions.com\/#\/schema\/logo\/image\/"},"sameAs":["https:\/\/facebook.com\/pettechsolutions","https:\/\/twitter.com\/pettechsol","https:\/\/instagram.com\/pettechsol"]}]}},"jetpack_sharing_enabled":true,"_links":{"self":[{"href":"https:\/\/pettechsolutions.com\/fr\/wp-json\/wp\/v2\/product\/1355"}],"collection":[{"href":"https:\/\/pettechsolutions.com\/fr\/wp-json\/wp\/v2\/product"}],"about":[{"href":"https:\/\/pettechsolutions.com\/fr\/wp-json\/wp\/v2\/types\/product"}],"wp:featuredmedia":[{"embeddable":true,"href":"https:\/\/pettechsolutions.com\/fr\/wp-json\/wp\/v2\/media\/1230"}],"wp:attachment":[{"href":"https:\/\/pettechsolutions.com\/fr\/wp-json\/wp\/v2\/media?parent=1355"}],"wp:term":[{"taxonomy":"product_cat","embeddable":true,"href":"https:\/\/pettechsolutions.com\/fr\/wp-json\/wp\/v2\/product_cat?post=1355"},{"taxonomy":"product_tag","embeddable":true,"href":"https:\/\/pettechsolutions.com\/fr\/wp-json\/wp\/v2\/product_tag?post=1355"},{"taxonomy":"pt_brand","embeddable":true,"href":"https:\/\/pettechsolutions.com\/fr\/wp-json\/wp\/v2\/pt_brand?post=1355"}],"curies":[{"name":"wp","href":"https:\/\/api.w.org\/{rel}","templated":true}]}}