{"id":1352,"date":"2022-09-21T11:29:40","date_gmt":"2022-09-21T15:29:40","guid":{"rendered":"https:\/\/pettechsolutions.com\/product\/mangeoire-de-sevrage"},"modified":"2025-06-05T00:05:38","modified_gmt":"2025-06-05T04:05:38","slug":"nourrice-a-chiots","status":"publish","type":"product","link":"https:\/\/pettechsolutions.com\/fr\/produit\/nourrice-a-chiots","title":{"rendered":"Mangeoire de sevrage"},"content":{"rendered":"<p><span style=\"font-weight: 400;\">Les mangeoires pour chiots PetTech sont faciles \u00e0 monter et \u00e0 d\u00e9monter. Fabriqu\u00e9s en plastique HDPE 2 de qualit\u00e9 alimentaire extr\u00eamement durable, ils sont faciles \u00e0 nettoyer et \u00e0 d\u00e9sinfecter. Un excellent moyen de s&rsquo;assurer que chaque chiot re\u00e7oit la bonne quantit\u00e9 de nourriture, de limiter les d\u00e9g\u00e2ts lors du sevrage et de pr\u00e9parer les chiots \u00e0 \u00eatre nourris individuellement. <\/span><\/p>\n<p><span style=\"font-weight: 400;\">Chaque mangeoire pour chiot PetTech est soud\u00e9e \u00e0 la main pour des bords lisses et est fabriqu\u00e9e en plastique HDPE 2 de qualit\u00e9 alimentaire, extr\u00eamement durable et s\u00fbr, facile \u00e0 nettoyer et \u00e0 d\u00e9sinfecter. Le mat\u00e9riau offre une excellente r\u00e9sistance aux chocs, une r\u00e9sistance \u00e9lev\u00e9e \u00e0 la traction, une faible absorption d&rsquo;humidit\u00e9 et une r\u00e9sistance \u00e0 la corrosion. Cette r\u00e9sine r\u00e9pond aux exigences de la Food and Drug Administration pour le contact alimentaire direct.<\/span><\/p>\n<p><span style=\"font-weight: 400;\">Votre distributeur de nourriture pour chiots PetTech comprend des bols en acier inoxydable et dispose d&rsquo;une poign\u00e9e pour le transporter facilement. <\/span><\/p>\n<p>&nbsp;<\/p>\n","protected":false},"excerpt":{"rendered":"<p><span style=\"font-weight: 400;\">PetTech Puppy Feeder avec 4 ou 6 bols. Comprend une mangeoire en plastique HDPE 2 de qualit\u00e9 alimentaire et des bols en acier inoxydable de qualit\u00e9 alimentaire. <\/span><\/p>\n","protected":false},"featured_media":1235,"template":"","meta":{"_acf_changed":false},"product_cat":[551,135,145],"product_tag":[520],"pt_brand":[158],"acf":[],"yoast_head":"<!-- This site is optimized with the Yoast SEO plugin v22.2 - https:\/\/yoast.com\/wordpress\/plugins\/seo\/ -->\n<title>Mangeoire de sevrage | PetTech<\/title>\n<meta name=\"robots\" content=\"index, follow, max-snippet:-1, max-image-preview:large, max-video-preview:-1\" \/>\n<link rel=\"canonical\" href=\"https:\/\/pettechsolutions.com\/fr\/produit\/nourrice-a-chiots\" \/>\n<meta property=\"og:locale\" content=\"fr_FR\" \/>\n<meta property=\"og:type\" content=\"article\" \/>\n<meta property=\"og:title\" content=\"Mangeoire de sevrage | PetTech\" \/>\n<meta property=\"og:description\" content=\"PetTech Puppy Feeder avec 4 ou 6 bols. Comprend une mangeoire en plastique HDPE 2 de qualit\u00e9 alimentaire et des bols en acier inoxydable de qualit\u00e9 alimentaire.\" \/>\n<meta property=\"og:url\" content=\"https:\/\/pettechsolutions.com\/fr\/produit\/nourrice-a-chiots\" \/>\n<meta property=\"og:site_name\" content=\"PetTech\" \/>\n<meta property=\"article:publisher\" content=\"https:\/\/facebook.com\/pettechsolutions\" \/>\n<meta property=\"article:modified_time\" content=\"2025-06-05T04:05:38+00:00\" \/>\n<meta property=\"og:image\" content=\"https:\/\/pettechsolutions.com\/wp-content\/uploads\/2022\/09\/highres_product_TEMPLATE_pt_weaning_feders.jpg\" \/>\n\t<meta property=\"og:image:width\" content=\"1080\" \/>\n\t<meta property=\"og:image:height\" content=\"1080\" \/>\n\t<meta property=\"og:image:type\" content=\"image\/jpeg\" \/>\n<meta name=\"twitter:card\" content=\"summary_large_image\" \/>\n<meta name=\"twitter:site\" content=\"@pettechsol\" \/>\n<meta name=\"twitter:label1\" content=\"Dur\u00e9e de lecture estim\u00e9e\" \/>\n\t<meta name=\"twitter:data1\" content=\"1 minute\" \/>\n<script type=\"application\/ld+json\" class=\"yoast-schema-graph\">{\"@context\":\"https:\/\/schema.org\",\"@graph\":[{\"@type\":\"WebPage\",\"@id\":\"https:\/\/pettechsolutions.com\/fr\/produit\/nourrice-a-chiots\",\"url\":\"https:\/\/pettechsolutions.com\/fr\/produit\/nourrice-a-chiots\",\"name\":\"Mangeoire de sevrage | PetTech\",\"isPartOf\":{\"@id\":\"https:\/\/pettechsolutions.com\/#website\"},\"primaryImageOfPage\":{\"@id\":\"https:\/\/pettechsolutions.com\/fr\/produit\/nourrice-a-chiots#primaryimage\"},\"image\":{\"@id\":\"https:\/\/pettechsolutions.com\/fr\/produit\/nourrice-a-chiots#primaryimage\"},\"thumbnailUrl\":\"https:\/\/pettechsolutions.com\/wp-content\/uploads\/2022\/09\/highres_product_TEMPLATE_pt_weaning_feders.jpg\",\"datePublished\":\"2022-09-21T15:29:40+00:00\",\"dateModified\":\"2025-06-05T04:05:38+00:00\",\"breadcrumb\":{\"@id\":\"https:\/\/pettechsolutions.com\/fr\/produit\/nourrice-a-chiots#breadcrumb\"},\"inLanguage\":\"fr-FR\",\"potentialAction\":[{\"@type\":\"ReadAction\",\"target\":[\"https:\/\/pettechsolutions.com\/fr\/produit\/nourrice-a-chiots\"]}]},{\"@type\":\"ImageObject\",\"inLanguage\":\"fr-FR\",\"@id\":\"https:\/\/pettechsolutions.com\/fr\/produit\/nourrice-a-chiots#primaryimage\",\"url\":\"https:\/\/pettechsolutions.com\/wp-content\/uploads\/2022\/09\/highres_product_TEMPLATE_pt_weaning_feders.jpg\",\"contentUrl\":\"https:\/\/pettechsolutions.com\/wp-content\/uploads\/2022\/09\/highres_product_TEMPLATE_pt_weaning_feders.jpg\",\"width\":1080,\"height\":1080,\"caption\":\"Puppy weaning seprated feeder\"},{\"@type\":\"BreadcrumbList\",\"@id\":\"https:\/\/pettechsolutions.com\/fr\/produit\/nourrice-a-chiots#breadcrumb\",\"itemListElement\":[{\"@type\":\"ListItem\",\"position\":1,\"name\":\"Home\",\"item\":\"https:\/\/pettechsolutions.com\/fr\"},{\"@type\":\"ListItem\",\"position\":2,\"name\":\"Boutique\",\"item\":\"https:\/\/pettechsolutions.com\/fr\/boutique\"},{\"@type\":\"ListItem\",\"position\":3,\"name\":\"Mangeoire de sevrage\"}]},{\"@type\":\"WebSite\",\"@id\":\"https:\/\/pettechsolutions.com\/#website\",\"url\":\"https:\/\/pettechsolutions.com\/\",\"name\":\"PetTech\",\"description\":\"produits d'\u00e9levage par excellence.\",\"publisher\":{\"@id\":\"https:\/\/pettechsolutions.com\/#organization\"},\"potentialAction\":[{\"@type\":\"SearchAction\",\"target\":{\"@type\":\"EntryPoint\",\"urlTemplate\":\"https:\/\/pettechsolutions.com\/?s={search_term_string}\"},\"query-input\":\"required name=search_term_string\"}],\"inLanguage\":\"fr-FR\"},{\"@type\":\"Organization\",\"@id\":\"https:\/\/pettechsolutions.com\/#organization\",\"name\":\"PetTech Solutions\",\"url\":\"https:\/\/pettechsolutions.com\/\",\"logo\":{\"@type\":\"ImageObject\",\"inLanguage\":\"fr-FR\",\"@id\":\"https:\/\/pettechsolutions.com\/#\/schema\/logo\/image\/\",\"url\":\"https:\/\/pettechsolutions.com\/wp-content\/uploads\/2022\/06\/pts_heart_logo.png\",\"contentUrl\":\"https:\/\/pettechsolutions.com\/wp-content\/uploads\/2022\/06\/pts_heart_logo.png\",\"width\":1080,\"height\":546,\"caption\":\"PetTech Solutions\"},\"image\":{\"@id\":\"https:\/\/pettechsolutions.com\/#\/schema\/logo\/image\/\"},\"sameAs\":[\"https:\/\/facebook.com\/pettechsolutions\",\"https:\/\/twitter.com\/pettechsol\",\"https:\/\/instagram.com\/pettechsol\"]}]}<\/script>\n<!-- \/ Yoast SEO plugin. -->","yoast_head_json":{"title":"Mangeoire de sevrage | PetTech","robots":{"index":"index","follow":"follow","max-snippet":"max-snippet:-1","max-image-preview":"max-image-preview:large","max-video-preview":"max-video-preview:-1"},"canonical":"https:\/\/pettechsolutions.com\/fr\/produit\/nourrice-a-chiots","og_locale":"fr_FR","og_type":"article","og_title":"Mangeoire de sevrage | PetTech","og_description":"PetTech Puppy Feeder avec 4 ou 6 bols. Comprend une mangeoire en plastique HDPE 2 de qualit\u00e9 alimentaire et des bols en acier inoxydable de qualit\u00e9 alimentaire.","og_url":"https:\/\/pettechsolutions.com\/fr\/produit\/nourrice-a-chiots","og_site_name":"PetTech","article_publisher":"https:\/\/facebook.com\/pettechsolutions","article_modified_time":"2025-06-05T04:05:38+00:00","og_image":[{"width":1080,"height":1080,"url":"https:\/\/pettechsolutions.com\/wp-content\/uploads\/2022\/09\/highres_product_TEMPLATE_pt_weaning_feders.jpg","type":"image\/jpeg"}],"twitter_card":"summary_large_image","twitter_site":"@pettechsol","twitter_misc":{"Dur\u00e9e de lecture estim\u00e9e":"1 minute"},"schema":{"@context":"https:\/\/schema.org","@graph":[{"@type":"WebPage","@id":"https:\/\/pettechsolutions.com\/fr\/produit\/nourrice-a-chiots","url":"https:\/\/pettechsolutions.com\/fr\/produit\/nourrice-a-chiots","name":"Mangeoire de sevrage | PetTech","isPartOf":{"@id":"https:\/\/pettechsolutions.com\/#website"},"primaryImageOfPage":{"@id":"https:\/\/pettechsolutions.com\/fr\/produit\/nourrice-a-chiots#primaryimage"},"image":{"@id":"https:\/\/pettechsolutions.com\/fr\/produit\/nourrice-a-chiots#primaryimage"},"thumbnailUrl":"https:\/\/pettechsolutions.com\/wp-content\/uploads\/2022\/09\/highres_product_TEMPLATE_pt_weaning_feders.jpg","datePublished":"2022-09-21T15:29:40+00:00","dateModified":"2025-06-05T04:05:38+00:00","breadcrumb":{"@id":"https:\/\/pettechsolutions.com\/fr\/produit\/nourrice-a-chiots#breadcrumb"},"inLanguage":"fr-FR","potentialAction":[{"@type":"ReadAction","target":["https:\/\/pettechsolutions.com\/fr\/produit\/nourrice-a-chiots"]}]},{"@type":"ImageObject","inLanguage":"fr-FR","@id":"https:\/\/pettechsolutions.com\/fr\/produit\/nourrice-a-chiots#primaryimage","url":"https:\/\/pettechsolutions.com\/wp-content\/uploads\/2022\/09\/highres_product_TEMPLATE_pt_weaning_feders.jpg","contentUrl":"https:\/\/pettechsolutions.com\/wp-content\/uploads\/2022\/09\/highres_product_TEMPLATE_pt_weaning_feders.jpg","width":1080,"height":1080,"caption":"Puppy weaning seprated feeder"},{"@type":"BreadcrumbList","@id":"https:\/\/pettechsolutions.com\/fr\/produit\/nourrice-a-chiots#breadcrumb","itemListElement":[{"@type":"ListItem","position":1,"name":"Home","item":"https:\/\/pettechsolutions.com\/fr"},{"@type":"ListItem","position":2,"name":"Boutique","item":"https:\/\/pettechsolutions.com\/fr\/boutique"},{"@type":"ListItem","position":3,"name":"Mangeoire de sevrage"}]},{"@type":"WebSite","@id":"https:\/\/pettechsolutions.com\/#website","url":"https:\/\/pettechsolutions.com\/","name":"PetTech","description":"produits d'\u00e9levage par excellence.","publisher":{"@id":"https:\/\/pettechsolutions.com\/#organization"},"potentialAction":[{"@type":"SearchAction","target":{"@type":"EntryPoint","urlTemplate":"https:\/\/pettechsolutions.com\/?s={search_term_string}"},"query-input":"required name=search_term_string"}],"inLanguage":"fr-FR"},{"@type":"Organization","@id":"https:\/\/pettechsolutions.com\/#organization","name":"PetTech Solutions","url":"https:\/\/pettechsolutions.com\/","logo":{"@type":"ImageObject","inLanguage":"fr-FR","@id":"https:\/\/pettechsolutions.com\/#\/schema\/logo\/image\/","url":"https:\/\/pettechsolutions.com\/wp-content\/uploads\/2022\/06\/pts_heart_logo.png","contentUrl":"https:\/\/pettechsolutions.com\/wp-content\/uploads\/2022\/06\/pts_heart_logo.png","width":1080,"height":546,"caption":"PetTech Solutions"},"image":{"@id":"https:\/\/pettechsolutions.com\/#\/schema\/logo\/image\/"},"sameAs":["https:\/\/facebook.com\/pettechsolutions","https:\/\/twitter.com\/pettechsol","https:\/\/instagram.com\/pettechsol"]}]}},"jetpack_sharing_enabled":true,"_links":{"self":[{"href":"https:\/\/pettechsolutions.com\/fr\/wp-json\/wp\/v2\/product\/1352"}],"collection":[{"href":"https:\/\/pettechsolutions.com\/fr\/wp-json\/wp\/v2\/product"}],"about":[{"href":"https:\/\/pettechsolutions.com\/fr\/wp-json\/wp\/v2\/types\/product"}],"wp:featuredmedia":[{"embeddable":true,"href":"https:\/\/pettechsolutions.com\/fr\/wp-json\/wp\/v2\/media\/1235"}],"wp:attachment":[{"href":"https:\/\/pettechsolutions.com\/fr\/wp-json\/wp\/v2\/media?parent=1352"}],"wp:term":[{"taxonomy":"product_cat","embeddable":true,"href":"https:\/\/pettechsolutions.com\/fr\/wp-json\/wp\/v2\/product_cat?post=1352"},{"taxonomy":"product_tag","embeddable":true,"href":"https:\/\/pettechsolutions.com\/fr\/wp-json\/wp\/v2\/product_tag?post=1352"},{"taxonomy":"pt_brand","embeddable":true,"href":"https:\/\/pettechsolutions.com\/fr\/wp-json\/wp\/v2\/pt_brand?post=1352"}],"curies":[{"name":"wp","href":"https:\/\/api.w.org\/{rel}","templated":true}]}}