{"id":5830,"date":"2024-12-06T04:14:56","date_gmt":"2024-12-06T09:14:56","guid":{"rendered":"https:\/\/pettechsolutions.com\/avis-de-livraison"},"modified":"2025-06-20T07:52:28","modified_gmt":"2025-06-20T11:52:28","slug":"avis-de-livraison","status":"publish","type":"page","link":"https:\/\/pettechsolutions.com\/fr\/avis-de-livraison","title":{"rendered":"Avis de livraison"},"content":{"rendered":"<section class=\"wpb-content-wrapper\">[vc_row el_class=\u00a0\u00bbalign-center\u00a0\u00bb][vc_column width=\u00a0\u00bb3\/4&Prime;][vc_column_text]\n<h3 class=\"p-rich_text_section\">Avis d&rsquo;exp\u00e9dition pour les articles volumineux et lourds<\/h3>\n<p class=\"p-rich_text_section\">Nous nous effor\u00e7ons d&rsquo;assurer une exp\u00e9dition fluide et efficace pour toutes les commandes. Toutefois, en raison de la taille et du poids de certains produits et de la localisation de certaines adresses de livraison, il peut y avoir des consid\u00e9rations suppl\u00e9mentaires :<\/p>\n<ul class=\"p-rich_text_list p-rich_text_list__bullet p-rich_text_list--nested\" data-stringify-type=\"unordered-list\" data-list-tree=\"true\" data-indent=\"0\" data-border=\"0\">\n<li data-stringify-indent=\"0\" data-stringify-border=\"0\"><b data-stringify-type=\"bold\">Commandez \u00e0 l&rsquo;avance les bo\u00eetes de mise bas :<\/b> Si vous attendez des chiots, veuillez passer votre commande suffisamment \u00e0 l&rsquo;avance pour que votre bo\u00eete de mise bas arrive avant les chiots. Pr\u00e9voyez du temps suppl\u00e9mentaire pour les \u00e9ventuels retards de transport. Si les retards sont rares pour les petites bo\u00eetes, ils peuvent se produire pour les grandes.<\/li>\n<li data-stringify-indent=\"0\" data-stringify-border=\"0\"><b data-stringify-type=\"bold\">R\u00e9gions \u00e9loign\u00e9es :<\/b> Pour les adresses dans les codes postaux canadiens qui comprennent deux z\u00e9ros (par exemple, J0A 1A0) ou les routes rurales et de canton, la livraison \u00e0 votre porte n&rsquo;est pas toujours possible.<\/li>\n<li data-stringify-indent=\"0\" data-stringify-border=\"0\"><b data-stringify-type=\"bold\">Livraisons au d\u00e9p\u00f4t :<\/b> Dans certains cas, les transporteurs peuvent livrer au d\u00e9p\u00f4t le plus proche au lieu de votre adresse, ce qui vous oblige \u00e0 venir chercher votre envoi.<\/li>\n<li data-stringify-indent=\"0\" data-stringify-border=\"0\"><b data-stringify-type=\"bold\">D\u00e9lai de livraison suppl\u00e9mentaire :<\/b> les articles tr\u00e8s volumineux ou lourds peuvent prendre plus de temps pour atteindre les endroits \u00e9loign\u00e9s.<\/li>\n<li data-stringify-indent=\"0\" data-stringify-border=\"0\"><b data-stringify-type=\"bold\">Contr\u00f4le du transporteur :<\/b> Une fois que l&rsquo;envoi quitte notre site de production, il n&rsquo;est plus sous notre contr\u00f4le. Bien que nous travaillions en \u00e9troite collaboration avec les transporteurs pour assurer la livraison en temps voulu des envois importants, les retards ou les ajustements de livraison sont \u00e0 la discr\u00e9tion du transporteur.<\/li>\n<li data-stringify-indent=\"0\" data-stringify-border=\"0\"><b data-stringify-type=\"bold\">Adresse physique requise :<\/b> Postes Canada ne peut pas accepter ou livrer des envois volumineux, et les messagers qui traitent ces envois ne peuvent pas livrer \u00e0 des bo\u00eetes postales. Une adresse physique est requise pour toutes les commandes importantes ou lourdes.<\/li>\n<\/ul>\n<div class=\"p-rich_text_section\">\n<p>Nous ferons de notre mieux pour r\u00e9pondre \u00e0 vos questions et \u00e0 vos pr\u00e9occupations et pour veiller \u00e0 ce que votre commande vous parvienne le plus rapidement possible. Si votre lieu de r\u00e9sidence est concern\u00e9, veuillez nous contacter pour plus d&rsquo;informations ou pour obtenir de l&rsquo;aide concernant votre livraison.<\/p>\n<\/div>\n[\/vc_column_text][\/vc_column][\/vc_row][vc_row disable_element=\u00a0\u00bbyes\u00a0\u00bb el_class=\u00a0\u00bbalign-center\u00a0\u00bb][vc_column width=\u00a0\u00bb3\/4&Prime;][vc_column_text]\n<h3 class=\"p-rich_text_section\">Avis d&rsquo;exp\u00e9dition pour les articles volumineux et lourds<\/h3>\n<p class=\"p-rich_text_section\">Nous nous effor\u00e7ons d&rsquo;assurer une exp\u00e9dition fluide et efficace pour toutes les commandes. Toutefois, en raison de la taille et du poids de certains produits et de la localisation de certaines adresses de livraison, il peut y avoir des consid\u00e9rations suppl\u00e9mentaires :<\/p>\n<ul class=\"p-rich_text_list p-rich_text_list__bullet p-rich_text_list--nested\" data-stringify-type=\"unordered-list\" data-list-tree=\"true\" data-indent=\"0\" data-border=\"0\">\n<li data-stringify-indent=\"0\" data-stringify-border=\"0\"><b data-stringify-type=\"bold\">Commandez \u00e0 l&rsquo;avance les bo\u00eetes de mise bas :<\/b> Si vous attendez des chiots, veuillez passer votre commande suffisamment \u00e0 l&rsquo;avance pour que votre bo\u00eete de mise bas arrive avant les chiots. Pr\u00e9voyez du temps suppl\u00e9mentaire pour les \u00e9ventuels retards de transport. Si les retards sont rares pour les petites bo\u00eetes, ils peuvent se produire pour les grandes.<\/li>\n<li data-stringify-indent=\"0\" data-stringify-border=\"0\"><b data-stringify-type=\"bold\">R\u00e9gions \u00e9loign\u00e9es :<\/b> Pour les adresses dans les codes postaux canadiens qui comprennent deux z\u00e9ros (par exemple, J0A 1A0) ou les routes rurales et de canton, la livraison \u00e0 votre porte n&rsquo;est pas toujours possible.<\/li>\n<li data-stringify-indent=\"0\" data-stringify-border=\"0\"><b data-stringify-type=\"bold\">Livraisons au d\u00e9p\u00f4t :<\/b> Dans certains cas, les transporteurs peuvent livrer au d\u00e9p\u00f4t le plus proche au lieu de votre adresse, ce qui vous oblige \u00e0 venir chercher votre envoi.<\/li>\n<li data-stringify-indent=\"0\" data-stringify-border=\"0\"><b data-stringify-type=\"bold\">D\u00e9lai de livraison suppl\u00e9mentaire :<\/b> les articles tr\u00e8s volumineux ou lourds peuvent prendre plus de temps pour atteindre les endroits \u00e9loign\u00e9s.<\/li>\n<li data-stringify-indent=\"0\" data-stringify-border=\"0\"><b data-stringify-type=\"bold\">Contr\u00f4le du transporteur :<\/b> Une fois que l&rsquo;envoi quitte notre site de production, il n&rsquo;est plus sous notre contr\u00f4le. Bien que nous travaillions en \u00e9troite collaboration avec les transporteurs pour assurer la livraison en temps voulu des envois importants, les retards ou les ajustements de livraison sont \u00e0 la discr\u00e9tion du transporteur.<\/li>\n<li data-stringify-indent=\"0\" data-stringify-border=\"0\"><b data-stringify-type=\"bold\">Adresse physique requise :<\/b> Postes Canada ne peut pas accepter ou livrer des envois volumineux, et les messagers qui traitent ces envois ne peuvent pas livrer \u00e0 des bo\u00eetes postales. Une adresse physique est requise pour toutes les commandes importantes ou lourdes.<\/li>\n<\/ul>\n<div class=\"p-rich_text_section\">\n<p>Nous ferons de notre mieux pour r\u00e9pondre \u00e0 vos questions et \u00e0 vos pr\u00e9occupations et pour veiller \u00e0 ce que votre commande vous parvienne le plus rapidement possible. Si votre lieu de r\u00e9sidence est concern\u00e9, veuillez nous contacter pour plus d&rsquo;informations ou pour obtenir de l&rsquo;aide concernant votre livraison.<\/p>\n<p><strong>Gr\u00e8ve \u00e0 Postes Canada<\/strong><\/p>\n<p>En raison de la gr\u00e8ve de Postes Canada, de nombreuses soci\u00e9t\u00e9s d&rsquo;exp\u00e9dition subissent des retards importants qui \u00e9chappent \u00e0 notre contr\u00f4le. Nous vous demandons de faire preuve de patience et de compr\u00e9hension pendant cette saison exceptionnellement charg\u00e9e, alors que les coursiers s&rsquo;efforcent de relever ces d\u00e9fis.<\/p>\n<p>Soyez assur\u00e9s que nous faisons tout notre possible pour que vos commandes soient trait\u00e9es rapidement. Cependant, une fois que votre colis se trouve chez le transporteur, des retards peuvent survenir malgr\u00e9 tous nos efforts.<\/p>\n<p>Merci de votre compr\u00e9hension et de votre coop\u00e9ration !<\/p>\n<\/div>\n[\/vc_column_text][\/vc_column][\/vc_row]\n<\/section>","protected":false},"excerpt":{"rendered":"<p>[vc_row el_class=\u00a0\u00bbalign-center\u00a0\u00bb][vc_column width=\u00a0\u00bb3\/4&Prime;][vc_column_text] Avis d&rsquo;exp\u00e9dition pour les articles volumineux et lourds Nous nous effor\u00e7ons d&rsquo;assurer une exp\u00e9dition fluide et efficace pour toutes les commandes. Toutefois, en raison de la taille et du poids de certains produits et de la localisation de certaines adresses de livraison, il peut y avoir des consid\u00e9rations suppl\u00e9mentaires : Commandez \u00e0&hellip;<\/p>\n","protected":false},"author":1,"featured_media":0,"parent":0,"menu_order":0,"comment_status":"closed","ping_status":"closed","template":"","meta":{"_acf_changed":false,"footnotes":""},"acf":[],"yoast_head":"<!-- This site is optimized with the Yoast SEO plugin v22.2 - https:\/\/yoast.com\/wordpress\/plugins\/seo\/ -->\n<title>Avis de livraison | PetTech<\/title>\n<meta name=\"robots\" content=\"index, follow, max-snippet:-1, max-image-preview:large, max-video-preview:-1\" \/>\n<link rel=\"canonical\" href=\"https:\/\/pettechsolutions.com\/fr\/avis-de-livraison\" \/>\n<meta property=\"og:locale\" content=\"fr_FR\" \/>\n<meta property=\"og:type\" content=\"article\" \/>\n<meta property=\"og:title\" content=\"Avis de livraison | PetTech\" \/>\n<meta property=\"og:description\" content=\"[vc_row el_class=\u00a0\u00bbalign-center\u00a0\u00bb][vc_column width=\u00a0\u00bb3\/4&Prime;][vc_column_text] Avis d&rsquo;exp\u00e9dition pour les articles volumineux et lourds Nous nous effor\u00e7ons d&rsquo;assurer une exp\u00e9dition fluide et efficace pour toutes les commandes. Toutefois, en raison de la taille et du poids de certains produits et de la localisation de certaines adresses de livraison, il peut y avoir des consid\u00e9rations suppl\u00e9mentaires : Commandez \u00e0&hellip;\" \/>\n<meta property=\"og:url\" content=\"https:\/\/pettechsolutions.com\/fr\/avis-de-livraison\" \/>\n<meta property=\"og:site_name\" content=\"PetTech\" \/>\n<meta property=\"article:publisher\" content=\"https:\/\/facebook.com\/pettechsolutions\" \/>\n<meta property=\"article:modified_time\" content=\"2025-06-20T11:52:28+00:00\" \/>\n<meta property=\"og:image\" content=\"https:\/\/pettechsolutions.com\/wp-content\/uploads\/2022\/10\/META_IMAGE_pettech.jpg\" \/>\n\t<meta property=\"og:image:width\" content=\"1200\" \/>\n\t<meta property=\"og:image:height\" content=\"630\" \/>\n\t<meta property=\"og:image:type\" content=\"image\/jpeg\" \/>\n<meta name=\"twitter:card\" content=\"summary_large_image\" \/>\n<meta name=\"twitter:site\" content=\"@pettechsol\" \/>\n<meta name=\"twitter:label1\" content=\"Dur\u00e9e de lecture estim\u00e9e\" \/>\n\t<meta name=\"twitter:data1\" content=\"4 minutes\" \/>\n<script type=\"application\/ld+json\" class=\"yoast-schema-graph\">{\"@context\":\"https:\/\/schema.org\",\"@graph\":[{\"@type\":\"WebPage\",\"@id\":\"https:\/\/pettechsolutions.com\/fr\/avis-de-livraison\",\"url\":\"https:\/\/pettechsolutions.com\/fr\/avis-de-livraison\",\"name\":\"Avis de livraison | PetTech\",\"isPartOf\":{\"@id\":\"https:\/\/pettechsolutions.com\/#website\"},\"datePublished\":\"2024-12-06T09:14:56+00:00\",\"dateModified\":\"2025-06-20T11:52:28+00:00\",\"breadcrumb\":{\"@id\":\"https:\/\/pettechsolutions.com\/fr\/avis-de-livraison#breadcrumb\"},\"inLanguage\":\"fr-FR\",\"potentialAction\":[{\"@type\":\"ReadAction\",\"target\":[\"https:\/\/pettechsolutions.com\/fr\/avis-de-livraison\"]}]},{\"@type\":\"BreadcrumbList\",\"@id\":\"https:\/\/pettechsolutions.com\/fr\/avis-de-livraison#breadcrumb\",\"itemListElement\":[{\"@type\":\"ListItem\",\"position\":1,\"name\":\"Home\",\"item\":\"https:\/\/pettechsolutions.com\/fr\"},{\"@type\":\"ListItem\",\"position\":2,\"name\":\"Avis de livraison\"}]},{\"@type\":\"WebSite\",\"@id\":\"https:\/\/pettechsolutions.com\/#website\",\"url\":\"https:\/\/pettechsolutions.com\/\",\"name\":\"PetTech\",\"description\":\"produits d'\u00e9levage par excellence.\",\"publisher\":{\"@id\":\"https:\/\/pettechsolutions.com\/#organization\"},\"potentialAction\":[{\"@type\":\"SearchAction\",\"target\":{\"@type\":\"EntryPoint\",\"urlTemplate\":\"https:\/\/pettechsolutions.com\/?s={search_term_string}\"},\"query-input\":\"required name=search_term_string\"}],\"inLanguage\":\"fr-FR\"},{\"@type\":\"Organization\",\"@id\":\"https:\/\/pettechsolutions.com\/#organization\",\"name\":\"PetTech Solutions\",\"url\":\"https:\/\/pettechsolutions.com\/\",\"logo\":{\"@type\":\"ImageObject\",\"inLanguage\":\"fr-FR\",\"@id\":\"https:\/\/pettechsolutions.com\/#\/schema\/logo\/image\/\",\"url\":\"https:\/\/pettechsolutions.com\/wp-content\/uploads\/2022\/06\/pts_heart_logo.png\",\"contentUrl\":\"https:\/\/pettechsolutions.com\/wp-content\/uploads\/2022\/06\/pts_heart_logo.png\",\"width\":1080,\"height\":546,\"caption\":\"PetTech Solutions\"},\"image\":{\"@id\":\"https:\/\/pettechsolutions.com\/#\/schema\/logo\/image\/\"},\"sameAs\":[\"https:\/\/facebook.com\/pettechsolutions\",\"https:\/\/twitter.com\/pettechsol\",\"https:\/\/instagram.com\/pettechsol\"]}]}<\/script>\n<!-- \/ Yoast SEO plugin. -->","yoast_head_json":{"title":"Avis de livraison | PetTech","robots":{"index":"index","follow":"follow","max-snippet":"max-snippet:-1","max-image-preview":"max-image-preview:large","max-video-preview":"max-video-preview:-1"},"canonical":"https:\/\/pettechsolutions.com\/fr\/avis-de-livraison","og_locale":"fr_FR","og_type":"article","og_title":"Avis de livraison | PetTech","og_description":"[vc_row el_class=\u00a0\u00bbalign-center\u00a0\u00bb][vc_column width=\u00a0\u00bb3\/4&Prime;][vc_column_text] Avis d&rsquo;exp\u00e9dition pour les articles volumineux et lourds Nous nous effor\u00e7ons d&rsquo;assurer une exp\u00e9dition fluide et efficace pour toutes les commandes. Toutefois, en raison de la taille et du poids de certains produits et de la localisation de certaines adresses de livraison, il peut y avoir des consid\u00e9rations suppl\u00e9mentaires : Commandez \u00e0&hellip;","og_url":"https:\/\/pettechsolutions.com\/fr\/avis-de-livraison","og_site_name":"PetTech","article_publisher":"https:\/\/facebook.com\/pettechsolutions","article_modified_time":"2025-06-20T11:52:28+00:00","og_image":[{"width":1200,"height":630,"url":"https:\/\/pettechsolutions.com\/wp-content\/uploads\/2022\/10\/META_IMAGE_pettech.jpg","type":"image\/jpeg"}],"twitter_card":"summary_large_image","twitter_site":"@pettechsol","twitter_misc":{"Dur\u00e9e de lecture estim\u00e9e":"4 minutes"},"schema":{"@context":"https:\/\/schema.org","@graph":[{"@type":"WebPage","@id":"https:\/\/pettechsolutions.com\/fr\/avis-de-livraison","url":"https:\/\/pettechsolutions.com\/fr\/avis-de-livraison","name":"Avis de livraison | PetTech","isPartOf":{"@id":"https:\/\/pettechsolutions.com\/#website"},"datePublished":"2024-12-06T09:14:56+00:00","dateModified":"2025-06-20T11:52:28+00:00","breadcrumb":{"@id":"https:\/\/pettechsolutions.com\/fr\/avis-de-livraison#breadcrumb"},"inLanguage":"fr-FR","potentialAction":[{"@type":"ReadAction","target":["https:\/\/pettechsolutions.com\/fr\/avis-de-livraison"]}]},{"@type":"BreadcrumbList","@id":"https:\/\/pettechsolutions.com\/fr\/avis-de-livraison#breadcrumb","itemListElement":[{"@type":"ListItem","position":1,"name":"Home","item":"https:\/\/pettechsolutions.com\/fr"},{"@type":"ListItem","position":2,"name":"Avis de livraison"}]},{"@type":"WebSite","@id":"https:\/\/pettechsolutions.com\/#website","url":"https:\/\/pettechsolutions.com\/","name":"PetTech","description":"produits d'\u00e9levage par excellence.","publisher":{"@id":"https:\/\/pettechsolutions.com\/#organization"},"potentialAction":[{"@type":"SearchAction","target":{"@type":"EntryPoint","urlTemplate":"https:\/\/pettechsolutions.com\/?s={search_term_string}"},"query-input":"required name=search_term_string"}],"inLanguage":"fr-FR"},{"@type":"Organization","@id":"https:\/\/pettechsolutions.com\/#organization","name":"PetTech Solutions","url":"https:\/\/pettechsolutions.com\/","logo":{"@type":"ImageObject","inLanguage":"fr-FR","@id":"https:\/\/pettechsolutions.com\/#\/schema\/logo\/image\/","url":"https:\/\/pettechsolutions.com\/wp-content\/uploads\/2022\/06\/pts_heart_logo.png","contentUrl":"https:\/\/pettechsolutions.com\/wp-content\/uploads\/2022\/06\/pts_heart_logo.png","width":1080,"height":546,"caption":"PetTech Solutions"},"image":{"@id":"https:\/\/pettechsolutions.com\/#\/schema\/logo\/image\/"},"sameAs":["https:\/\/facebook.com\/pettechsolutions","https:\/\/twitter.com\/pettechsol","https:\/\/instagram.com\/pettechsol"]}]}},"jetpack_sharing_enabled":true,"_links":{"self":[{"href":"https:\/\/pettechsolutions.com\/fr\/wp-json\/wp\/v2\/pages\/5830"}],"collection":[{"href":"https:\/\/pettechsolutions.com\/fr\/wp-json\/wp\/v2\/pages"}],"about":[{"href":"https:\/\/pettechsolutions.com\/fr\/wp-json\/wp\/v2\/types\/page"}],"author":[{"embeddable":true,"href":"https:\/\/pettechsolutions.com\/fr\/wp-json\/wp\/v2\/users\/1"}],"replies":[{"embeddable":true,"href":"https:\/\/pettechsolutions.com\/fr\/wp-json\/wp\/v2\/comments?post=5830"}],"version-history":[{"count":4,"href":"https:\/\/pettechsolutions.com\/fr\/wp-json\/wp\/v2\/pages\/5830\/revisions"}],"predecessor-version":[{"id":5837,"href":"https:\/\/pettechsolutions.com\/fr\/wp-json\/wp\/v2\/pages\/5830\/revisions\/5837"}],"wp:attachment":[{"href":"https:\/\/pettechsolutions.com\/fr\/wp-json\/wp\/v2\/media?parent=5830"}],"curies":[{"name":"wp","href":"https:\/\/api.w.org\/{rel}","templated":true}]}}