{"id":1342,"date":"2022-08-16T13:13:24","date_gmt":"2022-08-16T17:13:24","guid":{"rendered":"https:\/\/pettechsolutions.com\/politique-de-remboursement-et-de-retour"},"modified":"2022-10-18T09:19:36","modified_gmt":"2022-10-18T13:19:36","slug":"politique-de-remboursement-et-de-retour","status":"publish","type":"page","link":"https:\/\/pettechsolutions.com\/fr\/politique-de-remboursement-et-de-retour","title":{"rendered":"Politique de remboursement et de retour"},"content":{"rendered":"<section class=\"wpb-content-wrapper\">[vc_row el_class=\u00a0\u00bbalign-center\u00a0\u00bb][vc_column width=\u00a0\u00bb3\/4&Prime;][vc_column_text]\n<h3>RETOUR ET \u00c9CHANGE<\/h3>\n<p>Si votre commande est incorrecte, endommag\u00e9e ou d\u00e9fectueuse, veuillez nous contacter dans les 15 jours suivant la r\u00e9ception de votre commande \u00e0 l&rsquo;adresse suivante : <a href=\"tel:18006729182\" target=\"_blank\" rel=\"noopener\">1-800-672-9182<\/a> ou <a href=\"mailto:info@fps.email\" target=\"_blank\" rel=\"noopener\">info@fps.email<\/a>.<\/p>\n<h4>LA PLUPART DES ARTICLES DISPONIBLES \u00c0 L&rsquo;ACHAT CHEZ PETTECH SOLUTIONS SONT REMBOURSABLES DANS LES 15 JOURS SUIVANT LA DATE DE R\u00c9CEPTION DE LA LIVRAISON ; TOUTEFOIS, LES RESTRICTIONS SUIVANTES S&rsquo;APPLIQUENT :<\/h4>\n<ul>\n<li>Notre garantie s&rsquo;applique pendant 15 jours \u00e0 compter de la date du r\u00e9c\u00e9piss\u00e9 de livraison.<\/li>\n<li>Si votre commande n&rsquo;arrive pas dans les 15 jours suivant votre confirmation d&rsquo;exp\u00e9dition, veuillez nous en informer par t\u00e9l\u00e9phone ou par courriel.<\/li>\n<li>Une autorisation de retour doit \u00eatre obtenue de PetTech avant de retourner au point d&rsquo;achat.<\/li>\n<li>Les frais d&rsquo;exp\u00e9dition et de manutention ne sont pas remboursables ; toutefois, si nous avons commis une erreur dans le traitement de votre commande, ou si le produit est endommag\u00e9 ou d\u00e9fectueux, nous serons heureux de vous rembourser les frais de retour et de manutention.<\/li>\n<li>Les articles dont le retour est approuv\u00e9 seront livr\u00e9s conform\u00e9ment aux instructions d&rsquo;exp\u00e9dition de PetTech Solution. Des frais de restockage de 10 % peuvent \u00eatre appliqu\u00e9s aux retours approuv\u00e9s.<\/li>\n<li>Les produits retourn\u00e9s doivent \u00eatre re\u00e7us dans leur \u00e9tat d&rsquo;origine \u00a0\u00bb comme neuf \u00ab\u00a0, en parfait \u00e9tat de fonctionnement, sans marques, rayures ou d\u00e9fauts visibles, et dans leur emballage d&rsquo;origine. Cela inclut tous les accessoires, les cartes de garantie et les manuels.<\/li>\n<li>Les articles de remplacement ou consommables qui ont \u00e9t\u00e9 ouverts de leur emballage d&rsquo;origine (batteries suppl\u00e9mentaires, gants, etc.) ne sont pas retournables, sauf s&rsquo;ils sont d\u00e9fectueux ou endommag\u00e9s lors de leur r\u00e9ception, auquel cas une autorisation de retour sera n\u00e9cessaire pour traiter une demande de garantie du fabricant.<\/li>\n<li>Tous les articles retourn\u00e9s seront inspect\u00e9s par PetTech avant qu&rsquo;un remboursement autoris\u00e9 ne soit trait\u00e9 et \u00e9mis. Veuillez noter que les articles ou pi\u00e8ces manquants peuvent retarder le traitement de votre remboursement et\/ou entra\u00eener un ajustement du remboursement pour les r\u00e9parations n\u00e9cessaires ou le remplacement de l&rsquo;article pour le remettre dans un \u00e9tat neuf et vendable.<\/li>\n<li>Tous les remboursements autoris\u00e9s seront trait\u00e9s de nouveau selon le type de paiement utilis\u00e9 pour effectuer l&rsquo;achat.<\/li>\n<\/ul>\n<h3>GARANTIE DES SOLUTIONS PETTECH POUR LES BOX DE MISE BAS<\/h3>\n<p>PetTech Solutions (une division de FarmTech Solutions Inc.) d\u00e9clare que ses produits sont enti\u00e8rement soutenus par les garanties du fabricant pour \u00eatre exempts de d\u00e9fauts de fabrication et de mat\u00e9riaux pour l&rsquo;acheteur original. Pour les produits et accessoires de bo\u00eetes de mise bas, la couverture est de deux (2) ans \u00e0 compter de la date d&rsquo;achat aupr\u00e8s d&rsquo;un vendeur autoris\u00e9. La pr\u00e9sente garantie ne couvre pas l&rsquo;utilisation ou l&rsquo;installation incorrecte, les dommages caus\u00e9s par un accident ou par des animaux domestiques, ni l&rsquo;usure.<\/p>\n<p>Aucune responsabilit\u00e9 n&rsquo;est assum\u00e9e en ce qui concerne les dommages cons\u00e9cutifs \u00e0 l&rsquo;utilisation ou \u00e0 la mauvaise utilisation de ce produit, et en aucun cas la limite de responsabilit\u00e9 pour toute r\u00e9clamation ne d\u00e9passera le prix d&rsquo;achat initial du produit.<\/p>\n<p>PetTech facilitera toutes les r\u00e9clamations rapidement, \u00e9quitablement et efficacement avec le client et le fabricant, y compris l&rsquo;\u00e9valuation initiale et, si n\u00e9cessaire, lorsque les produits sont livr\u00e9s pr\u00e9pay\u00e9s au centre de traitement de la garantie d\u00e9sign\u00e9 par PetTech pour r\u00e9paration et\/ou remplacement.<\/p>\n<h3>GARANTIE ET SUPPORT TECHNIQUE<\/h3>\n<p>Nous nous associons \u00e0 des fabricants qui proposent des produits bien construits et de haute qualit\u00e9, assortis de garanties du fabricant. Nous promettons que tout d\u00e9fi sera g\u00e9r\u00e9 rapidement, efficacement et de mani\u00e8re rentable.<\/p>\n<p>Veuillez noter que le fabricant ou nos techniciens de service certifi\u00e9s sont tenus d&rsquo;examiner, de diagnostiquer et d&rsquo;inspecter les produits avant d&rsquo;effectuer des r\u00e9parations ou des remplacements sous garantie approuv\u00e9s. Avant d&rsquo;envoyer votre \u00e9quipement \u00e0 notre \u00e9quipe de service, veuillez nous contacter pour faire cr\u00e9er un ticket de service.<\/p>\n<p>Il vous incombe de couvrir les frais d&rsquo;exp\u00e9dition \u00e0 l&rsquo;aller, et nous serons heureux de prendre en charge les frais de retour pour les r\u00e9parations ou les remplacements sous garantie approuv\u00e9s.<\/p>\n<p>Si vous rencontrez un probl\u00e8me non couvert par notre garantie, veuillez nous contacter pour cr\u00e9er un ticket de service et nous renvoyer l&rsquo;article. Nos techniciens vous feront savoir si le probl\u00e8me est r\u00e9parable, ainsi que les co\u00fbts associ\u00e9s.<\/p>\n<h4>Ce qui n&rsquo;est pas couvert<\/h4>\n<ul>\n<li>Usure normale<\/li>\n<li>Modifications<\/li>\n<li>N\u00e9gligence\/Dommages<\/li>\n<li>Utilisation \u00e0 une fin autre que celle pour laquelle il a \u00e9t\u00e9 con\u00e7u<\/li>\n<\/ul>\n<h4>Nous vous enverrons des courriels sur l&rsquo;\u00e9tat actuel des choses lorsque :<\/h4>\n<ul>\n<li>Le ticket de service a \u00e9t\u00e9 cr\u00e9\u00e9<\/li>\n<li>L&rsquo;article a \u00e9t\u00e9 re\u00e7u<\/li>\n<li>Nous avons \u00e9valu\u00e9 votre produit<\/li>\n<li>Nous avons trait\u00e9 votre demande<\/li>\n<\/ul>\n[\/vc_column_text][\/vc_column][\/vc_row][vc_row disable_element=\u00a0\u00bbyes\u00a0\u00bb el_class=\u00a0\u00bbalign-center\u00a0\u00bb][vc_column width=\u00a0\u00bb3\/4&Prime;][vc_column_text]\n<h2>Interpr\u00e9tation et d\u00e9finitions<\/h2>\n<h3>Interpr\u00e9tation<\/h3>\n<p>Les mots dont la lettre initiale est en majuscule ont des significations d\u00e9finies dans les conditions suivantes. Les d\u00e9finitions suivantes ont la m\u00eame signification, qu&rsquo;elles apparaissent au singulier ou au pluriel.<\/p>\n<h3>D\u00e9finitions<\/h3>\n<p>Aux fins de la pr\u00e9sente politique de retour et d&rsquo;\u00e9change :<\/p>\n<p><strong>La soci\u00e9t\u00e9 commerciale<\/strong> (d\u00e9sign\u00e9e par \u00ab\u00a0la soci\u00e9t\u00e9\u00a0\u00bb, \u00ab\u00a0nous\u00a0\u00bb, \u00ab\u00a0notre\u00a0\u00bb ou \u00ab\u00a0nos\u00a0\u00bb dans le pr\u00e9sent accord) d\u00e9signe <strong>PetTech Solutions<\/strong>, situ\u00e9e au <strong>32 Rue de Calais<\/strong>, <strong>CA<\/strong>.<\/p>\n<p><strong>Les marchandises<\/strong> d\u00e9signent les articles propos\u00e9s \u00e0 la vente sur le Service.<\/p>\n<p><strong>Les commandes<\/strong> d\u00e9signent une demande de votre part d&rsquo;acheter des produits aupr\u00e8s de nous.<\/p>\n<p><strong>Le service<\/strong> fait r\u00e9f\u00e9rence au site web.<\/p>\n<p><strong>Le terme \u00ab\u00a0site web\u00a0\u00bb<\/strong> d\u00e9signe mon site, accessible \u00e0 partir de <strong>https:\/\/pettechsolutions.com\/fr<\/strong><\/p>\n<p><strong>Vous<\/strong> d\u00e9signe la personne qui acc\u00e8de au Service ou l&rsquo;utilise, ou la soci\u00e9t\u00e9 ou autre entit\u00e9 juridique au nom de laquelle cette personne acc\u00e8de au Service ou l&rsquo;utilise, selon le cas.<\/p>\n<h2>Politique g\u00e9n\u00e9rale de retour<strong><br \/>\n<\/strong><\/h2>\n<p>Les produits achet\u00e9s dans les<strong>magasins physiques ne peuvent pas \u00eatre retourn\u00e9s<\/strong>. Tous les articles peuvent \u00eatre retourn\u00e9s et seront trait\u00e9s si les conditions sont remplies.<\/p>\n<h2>Politique de remboursement<\/h2>\n<p>Pour avoir droit \u00e0 un remboursement, vous devez retourner les marchandises dans les <strong>30<\/strong> jours suivant votre achat. Si le produit est endommag\u00e9 de quelque mani\u00e8re que ce soit, ou si vous avez initi\u00e9 le retour apr\u00e8s l&rsquo;expiration du d\u00e9lai de <strong>30<\/strong> jours, vous n&rsquo;aurez pas droit \u00e0 un remboursement.<\/p>\n<ul>\n<li>Le produit doit avoir le re\u00e7u, ou ;<\/li>\n<li>Preuve d&rsquo;achat<\/li>\n<\/ul>\n<p>Si le produit que vous avez re\u00e7u s&rsquo;av\u00e8re d\u00e9fectueux ou de mauvaise qualit\u00e9 (\u00e0 l&rsquo;exception des produits sous garantie directe, dont il est question ci-dessous), veuillez nous en informer d\u00e8s que possible apr\u00e8s avoir pris connaissance du d\u00e9faut ou de la mauvaise qualit\u00e9.<\/p>\n<p>Apr\u00e8s avoir re\u00e7u votre produit, notre \u00e9quipe de professionnels l&rsquo;inspectera et traitera votre remboursement. L&rsquo;argent sera rembours\u00e9 sur le <strong>mode de paiement initial <\/strong> que vous avez utilis\u00e9 lors de l&rsquo;achat.<\/p>\n<h3>Comment initier un retour<strong><br \/>\n<\/strong><\/h3>\n<p>Si vous avez une demande de retour, de remboursement ou d&rsquo;\u00e9change et si vous avez d&rsquo;autres clarifications et questions, n&rsquo;h\u00e9sitez pas \u00e0 nous contacter par le biais de notre site web :<\/p>\n<p>Num\u00e9ro de t\u00e9l\u00e9phone : <span style=\"color: #000080;\"><strong>1 (800) 672-9182<\/strong><\/span><\/p>\n<p>Vous serez inform\u00e9 de l&rsquo;\u00e9tat de leur retour par leur <strong> e-mail et leur t\u00e9l\u00e9phone<\/strong>, \u00e0 condition que toutes les informations de contact soient enregistr\u00e9es.[\/vc_column_text][\/vc_column][\/vc_row]\n<\/section>","protected":false},"excerpt":{"rendered":"<p>[vc_row el_class=\u00a0\u00bbalign-center\u00a0\u00bb][vc_column width=\u00a0\u00bb3\/4&Prime;][vc_column_text] RETOUR ET \u00c9CHANGE Si votre commande est incorrecte, endommag\u00e9e ou d\u00e9fectueuse, veuillez nous contacter dans les 15 jours suivant la r\u00e9ception de votre commande \u00e0 l&rsquo;adresse suivante : 1-800-672-9182 ou info@fps.email. LA PLUPART DES ARTICLES DISPONIBLES \u00c0 L&rsquo;ACHAT CHEZ PETTECH SOLUTIONS SONT REMBOURSABLES DANS LES 15 JOURS SUIVANT LA DATE DE R\u00c9CEPTION&hellip;<\/p>\n","protected":false},"author":1,"featured_media":0,"parent":0,"menu_order":0,"comment_status":"closed","ping_status":"closed","template":"","meta":{"_acf_changed":false,"footnotes":""},"acf":[],"yoast_head":"<!-- This site is optimized with the Yoast SEO plugin v22.2 - https:\/\/yoast.com\/wordpress\/plugins\/seo\/ -->\n<title>Politique de remboursement et de retour | PetTech<\/title>\n<meta name=\"robots\" content=\"index, follow, max-snippet:-1, max-image-preview:large, max-video-preview:-1\" \/>\n<link rel=\"canonical\" href=\"https:\/\/pettechsolutions.com\/fr\/politique-de-remboursement-et-de-retour\" \/>\n<meta property=\"og:locale\" content=\"fr_FR\" \/>\n<meta property=\"og:type\" content=\"article\" \/>\n<meta property=\"og:title\" content=\"Politique de remboursement et de retour | PetTech\" \/>\n<meta property=\"og:description\" content=\"[vc_row el_class=\u00a0\u00bbalign-center\u00a0\u00bb][vc_column width=\u00a0\u00bb3\/4&Prime;][vc_column_text] RETOUR ET \u00c9CHANGE Si votre commande est incorrecte, endommag\u00e9e ou d\u00e9fectueuse, veuillez nous contacter dans les 15 jours suivant la r\u00e9ception de votre commande \u00e0 l&rsquo;adresse suivante : 1-800-672-9182 ou info@fps.email. LA PLUPART DES ARTICLES DISPONIBLES \u00c0 L&rsquo;ACHAT CHEZ PETTECH SOLUTIONS SONT REMBOURSABLES DANS LES 15 JOURS SUIVANT LA DATE DE R\u00c9CEPTION&hellip;\" \/>\n<meta property=\"og:url\" content=\"https:\/\/pettechsolutions.com\/fr\/politique-de-remboursement-et-de-retour\" \/>\n<meta property=\"og:site_name\" content=\"PetTech\" \/>\n<meta property=\"article:publisher\" content=\"https:\/\/facebook.com\/pettechsolutions\" \/>\n<meta property=\"article:modified_time\" content=\"2022-10-18T13:19:36+00:00\" \/>\n<meta property=\"og:image\" content=\"https:\/\/pettechsolutions.com\/wp-content\/uploads\/2022\/10\/META_IMAGE_pettech.jpg\" \/>\n\t<meta property=\"og:image:width\" content=\"1200\" \/>\n\t<meta property=\"og:image:height\" content=\"630\" \/>\n\t<meta property=\"og:image:type\" content=\"image\/jpeg\" \/>\n<meta name=\"twitter:card\" content=\"summary_large_image\" \/>\n<meta name=\"twitter:site\" content=\"@pettechsol\" \/>\n<meta name=\"twitter:label1\" content=\"Dur\u00e9e de lecture estim\u00e9e\" \/>\n\t<meta name=\"twitter:data1\" content=\"6 minutes\" \/>\n<script type=\"application\/ld+json\" class=\"yoast-schema-graph\">{\"@context\":\"https:\/\/schema.org\",\"@graph\":[{\"@type\":\"WebPage\",\"@id\":\"https:\/\/pettechsolutions.com\/fr\/politique-de-remboursement-et-de-retour\",\"url\":\"https:\/\/pettechsolutions.com\/fr\/politique-de-remboursement-et-de-retour\",\"name\":\"Politique de remboursement et de retour | PetTech\",\"isPartOf\":{\"@id\":\"https:\/\/pettechsolutions.com\/#website\"},\"datePublished\":\"2022-08-16T17:13:24+00:00\",\"dateModified\":\"2022-10-18T13:19:36+00:00\",\"breadcrumb\":{\"@id\":\"https:\/\/pettechsolutions.com\/fr\/politique-de-remboursement-et-de-retour#breadcrumb\"},\"inLanguage\":\"fr-FR\",\"potentialAction\":[{\"@type\":\"ReadAction\",\"target\":[\"https:\/\/pettechsolutions.com\/fr\/politique-de-remboursement-et-de-retour\"]}]},{\"@type\":\"BreadcrumbList\",\"@id\":\"https:\/\/pettechsolutions.com\/fr\/politique-de-remboursement-et-de-retour#breadcrumb\",\"itemListElement\":[{\"@type\":\"ListItem\",\"position\":1,\"name\":\"Home\",\"item\":\"https:\/\/pettechsolutions.com\/fr\"},{\"@type\":\"ListItem\",\"position\":2,\"name\":\"Politique de remboursement et de retour\"}]},{\"@type\":\"WebSite\",\"@id\":\"https:\/\/pettechsolutions.com\/#website\",\"url\":\"https:\/\/pettechsolutions.com\/\",\"name\":\"PetTech\",\"description\":\"produits d'\u00e9levage par excellence.\",\"publisher\":{\"@id\":\"https:\/\/pettechsolutions.com\/#organization\"},\"potentialAction\":[{\"@type\":\"SearchAction\",\"target\":{\"@type\":\"EntryPoint\",\"urlTemplate\":\"https:\/\/pettechsolutions.com\/?s={search_term_string}\"},\"query-input\":\"required name=search_term_string\"}],\"inLanguage\":\"fr-FR\"},{\"@type\":\"Organization\",\"@id\":\"https:\/\/pettechsolutions.com\/#organization\",\"name\":\"PetTech Solutions\",\"url\":\"https:\/\/pettechsolutions.com\/\",\"logo\":{\"@type\":\"ImageObject\",\"inLanguage\":\"fr-FR\",\"@id\":\"https:\/\/pettechsolutions.com\/#\/schema\/logo\/image\/\",\"url\":\"https:\/\/pettechsolutions.com\/wp-content\/uploads\/2022\/06\/pts_heart_logo.png\",\"contentUrl\":\"https:\/\/pettechsolutions.com\/wp-content\/uploads\/2022\/06\/pts_heart_logo.png\",\"width\":1080,\"height\":546,\"caption\":\"PetTech Solutions\"},\"image\":{\"@id\":\"https:\/\/pettechsolutions.com\/#\/schema\/logo\/image\/\"},\"sameAs\":[\"https:\/\/facebook.com\/pettechsolutions\",\"https:\/\/twitter.com\/pettechsol\",\"https:\/\/instagram.com\/pettechsol\"]}]}<\/script>\n<!-- \/ Yoast SEO plugin. -->","yoast_head_json":{"title":"Politique de remboursement et de retour | PetTech","robots":{"index":"index","follow":"follow","max-snippet":"max-snippet:-1","max-image-preview":"max-image-preview:large","max-video-preview":"max-video-preview:-1"},"canonical":"https:\/\/pettechsolutions.com\/fr\/politique-de-remboursement-et-de-retour","og_locale":"fr_FR","og_type":"article","og_title":"Politique de remboursement et de retour | PetTech","og_description":"[vc_row el_class=\u00a0\u00bbalign-center\u00a0\u00bb][vc_column width=\u00a0\u00bb3\/4&Prime;][vc_column_text] RETOUR ET \u00c9CHANGE Si votre commande est incorrecte, endommag\u00e9e ou d\u00e9fectueuse, veuillez nous contacter dans les 15 jours suivant la r\u00e9ception de votre commande \u00e0 l&rsquo;adresse suivante : 1-800-672-9182 ou info@fps.email. LA PLUPART DES ARTICLES DISPONIBLES \u00c0 L&rsquo;ACHAT CHEZ PETTECH SOLUTIONS SONT REMBOURSABLES DANS LES 15 JOURS SUIVANT LA DATE DE R\u00c9CEPTION&hellip;","og_url":"https:\/\/pettechsolutions.com\/fr\/politique-de-remboursement-et-de-retour","og_site_name":"PetTech","article_publisher":"https:\/\/facebook.com\/pettechsolutions","article_modified_time":"2022-10-18T13:19:36+00:00","og_image":[{"width":1200,"height":630,"url":"https:\/\/pettechsolutions.com\/wp-content\/uploads\/2022\/10\/META_IMAGE_pettech.jpg","type":"image\/jpeg"}],"twitter_card":"summary_large_image","twitter_site":"@pettechsol","twitter_misc":{"Dur\u00e9e de lecture estim\u00e9e":"6 minutes"},"schema":{"@context":"https:\/\/schema.org","@graph":[{"@type":"WebPage","@id":"https:\/\/pettechsolutions.com\/fr\/politique-de-remboursement-et-de-retour","url":"https:\/\/pettechsolutions.com\/fr\/politique-de-remboursement-et-de-retour","name":"Politique de remboursement et de retour | PetTech","isPartOf":{"@id":"https:\/\/pettechsolutions.com\/#website"},"datePublished":"2022-08-16T17:13:24+00:00","dateModified":"2022-10-18T13:19:36+00:00","breadcrumb":{"@id":"https:\/\/pettechsolutions.com\/fr\/politique-de-remboursement-et-de-retour#breadcrumb"},"inLanguage":"fr-FR","potentialAction":[{"@type":"ReadAction","target":["https:\/\/pettechsolutions.com\/fr\/politique-de-remboursement-et-de-retour"]}]},{"@type":"BreadcrumbList","@id":"https:\/\/pettechsolutions.com\/fr\/politique-de-remboursement-et-de-retour#breadcrumb","itemListElement":[{"@type":"ListItem","position":1,"name":"Home","item":"https:\/\/pettechsolutions.com\/fr"},{"@type":"ListItem","position":2,"name":"Politique de remboursement et de retour"}]},{"@type":"WebSite","@id":"https:\/\/pettechsolutions.com\/#website","url":"https:\/\/pettechsolutions.com\/","name":"PetTech","description":"produits d'\u00e9levage par excellence.","publisher":{"@id":"https:\/\/pettechsolutions.com\/#organization"},"potentialAction":[{"@type":"SearchAction","target":{"@type":"EntryPoint","urlTemplate":"https:\/\/pettechsolutions.com\/?s={search_term_string}"},"query-input":"required name=search_term_string"}],"inLanguage":"fr-FR"},{"@type":"Organization","@id":"https:\/\/pettechsolutions.com\/#organization","name":"PetTech Solutions","url":"https:\/\/pettechsolutions.com\/","logo":{"@type":"ImageObject","inLanguage":"fr-FR","@id":"https:\/\/pettechsolutions.com\/#\/schema\/logo\/image\/","url":"https:\/\/pettechsolutions.com\/wp-content\/uploads\/2022\/06\/pts_heart_logo.png","contentUrl":"https:\/\/pettechsolutions.com\/wp-content\/uploads\/2022\/06\/pts_heart_logo.png","width":1080,"height":546,"caption":"PetTech Solutions"},"image":{"@id":"https:\/\/pettechsolutions.com\/#\/schema\/logo\/image\/"},"sameAs":["https:\/\/facebook.com\/pettechsolutions","https:\/\/twitter.com\/pettechsol","https:\/\/instagram.com\/pettechsol"]}]}},"jetpack_sharing_enabled":true,"_links":{"self":[{"href":"https:\/\/pettechsolutions.com\/fr\/wp-json\/wp\/v2\/pages\/1342"}],"collection":[{"href":"https:\/\/pettechsolutions.com\/fr\/wp-json\/wp\/v2\/pages"}],"about":[{"href":"https:\/\/pettechsolutions.com\/fr\/wp-json\/wp\/v2\/types\/page"}],"author":[{"embeddable":true,"href":"https:\/\/pettechsolutions.com\/fr\/wp-json\/wp\/v2\/users\/1"}],"replies":[{"embeddable":true,"href":"https:\/\/pettechsolutions.com\/fr\/wp-json\/wp\/v2\/comments?post=1342"}],"version-history":[{"count":4,"href":"https:\/\/pettechsolutions.com\/fr\/wp-json\/wp\/v2\/pages\/1342\/revisions"}],"predecessor-version":[{"id":1347,"href":"https:\/\/pettechsolutions.com\/fr\/wp-json\/wp\/v2\/pages\/1342\/revisions\/1347"}],"wp:attachment":[{"href":"https:\/\/pettechsolutions.com\/fr\/wp-json\/wp\/v2\/media?parent=1342"}],"curies":[{"name":"wp","href":"https:\/\/api.w.org\/{rel}","templated":true}]}}